{"id":1096,"date":"2024-04-05T08:46:37","date_gmt":"2024-04-05T08:46:37","guid":{"rendered":"https:\/\/musicaliborgna.com\/?post_type=product&#038;p=1096"},"modified":"2024-04-05T08:46:37","modified_gmt":"2024-04-05T08:46:37","slug":"shure-srh440a-cuffia-circumaurale-chiusa","status":"publish","type":"product","link":"https:\/\/musicaliborgna.com\/?product=shure-srh440a-cuffia-circumaurale-chiusa","title":{"rendered":"SHURE &#8211; SRH440A CUFFIA CIRCUMAURALE CHIUSA"},"content":{"rendered":"<h1>Shure SRH440A \u00e8 una cuffia circumaurale chiusa per musicisti, podcaster e creator con una risposta in frequenza dai 10Hz ai 22kHz. Ottima soluzione per il tracking e l\u2019home recording.<\/h1>\n<p>Grazie alla sua risposta in frequenza e alle accortezze costruttive, la cuffia\u00a0<strong>Shure SRH440A<\/strong>\u00a0\u00e8 perfetta per i musicisti che suonano in studio di registrazione, per i podcaster, i DJ, i video maker, i creator e per tutti i producer che si dilettano nell\u2019home recording. Nonostante il prezzo contenuto, la rappresentazione sonora delle\u00a0<strong>SRH440A\u00a0<\/strong>risulta trasparente e naturale sul range di frequenza coperto (10\/22000Hz), grazie ai driver da 40mm che impiegano magneti al neodimio a bassa distorsione.<\/p>\n<p>Ottimo \u00e8 l\u2019isolamento passivo raggiunto utilizzando materiali di qualit\u00e0 e scelte costruttive che in fase di progettazione si sono focalizzate sul consentire all\u2019utente di concentrarsi al meglio nella sua performance o sul materiale audio da editare. Riducendo cos\u00ec l\u2019eventuale rientro nei microfoni, le cuffie\u00a0<strong>Shure SRH440A<\/strong>\u00a0rappresentano un\u2019ottima scelta per il tracking in studio di registrazione e nei podcast o live streaming che vedono pi\u00f9 interlocutori interagire nella stessa stanza. Potrai usarle per il monitoring in cuffia di pi\u00f9 musicisti in contemporanea, ognuno dotato della sua\u00a0<strong>SRH440A<\/strong>, nella ripresa della voce o mentre suoni la batteria.<\/p>\n<p><img decoding=\"async\" title=\"Cuffia Shure SRH440A, cuffia chiusa per producer, home recording, DJ, cantanti, podcaster e musicisti\" src=\"https:\/\/www.algameko.com\/images\/uploads\/cuffie-Shure-SRH440A-cantante-studio-di-registrazione-1200_7a6f.jpg\" alt=\"Cuffia Shure SRH440A, cuffia chiusa per producer, home recording, DJ, cantanti, podcaster e musicisti\" \/><\/p>\n<p>Vista la sempre pi\u00f9 necessaria esposizione sui social, nei video e nelle foto,\u00a0<strong>Shure<\/strong>\u00a0ha curato anche l\u2019estetica della tua cuffia\u00a0<strong>SRH440A\u00a0<\/strong>che si presenta elegante, completamente nera (incluse le cuciture della comoda imbottitura sull\u2019arco) con il logo di colore bianco in bella vista sui padiglioni che risulter\u00e0 discreto e ti dar\u00e0 quel tocco di professionalit\u00e0 che non guasta. Se sei solito indossare la cuffia per lunghe sessioni di lavoro, non ti preoccupare: il comfort \u00e8 uno dei principali obbiettivi raggiunti dalla Shure con questo modello.<\/p>\n<p>In dotazione con la\u00a0<strong>Shure SRH440A\u00a0<\/strong>troviamo un cavo \u201cdritto\u201d dalla lunghezza di 3 metri rimovibile grazie al connettore a baionetta che assicura un bloccaggio sicuro e ottimale sul padiglione sinistro dove risiede la presa dedicata. Il cavo termina con un connettore mini-jack da 1\/8\u201d e viene fornito insieme all\u2019apposito adattatore jack placcato oro da \u00bc\u201d (6.3 mm). Se poi non riuscirai pi\u00f9 a fare a meno della tua cuffia\u00a0<strong>Shure SRH440A<\/strong>, con il\u00a0<a href=\"https:\/\/www.algameko.com\/it\/cuffie-ascolto\/shure\/rmch1uni-cavo-con-trrs-mic-e-controlli\">cavo accessorio\u00a0<strong>RMCH1-UNI<\/strong>\u00a0(non incluso<\/a>) &#8211; dotato di connettore TRRS, microfono e pulsantiera di controllo &#8211; potrai utilizzarla anche con il tuo smartphone, tablet o computer per telefonare o nelle video chiamate.<\/p>\n<h2><strong>SPECIFICHE TECNICHE CUFFIA SHURE SRH440A<\/strong><\/h2>\n<ul>\n<li>Cuffia per musicisti, creator e podcaster<\/li>\n<li>Tipologia di driver: Dinamici, con magneti al neodimio<\/li>\n<li>Dimensione dei driver: 40mm<\/li>\n<li>Range di frequenza coperto: dai 10 ai 22000Hz<\/li>\n<li>Sensibilit\u00e0 (@1kHz): 97dB\/mW<\/li>\n<li>Impedenza (@1kHz): 40 Ohm<\/li>\n<li>Massima potenza in ingresso: 500mW<\/li>\n<\/ul>\n<h2><strong>CARATTERISTICHE CUFFIA SHURE SRH440A<\/strong><\/h2>\n<ul>\n<li>Cuffia circumaurale chiusa<\/li>\n<li>Peso: 268 grammi<\/li>\n<li>Ampia risposta in frequenza<\/li>\n<li>Bassa distorsione armonica totale<\/li>\n<li>Buon isolamento passivo del rumore<\/li>\n<li>Arco imbottito ed ergonomico per un ottimo comfort<\/li>\n<li>Cavo rimovibile con connettore a baionetta<\/li>\n<li>Design elegante e robusto<\/li>\n<\/ul>\n<h2><strong>In dotazione con la cuffia SHURE SRH440A<\/strong><\/h2>\n<ul>\n<li>Cavo \u201cdritto\u201d in rame OFC da 3 metri rimovibile<\/li>\n<li>Connettore mini-jack da 1\/8\u201d (3,5 mm)<\/li>\n<li><a href=\"https:\/\/www.algameko.com\/it\/cuffie-studio\/shure\/hpaqa1\">Adattatore Jack da 1\/4&#8243; (6,3 mm) placcato oro<\/a><iframe loading=\"lazy\" title=\"Larsen Premoli ci parla delle cuffie Shure SRH440a\" width=\"1220\" height=\"686\" src=\"https:\/\/www.youtube.com\/embed\/gSmRh3Nchv0?feature=oembed\" frameborder=\"0\" allow=\"accelerometer; autoplay; clipboard-write; encrypted-media; gyroscope; picture-in-picture; web-share\" referrerpolicy=\"strict-origin-when-cross-origin\" allowfullscreen><\/iframe><\/li>\n<\/ul>\n","protected":false},"excerpt":{"rendered":"<p>Shure SRH440A \u00e8 una cuffia circumaurale chiusa per musicisti, podcaster e creator con una risposta in frequenza dai 10Hz ai 22kHz.<\/p>\n<p>Ottima soluzione per il tracking e l\u2019home recording. Grazie alla sua risposta in frequenza e alle accortezze costruttive, la cuffia Shure SRH440A \u00e8 perfetta<\/p>\n","protected":false},"featured_media":1097,"template":"","meta":[],"product_brand":[],"product_cat":[153],"product_tag":[],"class_list":{"0":"post-1096","1":"product","2":"type-product","3":"status-publish","4":"has-post-thumbnail","6":"product_cat-accessori","8":"first","9":"instock","10":"shipping-taxable","11":"product-type-simple"},"_links":{"self":[{"href":"https:\/\/musicaliborgna.com\/index.php?rest_route=\/wp\/v2\/product\/1096","targetHints":{"allow":["GET"]}}],"collection":[{"href":"https:\/\/musicaliborgna.com\/index.php?rest_route=\/wp\/v2\/product"}],"about":[{"href":"https:\/\/musicaliborgna.com\/index.php?rest_route=\/wp\/v2\/types\/product"}],"wp:featuredmedia":[{"embeddable":true,"href":"https:\/\/musicaliborgna.com\/index.php?rest_route=\/wp\/v2\/media\/1097"}],"wp:attachment":[{"href":"https:\/\/musicaliborgna.com\/index.php?rest_route=%2Fwp%2Fv2%2Fmedia&parent=1096"}],"wp:term":[{"taxonomy":"product_brand","embeddable":true,"href":"https:\/\/musicaliborgna.com\/index.php?rest_route=%2Fwp%2Fv2%2Fproduct_brand&post=1096"},{"taxonomy":"product_cat","embeddable":true,"href":"https:\/\/musicaliborgna.com\/index.php?rest_route=%2Fwp%2Fv2%2Fproduct_cat&post=1096"},{"taxonomy":"product_tag","embeddable":true,"href":"https:\/\/musicaliborgna.com\/index.php?rest_route=%2Fwp%2Fv2%2Fproduct_tag&post=1096"}],"curies":[{"name":"wp","href":"https:\/\/api.w.org\/{rel}","templated":true}]}}