{"id":1138,"date":"2024-04-05T14:25:17","date_gmt":"2024-04-05T14:25:17","guid":{"rendered":"https:\/\/musicaliborgna.com\/?post_type=product&#038;p=1138"},"modified":"2024-04-05T14:25:18","modified_gmt":"2024-04-05T14:25:18","slug":"korg-kdm-3-bk-metronomo-digitale","status":"publish","type":"product","link":"https:\/\/musicaliborgna.com\/?product=korg-kdm-3-bk-metronomo-digitale","title":{"rendered":"KORG &#8211; KDM-3 BK &#8211; METRONOMO DIGITALE"},"content":{"rendered":"<h2><strong>KORG KDM-3 BK il metronomo digitale dal design tradizionale\u00a0rende pi\u00f9 piacevole l\u2019esericizio quotidiano!<\/strong><\/h2>\n<h2>Il design di\u00a0<strong>KDM-3 BK\u00a0<\/strong>\u00e8 molto simile a quello di un metronomo meccanico tradizionale, tranne per le dimensioni molto pi\u00f9 contenute, ed \u00e8 in grado di adattarsi perfettamente al piano di un tavolo, al pianoforte o su altre superfici di ogni ambiente in cui ci si esercita. Possiede un cabinet sigillato di nuova concezione che funziona anche come cassa di risonanza per l\u2019altoparlante interno, permettendogli cos\u00ec di sviluppare un volume maggiore rispetto alle sue dimensioni compatte. La linea offre una scelta di due colori: nero o\u00a0<a href=\"https:\/\/www.algameko.com\/it\/accordatori-metronomi\/korg\/kdm3wh\">bianco<\/a>.<\/h2>\n<h3><strong>Caratteristiche di rilievo<\/strong><\/h3>\n<ul>\n<li>Design elegante simile al\u00a0metronomo meccanico tradizionale<\/li>\n<li><strong>8 suoni\u00a0<\/strong>di riferimento\u00a0incluso quello del metronomo meccanico<\/li>\n<li>19\u00a0<strong>Beat Patterns<\/strong>\u00a0in grado di supportare ogni genere musicale<\/li>\n<li>Operazioni\u00a0<strong>One-Touch<\/strong>\u00a0e display di ampia visibilit\u00e0<\/li>\n<li>3 tipi di regolazione della velocit\u00e0 del tempo<\/li>\n<li>Modo\u00a0<strong>Sound Out<\/strong>\u00a0per accordare ascoltando un segnale audio<\/li>\n<li>Modo\u00a0<strong>Timer\u00a0<\/strong>comodo per esercitarsi<\/li>\n<li>Funzioni: Memory Backup e Auto Power-Off<\/li>\n<li>Elevata autonomia di funzionamento.<iframe loading=\"lazy\" title=\"KORG KDM-3 - The compact, powerful metronome with a classic design\" width=\"1220\" height=\"686\" src=\"https:\/\/www.youtube.com\/embed\/aVaM7tjYncE?feature=oembed\" frameborder=\"0\" allow=\"accelerometer; autoplay; clipboard-write; encrypted-media; gyroscope; picture-in-picture; web-share\" referrerpolicy=\"strict-origin-when-cross-origin\" allowfullscreen><\/iframe><\/li>\n<\/ul>\n","protected":false},"excerpt":{"rendered":"<p>KORG &#8211; KDM-3 BK- Nero METRONOMO DIGITALE, design da metronomo meccanico tradizionale,<\/p>\n<p>8 Click,19 Beat Patterns, operazioni One-Touch, ampio display, 3 tipi di impostazioni del tempo, Sound Out Tuner con segnale sonoro,<\/p>\n<p>Timer, Funzioni: Memory Backup e Auto Power-Off, ampia autonomia operativa.<\/p>\n","protected":false},"featured_media":1139,"template":"","meta":[],"product_brand":[],"product_cat":[153],"product_tag":[],"class_list":{"0":"post-1138","1":"product","2":"type-product","3":"status-publish","4":"has-post-thumbnail","6":"product_cat-accessori","8":"first","9":"instock","10":"shipping-taxable","11":"product-type-simple"},"_links":{"self":[{"href":"https:\/\/musicaliborgna.com\/index.php?rest_route=\/wp\/v2\/product\/1138","targetHints":{"allow":["GET"]}}],"collection":[{"href":"https:\/\/musicaliborgna.com\/index.php?rest_route=\/wp\/v2\/product"}],"about":[{"href":"https:\/\/musicaliborgna.com\/index.php?rest_route=\/wp\/v2\/types\/product"}],"wp:featuredmedia":[{"embeddable":true,"href":"https:\/\/musicaliborgna.com\/index.php?rest_route=\/wp\/v2\/media\/1139"}],"wp:attachment":[{"href":"https:\/\/musicaliborgna.com\/index.php?rest_route=%2Fwp%2Fv2%2Fmedia&parent=1138"}],"wp:term":[{"taxonomy":"product_brand","embeddable":true,"href":"https:\/\/musicaliborgna.com\/index.php?rest_route=%2Fwp%2Fv2%2Fproduct_brand&post=1138"},{"taxonomy":"product_cat","embeddable":true,"href":"https:\/\/musicaliborgna.com\/index.php?rest_route=%2Fwp%2Fv2%2Fproduct_cat&post=1138"},{"taxonomy":"product_tag","embeddable":true,"href":"https:\/\/musicaliborgna.com\/index.php?rest_route=%2Fwp%2Fv2%2Fproduct_tag&post=1138"}],"curies":[{"name":"wp","href":"https:\/\/api.w.org\/{rel}","templated":true}]}}