{"id":1170,"date":"2024-04-09T16:13:30","date_gmt":"2024-04-09T16:13:30","guid":{"rendered":"https:\/\/musicaliborgna.com\/?post_type=product&#038;p=1170"},"modified":"2024-04-09T16:13:30","modified_gmt":"2024-04-09T16:13:30","slug":"quik-lok-s-396-10-cavo-audio-rete","status":"publish","type":"product","link":"https:\/\/musicaliborgna.com\/?product=quik-lok-s-396-10-cavo-audio-rete","title":{"rendered":"QUIK LOK &#8211; S\/396-10 CAVO AUDIO\/RETE"},"content":{"rendered":"<h3>Quik Lok &#8211; S\/396-10<\/h3>\n<h5>Cavo audio\/rete (per casse amplificate) della serie Quik Lok ITALIAN TOP<\/h5>\n<p>Cavo di connessione:\u00a0<a href=\"https:\/\/www.algameko.com\/it\/bobine-cavi-speaker\/quik-lok\/ca836-bk\">Quik Lok CA\/836<\/a>\u00a0per casse amplificate.<br \/>\nConnettori: Cannon XRL &lt;-&gt; spina Schuko<br \/>\nCavo di alimentazione con\u00a0<strong>sezione 3&#215;1,5 mm<\/strong><br \/>\nColore: nero<br \/>\nLunghezza: 10 mt<\/p>\n<p>Cavo da usare con speakers amplificati che necessitano sia di collegamenti audio che di alimentazione per l&#8217;amplificatore interno. Robustissimo, dispone di una coda di 50 cm dalla parte dello speaker per entrambi i cavi (audio ed alimentazione) e all&#8217;altro capo 1,5 metri per l&#8217;alimentazione\/ 1 m per il segnale. Su richiesta con connettori Neutrik o Amphenol.<\/p>\n<p><strong>ITALIAN TOP<\/strong>\u00a0\u00e8 una nuova serie di\u00a0<strong>QUIK LOK<\/strong>\u00a0assemblata con i nostri migliori cavi Made In Italy e connettori originali\u00a0<strong>NEUTRIK<\/strong>, per garantire il massimo della professionalit\u00e0 e della qualit\u00e0 nel segnale audio e nella costruzione. La linea &#8220;TOP&#8221; \u00e8 studiata per avere un cavo senza compromessi in tutte le tipologie presenti nel mercato, sia per musicisti che sul campo dell&#8217;audio professionale, utilizzando non solo NEUTRIK originali ma anche connettori MADE IN ITALY di alta fascia.<\/p>\n<p>La gamma dei cavi audio\/rete Serie\u00a0<strong>Quik Lok ITALIAN TOP<\/strong>\u00a0\u00e8 composta dai modelli:<br \/>\n&#8211;\u00a0<strong><a href=\"https:\/\/www.algameko.com\/it\/productsFT.php?str=S\/396\">Quik Lok S\/396<\/a><\/strong>\u00a0cavo Cannon XRL &lt;-&gt; spina Schuko<br \/>\n&#8211;\u00a0<strong><a href=\"https:\/\/www.algameko.com\/it\/productsFT.php?str=S\/397\">Quik Lok S\/397<\/a><\/strong>\u00a0cavo XLR M+F \/ NS\/236* + spina italiana<br \/>\n&#8211;\u00a0<strong><a href=\"https:\/\/www.algameko.com\/it\/productsFT.php?str=S\/348\">Quik Lok S\/398<\/a><\/strong>\u00a0cavo XLR M+F \/ NS\/236* + NS\/237*<\/p>\n","protected":false},"excerpt":{"rendered":"<p>Cavo audio\/rete (per casse amplificate)\u00a0Quik Lok ITALIAN TOP,<\/p>\n<p>Cannon XRL \/\u00a0spina Schuko 16A,\u00a0Colore nero, Lunghezza 10\u00a0mt.<\/p>\n","protected":false},"featured_media":1171,"template":"","meta":[],"product_brand":[],"product_cat":[151],"product_tag":[],"class_list":{"0":"post-1170","1":"product","2":"type-product","3":"status-publish","4":"has-post-thumbnail","6":"product_cat-cavi","8":"first","9":"instock","10":"shipping-taxable","11":"product-type-simple"},"_links":{"self":[{"href":"https:\/\/musicaliborgna.com\/index.php?rest_route=\/wp\/v2\/product\/1170","targetHints":{"allow":["GET"]}}],"collection":[{"href":"https:\/\/musicaliborgna.com\/index.php?rest_route=\/wp\/v2\/product"}],"about":[{"href":"https:\/\/musicaliborgna.com\/index.php?rest_route=\/wp\/v2\/types\/product"}],"wp:featuredmedia":[{"embeddable":true,"href":"https:\/\/musicaliborgna.com\/index.php?rest_route=\/wp\/v2\/media\/1171"}],"wp:attachment":[{"href":"https:\/\/musicaliborgna.com\/index.php?rest_route=%2Fwp%2Fv2%2Fmedia&parent=1170"}],"wp:term":[{"taxonomy":"product_brand","embeddable":true,"href":"https:\/\/musicaliborgna.com\/index.php?rest_route=%2Fwp%2Fv2%2Fproduct_brand&post=1170"},{"taxonomy":"product_cat","embeddable":true,"href":"https:\/\/musicaliborgna.com\/index.php?rest_route=%2Fwp%2Fv2%2Fproduct_cat&post=1170"},{"taxonomy":"product_tag","embeddable":true,"href":"https:\/\/musicaliborgna.com\/index.php?rest_route=%2Fwp%2Fv2%2Fproduct_tag&post=1170"}],"curies":[{"name":"wp","href":"https:\/\/api.w.org\/{rel}","templated":true}]}}