{"id":1199,"date":"2024-04-09T17:26:05","date_gmt":"2024-04-09T17:26:05","guid":{"rendered":"https:\/\/musicaliborgna.com\/?post_type=product&#038;p=1199"},"modified":"2024-04-09T17:27:42","modified_gmt":"2024-04-09T17:27:42","slug":"qsc-ks118","status":"publish","type":"product","link":"https:\/\/musicaliborgna.com\/?product=qsc-ks118","title":{"rendered":"QSC KS118"},"content":{"rendered":"<div id=\"c205191\" class=\"csc-typography\">\n<div class=\"csc-header csc-header-n1\">\n<h1 class=\"csc-firstHeader default\">Caratteristiche<\/h1>\n<\/div>\n<\/div>\n<div class=\"row padded csc-typography grid-columns rel\">\n<div class=\"six-columns col-bg-first \" data-column=\"\">\n<div class=\" \"><\/div>\n<div id=\"c205190\" class=\"csc-typography\">\n<ul>\n<li>Uscita molto elevata con prestazioni impressionanti a bassa frequenza<\/li>\n<li>Modulo amplificatore in classe D da 3600 Watt<\/li>\n<li>Driver a radiazione diretta da 18 pollici (460 mm) a lunga escursione<\/li>\n<li>Modalit\u00e0 di radiazione omnidirezionale o cardioide (la configurazione cardioide richiede almeno 2 unit\u00e0)<\/li>\n<li>Modalit\u00e0 DEEP\u2122 selezionabile per un&#8217;estensione a frequenze estremamente basse<\/li>\n<li>Crossover e ritardo regolabili<\/li>\n<li>Scene per le applicazioni di uso comune che possono essere salvate\/richiamate<\/li>\n<\/ul>\n<\/div>\n<\/div>\n<div class=\"six-columns col-bg-last \" data-column=\"\">\n<div class=\" \"><\/div>\n<div id=\"c205189\" class=\"csc-typography\">\n<ul>\n<li>Aspetto raffinato, professionale ed elegante in qualsiasi applicazione<\/li>\n<li>Robusta custodia in legno verniciato per una lunga durata<\/li>\n<li>Distribuzione verticale o orizzontale (ricevitore con asta filettata M20 per installazione verticale)<\/li>\n<li>Quattro rotelle silenziose e resistenti<\/li>\n<li>Disponibili copertura per il trasporto opzionale, copertura di sicurezza KS-LOC e accessori per asta per altoparlante da 35 mm<\/li>\n<li>Garanzia 6 anni con registrazione del prodotto<\/li>\n<\/ul>\n<\/div>\n<\/div>\n<\/div>\n<div id=\"c205194\" class=\"csc-typography\">\n<p class=\"bodytext\">Il KS118 \u00e8 un subwoofer attivo ad altissimo rendimento che produce frequenze basse impressionanti per l&#8217;intrattenimento mobile, la produzione AV, i club e i luoghi di spettacolo. Dotato di un driver a radiazione diretta da 18 pollici alimentato da un amplificatore di Classe D da 3600 Watt, il KS118 offre elevati livelli di pressione sonora con riproduzione del suono dinamica e musicale di frequenze molto basse.<\/p>\n<p class=\"bodytext\">Il DSP integrato ottimizza e protegge le prestazioni del sistema oltre a offrire funzionalit\u00e0 avanzate come la possibilit\u00e0 di disporre due unit\u00e0 in una disposizione cardioide. Altamente trasportabile, il robusto involucro \u00e8 dotato di comode maniglie e quattro rotelle silenziose. Una presa per palo filettato M20 accetta un palo da 35 mm per una facile installazione verticale con altoparlanti full-range.<\/p>\n<\/div>\n<h3 class=\"align-center\"><strong><img decoding=\"async\" src=\"https:\/\/www.qsc.com\/fileadmin\/_processed_\/3\/c\/csm_KS118_Radiation_58828de94d.png\" width=\"100%\" \/><\/strong><\/h3>\n<div id=\"c270497\" class=\"csc-typography\">\n<p class=\"text-center\">KS118 Omnidirezionale o cardioide (min. 2 unit\u00e0), radiante<\/p>\n<\/div>\n<div id=\"c205188\" class=\"csc-typography\">\n<div class=\"container-table-well\">\n<div class=\"container-table\" data-pane=\"\">\n<table class=\"striped\" cellspacing=\"0\" cellpadding=\"0\">\n<thead>\n<tr>\n<td>SPECIFICHE<\/td>\n<td>KS118<\/td>\n<\/tr>\n<\/thead>\n<tbody>\n<tr>\n<td>Configurazione<\/td>\n<td>Radiazione diretta<\/td>\n<\/tr>\n<tr>\n<td>Trasduttore LF<\/td>\n<td>460 mm (18 pollici), cono<\/td>\n<\/tr>\n<tr>\n<td>Risposta in frequenza (-6 dB)<\/td>\n<td>41 Hz &#8211; 98 Hz<\/td>\n<\/tr>\n<tr>\n<td>Gamma di frequenza (-10 dB)<\/td>\n<td>35 Hz &#8211; 111 Hz<\/td>\n<\/tr>\n<tr>\n<td>Angolo di copertura nominale<\/td>\n<td>Modalit\u00e0 di radiazione omnidirezionale o cardioide (la configurazione cardioide richiede almeno 2 unit\u00e0)<\/td>\n<\/tr>\n<tr>\n<td>SPL nominale massimo\u00a0<sup>1<\/sup><\/td>\n<td>136 dB a 1 m (picco)<\/td>\n<\/tr>\n<tr>\n<td>Amplificatore<\/td>\n<td>Classe D<br \/>\n3600 W (picco)<\/td>\n<\/tr>\n<tr>\n<td>Raffreddamento<\/td>\n<td>Ventilatore a velocit\u00e0 variabile, silenzioso<\/td>\n<\/tr>\n<tr>\n<td>Controlli<\/td>\n<td>Controllo guadagno\u00a0accensione\/<br \/>\nspegnimento Codificatore rotativo<br \/>\n2 \u00d7 pulsanti di selezione<\/td>\n<\/tr>\n<tr>\n<td>Indicatori<\/td>\n<td>2 \u00d7 LED di alimentazione (anteriore e posteriore)<br \/>\nLED del segnale di ingresso<br \/>\nLED attivo del limitatore<\/td>\n<\/tr>\n<tr>\n<td>Connettori<\/td>\n<td>2 \u00d7 combo XLR\/F da \u00bc di pollice con bloccaggio<br \/>\n2 \u00d7 XLR\/M (uscita loop-thru)<br \/>\n1 \u00d7 connettore di alimentazione IEC con bloccaggio<\/td>\n<\/tr>\n<tr>\n<td>Ingresso alimentazione CA<\/td>\n<td>Alimentazione universale 100 \u2013 240 VCA, 50 \u2013 60 Hz<\/td>\n<\/tr>\n<tr>\n<td>Consumo di energia CA (\u215b potenza)<\/td>\n<td>100 VCA, 3,6 A\/120 VCA, 3,0 A\/240 VCA, 1,7 A<\/td>\n<\/tr>\n<tr>\n<td colspan=\"2\"><strong>Dettagli della custodia<\/strong><\/td>\n<\/tr>\n<tr>\n<td>Allegato<\/td>\n<td>Compensato di betulla da 15 mm<\/td>\n<\/tr>\n<tr>\n<td>Colore<\/td>\n<td>Nero (RAL 9011)<\/td>\n<\/tr>\n<tr>\n<td>Griglia<\/td>\n<td>Acciaio verniciato a polvere nera calibro 16<\/td>\n<\/tr>\n<tr>\n<td>Dimensioni dell&#8217;altoparlante (A\u00d7L\u00d7P)<\/td>\n<td>640 \u00d7 520 \u00d7 785 mm<br \/>\n25,2 \u00d7 20,5 \u00d7 30,9 pollici<\/td>\n<\/tr>\n<tr>\n<td>Dimensioni del cartone (A\u00d7L\u00d7P)<\/td>\n<td>572 \u00d7 743 \u00d7 896 mm<br \/>\n22,5 \u00d7 29,3 \u00d7 35,3 pollici<\/td>\n<\/tr>\n<tr>\n<td>Peso netto<\/td>\n<td>47 kg \/ 104 lb (ruote incluse)<\/td>\n<\/tr>\n<tr>\n<td>Peso della Spedizione<\/td>\n<td>56,5 kg \/ 124,6 libbre<\/td>\n<\/tr>\n<tr>\n<td>Normativa<\/td>\n<td>CE, WEEE, UL, RoHS Cina, RoHS II, FCC Classe B<\/td>\n<\/tr>\n<tr>\n<td>Accessori inclusi<\/td>\n<td>4 ruote silenziose e resistenti<\/td>\n<\/tr>\n<tr>\n<td>accessori opzionali<\/td>\n<td>Copertura per trasporto CVR KS118, copertura di blocco KS-LOC Pali per<br \/>\naltoparlanti SP-26 e SP-36, palo di prolunga SP-16X<\/td>\n<\/tr>\n<\/tbody>\n<\/table>\n<\/div>\n<\/div>\n<\/div>\n<h3 class=\"align-center\"><\/h3>\n","protected":false},"excerpt":{"rendered":"<h3 class=\"align-center\"><strong>Musica dal vivo \u2219 Club\/locali \u2219 DJ<\/strong><\/h3>\n<p class=\"align-left\">Il KS118 \u00e8 un subwoofer attivo con uscita molto elevata che produce frequenze basse impressionanti per intrattenitori mobili, produzioni AV e applicazioni in club\/locali.<\/p>\n","protected":false},"featured_media":1200,"template":"","meta":[],"product_brand":[],"product_cat":[137],"product_tag":[],"class_list":{"0":"post-1199","1":"product","2":"type-product","3":"status-publish","4":"has-post-thumbnail","6":"product_cat-pro-audio","8":"first","9":"instock","10":"shipping-taxable","11":"product-type-simple"},"_links":{"self":[{"href":"https:\/\/musicaliborgna.com\/index.php?rest_route=\/wp\/v2\/product\/1199","targetHints":{"allow":["GET"]}}],"collection":[{"href":"https:\/\/musicaliborgna.com\/index.php?rest_route=\/wp\/v2\/product"}],"about":[{"href":"https:\/\/musicaliborgna.com\/index.php?rest_route=\/wp\/v2\/types\/product"}],"wp:featuredmedia":[{"embeddable":true,"href":"https:\/\/musicaliborgna.com\/index.php?rest_route=\/wp\/v2\/media\/1200"}],"wp:attachment":[{"href":"https:\/\/musicaliborgna.com\/index.php?rest_route=%2Fwp%2Fv2%2Fmedia&parent=1199"}],"wp:term":[{"taxonomy":"product_brand","embeddable":true,"href":"https:\/\/musicaliborgna.com\/index.php?rest_route=%2Fwp%2Fv2%2Fproduct_brand&post=1199"},{"taxonomy":"product_cat","embeddable":true,"href":"https:\/\/musicaliborgna.com\/index.php?rest_route=%2Fwp%2Fv2%2Fproduct_cat&post=1199"},{"taxonomy":"product_tag","embeddable":true,"href":"https:\/\/musicaliborgna.com\/index.php?rest_route=%2Fwp%2Fv2%2Fproduct_tag&post=1199"}],"curies":[{"name":"wp","href":"https:\/\/api.w.org\/{rel}","templated":true}]}}