{"id":1267,"date":"2024-04-10T07:24:56","date_gmt":"2024-04-10T07:24:56","guid":{"rendered":"https:\/\/musicaliborgna.com\/?post_type=product&#038;p=1267"},"modified":"2024-04-10T07:24:57","modified_gmt":"2024-04-10T07:24:57","slug":"yamaha-p-225","status":"publish","type":"product","link":"https:\/\/musicaliborgna.com\/?product=yamaha-p-225","title":{"rendered":"YAMAHA P-225"},"content":{"rendered":"<h3>La tastiera GHC (Graded Hammer Compact) di nuova concezione, offre una sensazione esecutiva realistica<\/h3>\n<p class=\"description\">Una delle principali preoccupazioni dei pianisti quando acquistano un pianoforte digitale \u00e8 legata al tocco della tastiera quando suonano.<\/p>\n<p class=\"description\">Alcune delle cose a cui i musicisti sono specialmente interessati sono, la percezione del peso dei tasti sotto le dita comparandola con una tastiera di pianoforte acustico pesata; se la tastiera risponder\u00e0 con precisione quando verranno suonati passaggi pi\u00f9 veloci; se ci sono incongruenze tra la forza con cui si suonano i tasti ed il suono che ne deriva; se la tastiera offre una gamma dinamica sufficiente da bassa ad alta.<\/p>\n<p class=\"description\">Le tastiere GHS finora utilizzate nella serie P hanno ricevuto lodi da parte dei clienti per l&#8217;eccellente bilanciamento e la facilit\u00e0 di esecuzione menzionate in precedenza<\/p>\n<p class=\"description\">La tastiera GHC (Graded Hammer Compact) di nuova concezione nella nuova serie P \u00e8 pi\u00f9 compatta e riproduce in ogni modo il comfort esecutivo dei suoi predecessori.<\/p>\n<p class=\"description\">Inoltre, l&#8217;unit\u00e0 tastiera \u00e8 pi\u00f9 compatta rispetto ai modelli precedenti, pur offrendo una sensazione esecutiva eccezionale.<\/p>\n<h3>Il suono del miglior pianoforte a coda da concerto Yamaha, il CFX<\/h3>\n<p class=\"description\">Il P-225 ti offre il suono del pianoforte a coda da concerto CFX top di gamma di Yamaha, con alti scintillanti e bassi potenti. Questo modello \u00e8 dotato di Virtual Resonance Modeling (VRM) Lite, una tecnologia digitale che riproduce realisticamente la complessa risonanza prodotta dalle corde di un pianoforte a coda, cambiando ogni volta in base al modo in cui vengono premuti i tasti. Con il P-225, puoi goderti il \u200b\u200bsuono di un pianoforte a coda da concerto suonato ed amato da rinomati pianisti, insieme alla sua risonanza infinitamente realistica. Naturalmente, questo strumento non richiede accordatura.<\/p>\n<h3>Posiziona lo strumento dove preferisci o portalo con te<\/h3>\n<p class=\"description\">Un problema che affligge i pianisti \u00e8 che il pianoforte tradizionale \u00e8 spesso troppo voluminoso per entrare in una stanza. In aggiunta non possono portare con s\u00e9 i loro strumenti. Il P-225 fornisce una brillante soluzione a questi problemi. Il design elegante di questo strumento si adatta bene a qualsiasi stanza ed \u00e8 disponibile nelle varianti di colore bianco o nero per adattarsi all&#8217;atmosfera. Con la custodia morbida opzionale, puoi portare questo strumento con te in studio, a concerti dal vivo o in viaggio, ogni volta che ne hai bisogno<\/p>\n<p><iframe loading=\"lazy\" title=\"Yamaha P-225 Digital Piano Overview\" width=\"1220\" height=\"686\" src=\"https:\/\/www.youtube.com\/embed\/chosrHCRBqE?feature=oembed\" frameborder=\"0\" allow=\"accelerometer; autoplay; clipboard-write; encrypted-media; gyroscope; picture-in-picture; web-share\" referrerpolicy=\"strict-origin-when-cross-origin\" allowfullscreen><\/iframe><\/p>\n","protected":false},"excerpt":{"rendered":"<h2 id=\"d1587870\">Un pianoforte compatto con il suono e le caratteristiche per soddisfare le esigenze dei musicisti avanzati<\/h2>\n","protected":false},"featured_media":1268,"template":"","meta":[],"product_brand":[],"product_cat":[136],"product_tag":[],"class_list":{"0":"post-1267","1":"product","2":"type-product","3":"status-publish","4":"has-post-thumbnail","6":"product_cat-pianoforti","8":"first","9":"instock","10":"shipping-taxable","11":"product-type-simple"},"_links":{"self":[{"href":"https:\/\/musicaliborgna.com\/index.php?rest_route=\/wp\/v2\/product\/1267","targetHints":{"allow":["GET"]}}],"collection":[{"href":"https:\/\/musicaliborgna.com\/index.php?rest_route=\/wp\/v2\/product"}],"about":[{"href":"https:\/\/musicaliborgna.com\/index.php?rest_route=\/wp\/v2\/types\/product"}],"wp:featuredmedia":[{"embeddable":true,"href":"https:\/\/musicaliborgna.com\/index.php?rest_route=\/wp\/v2\/media\/1268"}],"wp:attachment":[{"href":"https:\/\/musicaliborgna.com\/index.php?rest_route=%2Fwp%2Fv2%2Fmedia&parent=1267"}],"wp:term":[{"taxonomy":"product_brand","embeddable":true,"href":"https:\/\/musicaliborgna.com\/index.php?rest_route=%2Fwp%2Fv2%2Fproduct_brand&post=1267"},{"taxonomy":"product_cat","embeddable":true,"href":"https:\/\/musicaliborgna.com\/index.php?rest_route=%2Fwp%2Fv2%2Fproduct_cat&post=1267"},{"taxonomy":"product_tag","embeddable":true,"href":"https:\/\/musicaliborgna.com\/index.php?rest_route=%2Fwp%2Fv2%2Fproduct_tag&post=1267"}],"curies":[{"name":"wp","href":"https:\/\/api.w.org\/{rel}","templated":true}]}}