{"id":1305,"date":"2024-04-11T13:02:20","date_gmt":"2024-04-11T13:02:20","guid":{"rendered":"https:\/\/musicaliborgna.com\/?post_type=product&#038;p=1305"},"modified":"2024-04-11T13:02:20","modified_gmt":"2024-04-11T13:02:20","slug":"nord-wave-2-performing-synthesizer","status":"publish","type":"product","link":"https:\/\/musicaliborgna.com\/?product=nord-wave-2-performing-synthesizer","title":{"rendered":"NORD &#8211; WAVE 2-PERFORMING SYNTHESIZER"},"content":{"rendered":"<h1><strong>NORD WAVE 2 &#8211; Performing Synthesizer<\/strong>\u00a0composto da\u00a0<strong>4 moduli multisintesi<\/strong>\u00a0indipendenti con: Virtual analog, FM, Wavetable,\u00a0<strong>Sample con 1GB RAM<\/strong>, ognuno con la propria catena effetti. Avanzate possibilit\u00e0 timbriche grazie al\u00a0<strong>Layering<\/strong>, all&#8217;editing in tempo reale permesso dal\u00a0<strong>pannello Analog Style<\/strong>\u00a0e dal\u00a0<strong>Morphing\u00a0<\/strong>con parametri e controlli fisici assegnabili.<\/h1>\n<h2><strong>NORD WAVE 2 Caratteristiche principali<\/strong><\/h2>\n<ul>\n<li>Sintetizzatore a 4 parti con Fader e Led Bargraph per Volume\/Pan dedicati<\/li>\n<li>Sintesi: sampling, virtual analog, wavetable e FM<\/li>\n<li>48 voci di polifonia<\/li>\n<li>Display OLED per le sezioni PROGRAM e OSCILLATOR<\/li>\n<li>1 GB di memoria utente, compatibile con la libreria sonora Nord Sample Library 3.0<\/li>\n<li>Sample interni sostituibili dall&#8217;utente<\/li>\n<li>Tastiera 61 note con Aftertouch<\/li>\n<li><strong>Arpeggiatore\u00a0<\/strong>avanzato con\u00a0<strong>Polyphonic Trigger Mode<\/strong><\/li>\n<li><strong>Gate\u00a0<\/strong>per generare effetti ritmici<\/li>\n<li>Funzione\u00a0<strong>Advanced Morph<\/strong>\u00a0con Impulse Morph<\/li>\n<li>Master Clock: controllo dell&#8217;arpeggiatore, dell&#8217;LFO e degli Effetti<\/li>\n<\/ul>\n<h2><strong>Gli oscillatori di NORD WAVE 2<\/strong><\/h2>\n<ul>\n<li><strong>Analog<\/strong>: Basic, Shape, Multi, Sync &amp; Noise fino a 16 oscillatori &#8211;\u00a0<strong>Samples-\u00a0<\/strong><strong>Wavetable &#8211;<\/strong><strong>FM<\/strong>\u00a0fino a\u00a0<strong>8 operatori<\/strong><\/li>\n<li><strong>True Unison Mode<\/strong><\/li>\n<li><strong>Modulazioni &#8211;\u00a0<\/strong>LFO con 5 Waveforms opzioni di Sincronizzazione e Routing &#8211;\u00a0Inviluppo AD\/AR<\/li>\n<li><strong>Amp &#8211;\u00a0<\/strong>ADSR Amp envelope-\u00a0Transient Attack Mode<\/li>\n<li><strong>Filter :\u00a0<\/strong>12\/24 dB lowpass, lowpass M, band pass, high pass, e LP+HP,\u00a0Filter Drive,\u00a0ADSR Envelope<\/li>\n<li><strong>Effetti :\u00a0<\/strong>Sezione FX con: Tremolo, Pan, Ring Modulation, Chorus, Ensemble e Vibe &#8211;\u00a0Sezione EQ con Drive &#8211;\u00a0Delay &#8211; Reverb con 5 ambienti, pi\u00f9 i modi: Dark, Bright e Chorale<\/li>\n<\/ul>\n<p><img decoding=\"async\" title=\"Il Pannello Comandi di NORD Wave 2 consente la creazione timbrica anche senza avere specifiche conoscenze di Sound Design\" src=\"https:\/\/www.algameko.com\/images\/uploads\/Nuova-Foto-Pagina-prodotto-1200x630.jpg\" alt=\"Il Pannello Comandi di NORD Wave 2 consente la creazione timbrica anche senza avere specifiche conoscenze di Sound Design\" \/><\/p>\n<h2><strong>La versatilit\u00e0 di\u00a0NORD WAVE 2<\/strong><\/h2>\n<p><strong>NORD Wave 2<\/strong>\u00a0\u00e8 composto da<strong>\u00a04 sintetizzatori indipendenti<\/strong>\u00a0con possibilit\u00e0 di\u00a0<strong>Layering\u00a0<\/strong>tra forme d&#8217;onda classiche e\u00a0<strong>Samples<\/strong>.\u00a0I display OLED dedicati per le sezioni Program e Oscillator, offono una panoramica sempre chiara dei parametri durante la creazione o la modifica dei suoni, mentre la\u00a0gamma di funzioni ed effetti modificabili istantaneamente, rendono\u00a0<strong>NORD WAVE 2<\/strong>\u00a0il\u00a0performance synthesizer NORD pi\u00f9 versatile di sempre.\u00a0<strong>Monitor mode :\u00a0<\/strong>visualizza le impostazioni dell&#8217;Amp e del Filters Envelope nel display dei Program per il controllo fine di questi parametri.<\/p>\n<h2><strong>Il layering di\u00a0NORD WAVE 2<\/strong><\/h2>\n<p><strong><img decoding=\"async\" title=\"La zona centrale di NORD Wave 2 controlla i 4 moduli di sintesi, l'attivazione, il livello, il pan, il solo, lo Split e il Layer\" src=\"https:\/\/www.algameko.com\/images\/uploads\/\/NORDWAVE2_Layer.jpg\" alt=\"La zona centrale di NORD Wave 2 controlla i 4 moduli di sintesi, l'attivazione, il livello, il pan, il solo, lo Split e il Layer\" \/><\/strong><\/p>\n<p>Su\u00a0<strong>NORD Wave 2<\/strong>\u00a0ogni suono \u00e8 formato da 1 a 4 moduli di sintesi indipendenti anche negli effetti posti in Layer o Split. La sezione centrale controlla Volume, Pan, On\/Off, Solo, e Group Mode che raggruppa 2, 3 o 4 moduli tra loro per condividere le stesse impostazioni di filtro, inviluppo, arpeggiatore, LFO ed effetti; ideale per creare suoni complessi stratificati su pi\u00f9 livelli, modificabili come un unico suono coerente; l&#8217;insieme di questi parametri si chiama Program.<\/p>\n<h2><strong>Gli oscillatori<\/strong><\/h2>\n<p>La sezione\u00a0<strong>Oscillator<\/strong>\u00a0offre per ognuno dei 4 Layer 4 modalit\u00e0 di sintesi diverse: Analog, Wavetable, FM e Samples, facilmente selezionabili grazie alla nuova funzione: Direct Category Mode; Oscillator Control consente un controllo aggiuntivo su Shape (forma), Sync o Detune.<\/p>\n<h2><strong>Le categorie di Oscillatori<\/strong><\/h2>\n<ul>\n<li><strong>Analog<\/strong>: le classiche forme d&#8217;onda analogiche\u00a0ricche di armonici.<\/li>\n<li><strong>Basic<\/strong>: Saw, Pulse, Pulse Width, Sine, Square con i controlli di base dell&#8217;intonazione (Tuning).<\/li>\n<li><strong>Shape<\/strong>: Waveforms dove l&#8217;Osc Control pu\u00f2 modificare la Shape (Forma) della forma d&#8217;onda stessa.<\/li>\n<li><strong>Multi<\/strong>: 2 o pi\u00f9 forme d&#8217;onda combinate tra loro, in cui il Controllo Osc regola la quantit\u00e0 di Detune e Spread (diffusione)<\/li>\n<li><strong>Sync<\/strong>: Soft e Hard, in cui Osc Control controlla la frequenza di sincronizzazione (Sync Frequency)<\/li>\n<li>Rumore: rumore bianco &#8211; White Noise<\/li>\n<li><strong>Samples<\/strong>: include un&#8217;accurata selezione di campioni ad alta qualit\u00e0 dalla Nord Sample Library 3.0, con la possibilit\u00e0 di aggiungere Sample personali tramite il Nord Sample Editor 3. Per realizzare suoni di vario tipo \u00e8 possibile utilizzare immediatamente i Sample interni, mentre la funzione &#8220;Raw Samp&#8221;, facilita la modellazione da zero di un Timbro personale.<\/li>\n<li><strong>Wavetable<\/strong>: Un gran numero di Wavetable avanzati che garantiscono una vasta gamma di caratteri timbrici.<\/li>\n<li><strong>FM<\/strong>: configurazioni a 2, 3 e 4 operatori con variazioni armoniche e inarmoniche dello spettro.<\/li>\n<\/ul>\n<p><strong>Unison<\/strong>:\u00a0<strong>NORD Wave 2<\/strong>\u00a0possiede un efficace effetto Unison Multi-oscillatore, in grado di generare vere e proprie Superwave con centinaia di forme d&#8217;onda simultanee, per ottenere suoni estremamente spessi e consistenti (Fat).<\/p>\n<h2><strong>Compatibilit\u00e0 con la NORD Sample Library 3.0<\/strong><\/h2>\n<p>La sezione\u00a0<strong>Sample\u00a0<\/strong>dell&#8217;oscillatore multimodo di\u00a0<strong>NORD Wave 2 possiede 1 GB di memoria<\/strong>\u00a0ed arriva con&#8217;accurata selezione di Sample di qualit\u00e0 tra cui: archi, ottoni, chitarre, cori, percussioni cromatiche, nonch\u00e9 i suoni con licenza esclusiva dei leggendari Mellotron e Chamberlin. Tutti i suoni sono facilmente sostituibili utilizzando il Nord Sound Manager,\u00a0<strong>c<\/strong>onsente di mappare, impostare\u00a0Loop e trasferire i Sample personali su Nord Wave 2.<\/p>\n<p><img decoding=\"async\" title=\"L'oscillatore multi sintesi di ogni modulo di NORD Wave 2 pu\u00f2 usare anche i Sample con un'area di memoria RAM non volatile da 1GB\" src=\"https:\/\/www.algameko.com\/images\/uploads\/\/NORDWAVE2_Oscillator_01.jpg\" alt=\"L'oscillatore multi sintesi di ogni modulo di NORD Wave 2 pu\u00f2 usare anche i Sample con un'area di memoria RAM non volatile da 1GB\" \/><\/p>\n<h2><strong>I filtri\u00a0di\u00a0NORD WAVE 2<\/strong><\/h2>\n<p>NORD Wave 2 possiede un versatile filtro multi modo con 6 tipi di filtro: passa-basso classico da 12 e 24 dB, passa-alto, passa-alto\/passa-basso e un filtro passa-banda, insieme all&#8217;emulazione del filtro\u00a0<strong>Ladder<\/strong>\u00a0a transistor del leggendario Mini;\u00a0\u00a0possiede inoltre un inviluppo ADSR.<\/p>\n<h2><strong>Lfo e modulazioni<\/strong><\/h2>\n<p><strong>NORD Wave 2<\/strong>\u00a0possiede un LFO per ogni Layer con una selezione di forme d&#8217;onda ed un inviluppo di modulazione AD\/AR, con impostazione dedicata per la Velocity e Invert Mode. L&#8217;LFO ha diversi parametri controllabili tramite\u00a0<strong>Morphing<\/strong>, mentre la frequenza di modulazione pu\u00f2 essere sincronizzata con il Master Clock.<\/p>\n<h2><strong>Amp Envelope<\/strong><\/h2>\n<p>La sezione di controllo dell&#8217;Amplificatore possiede un inviluppo\u00a0<strong>ADSR\u00a0<\/strong>a 4 stadi\u00a0e la nuova modalit\u00e0\u00a0<strong>Transient Attack<\/strong>\u00a0per aggiungere maggiore impatto sui suoni, con il controllo su 3 livelli dalla dinamica di tastiera.<\/p>\n<h2><strong>Morphing e Impulse Morph<\/strong><\/h2>\n<p><strong>NORD Wave 2<\/strong>\u00a0possiede una vasta gamma di parametri modulabili tramite\u00a0<strong>Morph<\/strong>\u00a0a loro volta assegnabili a quattro diverse sorgenti: Velocity, Aftertouch, Wheel e Control Pedal. Alla stessa sorgente di Morph possono essere rapidamente assegnati anche pi\u00f9 parametri, Inoltre La\u00a0funzione\u00a0<strong>Impulse Morph<\/strong>\u00a0consente la modifica immediata di qualsiasi parametro associabile.<\/p>\n<p><img decoding=\"async\" title=\"Gli iconici controlli in tempo reale di NORD Wave 2, Pitch Bending in legno e la Stone Whell realizzata in pietra.\" src=\"https:\/\/www.algameko.com\/images\/uploads\/\/NORDWAVE2_Controls_01.jpg\" alt=\"Gli iconici controlli in tempo reale di NORD Wave 2, Pitch Bending in legno e la Stone Whell realizzata in pietra.\" \/><\/p>\n<h2><strong>Assegnazione della Wheel<\/strong><\/h2>\n<p>La Modulation Wheel pu\u00f2 essere assegnata\u00a0a: LFO, Oscillator Control o Filter<\/p>\n<h2><strong>L&#8217;Arpeggiatore di NORD Wave 2<\/strong><\/h2>\n<p><strong>NORD Wave 2<\/strong>\u00a0possiede un<strong>\u00a0<\/strong>avanzato arpeggiatore che pu\u00f2 essere a scelta: classico o polifonico, oppure \u00e8 possibile attivare un\u00a0<strong>Gate\u00a0\u00a0<\/strong>con i Pattern modificabili direttamente<\/p>\n<ul>\n<li><strong>Polyphonic mode:\u00a0<\/strong>In modo Poly l&#8217;arpeggiatore polifonico retriggera tutti i tasti sia quelli premuti normalmente, sia quelli sotto il controllo del Pattern selezionato, con varie inversioni generando interessanti variazioni armoniche.<\/li>\n<li><strong>Gate mode :\u00a0<\/strong>Questa\u00a0modalit\u00e0 &#8220;taglia&#8221; il suono seguendo un preciso schema ritmico con intensit\u00e0 regolabile.<\/li>\n<\/ul>\n<h2><strong>Il Master Clock<\/strong><\/h2>\n<p>Sincronizza LFO, Arpeggiatore ed effetti al\u00a0<strong>Clock\u00a0<\/strong>interno oppure esterno via MIDI. Con il Master Clock \u00e8 possibile sincronizzare i singoli Pattern d&#8217;arpeggio usati sui Layer, con i Delay e l&#8217;LFO. La funzione Tap Tempo consente l&#8217;impostazione manuale ed in tempo reale della velocit\u00e0 di Clock.<\/p>\n<h2><strong>Gli effetti\u00a0di NORD Wave 2<\/strong><\/h2>\n<p><strong>O<\/strong>gni Layer di\u00a0<strong>NORD Wave 2<\/strong>\u00a0possiede una sezione effetti indipendente con una libreria di effetti stereo\u00a0modellati sulla base di\u00a0<strong>Stompbox\u00a0Vintage,\u00a0<\/strong>con tutti i parametri accessibili istantaneamente.<\/p>\n<ul>\n<li><strong>Modulazione :\u00a0<\/strong>Tremolo, Pan, Ring Modulator, Chorus, Ensemble e Vibe effects con controlli di: Rate (velocit\u00e0 di modulazione) ed Amount (intensit\u00e0 di modulazione). Tutti gli effetti sono controllabili tramite pedale, o altre sorgenti di Morph, e possono anche essere sincronizzati al Master Clock per generare effetti ritmici.<\/li>\n<li><strong>EQ &amp; Drive :\u00a0<\/strong>EQ con controlli: Bass e Treble oppure un EQ ad una sola banda\u00a0<strong>Sweepable<\/strong>, disponibile anche la simulazione di un circuito valvolare\u00a0<strong>Tube Drive<\/strong>.<\/li>\n<li><strong>Delay:\u00a0<\/strong>Delay Stereo con\u00a0Ping Pong, Analog Mode e Tap Tempo. Opzioni per aggiungere nel Loop di Feedback effetti di: Ensemble, Chorus, Vibe, filtro HP\/LP e BP.<\/li>\n<li><strong>Reverb :<\/strong>\u00a05 diverse dimensioni di ambiente: Booth, Room, Stage, Hall e Cathedral, che aggiungono spazialit\u00e0 e profondit\u00e0 ai suoni, il parametro Amount (intensit\u00e0) \u00e8 controllabile tramite Morphing, mentre i modi &#8220;Bright&#8221; e &#8220;Dark&#8221; conferiscono all&#8217;effetto un carattere pi\u00f9 brillante o pi\u00f9 scuro, ed infine\u00a0<strong>Chorale<\/strong>\u00a0aggiunge al riverbero una raffinata modulazione.<\/li>\n<\/ul>\n<p><img decoding=\"async\" title=\"Tutti i parametri di NORD Wave 2 sono accessibili istantaneamente grazie al pannello Analog Style dove a ogni controllo fisico corrisponde un parametro modificabile\" src=\"https:\/\/www.algameko.com\/images\/uploads\/\/NORDWAVE2_Effect_01.jpg\" alt=\"Tutti i parametri di NORD Wave 2 sono accessibili istantaneamente grazie al pannello Analog Style dove a ogni controllo fisico corrisponde un parametro modificabile\" \/><\/p>\n<h2><strong>Splits &amp; layers<\/strong><\/h2>\n<p>Avere a disposizione quattro identici ed ugualmente potenti sintetizzatori contemporaneamente, apre nuovi orizzonti alla programmazione timbrica tramite\u00a0<strong>Layering\u00a0<\/strong>semplicemente sovrapponendo i moduli fra loro. Il modo\u00a0<strong>Split\u00a0<\/strong>permette di avere 3 punti di divisione sulla tastiera con<strong>\u00a04 zone<\/strong>\u00a0diverse, controllabili anche tramite\u00a0<strong>Crossfade<\/strong>. La funzione\u00a0<strong>Hold\u00a0<\/strong>blocca in background ogni Slot in modo indipendente, mentre nello stesso tempo vengono suonate altre parti musicali.<\/p>\n<ul>\n<li><strong>SOUND MANAGER :\u00a0<\/strong>NORD Wave 2 \u00e8 compatibile con il\u00a0<strong>NORD Sound Manager<\/strong>\u00a0per OS X e Windows; questo Software\u00a0consente l&#8217;organizzazione, il backup e il trasferimento dei Program.<\/li>\n<li><strong>CONTROLLO MIDI :\u00a0<\/strong>MIDI via USB, ideale per l&#8217;uso con un Sequencer esterno o con il Software Sound Manager (incluso).<\/li>\n<li><strong>TASTIERA :\u00a0\u00a0<\/strong>semi-pesata 61 tasti (C-C), Waterfall con Aftertouch.<\/li>\n<li><strong>HARDWARE : c<\/strong>ome tutti gli strumenti Nord, Nord Wave 2 \u00e8 realizzato a mano nella fabbrica Nord di Stoccolma con un&#8217;incredibile attenzione ai dettagli e al controllo qualit\u00e0.<\/li>\n<\/ul>\n<hr \/>\n<h2><strong>NORD WAVE 2 &#8211; SPECIFICHE TECNICHE<\/strong><\/h2>\n<ul>\n<li>4 Sintetizzatori in Layer con Faders a LED<\/li>\n<li>Sintesi Virtual Analog, Wavetable, FM e Sample Playback<\/li>\n<li>48 Voci<\/li>\n<li>1 GB di memoria compatibile con la Nord Sample Library 3.0<\/li>\n<li>Effetti, EQ, Delay e Reverb indipendenti su ogni Layer<\/li>\n<li>Arpeggiatore e Gate<\/li>\n<li>Tastiera 61 note semipesata con tasti Octave Shift dedicati, +\/-2 ottave d&#8217;estensione.<\/li>\n<li>3 Punti di Split 4 Zone.<\/li>\n<li>Funzione Advanced Morph<\/li>\n<li>Impulse Morph per modifiche istantanee del Morph<\/li>\n<li>Funzione Group per l&#8217;editing multi-layer<\/li>\n<\/ul>\n<h2><strong>OSCILLATOR SECTION<\/strong><\/h2>\n<ul>\n<li>Display OLED dedicato per l&#8217;impostazione dell&#8217;oscillatore<\/li>\n<li>Analog: Basic, Shape, Shape Sine, Multi, Sync, Bell, Noise.<\/li>\n<li>Wavetable: Wavetables, Formants.<\/li>\n<li>FM: Dual, Triple, Vocal and Multi con opzioni: Harmonic e Inharmonic.<\/li>\n<li>Samples: Nord Sample Library 3.0<\/li>\n<li>Oscillator Control: Shape, Detune o Sync Amount per le Analog waveforms, Shape per le Wavetables, Modulation Amount per FM.<\/li>\n<li>Dual Osc: Unison Control con 3 livelli di ampiezza selezionabili.<\/li>\n<li>Controlli dell&#8217;intonazione: Semitone\u00a0(-24\/+24) e Fine Tune.<\/li>\n<\/ul>\n<h2><strong>MODULATION SECTION<\/strong><\/h2>\n<ul>\n<li>LFO con forme d&#8217;onda: triangle, square, sawtooth, inverted sawtooth oppure Sample &amp; Hold waveforms. LFO pu\u00f2 essere indirizzato alla modulazione di: Filter Frequency, Osc Pitch o Osc Mod. La velocit\u00e0 dell&#8217;LFO pu\u00f2 essere sincronizzata con il Master Clock.<\/li>\n<li>AD\/AR envelope (inviluppo)<\/li>\n<\/ul>\n<h2><strong>ARPEGGIATOR\/GATE<\/strong><\/h2>\n<ul>\n<li>Arpeggiator: estensione: 1 &#8211; 4 ottave. Modi: up, down, up\/down, random. Zig-Zag. La velocit\u00e0 dell&#8217;Arpeggio pu\u00f2 essere sincronizzata con il Master Clock.<\/li>\n<li>Poly: Polyphonic Arpeggiator per il retriggering degli accordi a Zero Range, Polyphonic Arpeggio di inversioni di accordi con ampia estensione.<\/li>\n<li>Gate: Livello ritmico del Gate con Rhythmic con inviluppo regolabile.<\/li>\n<li>Pattern Mode: Pattern Mode per l&#8217;Arpeggiatore, Trig o Gate con 30 Presets editabili o Patter Custom.<\/li>\n<li>Patttern Editor &#8211; Editor dedicato per la creazione di Pattern ritmici personali, utilizzabili con l&#8217;arpeggiatore, Trig o Gate.<\/li>\n<\/ul>\n<h2><strong>FILTER SECTION<\/strong><\/h2>\n<ul>\n<li>Filtro Multi-modo: 12 dB (2-pole) low pass, 24 dB (4-pole) lowpass e band pass, high pass, Ladder M, low pass+high pass.<\/li>\n<li>Cut off, Resonance, envelope amount, envelope amount controllabili dalla velocity.<\/li>\n<li>ADSR envelope.<\/li>\n<li>Filter Keyboard Tracking &#8211; Impostazioni:\u00a0Off, 1\/3, 2\/3 o Full.<\/li>\n<li>Filter Distortion regolabile.<\/li>\n<\/ul>\n<h2><strong>AMPLIFIER SECTION<\/strong><\/h2>\n<ul>\n<li>ADSR Envelope<\/li>\n<li>Modo: Transient Attack per attacco pi\u00f9 marcato<\/li>\n<li>Amp Velocity Amount (3 Livelli)<\/li>\n<\/ul>\n<h2><strong>LAYER CONTROL<\/strong><\/h2>\n<ul>\n<li>Fader con LED su ogni Layer per il controllo del livello e visualizzazione panoramica.<\/li>\n<li>Funzione Group. raggruppa pi\u00f9 Layer per l&#8217;editing veloce di: Amp Env, Filter, Effects, Arpeggiator ecc.<\/li>\n<li>Layer Lock: Blocca la configurazione attiva del Layer.<\/li>\n<li>Funzione Split: 3 punti di Split con 8 Locazioni e Split Crossfade.<\/li>\n<li>Controllo individuale del Pan su ogni layer.<\/li>\n<li>Solo Mode per porre in MUTE velocemente tutti i Layer tranne quello selezionato.<\/li>\n<\/ul>\n<h2><strong>PERFORMANCE SECTION<\/strong><\/h2>\n<ul>\n<li>Voice Modes: Poly, Legato e Mono con Glide<\/li>\n<li>Impulse Morph: Modifica istantaneamente uno o pi\u00f9 parametri con la semplice pressione di un tasto.<\/li>\n<li>Funzione Morph tipica di Nord per il controllo veloce di parametri multipli: Wheel, Aftertouch, Velocity e Control Pedal.<\/li>\n<li>Modulation Wheel.<\/li>\n<li>Pitch Stick con Range programmabile.<\/li>\n<li>Veloce assegnazione della destinazione della Modulation Wheel.<\/li>\n<li>Aftertouch.<\/li>\n<li>Vibrato con 3 modi di Delay Modes ed assegnazione alla Wheel o Aftertouch.<\/li>\n<li>Keyboard Hold controllabile individualmente su ogni Layer.<\/li>\n<\/ul>\n<h2><strong>PROGRAM SECTION<\/strong><\/h2>\n<ul>\n<li>Controllo di Gain del Program<\/li>\n<li>Ampio Display OLED<\/li>\n<li>Funzione Program Transpose<\/li>\n<li>5 Tasti Program<\/li>\n<li>Live Mode<\/li>\n<li>Funzione Copy\/Paste<\/li>\n<li>Master Clock &#8211; controllo di: Arpeggiator, LFO, Effetti e Delay + External Clock Sync<\/li>\n<\/ul>\n<h2><strong>EFFETTI<\/strong><\/h2>\n<ul>\n<li>Sezione FX con: Tremolo, Pan, Ring Modulation, Chorus, Ensemble e Vibe.<\/li>\n<li>EQ con controllo Bass\/Treble, oppure Parametrico ad 1 Banda.<\/li>\n<li>Effetto Drive per la distorsione valvolare<\/li>\n<li>Sezione Delay con: rate\/time, tap tempo, analog mode, stereo ping-pong, dry\/wet mix. La velocit\u00e0 del Delay pu\u00f2 essere sincronizzata con il Master Clock. Effetti Feedback Loop: Chorus, Vibe e Ensemble, Feedback filters: HP, LP e BP.<\/li>\n<li>Sezione Reverb con 5 algoritmi: Booth, Room, Stage, Hall, Cathedral + Dark, Bright e Chorale (riverberi modulati)<\/li>\n<\/ul>\n<h2><strong>MEMORIA<\/strong><\/h2>\n<ul>\n<li>Programs (Suoni Singoli): 16 x 25 (400) Locazioni<\/li>\n<\/ul>\n<h2><strong>AUDIO OUT<\/strong><\/h2>\n<ul>\n<li>2 Uscite &#8211; Outputs<\/li>\n<li>Cuffia<\/li>\n<li>Stadio di conversione DAC 24 bit alta risoluzione e basso rumore.<\/li>\n<\/ul>\n<h2><strong>SPECIFICHE MIDI<\/strong><\/h2>\n<ul>\n<li>Tutti i controlli: manopole, fader, interruttori inviano e ricevono opportuni messaggi di Control Change.<\/li>\n<li>Master Clock si sincronizza ad un eventuale MIDI Clock esterno.<\/li>\n<li>Soft Thru<\/li>\n<li>2 Line Level Audio Outputs &#8211; \u00bc&#8221;, 6,35 mm jacks, sbilanciate<\/li>\n<li>Cuffia Output &#8211; \u00bc&#8221;, 6,35 mm stereo jack<\/li>\n<li>Pedale Sustain &#8211; \u00bc&#8221;, 6,35 mm jack. Compatibile con: Roland DP-2, DP-6, Yamaha FC-4, FC-5, Fatar VFP1-25 etc.<\/li>\n<li>Pedale Control &#8211; \u00bc&#8221;, 6,35 mm TRS stereo jack. Compatibile con: Yamaha FC-7, Roland EV-7, Roland EV-5, Korg EXP2 o Korg XVP10.<\/li>\n<li>Porta USB\/MIDI<\/li>\n<li>Porte MIDI In &amp; Out<\/li>\n<\/ul>\n<p><img decoding=\"async\" src=\"https:\/\/www.nordkeyboards.com\/sites\/default\/files\/resize\/files\/products\/images\/NW2-connections-712x111.png\" alt=\"Connections\" \/><\/p>\n<p><iframe loading=\"lazy\" title=\"Alla scoperta di Nord Wave 2 Performing Synthesizer\" width=\"1220\" height=\"686\" src=\"https:\/\/www.youtube.com\/embed\/9MMh7IEuaHA?list=PLmwacsrItvLPGiP3xpCRiwD4rMaaSWXso\" frameborder=\"0\" allow=\"accelerometer; autoplay; clipboard-write; encrypted-media; gyroscope; picture-in-picture; web-share\" referrerpolicy=\"strict-origin-when-cross-origin\" allowfullscreen><\/iframe><\/p>\n","protected":false},"excerpt":{"rendered":"<p>Performing Synthesizer, 61 tasti&amp;Aftertouch, multisintesi: Virtual Analog-Wavetable-FM,<\/p>\n<p>Sample con 1GB RAM, Polifonia 48 note, 4 moduli indipendenti Layer\/Split,<\/p>\n<p>anche per FX e &#8216;Arpeggiatore\/Gate, Pannello esteso, Stone Wheel, Pitch Stick,<\/p>\n<p>connessioni MIDI e USB.<\/p>\n","protected":false},"featured_media":1306,"template":"","meta":[],"product_brand":[],"product_cat":[140],"product_tag":[],"class_list":{"0":"post-1305","1":"product","2":"type-product","3":"status-publish","4":"has-post-thumbnail","6":"product_cat-tastiere-e-synth","8":"first","9":"instock","10":"shipping-taxable","11":"product-type-simple"},"_links":{"self":[{"href":"https:\/\/musicaliborgna.com\/index.php?rest_route=\/wp\/v2\/product\/1305","targetHints":{"allow":["GET"]}}],"collection":[{"href":"https:\/\/musicaliborgna.com\/index.php?rest_route=\/wp\/v2\/product"}],"about":[{"href":"https:\/\/musicaliborgna.com\/index.php?rest_route=\/wp\/v2\/types\/product"}],"wp:featuredmedia":[{"embeddable":true,"href":"https:\/\/musicaliborgna.com\/index.php?rest_route=\/wp\/v2\/media\/1306"}],"wp:attachment":[{"href":"https:\/\/musicaliborgna.com\/index.php?rest_route=%2Fwp%2Fv2%2Fmedia&parent=1305"}],"wp:term":[{"taxonomy":"product_brand","embeddable":true,"href":"https:\/\/musicaliborgna.com\/index.php?rest_route=%2Fwp%2Fv2%2Fproduct_brand&post=1305"},{"taxonomy":"product_cat","embeddable":true,"href":"https:\/\/musicaliborgna.com\/index.php?rest_route=%2Fwp%2Fv2%2Fproduct_cat&post=1305"},{"taxonomy":"product_tag","embeddable":true,"href":"https:\/\/musicaliborgna.com\/index.php?rest_route=%2Fwp%2Fv2%2Fproduct_tag&post=1305"}],"curies":[{"name":"wp","href":"https:\/\/api.w.org\/{rel}","templated":true}]}}