{"id":1308,"date":"2024-04-11T13:08:35","date_gmt":"2024-04-11T13:08:35","guid":{"rendered":"https:\/\/musicaliborgna.com\/?post_type=product&#038;p=1308"},"modified":"2024-04-11T13:08:35","modified_gmt":"2024-04-11T13:08:35","slug":"nord-stage-4-compact","status":"publish","type":"product","link":"https:\/\/musicaliborgna.com\/?product=nord-stage-4-compact","title":{"rendered":"NORD &#8211; STAGE 4 COMPACT"},"content":{"rendered":"<h1><strong>Nord Stage 4<\/strong>\u00a0<strong>Compact\u00a0<\/strong>nuova generazione dell\u2019iconica serie ammiraglia di\u00a0<strong>Nord<\/strong>, con il layout del pannello ridisegnato ancora pi\u00f9 immediato ed intuitivo, tastiera\u00a0<em>premium<\/em>\u00a0<strong>73 tasti Waterfall\u00a0<\/strong>triplo sensore con\u00a0<strong>aftertouch<\/strong>, sezioni d\u2019effetti complete per ogni Layer e notevoli implementazioni nella tecnologia proprietaria, si appresta a diventare un nuovo standard di riferimento nel segmento delle tastiere Stage evolute.<\/h1>\n<h2><strong>L&#8217;ESPERIENZA SU NORD STAGE 4 Compact<\/strong><\/h2>\n<p><strong>Nord Stage 4 Compact<\/strong>\u00a0possiede un nuovo design del pannello con\u00a0<strong>fader LED<\/strong>\u00a0dedicati per ogni Layer, questo consente una panoramica dello stato operativo ancora pi\u00f9 chiara e immediata, migliorando inoltre la versatilit\u00e0 nella creazione dei suoni e nelle Live performance. \u00c8 inoltre presente un\u2019ampia libreria di\u00a0<strong>Preset<\/strong>\u00a0con suoni di\u00a0<strong>pianoforte<\/strong>,\u00a0<strong>synth\u00a0<\/strong>e\u00a0<strong>organo\u00a0<\/strong>subito pronti all&#8217;uso di grande utilit\u00e0 per creare le proprie patch personali in modo ancora pi\u00f9 rapido.\u00a0Tutto lo strumento opera in modalit\u00e0\u00a0<strong>Seamless Transition<\/strong>, cio\u00e8 senza fastidiose pause o interruzioni nel cambio dei Program consentendo esibizioni sempre fluide e continue.\u00a0<strong>Layer Scene<\/strong>\u00a0consente il passaggio tra due diverse configurazioni timbriche con il semplice tocco d\u2019un pulsante, mentre la potente sezione effetti completamente rinnovata, unita alle funzioni dei pedali consente un livello superiore di espressivit\u00e0 musicale.<\/p>\n<p><img decoding=\"async\" title=\"Sulla sezione Piano di Nord Stage 4 \u00e8 possibile sovrapporre due suoni di piano a piacere, con la stessa tecnologia applicata con successo su Nord Piano 5\" src=\"https:\/\/www.algameko.com\/images\/uploads\/\/Nord-Stage-4-73-Detail-Section-Piano-02-1200x630.jpg\" alt=\"Sulla sezione Piano di Nord Stage 4 \u00e8 possibile sovrapporre due suoni di piano a piacere, con la stessa tecnologia applicata con successo su Nord Piano 5\" \/><\/p>\n<h2><strong>LA SEZIONE PIANO DI\u00a0NORD STAGE 4 Compact<\/strong><\/h2>\n<p><strong>Nord Stage 4\u00a0<\/strong>Compact viene fornito con una nuova libreria sonora ancora pi\u00f9 ricca di pianoforti a coda, Uprights e Piani elettrici selezionati dall\u2019esclusiva Nord Piano Library implementata con nuove funzionalit\u00e0 come la compressione dinamica e l\u2019Unison mode.<\/p>\n<ul>\n<li>Raccolta selezionata di Piani a coda, Uprights, Elettrici, Digitali e altri dalla Nord piano Library<\/li>\n<li>Possibilit\u00e0 di Layering fra due suoni all&#8217;interno della sezione<\/li>\n<li>Compressione dinamica<\/li>\n<li>Funzione Unison<\/li>\n<li>Preset creativi<\/li>\n<\/ul>\n<p>Questa sezione consente il\u00a0<strong>Layer\u00a0<\/strong>tra due suoni come per il\u00a0<strong>Nord Piano 5<\/strong>, ed\u00a0\u00e8 quindi possibile creare dei suoni in\u00a0<strong>Stack\u00a0<\/strong>anche molto complessi sovrapponendo 2 suoni di piano di vario tipo fra loro: Acustico ed elettrico, Upright con digitale, ecc. nella combinazione personale che preferite.<\/p>\n<p><img decoding=\"async\" title=\"La sezione Synth di Nord Stage 4 possiede tre Layer indipendenti basati sul Synth Engine di Nord Wave 2 con: sintesi Virtual Analog, Samples, FM e Digital Waves\" src=\"https:\/\/www.algameko.com\/images\/uploads\/\/15700067_04.jpg\" alt=\"La sezione Synth di Nord Stage 4 possiede tre Layer indipendenti basati sul Synth Engine di Nord Wave 2 con: sintesi Virtual Analog, Samples, FM e Digital Waves\" \/><\/p>\n<h2><strong>IL SYNTH\u00a0DI\u00a0NORD STAGE 4 Compact<\/strong><\/h2>\n<p>La sezione Synth con i suoi\u00a0<strong>tre Layer indipendenti<\/strong>\u00a0si basa sul versatile Synth Engine di\u00a0<strong>Nord Wave 2<\/strong>, inclusa la sintesi Virtual Analog, Samples, FM e Digital Waves. Una vasta nuova raccolta di campioni della Nord Sample Library offre un&#8217;ampia tavolozza sonora di archi, Bass, cori, chitarre e molto altro.\u00a0<strong>L&#8217;arpeggiatore\u00a0<\/strong>avanzato possiede le modalit\u00e0\u00a0<strong>Polyphonic<\/strong>,\u00a0<strong>Gate\u00a0<\/strong>e\u00a0<strong>Pattern\u00a0<\/strong>e pu\u00f2 essere utilizzato per un&#8217;ampia variet\u00e0 di applicazioni ritmiche con Pattern personalizzabili.<\/p>\n<ul>\n<li>Motore di sintesi di\u00a0<strong>Nord Wave 2<\/strong><\/li>\n<li>3 Synth Layer indipendenti<\/li>\n<li>Area di Memoria dei campioni raddoppiata<\/li>\n<li>Campioni implementati\u00a0con le funzioni Tru-Vibrato, Unison e Round Robin<\/li>\n<li>Ampia possibilit\u00e0 di controlli in tempo reale<\/li>\n<li>Arpeggiatore avanzato con modalit\u00e0\u00a0<strong>Polyphonic, Gate e Pattern<\/strong><\/li>\n<li>Controllo MIDI avanzato<\/li>\n<\/ul>\n<p><img decoding=\"async\" title=\"L'area dei Drawbars combina la praticit\u00e0 e l'immediatezza del controllo fisico con la panoramica offerta dalla LED Strip\" src=\"https:\/\/www.algameko.com\/images\/uploads\/\/Nord-Stage-4-73-Detail-Drawbar-03-1200x630.jpg\" alt=\"L'area dei Drawbars combina la praticit\u00e0 e l'immediatezza del controllo fisico con la panoramica offerta dalla LED Strip\" \/><\/p>\n<h2><strong>LA SEZIONE\u00a0 ORGAN DI NORD STAGE 4<\/strong>\u00a0<strong>Compact<\/strong><\/h2>\n<p>La sezione\u00a0<strong>Organ\u00a0<\/strong>integralmente a modellazione fisica, utilizza le rinomate simulazioni del\u00a0<strong>B3 Tonewheel<\/strong>,\u00a0<strong>B3 Bass<\/strong>,\u00a0<strong>Vox\u00a0<\/strong>classico e\u00a0<strong>Farfisa<\/strong>, oltre a due modelli di\u00a0<strong>Pipe\u00a0<\/strong>Organ. Tutti i modelli di Stage 4 sono dotati dei nuovi\u00a0<strong>Drawbars fisici<\/strong>\u00a0NORD con indicatori LED, ancora pi\u00f9 pratici ed efficaci.<\/p>\n<ul>\n<li>Simulazioni a modellazione fisica di B3 elettromagnetico, Vox\/Farfisa e Pipe Organ<\/li>\n<li>Possibilit\u00e0 di Layering tra due suoni all&#8217;interno della sezione, per simulare ad esempio un organo a doppio manuale.<\/li>\n<li>Drawbar fisici con indicatori LED<\/li>\n<li>Nuova modalit\u00e0 B3 Bass<\/li>\n<li>Modalit\u00e0 live Drawbar<\/li>\n<li>Modello 122 Vintage Rotary Speaker con posizioni regolabili del microfonaggio (normale o ravvicinato)<\/li>\n<\/ul>\n<p><img decoding=\"async\" title=\"Tutti i parametri degli effetti sono ad accesso diretto grazie al pannello esteso in perfetto\u00a0Analog Style\" src=\"https:\/\/www.algameko.com\/images\/uploads\/\/Nord_Stage4_Effect_section_web.jpg\" alt=\"Tutti i parametri degli effetti sono ad accesso diretto grazie al pannello esteso in perfetto\u00a0Analog Style\" \/><\/p>\n<h2><strong>GLI EFFETTI DI NORD STAGE 4\u00a0Compact<\/strong><\/h2>\n<p><strong>Nord Stage 4 Compact\u00a0<\/strong>possiede una performante sezione\u00a0<strong>Effetti\u00a0<\/strong>completamente rinnovata che offre un\u00a0<strong>setup completo<\/strong>\u00a0per ogni\u00a0<strong>Layer<\/strong>. L&#8217;ampia gamma di FX include il nuovo\u00a0<strong>Pump<\/strong>\u00a0sincronizzato ai BPM, il\u00a0<strong>Side Chain\u00a0<\/strong>con controllo a pedale, il nuovo\u00a0<strong>Spin<\/strong>\u00a0e variazioni sugli algoritmi dei Reverb, Delay, Amps e Modulation.<\/p>\n<ul>\n<li>Set Up d&#8217;effetti completo per ogni Layer<\/li>\n<li>Nuove Variazioni per: Modulation, Amp, Delay e Reverb<\/li>\n<li>Nuovi Reverberi: Spring, Booth e Cathedral<\/li>\n<li>Nuovo Effetto Pump<\/li>\n<li>Nuovo Effetto Spin<\/li>\n<li>Nuovi Flam e Space Delay<\/li>\n<\/ul>\n<p>Come \u00e8 tradizione Nord tutti i parametri degli effetti sono ad accesso diretto grazie al pannello esteso in perfetto\u00a0<em>Analog Style,\u00a0<\/em>questo permette di intervenire\u00a0con le modifiche ogni momento anche durante l&#8217;esecuzione.<\/p>\n<hr \/>\n<h2><strong>Nord Stage 4 Compact Specifiche Tecniche<\/strong><\/h2>\n<p><img decoding=\"async\" title=\"I tre modelli della Serie Nord Stage 4 sono equivalenti dal punto di vista delle funzioni e delle possibilit\u00e0 Timbrico\/operative\" src=\"https:\/\/www.algameko.com\/images\/uploads\/\/Nord-Stage-4-73-Detail-mani-05-1200x630.jpg\" alt=\"I tre modelli della Serie Nord Stage 4 sono equivalenti dal punto di vista delle funzioni e delle possibilit\u00e0 Timbrico\/operative\" \/><\/p>\n<h2><strong>GENERALI<\/strong><\/h2>\n<ul>\n<li><strong>Nord Stage 4 Compact<\/strong>: key bed 73-tasti semi pesato con triplo sensore\u00a0<strong>Waterfall\u00a0<\/strong>con\u00a0<strong>Aftertouch<\/strong>. Estensione: E-E<\/li>\n<li>Controllo di livello Master<\/li>\n<li>Wooden Pitch Stick<\/li>\n<li>Modulation Wheel<\/li>\n<li>512 Programs &#8211; 8 Banchi con 8 Pagine ognuno. Ogni pagina 8 Locazioni Program<\/li>\n<li>Preset Library con Prese per: Organ, Piano e Synth Presets effetti inclusi. 2 x 64 locazioni Preset per Organ, 2 x 64 locazioni Preset per Piano, 8 x 64 locazioni Preset per Synth.<\/li>\n<li>8 Live Programs<\/li>\n<li>Setups per 2 Layer Scene indipendenti<\/li>\n<li>3 sorgenti Morph: Modulation Wheel (controllabile anche con il pedale Swell), Control Pedal, Aftertouch<\/li>\n<li>Opzioni per routing uscite Stereo e Mono<\/li>\n<li>Transpose Programmabile +\/- 6 semitoni<\/li>\n<li>Funzione Master Clock con controlli: manual, external tap-tempo<\/li>\n<li>Sorgente Clock Internal e MIDI<\/li>\n<li>MIDI su USB<\/li>\n<li>Controllo del Livello<\/li>\n<li>Aftertouch<\/li>\n<li>Fino a 3 punti di Split (4 Keyboard Zones) con indicazione visiva a LED fra le zone<\/li>\n<li>Crossfade fra i 3 punti di Split con profondit\u00e0 regolabile: Lrg, Sml or Off<\/li>\n<\/ul>\n<p><strong>SEZIONE ORGAN<\/strong><\/p>\n<ul>\n<li>Simulazione Nord C2D del B3 Tone wheel Organ<\/li>\n<li>Vox Continental and Farfisa models<\/li>\n<li>2 modelli di Digital Pipe Organ<\/li>\n<li>Modo B3 Bass<\/li>\n<li>Drawbars fisici con LED graphs<\/li>\n<li>Modalit\u00e0 Live: Preset or Drawbar<\/li>\n<li>Controlli Percussion<\/li>\n<li>Controlli Vibrato\/Chorus<\/li>\n<li>2 Layers (Multi timbrico 2-Parti)<\/li>\n<\/ul>\n<p><strong>SEZIONE PIANO<\/strong><\/p>\n<ul>\n<li>2 GB\u00a0di memoria per I suoni di Piano<\/li>\n<li>Tutti I suoni possono essere sostituiti tramite Nord Sound Manager (Mac\/Win)<\/li>\n<li>Polifonia 120 Voci<\/li>\n<li>Categorie: Grand, Upright, Electric, Digital, Layer e Clav\/Harpsichord<\/li>\n<li>3 curve di velocity (touch) selezionabili: Heavy, Medium, Light<\/li>\n<li>Controlli sui timbri di Piano con impostazioni Custom per Piani elettrici e Clavinet<\/li>\n<li>String Resonance per piani acustici Grand Pianos e Uprights<\/li>\n<li>Soft Piano Release selezionabile<\/li>\n<li>Pedal Noise disponibile usando: Nord Triple Pedal 1, Nord Triple Pedal 2 o Nord Sustain Pedal 2 sui suoni di piano acustico o elettrico selezionati.<\/li>\n<li>Funzione Unison<\/li>\n<li>2 Layers (Multi timbrico 2-Parti)<\/li>\n<\/ul>\n<p><strong>SEZIONE SYNTH<\/strong><\/p>\n<ul>\n<li>Motore sonoro del Nord Wave 2 con Sample Playback<\/li>\n<li>Display OLED Dedicato per: Waveform\/Sample selezione e editing dei parametri<\/li>\n<li>1 GB di memoria per I sample (Nord Sample Library)<\/li>\n<li>Tutti I Samples interni possono essere sostituiti tramite Nord Sound Manager (Mac\/Win)<\/li>\n<li>Polifonia 46 Voci<\/li>\n<li>Oscillatori: Analog (incl. Super, Noise e Misc waveforms), Digital Waves, FM e Sample<\/li>\n<li>Analog Waveform: Pure, Shape, Shape Sine, Multi, Super, Sync, Bell, Misc (Noise)<\/li>\n<li>Filtro: Classic Transistor Ladder\u00a0Filter (LP M), 12 &amp; 24 dB Low Pass, High Pass, Band Pass e Low Pass\/Band\u00a0Pass (LP+BP)\u00a0filtri combinati<\/li>\n<li>Filter Drive: Off, 1, 2 e 3<\/li>\n<li>Filter Tracking: Off, 1\/3, 2\/3 e Full<\/li>\n<li>3 Modi Unison<\/li>\n<li>Filter Envelope (Attack, Decay, Sustain) con controllo dalla Velocity<\/li>\n<li>Amplitude envelope (Attack, Decay, Sustain) con controllo dalla Velocity<\/li>\n<li>Oscillator envelope (Attack, Decay, Sustain) con controllo dalla Velocity<\/li>\n<li>LFO con 5 waveforms\/modes: Square, Triangle, Ramp Dn, Ramp Up, Sample &amp; Hold<\/li>\n<li>Arpeggiatore avanzato con modi: Arp, Polyphonic e Gate<\/li>\n<li>Arpeggiator Patterns disponibili per tutti i modi, con opzioni: Accent Pan<\/li>\n<li>LFO e Arpeggiatore sincronizzabili al Master Clock<\/li>\n<li>3 Layers (Multi timbrico 3-Parti)<\/li>\n<\/ul>\n<p><strong>EFFETTI<\/strong><\/p>\n<ul>\n<li>Mod 1: Tremolo, Auto Pan, Ring Modulator, Wah-Wah, Auto-Wah, Pump (con modulazione Sidechain). Variation per ciascun effetto<\/li>\n<li>Mod 2: Phaser, Flanger, Vibe, Chorus, Ensemble, Spin. Variation per ciascun effetto<\/li>\n<li>Delay\u00a0con controlli di: Tempo, Feedback\u00a0e Mix (Dry\/Wet), Ping Pong (stereo), Tap-Tempo, Feedback Filter (HP\/LP\/BP), Feedback Effects con Variations e Analog mode selezionabile da pannello.<\/li>\n<li>3 tipi di simulazione Amp\/Speaker: Twin, JC e Small. Variation per ciascun modello<\/li>\n<li>Filter Mode (HP24\/LP24) con controlli: Cut-off, Resonance e Mix<\/li>\n<li>Simulazione Tube Amp con Overdrive regolabile<\/li>\n<li>Equalizzatore 3-bande con medie Sweepable. EQ: 100 Hz, 200 Hz &#8211; 8 kHz e 4 kHz<\/li>\n<li>Rotary Speaker: velocit\u00e0 selezionabile (Stop, Slow and Fast) con Overdrive indipendente<\/li>\n<li>Rates\/tempo degli effetti sincronizzabili al Master Clock<\/li>\n<li>Compressore con Fast Mode<\/li>\n<li>Riverberi: 6 algoritmi: Spring, Booth, Room, Stage, Hall e Cathedral, con modalit\u00e0: Dark\/Bright e Variation\/Chorale.<\/li>\n<\/ul>\n<p><strong>CONNESSIONI<\/strong><\/p>\n<ul>\n<li>4 Uscite Audio Outputs assegnabili:\u00a0<em>Jack da 6,35 mm\u00a0<\/em>&#8211;\u00a0<em>\u00bc&#8221;, sbilanciato<\/em><\/li>\n<li>Uscita Stereo per cuffia (Headphone output):\u00a0<em>6,35 mm jack stereo\u00a0<\/em>&#8211;\u00a0<em>\u00bc&#8221;<\/em><\/li>\n<li>1 Ingresso Monitor input: 3,5 mm mini jack Stereo &#8211; 1\/8&#8243;.<\/li>\n<li>Pedale Sustain\u00a0<em>6,35 mm jack<\/em>&#8211;\u00a0<em>\u00bc&#8221;.\u00a0<\/em>Compatibile con Nord Sustain Pedal 2 (con sensore continuo), Nord Triple Pedal 1 e Pedali Switch<\/li>\n<li>Triple Pedal \u2013\u00a0Connettore\u00a0<em>5 pin DIN connector.\u00a0<\/em>Compatibile con Nord Triple Pedal 2<\/li>\n<li>Pedale Rotor:\u00a0<em>jack 6,35 mm.<\/em>&#8211;\u00a0<em>\u00bc&#8221;. Pedale Switch<\/em><\/li>\n<li>Pedale Organ Swell:\u00a0<em>6,35 mm TRS stereo jack\u00a0<\/em>&#8211;\u00a0<em>\u00bc&#8221;.\u00a0<\/em><em>Compatibile con Pedali Control\/Expression tipo: KORG EXP2, XVP20, Quiklok VP26U, ecc.<\/em><\/li>\n<li>Control Pedal:\u00a0<em>6,35 mm TRS stereo jack\u00a0<\/em>&#8211;\u00a0<em>\u00bc&#8221;. Compatibile con Pedali Control\/Expression tipo: KORG EXP2, XVP20, Quiklok VP26U, ecc.<\/em><\/li>\n<li>Ingresso Foot Switch input:\u00a0<em>jack 6,35 mm.\u00a0<\/em>&#8211;\u00a0<em>\u00bc&#8221;.\u00a0<\/em><em>E\u2019 possibile usare un Pedale momentary o single switch<\/em><\/li>\n<li>MIDI In &#8211;\u00a0<em>connettore<\/em>\u00a0<em>DIN 5 pin<\/em><\/li>\n<li>MIDI Out &#8211;\u00a0<em>connettore<\/em>\u00a0<em>DIN 5 pin<\/em><\/li>\n<li>USB &#8211;\u00a0<em>connettore<\/em>\u00a0<em>tipo B per USB MIDI,\u00a0Software Update e trasferimento dei suoni<\/em><\/li>\n<li>Connettore cavo d\u2019alimentazione IEC C14<\/li>\n<\/ul>\n<p><img decoding=\"async\" title=\"Ampie possibilit\u00e0 di collegamento aumentano la versatilit\u00e0 d'uso della tastiera\" src=\"https:\/\/www.algameko.com\/images\/uploads\/\/NS4%20Rear%20Panel.jpg\" alt=\"Ampie possibilit\u00e0 di collegamento aumentano la versatilit\u00e0 d'uso della tastiera\" \/><\/p>\n<p><iframe loading=\"lazy\" title=\"NORD Stage 4 - Video Presentazione\" width=\"1220\" height=\"686\" src=\"https:\/\/www.youtube.com\/embed\/L1Xyb6A9t1s?list=PLmwacsrItvLPiHeGsWm-SRZ562l9DW4sD\" frameborder=\"0\" allow=\"accelerometer; autoplay; clipboard-write; encrypted-media; gyroscope; picture-in-picture; web-share\" referrerpolicy=\"strict-origin-when-cross-origin\" allowfullscreen><\/iframe><\/p>\n<p>&nbsp;<\/p>\n<p>&nbsp;<\/p>\n","protected":false},"excerpt":{"rendered":"<p>Stage Keyboard professionale, tastiera semi pesata 73 tasti waterfall triplo sensore,<\/p>\n<p>Aftertouch e Drawbar fisici con LED. 3 Sezioni indipendenti anche per gli effetti: Piano con 2 Layer, Organ 2 Layer,<\/p>\n<p>Sample\/Synth 3 Layer. Arpeggiatore avanzato, cambio suoni senza interruzione, sezione effetti rinnovata<\/p>\n","protected":false},"featured_media":1309,"template":"","meta":[],"product_brand":[],"product_cat":[140],"product_tag":[],"class_list":{"0":"post-1308","1":"product","2":"type-product","3":"status-publish","4":"has-post-thumbnail","6":"product_cat-tastiere-e-synth","8":"first","9":"instock","10":"shipping-taxable","11":"product-type-simple"},"_links":{"self":[{"href":"https:\/\/musicaliborgna.com\/index.php?rest_route=\/wp\/v2\/product\/1308","targetHints":{"allow":["GET"]}}],"collection":[{"href":"https:\/\/musicaliborgna.com\/index.php?rest_route=\/wp\/v2\/product"}],"about":[{"href":"https:\/\/musicaliborgna.com\/index.php?rest_route=\/wp\/v2\/types\/product"}],"wp:featuredmedia":[{"embeddable":true,"href":"https:\/\/musicaliborgna.com\/index.php?rest_route=\/wp\/v2\/media\/1309"}],"wp:attachment":[{"href":"https:\/\/musicaliborgna.com\/index.php?rest_route=%2Fwp%2Fv2%2Fmedia&parent=1308"}],"wp:term":[{"taxonomy":"product_brand","embeddable":true,"href":"https:\/\/musicaliborgna.com\/index.php?rest_route=%2Fwp%2Fv2%2Fproduct_brand&post=1308"},{"taxonomy":"product_cat","embeddable":true,"href":"https:\/\/musicaliborgna.com\/index.php?rest_route=%2Fwp%2Fv2%2Fproduct_cat&post=1308"},{"taxonomy":"product_tag","embeddable":true,"href":"https:\/\/musicaliborgna.com\/index.php?rest_route=%2Fwp%2Fv2%2Fproduct_tag&post=1308"}],"curies":[{"name":"wp","href":"https:\/\/api.w.org\/{rel}","templated":true}]}}