{"id":1315,"date":"2024-04-11T13:20:56","date_gmt":"2024-04-11T13:20:56","guid":{"rendered":"https:\/\/musicaliborgna.com\/?post_type=product&#038;p=1315"},"modified":"2024-04-11T13:20:58","modified_gmt":"2024-04-11T13:20:58","slug":"korg-i3-ms-music-workstation","status":"publish","type":"product","link":"https:\/\/musicaliborgna.com\/?product=korg-i3-ms-music-workstation","title":{"rendered":"KORG &#8211; I3 MS-MUSIC WORKSTATION"},"content":{"rendered":"<h1><strong>KORG i3 MS<\/strong>\u00a0la piccola ma versatile Workstation\u00a0di\u00a0<strong>KORG\u00a0<\/strong>puoi suonare con timbriche moderne e dinamiche elaborate da un\u00a0<strong>DSP\u00a0<\/strong>che genera gli effetti pi\u00f9 ascoltati nei dischi o in radio, con avanzate funzioni di backing fornite da un\u00a0<strong>Audio Player<\/strong>\u00a0che suona da una\u00a0<strong>USB Key<\/strong>\u00a0formati\u00a0<strong>MP3 e WAV,\u00a0<\/strong>con il supporto creativo di un\u00a0<strong>Performance Recorder<\/strong>\u00a0che registra ogni esecuzione in formato Wav o di un\u00a0<strong>Sequencer\u00a0<\/strong>16 tracce, che supporta anche i file MIDI.<\/h1>\n<p><strong>KORG i3 MS<\/strong>\u00a0possiede inoltre connessioni avanzate come : Audio OUT L\/R, Cuffia, Pedale, porta\u00a0<strong>USB<\/strong>\u00a0per dispositivi di memoria e USB\/MIDI per computer, MIDI Out (DIN). L&#8217;alimentazione \u00e8 duplice: con adattatore AC (in dotazione) e a\u00a0<strong>Batterie<\/strong>\u00a0(6x AA).<\/p>\n<h2><strong>Contenuti e Forma di\u00a0KORG i3 MS<\/strong><\/h2>\n<p><strong>KORG i3 MS<\/strong>\u00a0\u00e8 una completa Workstation con tastiera 61 tasti sensibile alla\u00a0<em>Velocity\u00a0<\/em>con 3 curve di risposta dinamica ed una quarta impostazione fissa. I tasti Transpose spostano il\u00a0<em>Pitch<\/em>\u00a0della tastiera di due ottave in alto o in basso, con incrementi di ottava. Il\u00a0<strong>Joystick\u00a0<\/strong>professionale controlla Pitch Bend, vibrato e brillantezza durante l&#8217;esecuzione; un EQ aggiuntivo a due bande (Low e High) regola la timbrica generale. Tutti i pulsanti e i controlli del pannello frontale sono raggruppati in modo logico, in base alle proprie funzioni, mentre il display LCD Custom retroilluminato garantisce il feedback visivo delle impostazioni correnti, e un encoder rotativo modifica rapidamente il valore dei parametri. La finitura scura, la superficie gommata e i pannelli sagomati sono importanti dettagli del suo design esclusivo.<\/p>\n<h2><strong>Il suono di\u00a0<\/strong><strong>KORG i3 MS<\/strong><\/h2>\n<p>Questo strumento possiede pi\u00f9 di\u00a0<strong>800 suoni PCM<\/strong>\u00a0creati con estrema cura da uno staff internazionale di programmatori e esperti musicisti; \u00e8 incluso un set completo GM2, per la compatibilit\u00e0 con il General MIDI; a cui si aggiungono\u00a0<strong>59 Drum Kit<\/strong>\u00a0Custom. Il motore sonoro sviluppa\u00a0<strong>64 voci di polifonia<\/strong>, con due processori di effetti stereo con 173 FX diversi. La logica operativa di\u00a0<strong>KORG i3 MS\u00a0<\/strong>distingue i Sound Set, ovvero i suoni eseguibili in tempo reale sulla tastiera; e gli\u00a0<strong>Style Performance Set<\/strong>, ovvero i suoni e le parti generati per supportare le performance musicali. Vi sono\u00a0<strong>200 Sound Sets<\/strong>, ognuno dei quali pu\u00f2 utilizzare fino a\u00a0<strong>4 suoni<\/strong>: 3 sovrapposti in Layer sulla parte superiore (<strong>Upper<\/strong>) della tastiera, ed 1 sulla parte inferiore (<strong>Lower<\/strong>) attivando il modo\u00a0<strong>Split<\/strong>; questo modalit\u00e0 ha un tasto apposito per la sua attivazione immediata. Nello stesso modo, \u00e8 sempre possibile richiamare il suono del\u00a0<strong>Gran Piano<\/strong>\u00a0da qualsiasi condizione grazie al tasto dedicato.<\/p>\n<h2><strong>Gli elementi di\u00a0<\/strong><strong>KORG i3 MS<\/strong><\/h2>\n<p><strong>KORG i3 MS<\/strong>\u00a0aiuta a fissare e organizzare le idee musicali, arricchendo ogni esecuzione con il supporto interattivo di basso, batteria, percussioni e tutti gli strumenti pi\u00f9 adatti allo stile musicale selezionato; da una sezione fiati Funk, alle chitarre, al quartetto d\u2019archi, ad un vecchio organo blues. Sono a disposizione\u00a0<strong>270 Styles<\/strong>, con 8 tracce di accompagnamento, 4 Variazioni ritmiche, pi\u00f9: Intro\/Ending, Count Down &amp; Break. Quattro memorie\u00a0<strong>Performance Set<\/strong>\u00a0richiamano le parti di Backing e quelle in tempo reale sulla tastiera. Il Volume o il Mute di ogni parte in esecuzione possono essere regolati con tasti dedicati;\u00a0tutte le parti utilizzate dallo Style possono essere elaborate da due effetti stereo indipendenti, ciascuno con 173 tipi di FX diversi, inoltre, sullo\u00a0Style Performance Set \u00e8 possibile modificare suoni e parametri in modo personale.\u00a0<strong>8 Chord Buttons<\/strong>\u00a0forniscono o suggeriscono soluzioni armoniche gi\u00e0 pronte per la composizione o il completamento di un brano. La somma di questi elementi di ogni Style offre un ambiente completo di supporto alla creazione musicale.<\/p>\n<p><img decoding=\"async\" title=\"KORG i3 MS una interfaccia utente semplice ed intuitiva basata su un pannello ricco di comandi e un ampio display retroilluminato. \" src=\"https:\/\/www.algameko.com\/images\/uploads\/\/Gestire%20gli%20elementi.jpg\" alt=\"KORG i3 MS una interfaccia utente semplice ed intuitiva basata su un pannello ricco di comandi e un ampio display retroilluminato. \" \/><\/p>\n<h2><strong>Gestire\u00a0<\/strong><strong>KORG i3 MS<\/strong><\/h2>\n<p>Con\u00a0<strong>KORG i3 MS Music Workstation\u00a0<\/strong>sono disponibili varie funzioni per\u00a0suonare, comporre, registrare, salvare e richiamare i propri brani musicali. Tutte le impostazioni utilizzate: Performance Set, Sound Set, Tempo, \u00a0effetti, ecc., possono essere salvate e richiamate in una locazione\u00a0<strong>Set List,<\/strong>\u00a0ci sono 50 locazioni\u00a0(5&#215;10 Banchi). Il Sequencer pu\u00f2 registrare in MIDI su 16 tracce, con l&#8217;esportazione come SMF, \u00e8\u00a0inoltre in grado di eseguire file audio in formato: .WAV (44.1 kHz) o MP3. Inoltre il modo\u00a0<strong>Performance Recording<\/strong>, registra ed esporta in formato Audio ( .WAV 44.1 kHz), in tempo reale un&#8217;intera performance\u00a0sulla tastiera.<\/p>\n<p><img decoding=\"async\" title=\"Con KORG i3 MS puoi registrare su USB Key in MIDI o in Audio una intera performance \" src=\"https:\/\/www.algameko.com\/images\/uploads\/\/Salva%20e%20condividi.jpg\" alt=\"Con KORG i3 MS puoi registrare su USB Key in MIDI o in Audio una intera performance \" \/><\/p>\n<h2><strong>Usare KORG i3 MS<\/strong><\/h2>\n<p><strong>KORG i3 MS Music Workstation<\/strong>\u00a0possiede una completa gamma collegamenti e opzioni di controllo sul pannello posteriore per soddisfare qualsiasi esigenza musicale. La tastiera pu\u00f2 essere alimentata dalla rete AC tramite alimentatore (in dotazione con gancio di sicurezza), oppure tramite batterie. Sono presenti sul pannello posteriore due uscite audio con connettore Jack da 1\/4&#8243; (Outputs: Left\/Mono &amp; Right), una uscita per cuffia con connettore stereo mini-jack da 1\/8\u201d, cos\u00ec come un ingresso Audio In sempre con connettore mini-jack da 1\/8\u201d. E anche possibile collegare un pedale dalle funzioni assegnabili, come ad esempio Damper oppure Volume\/Expression. \u00c8 presente una presa MIDI OUT (DIN) per controllare apparecchiature esterne, e due porte USB: USB TO DEVICE per l\u2019uso di dispositivi di memoria come una Flash drive, e USB TO HOST per il collegamento a un computer<\/p>\n<p>.<img decoding=\"async\" title=\"KORG i3 MS pu\u00f2 essere facilmente collegata al computer tramite la porta USB dedicata e interagire con gli ambienti DAW pi\u00f9 diffusi\" src=\"https:\/\/www.algameko.com\/images\/uploads\/\/Da%20Sola.jpg\" alt=\"KORG i3 MS pu\u00f2 essere facilmente collegata al computer tramite la porta USB dedicata e interagire con gli ambienti DAW pi\u00f9 diffusi\" \/><\/p>\n<hr \/>\n<h2><strong>KORG i3 MS &#8211; Specifiche Tecniche<\/strong><\/h2>\n<p><strong>Finitura: Matte Silver (<\/strong>Argento opaco)<\/p>\n<p><strong>Tastiera<\/strong>:<\/p>\n<ul>\n<li>61 Tasti sensibile alla\u00a0<em>velocity<\/em><\/li>\n<li>Touch Control: Soft (light), Medium (standard), Hard (heavier), Fixed<\/li>\n<\/ul>\n<p><strong>Generatore Sonoro<\/strong><\/p>\n<ul>\n<li>Stereo PCM Sound Generator<\/li>\n<li>Polifonia: 64 voci Max.<\/li>\n<\/ul>\n<p><strong>Suoni<\/strong>: 790 suoni, 59 Drum Kits (incluso un Sound Set compatibile GM- General MIDI)<br \/>\n<strong>Sound\u00a0<\/strong>sets: 200<br \/>\n<strong>Style Performance<\/strong>: 270 Styles \u00d7 4 Set<\/p>\n<p><strong>Effetti<\/strong><\/p>\n<ul>\n<li>Keyboard: 2 Multi Effetti Digitali Stereo<\/li>\n<li>Accompagnamento: 2 Multi Effetti Digitali Stereo<\/li>\n<li>173 Variazioni<\/li>\n<\/ul>\n<p><strong>Styles<\/strong>:<\/p>\n<ul>\n<li>270 Styles<\/li>\n<li>Controllo degli Style: 2 Intro, 4 Variations, 2 Fills, 1 Break, 2 Endings, Synchro Start, Tap Tempo<\/li>\n<\/ul>\n<p><strong>Audio player<br \/>\nFormati supportati<\/strong>: MP3 (44.1 kHz, 16-bit), WAV (44.1 kHz, 16-bit)<\/p>\n<p><strong>Sequencer<\/strong><br \/>\n<strong>Registrazione<\/strong>:<\/p>\n<ul>\n<li>Supporta la registrazione in Real-Time<\/li>\n<li>16 Tracce, fino a 999 Songs max.<\/li>\n<li>Capacit\u00e0 di memoria: 100.000 note (fino a 999 Songs)<\/li>\n<li>Formato di registrazione proprietario (\u00e8 possibile convertire la registrazione in SMF0)<\/li>\n<\/ul>\n<p><strong>Riproduzione<\/strong>:<\/p>\n<ul>\n<li>Supporta il modo Song Play: suonare sulla tastiera con un brano in riproduzione<\/li>\n<li>Formati supportati<\/li>\n<li>Riproduzione: SMF (Standard MIDI File) formati 0 o 1<\/li>\n<\/ul>\n<p><strong>Demo songs<\/strong>: 3 (Songs + Introduzione ai suoni)<\/p>\n<p><strong>Scales<\/strong>: 11 Tipi (incluse una User Scale)<\/p>\n<p><strong>Connessioni:<\/strong><br \/>\nPEDALI &#8211; FOOT CONTROLLER Jack: 6.3 mm Phone Jack (half-damper non supportato)<br \/>\nAUDIO IN jack: 3.5 mm Stereo Mini-Phone Jack<br \/>\nOUTPUT L\/MONO, R Jacks: 6.3 Mm TS Phone Jack (sbilanciati)<br \/>\nCuffia: Jack: 3.5 mm Stereo Mini-Phone Jack<br \/>\nPorta USB TO DEVICE: connettore USB di tipo: A port (per il collegamento di USB Flash Drive)<br \/>\nPorta USB TO HOST: connettore USB di tipo B (per il collegamento al computer)<br \/>\nConnettore MIDI OUT connector: per il controllo di apparecchiature MIDI esterne<br \/>\nMIDI: \u00e8 supportato dalla presa MIDI OUT, e USB MIDI<br \/>\nDisplay: LCD Custom retroilluminato<\/p>\n<p><strong>Alimentazione<\/strong>:<\/p>\n<ul>\n<li>Adattatore AC (DC 12V)<\/li>\n<li>Batterie: x 6 batterie AA (alkaline or nickel-metal hydride) (vendute separatamente)<\/li>\n<li>Durata delle batterie: circa 8 h (usando batterie alkaline)<\/li>\n<li><strong>Consumo<\/strong>: 6W<\/li>\n<\/ul>\n<p><strong>Finiture disponibili:<\/strong>\u00a0Matte Silver (argento opaco) &#8211;\u00a0<a href=\"http:\/\/www.algameko.com\/it\/music-workstation\/korg\/i3-mbmusic-workstation\">Matte Black\u00a0<\/a>(<a href=\"https:\/\/www.algameko.com\/it\/music-workstation\/korg\/i3-mbmusic-workstation\">nero<\/a><a href=\"http:\/\/www.algameko.com\/it\/music-workstation\/korg\/i3-mbmusic-workstation\">\u00a0opaco) &#8211; Clicca per maggiori informazioni su questo modello<\/a><\/p>\n<ul>\n<li><strong>Dimensioni\u00a0<\/strong>(W \u00d7 D \u00d7 H): 1,037 mm \u00d7 296 mm \u00d7 80 mm\/40.83\u201d \u00d7 11.65\u201d \u00d7 3.15\u201d<\/li>\n<li><strong>Peso<\/strong>: 4 kg\/8.82 lbs. (escluse batterie)<iframe loading=\"lazy\" title=\"ALLA SCOPERTA DI KORG i3MS MUSIC WORKSTATION\" width=\"1220\" height=\"686\" src=\"https:\/\/www.youtube.com\/embed\/qMmXp2mLpn4?feature=oembed\" frameborder=\"0\" allow=\"accelerometer; autoplay; clipboard-write; encrypted-media; gyroscope; picture-in-picture; web-share\" referrerpolicy=\"strict-origin-when-cross-origin\" allowfullscreen><\/iframe><\/li>\n<\/ul>\n","protected":false},"excerpt":{"rendered":"<p>Music Workstation (no Speaker)-Colore Argento (Silver).<\/p>\n<p>Tastiera 61 tasti con Velocity, Display LCD backlight. 790 suoni, 59 DKits (GM),<\/p>\n<p>200 Sound Sets; polifonia 64 voci. 2 Blocchi FX\u00a0con 173 tipi.<\/p>\n<p>270 Styles 8 Tracks, Sequencer\/Player: file MIDI, Mp3, Wav. Porte USB: A-B.<\/p>\n","protected":false},"featured_media":1316,"template":"","meta":[],"product_brand":[],"product_cat":[140],"product_tag":[],"class_list":{"0":"post-1315","1":"product","2":"type-product","3":"status-publish","4":"has-post-thumbnail","6":"product_cat-tastiere-e-synth","8":"first","9":"instock","10":"shipping-taxable","11":"product-type-simple"},"_links":{"self":[{"href":"https:\/\/musicaliborgna.com\/index.php?rest_route=\/wp\/v2\/product\/1315","targetHints":{"allow":["GET"]}}],"collection":[{"href":"https:\/\/musicaliborgna.com\/index.php?rest_route=\/wp\/v2\/product"}],"about":[{"href":"https:\/\/musicaliborgna.com\/index.php?rest_route=\/wp\/v2\/types\/product"}],"wp:featuredmedia":[{"embeddable":true,"href":"https:\/\/musicaliborgna.com\/index.php?rest_route=\/wp\/v2\/media\/1316"}],"wp:attachment":[{"href":"https:\/\/musicaliborgna.com\/index.php?rest_route=%2Fwp%2Fv2%2Fmedia&parent=1315"}],"wp:term":[{"taxonomy":"product_brand","embeddable":true,"href":"https:\/\/musicaliborgna.com\/index.php?rest_route=%2Fwp%2Fv2%2Fproduct_brand&post=1315"},{"taxonomy":"product_cat","embeddable":true,"href":"https:\/\/musicaliborgna.com\/index.php?rest_route=%2Fwp%2Fv2%2Fproduct_cat&post=1315"},{"taxonomy":"product_tag","embeddable":true,"href":"https:\/\/musicaliborgna.com\/index.php?rest_route=%2Fwp%2Fv2%2Fproduct_tag&post=1315"}],"curies":[{"name":"wp","href":"https:\/\/api.w.org\/{rel}","templated":true}]}}