{"id":1336,"date":"2024-04-13T09:32:59","date_gmt":"2024-04-13T09:32:59","guid":{"rendered":"https:\/\/musicaliborgna.com\/?post_type=product&#038;p=1336"},"modified":"2024-04-13T09:33:00","modified_gmt":"2024-04-13T09:33:00","slug":"sml-paris-vsm-tp500s-tromba-in-si-b-debutant","status":"publish","type":"product","link":"https:\/\/musicaliborgna.com\/?product=sml-paris-vsm-tp500s-tromba-in-si-b-debutant","title":{"rendered":"SML PARIS &#8211; VSM TP500S TROMBA IN SI B D\u00c9BUTANT"},"content":{"rendered":"<div>\n<h1>La Tromba Sib TP500 di SML, appartenente alla serie D\u00e9butant, offre un suono magnifico grazie al suo bocchino in rame rosa e si distingue per la sua solidit\u00e0 grazie alla doppia intercapedine sulla coulisse dell&#8217;accordatura principale.<\/h1>\n<p>Imparare a suonare uno strumento musicale \u00e8 un processo che richiede tempo, e possedere attrezzature di qualit\u00e0 fin dall&#8217;inizio \u00e8 essenziale per garantire un apprendimento rapido e duraturo. La Tromba TP500 di SML Paris \u00e8 lo strumento ideale per gli appassionati principianti che desiderano iniziare con stile, e ci sono buoni motivi per questo.<\/p>\n<p>Per garantire la massima soddisfazione non appena apri la custodia, tutte le trombe SML Paris vengono attentamente controllate e regolate in laboratorio, pronte per essere suonate appena ricevute. Sebbene alcuni aggiustamenti di comfort possano essere effettuati dal tuo negozio di musica locale, non \u00e8 assolutamente necessario affidare la tua tromba a esperti prima di iniziare a suonare.<\/p>\n<h2><strong>Caratteristiche Tecniche della tromba in Sib TP500 di SML<\/strong><\/h2>\n<\/div>\n<div>\n<p><strong>Diametro del Padiglione:<\/strong>\u00a0123 mm<\/p>\n<p><strong>Materiale del Corpo:<\/strong>\u00a0\u00a0\u00a0\u00a0\u00a0\u00a0\u00a0 Ottone verniciato<\/p>\n<p><strong>Materiale del Padiglione:\u00a0\u00a0\u00a0\u00a0\u00a0\u00a0\u00a0\u00a0\u00a0\u00a0\u00a0<\/strong>Ottone placcato argento<\/p>\n<p><strong>Calibro:<\/strong>\u00a0\u00a0\u00a0\u00a0\u00a0\u00a0\u00a0 11,65 mm<\/p>\n<p><strong>Accessori Inclusi:\u00a0\u00a0\u00a0<\/strong>Custodia a zaino con tasca esterna per spartiti, scomparto interno per accessori, bocchino SML Paris, e kit di manutenzione BG.<\/p>\n<p><strong>Tonalit\u00e0:<\/strong>\u00a0\u00a0\u00a0\u00a0\u00a0 Sib<\/p>\n<p><strong>Anello sulla 1a coulisse:\u00a0\u00a0<\/strong>Regolabile<\/p>\n<p><strong>Anello sulla 3a coulisse:\u00a0\u00a0<\/strong>Presente<\/p>\n<p><strong>Bocchino:\u00a0\u00a0\u00a0\u00a0\u00a0<\/strong>Ottone verniciato<\/p>\n<p><strong>Pulsanti dei Pistoni:\u00a0\u00a0\u00a0\u00a0\u00a0\u00a0\u00a0\u00a0\u00a0\u00a0<\/strong>Aspetto madreperlaceo<\/p>\n<p><strong>Materiale dei Pistoni:\u00a0\u00a0\u00a0\u00a0\u00a0\u00a0\u00a0<\/strong>Monel<\/p>\n<p><strong>Numero di Pistoni:<\/strong>\u00a0\u00a0\u00a0\u00a0\u00a0\u00a0\u00a0\u00a0\u00a0\u00a0 3<\/p>\n<p><strong>Pompa dell&#8217;Accordatura:\u00a0<\/strong>Ottone\/maillechort<\/p>\n<p><strong>Tubi Esterni:\u00a0\u00a0\u00a0\u00a0\u00a0\u00a0\u00a0\u00a0\u00a0\u00a0\u00a0\u00a0<\/strong>Argento tedesco<\/p>\n<p><strong>Tubi Interni:<\/strong>\u00a0Argento tedesco cromato<\/p>\n<\/div>\n<div>\n<p>&nbsp;<\/p>\n<p>La Tromba TP500S di SML Paris \u00e8 la scelta ideale per i principianti appassionati che desiderano unire qualit\u00e0, durabilit\u00e0 e facilit\u00e0 d&#8217;uso.<\/p>\n<\/div>\n","protected":false},"excerpt":{"rendered":"<p>La Tromba Sib TP500 di SML, appartenente alla serie D\u00e9butant,<\/p>\n<p>offre un suono magnifico grazie al suo bocchino in rame rosa e si distingue per la sua solidit\u00e0<\/p>\n<p>grazie alla doppia intercapedine sulla coulisse dell&#8217;accordatura principale.<\/p>\n","protected":false},"featured_media":1337,"template":"","meta":[],"product_brand":[],"product_cat":[132],"product_tag":[],"class_list":{"0":"post-1336","1":"product","2":"type-product","3":"status-publish","4":"has-post-thumbnail","6":"product_cat-fiati","8":"first","9":"instock","10":"shipping-taxable","11":"product-type-simple"},"_links":{"self":[{"href":"https:\/\/musicaliborgna.com\/index.php?rest_route=\/wp\/v2\/product\/1336","targetHints":{"allow":["GET"]}}],"collection":[{"href":"https:\/\/musicaliborgna.com\/index.php?rest_route=\/wp\/v2\/product"}],"about":[{"href":"https:\/\/musicaliborgna.com\/index.php?rest_route=\/wp\/v2\/types\/product"}],"wp:featuredmedia":[{"embeddable":true,"href":"https:\/\/musicaliborgna.com\/index.php?rest_route=\/wp\/v2\/media\/1337"}],"wp:attachment":[{"href":"https:\/\/musicaliborgna.com\/index.php?rest_route=%2Fwp%2Fv2%2Fmedia&parent=1336"}],"wp:term":[{"taxonomy":"product_brand","embeddable":true,"href":"https:\/\/musicaliborgna.com\/index.php?rest_route=%2Fwp%2Fv2%2Fproduct_brand&post=1336"},{"taxonomy":"product_cat","embeddable":true,"href":"https:\/\/musicaliborgna.com\/index.php?rest_route=%2Fwp%2Fv2%2Fproduct_cat&post=1336"},{"taxonomy":"product_tag","embeddable":true,"href":"https:\/\/musicaliborgna.com\/index.php?rest_route=%2Fwp%2Fv2%2Fproduct_tag&post=1336"}],"curies":[{"name":"wp","href":"https:\/\/api.w.org\/{rel}","templated":true}]}}