{"id":1353,"date":"2024-04-13T09:51:13","date_gmt":"2024-04-13T09:51:13","guid":{"rendered":"https:\/\/musicaliborgna.com\/?post_type=product&#038;p=1353"},"modified":"2024-04-13T09:51:13","modified_gmt":"2024-04-13T09:51:13","slug":"flauto-jfl700-c-serie-700","status":"publish","type":"product","link":"https:\/\/musicaliborgna.com\/?product=flauto-jfl700-c-serie-700","title":{"rendered":"Flauto JFL700 C serie 700"},"content":{"rendered":"<ul class=\"info-list\">\n<li id=\"ctl00_ContentPlaceHolder2_liFeatures\">\n<div class=\"info-label\"><strong>CARATTERISTICHE<\/strong><\/div>\n<ul class=\"dot-list\">\n<li><span>Senza sforzo durante il gioco: l&#8217;ampio angolo di riser riduce la resistenza per una risposta immediata<\/span><\/li>\n<li><span>Comfort dell&#8217;imboccatura: la placca per labbra dalla forma speciale fornisce un posizionamento dell&#8217;imboccatura comodo e naturale.<\/span><\/li>\n<li><span>Qualit\u00e0 del tono espressiva e aperta: l&#8217;angolo di riser pi\u00f9 ampio favorisce una risposta rapida con una qualit\u00e0 del tono migliorata<\/span><\/li>\n<\/ul>\n<\/li>\n<li id=\"ctl00_ContentPlaceHolder2_liSpecs\">\n<div class=\"info-label\"><strong>SPECIFICHE<\/strong><\/div>\n<ul class=\"dot-list\">\n<li><span>Tonalit\u00e0: chiave di C<\/span><\/li>\n<li><span>Materiale del corpo: corpo in nichel-argento placcato argento<\/span><\/li>\n<li><span>Testata: testata Genesis placcata in argento<\/span><\/li>\n<li><span>Materiale chiave: chiavi in \u200b\u200bnichel-argento placcato argento<\/span><\/li>\n<li><span>Sistemi chiave: Offset G<\/span><\/li>\n<li><span>Tipo di chiave: chiavi dell&#8217;altopiano<\/span><\/li>\n<li><span>Design a vite regolabile: viti di regolazione nascoste<\/span><\/li>\n<li><span>Giunto del corpo: costruzione a coste<\/span><\/li>\n<li><span>Custodia: MyCase (JFL700A) o custodia e cover francese (JFL700)<\/span><\/li>\n<\/ul>\n<\/li>\n<\/ul>\n","protected":false},"excerpt":{"rendered":"<p>I flauti a testa dritta della serie JFL700 sono realizzati per i principianti.<\/p>\n<p>Il design aggiornato della testata Genesis e della piastra a labbro facilitano il successo iniziale e forniscono un&#8217;esperienza di gioco pi\u00f9 confortevole.<\/p>\n","protected":false},"featured_media":1354,"template":"","meta":[],"product_brand":[],"product_cat":[132],"product_tag":[],"class_list":{"0":"post-1353","1":"product","2":"type-product","3":"status-publish","4":"has-post-thumbnail","6":"product_cat-fiati","8":"first","9":"instock","10":"shipping-taxable","11":"product-type-simple"},"_links":{"self":[{"href":"https:\/\/musicaliborgna.com\/index.php?rest_route=\/wp\/v2\/product\/1353","targetHints":{"allow":["GET"]}}],"collection":[{"href":"https:\/\/musicaliborgna.com\/index.php?rest_route=\/wp\/v2\/product"}],"about":[{"href":"https:\/\/musicaliborgna.com\/index.php?rest_route=\/wp\/v2\/types\/product"}],"wp:featuredmedia":[{"embeddable":true,"href":"https:\/\/musicaliborgna.com\/index.php?rest_route=\/wp\/v2\/media\/1354"}],"wp:attachment":[{"href":"https:\/\/musicaliborgna.com\/index.php?rest_route=%2Fwp%2Fv2%2Fmedia&parent=1353"}],"wp:term":[{"taxonomy":"product_brand","embeddable":true,"href":"https:\/\/musicaliborgna.com\/index.php?rest_route=%2Fwp%2Fv2%2Fproduct_brand&post=1353"},{"taxonomy":"product_cat","embeddable":true,"href":"https:\/\/musicaliborgna.com\/index.php?rest_route=%2Fwp%2Fv2%2Fproduct_cat&post=1353"},{"taxonomy":"product_tag","embeddable":true,"href":"https:\/\/musicaliborgna.com\/index.php?rest_route=%2Fwp%2Fv2%2Fproduct_tag&post=1353"}],"curies":[{"name":"wp","href":"https:\/\/api.w.org\/{rel}","templated":true}]}}