{"id":1355,"date":"2024-04-13T09:53:16","date_gmt":"2024-04-13T09:53:16","guid":{"rendered":"https:\/\/musicaliborgna.com\/?post_type=product&#038;p=1355"},"modified":"2024-04-13T09:53:16","modified_gmt":"2024-04-13T09:53:16","slug":"sassofono-contralto-serie-700-jas700","status":"publish","type":"product","link":"https:\/\/musicaliborgna.com\/?product=sassofono-contralto-serie-700-jas700","title":{"rendered":"Sassofono contralto serie 700 JAS700"},"content":{"rendered":"<ul class=\"info-list\">\n<li id=\"ctl00_ContentPlaceHolder2_liFeatures\">\n<div class=\"info-label\"><strong>CARATTERISTICHE<\/strong><\/div>\n<ul class=\"dot-list\">\n<li><span>Il corpo in ottone laccato \u00e8 disegnato utilizzando una tecnologia all&#8217;avanguardia per garantire uno strumento con la scala e la suonabilit\u00e0 pi\u00f9 accurate<\/span><\/li>\n<li><span>Le chiavi laccate oro sono realizzate in ottone temperato della massima qualit\u00e0 e offrono un&#8217;ottima combinazione di resistenza e bella finitura<\/span><\/li>\n<li><span>I tasti sagomati del tavolo per la mano sinistra con bilanciere in Sib inclinabile offrono una diteggiatura pi\u00f9 confortevole e maggiore agilit\u00e0 per lo studente che avanza<\/span><\/li>\n<\/ul>\n<\/li>\n<li id=\"ctl00_ContentPlaceHolder2_liSpecs\">\n<div class=\"info-label\"><strong>SPECIFICHE<\/strong><\/div>\n<ul class=\"dot-list\">\n<li><span>Tonalit\u00e0: tonalit\u00e0 di Mib<\/span><\/li>\n<li><span>Materiale del corpo: corpo in ottone laccato oro<\/span><\/li>\n<li><span>Manico: manico in ottone laccato oro<\/span><\/li>\n<li><span>Materiale chiave: chiavi in \u200b\u200bottone laccato oro<\/span><\/li>\n<li><span>Tasti ausiliari: tasto ausiliario F# alto<\/span><\/li>\n<li><span>Design ergonomico: tasti regolabili sul palmo (brevettati), poggiapollice in plastica regolabile<\/span><\/li>\n<li><span>Pad: amplificatori di tono in plastica<\/span><\/li>\n<li><span>Materiale molla: molle in acciaio azzurrato<\/span><\/li>\n<li><span>Design della vite regolabile: vite di regolazione della chiave G regolabile (brevetto)<\/span><\/li>\n<li><span>Custodia: MyCase (JAS700A) o custodia morbida per zaino (JAS700Q)<\/span><\/li>\n<\/ul>\n<\/li>\n<\/ul>\n","protected":false},"excerpt":{"rendered":"<p>Il sassofono contralto Jupiter JAS700 \u00e8 uno strumento per principianti con funzionalit\u00e0 avanzate.<\/p>\n<p>\u00c8 costruito per resistere ai rigori della propriet\u00e0 studentesca e ha un suono ricco.<\/p>\n<p>Viene fornito con un bocchino, una legatura ed \u00e8 codificato in Fa# acuto.<\/p>\n","protected":false},"featured_media":1356,"template":"","meta":[],"product_brand":[],"product_cat":[132],"product_tag":[],"class_list":{"0":"post-1355","1":"product","2":"type-product","3":"status-publish","4":"has-post-thumbnail","6":"product_cat-fiati","8":"first","9":"instock","10":"shipping-taxable","11":"product-type-simple"},"_links":{"self":[{"href":"https:\/\/musicaliborgna.com\/index.php?rest_route=\/wp\/v2\/product\/1355","targetHints":{"allow":["GET"]}}],"collection":[{"href":"https:\/\/musicaliborgna.com\/index.php?rest_route=\/wp\/v2\/product"}],"about":[{"href":"https:\/\/musicaliborgna.com\/index.php?rest_route=\/wp\/v2\/types\/product"}],"wp:featuredmedia":[{"embeddable":true,"href":"https:\/\/musicaliborgna.com\/index.php?rest_route=\/wp\/v2\/media\/1356"}],"wp:attachment":[{"href":"https:\/\/musicaliborgna.com\/index.php?rest_route=%2Fwp%2Fv2%2Fmedia&parent=1355"}],"wp:term":[{"taxonomy":"product_brand","embeddable":true,"href":"https:\/\/musicaliborgna.com\/index.php?rest_route=%2Fwp%2Fv2%2Fproduct_brand&post=1355"},{"taxonomy":"product_cat","embeddable":true,"href":"https:\/\/musicaliborgna.com\/index.php?rest_route=%2Fwp%2Fv2%2Fproduct_cat&post=1355"},{"taxonomy":"product_tag","embeddable":true,"href":"https:\/\/musicaliborgna.com\/index.php?rest_route=%2Fwp%2Fv2%2Fproduct_tag&post=1355"}],"curies":[{"name":"wp","href":"https:\/\/api.w.org\/{rel}","templated":true}]}}