{"id":1357,"date":"2024-04-13T09:57:47","date_gmt":"2024-04-13T09:57:47","guid":{"rendered":"https:\/\/musicaliborgna.com\/?post_type=product&#038;p=1357"},"modified":"2024-04-13T09:57:47","modified_gmt":"2024-04-13T09:57:47","slug":"serie-700-600-500-flauti-serie-professionale","status":"publish","type":"product","link":"https:\/\/musicaliborgna.com\/?product=serie-700-600-500-flauti-serie-professionale","title":{"rendered":"Serie 700\/600\/500 Flauti serie Professionale"},"content":{"rendered":"<div id=\"d262313\" class=\"gc h3-image-left\">\n<div class=\"container-fluid\">\n<h3 class=\"heading\">Testata tipo AM<\/h3>\n<div class=\"clearfix\">\n<div class=\"media-box media-image pull-left\"><img loading=\"lazy\" decoding=\"async\" class=\"img-responsive images\" src=\"https:\/\/it.yamaha.com\/it\/files\/A9B19390B05A4282BC2E439A0615ADBA_12083_a989b71646e2156e5ff8a053d8e65b9c.jpg?impolicy=resize&amp;imwid=240&amp;imhei=33\" alt=\"\" width=\"240\" height=\"33\" \/><\/div>\n<p class=\"description\">Basata sul disegno della testate tipo A, fornita con i flauti della serie Handmade, questa testata di tipo AM offre in aggiunta una pi\u00f9 facile risposta ed un eccellente bilanciamento su tutta la gamma dello strumento e, con una resistenza leggermente pi\u00f9 evidente, agevola un\u2019ampia gamma dinamica.<\/p>\n<\/div>\n<\/div>\n<\/div>\n<div id=\"d262314\" class=\"gc h3-image-left\">\n<div class=\"container-fluid\">\n<h3 class=\"heading\">Tamponi Straubinger Phoenix\u2122 (serie 600\/700)<\/h3>\n<div class=\"clearfix\">\n<div class=\"media-box media-image pull-left\"><img loading=\"lazy\" decoding=\"async\" class=\"img-responsive images\" src=\"https:\/\/it.yamaha.com\/it\/files\/9CA46A9DAAFD472E964BC4EB317471AA_12083_f46f8dd798794ac8b5b7636c032079b5.jpg?impolicy=resize&amp;imwid=240&amp;imhei=90\" alt=\"\" width=\"240\" height=\"90\" \/><\/div>\n<p class=\"description\">I tamponi Straubinger Phoenix\u2122 offrono lo stesso concetto dei tamponi Straubinger\u2122 utilizzati sui modelli di flauti Handmade ma hanno un disegno pi\u00f9 adatto per questa serie. I tamponi Phoenix forniscono un tocco pi\u00f9 morbido ma anche una risposta migliore, un\u2019ampia gamma dinamica e la tolleranza alle variazioni ambientali identiche ai tamponi Straubinger\u2122.<\/p>\n<\/div>\n<\/div>\n<\/div>\n<div id=\"d262315\" class=\"gc h3-image-left\">\n<div class=\"container-fluid\">\n<h3 class=\"heading\">Aumentato spessore della parete (serie 600\/700)<\/h3>\n<div class=\"clearfix\">\n<p class=\"description\">Lo spessore della parete \u00e8 stato aumentato da 0,38 mm. a 0,43 mm. per migliorare l\u2019equilibrio tra l\u2019utilizzo della nuova testata AM e i tamponi Straubinger Phoenix\u2122.<\/p>\n<\/div>\n<\/div>\n<\/div>\n<div id=\"d1222810\" class=\"gc h3-image-left\">\n<div class=\"container-fluid\">\n<h3 class=\"heading\">Sistema pinless mano sinistra (solo per i modelli YFL-597(H),697(H),797(H))<\/h3>\n<div class=\"clearfix\">\n<div class=\"media-box media-image pull-left\"><img loading=\"lazy\" decoding=\"async\" class=\"img-responsive images\" src=\"https:\/\/it.yamaha.com\/it\/files\/Pinless_Left-hand_Key_System_6db65944216ef4132be37bc4f9117363.jpg?impolicy=resize&amp;imwid=490&amp;imhei=214\" alt=\"\" width=\"490\" height=\"214\" \/><\/div>\n<p class=\"description\">Utilizza il &#8220;sistema pinless mano sinistra&#8221;, la configurazione ideale per i flauti handmade. Questo sistema migliora il funzionamento della chiave F-F#, e poich\u00e9 non ci sono perni, la manutenzione \u00e8 pi\u00f9 facile.<\/p>\n<\/div>\n<\/div>\n<\/div>\n<div id=\"d262318\" class=\"gc h3-image-left\">\n<div class=\"container-fluid\">\n<h3 class=\"heading\">Braccetti di connessione con termine a goccia<\/h3>\n<div class=\"clearfix\">\n<div class=\"media-box media-image pull-left\"><img loading=\"lazy\" decoding=\"async\" class=\"img-responsive images\" src=\"https:\/\/it.yamaha.com\/it\/files\/95E1C0F7C206494D87900E1F53F60445_12083_fece281301299bd28097d4fc65ae72c5.jpg?impolicy=resize&amp;imwid=240&amp;imhei=146\" alt=\"\" width=\"240\" height=\"146\" \/><\/div>\n<p class=\"description\">Le chiavi del La#, del Fa# e di altri fori non digitalizzati sono dotati di braccia di connessione con termine a goccia. Le ritroviamo anche nei flauti handmade ed il loro raffinato disegno \u00e8 ispirato allo stile tradizionale europeo.<\/p>\n<\/div>\n<\/div>\n<\/div>\n<div id=\"d262317\" class=\"gc h3-image-left\">\n<div class=\"container-fluid\">\n<h3 class=\"heading\">Design delle chiavi<\/h3>\n<div class=\"clearfix\">\n<div class=\"media-box media-image pull-left\"><img loading=\"lazy\" decoding=\"async\" class=\"img-responsive images\" src=\"https:\/\/it.yamaha.com\/it\/files\/F76B82047F034585BB3440D00A0B3A78_12083_46190a7240a95f0f4b5d27db440874ab.jpg?impolicy=resize&amp;imwid=240&amp;imhei=146\" alt=\"\" width=\"240\" height=\"146\" \/>\u00a0<img loading=\"lazy\" decoding=\"async\" class=\"img-responsive images\" src=\"https:\/\/it.yamaha.com\/it\/files\/524A75F9627A4B40A437564B294F1F59_12083_185731fc46ceced40f8f29081334248a.jpg?impolicy=resize&amp;imwid=240&amp;imhei=146\" alt=\"\" width=\"240\" height=\"146\" \/><\/div>\n<p class=\"description\">Le chiavi vengono assemblate a mano e bilanciate in modo meticoloso per garantire un tocco perfetto. La loro forma \u00e8 stata progettata con raffinatezza e sono state posizionate in modo ergonomico in modo da assicurare prestazioni assolutamente eccezionali.<\/p>\n<\/div>\n<\/div>\n<\/div>\n","protected":false},"excerpt":{"rendered":"<p>Questi flauti, meticolosamente regolati a mano e testati da esperti artigiani,<\/p>\n<p>sono pi\u00f9 di una versione economica dei nostri flauti professionali.<\/p>\n<p>E\u2019 molto importante per i giovani studenti riuscire a suonare il proprio strumento il pi\u00f9 rapidamente e facilmente possibile:<\/p>\n<p>Questi flauti aiutano i principianti a migliorare rapidamente e ai suonatori pi\u00f9 esperti offrono una risposta e una qualit\u00e0 tonale eccellenti.<\/p>\n","protected":false},"featured_media":1358,"template":"","meta":[],"product_brand":[],"product_cat":[132],"product_tag":[],"class_list":{"0":"post-1357","1":"product","2":"type-product","3":"status-publish","4":"has-post-thumbnail","6":"product_cat-fiati","8":"first","9":"instock","10":"shipping-taxable","11":"product-type-simple"},"_links":{"self":[{"href":"https:\/\/musicaliborgna.com\/index.php?rest_route=\/wp\/v2\/product\/1357","targetHints":{"allow":["GET"]}}],"collection":[{"href":"https:\/\/musicaliborgna.com\/index.php?rest_route=\/wp\/v2\/product"}],"about":[{"href":"https:\/\/musicaliborgna.com\/index.php?rest_route=\/wp\/v2\/types\/product"}],"wp:featuredmedia":[{"embeddable":true,"href":"https:\/\/musicaliborgna.com\/index.php?rest_route=\/wp\/v2\/media\/1358"}],"wp:attachment":[{"href":"https:\/\/musicaliborgna.com\/index.php?rest_route=%2Fwp%2Fv2%2Fmedia&parent=1357"}],"wp:term":[{"taxonomy":"product_brand","embeddable":true,"href":"https:\/\/musicaliborgna.com\/index.php?rest_route=%2Fwp%2Fv2%2Fproduct_brand&post=1357"},{"taxonomy":"product_cat","embeddable":true,"href":"https:\/\/musicaliborgna.com\/index.php?rest_route=%2Fwp%2Fv2%2Fproduct_cat&post=1357"},{"taxonomy":"product_tag","embeddable":true,"href":"https:\/\/musicaliborgna.com\/index.php?rest_route=%2Fwp%2Fv2%2Fproduct_tag&post=1357"}],"curies":[{"name":"wp","href":"https:\/\/api.w.org\/{rel}","templated":true}]}}