{"id":1371,"date":"2024-04-13T10:19:19","date_gmt":"2024-04-13T10:19:19","guid":{"rendered":"https:\/\/musicaliborgna.com\/?post_type=product&#038;p=1371"},"modified":"2024-05-02T09:05:02","modified_gmt":"2024-05-02T09:05:02","slug":"1371","status":"publish","type":"product","link":"https:\/\/musicaliborgna.com\/?product=1371","title":{"rendered":"YAMAHA FLAUTO DOLCE"},"content":{"rendered":"<div id=\"d442725\" class=\"gc h3-image-left\">\n<div class=\"container-fluid\">\n<h3 class=\"heading\">Yamaha fornisce prodotti sicuri e affidabili<\/h3>\n<div class=\"clearfix\">\n<p class=\"description\">Dalla selezione delle materie prime ai processi di produzione, prestiamo la massima attenzione nel produrre i flauti dolci Yamaha in modo che siano sicuri e affidabili.<\/p>\n<\/div>\n<\/div>\n<\/div>\n<div id=\"d1322181\" class=\"custom-image-left\">\n<div class=\"container-fluid\">\n<div class=\"clearfix\">\n<div class=\"media-box media-image pull-left\"><img loading=\"lazy\" decoding=\"async\" class=\"img-responsive\" src=\"https:\/\/it.yamaha.com\/it\/files\/feature_01_afd83cae40c57c027ea884d2a5f4177c.jpg?impolicy=resize&amp;imwid=240&amp;imhei=158\" alt=\"\" width=\"240\" height=\"158\" \/><\/div>\n<div class=\"text-box\">\n<h3 class=\"hidden-xs\">Materie prime conformi agli standard internazionali di sicurezza (Febbraio 2020)<\/h3>\n<p>La resina ABS utilizzata per realizzare alcuni corpi dei flauti dolci pu\u00f2 contenere piombo, ftalati e altri materiali tossici. La resina utilizzata da Yamaha \u00e8 prodotta con materiali atossici che rispettano gli standard di sicurezza internazionali.<\/p>\n<p>\u2022 Giappone, Food Safety &amp; Sanitation Law.<\/p>\n<p>\u2022 Europa \u2013 REACH (Registration, Evaluation, Authorization and Restriction of Chemicals).<\/p>\n<p>\u2022 Nord America, CPSIA (Consumer Product Safety Improvement Act).<\/p>\n<\/div>\n<\/div>\n<\/div>\n<\/div>\n<div id=\"d1322182\" class=\"custom-image-left\">\n<div class=\"container-fluid\">\n<div class=\"clearfix\">\n<div class=\"media-box media-image pull-left\"><img loading=\"lazy\" decoding=\"async\" class=\"img-responsive\" src=\"https:\/\/it.yamaha.com\/it\/files\/feature_03_11531ef767233e419df5e39f62975741.jpg?impolicy=resize&amp;imwid=240&amp;imhei=158\" alt=\"\" width=\"240\" height=\"158\" \/><\/div>\n<div class=\"text-box\">\n<h3 class=\"hidden-xs\">Assemblaggio sicuro<\/h3>\n<p>I componenti dei flauti dolci Yamaha sono assemblati, ove possibile, senza l&#8217;uso di colle. I recorders Yamaha YRS-2X e YRA-2X soprano e contralto, sono interamente assemblati utilizzando componenti a pressione, mentre per altri modelli si utilizza la saldatura ad ultrasuoni per alcuni componenti.<\/p>\n<p>* Una colla, realizzata con materiali riciclati e che non contiene ftalati, viene utilizzata per alcuni componenti che non possono essere assemblati con la saldatura ad ultrasuoni nei flauti dolci tenore e basso.<\/p>\n<\/div>\n<\/div>\n<\/div>\n<\/div>\n<div id=\"d1322183\" class=\"custom-image-left\">\n<div class=\"container-fluid\">\n<div class=\"clearfix\">\n<div class=\"media-box media-image pull-left\"><img loading=\"lazy\" decoding=\"async\" class=\"img-responsive\" src=\"https:\/\/it.yamaha.com\/it\/files\/feature_02_ff996fafbf9090fd3819c042fc761307.jpg?impolicy=resize&amp;imwid=240&amp;imhei=158\" alt=\"\" width=\"240\" height=\"158\" \/><\/div>\n<div class=\"text-box\">\n<h3 class=\"hidden-xs\">Certificazione di qualit\u00e0 standard ISO9001<\/h3>\n<p>Il sistema di certificazione di qualit\u00e0 Yamaha \u00e8 conforme allo standard internazionale ISO9001 ed \u00e8 certificato da DNV (Det Norske Veritas), un organismo accreditato a livello internazionale con sede in Norvegia. Lo stesso sistema di certificazione si applica a tutti gli stabilimenti di produzione Yamaha in tutto il mondo, garantendo in questo modo, che ogni prodotto fornito sia conforme ai pi\u00f9 elevati standard di qualit\u00e0.<\/p>\n<\/div>\n<\/div>\n<\/div>\n<\/div>\n<div id=\"d442722\" class=\"gc h3-image-bottom\">\n<div class=\"container-fluid\">\n<h3 class=\"heading\">Astucci in cotone<\/h3>\n<p class=\"description\">Gli astucci dei recorders Yamaha sono realizzati in cotone naturale ecologico.<\/p>\n<div class=\"media-box media-image bottom\"><img loading=\"lazy\" decoding=\"async\" class=\"img-responsive images\" src=\"https:\/\/it.yamaha.com\/it\/files\/C529D4ADAAAD4CDF8A4E54C65631EA0C_12083_81caf43f0919842c440c55536a824764.jpg?impolicy=resize&amp;imwid=240&amp;imhei=74\" alt=\"\" width=\"240\" height=\"74\" \/>\u00a0<img loading=\"lazy\" decoding=\"async\" class=\"img-responsive images\" src=\"https:\/\/it.yamaha.com\/it\/files\/BEE5D6E6B0884BDA87D608AFBC2090BE_12083_eb437bae0882617175d6fab56f2a0d0f.jpg?impolicy=resize&amp;imwid=240&amp;imhei=68\" alt=\"\" width=\"240\" height=\"68\" \/><\/div>\n<\/div>\n<\/div>\n<div id=\"d442723\" class=\"gc h3-image-left\">\n<div class=\"container-fluid\">\n<h3 class=\"heading\">Sistema di diteggiatura<\/h3>\n<div class=\"clearfix\">\n<div class=\"media-box media-image pull-left\"><img loading=\"lazy\" decoding=\"async\" class=\"img-responsive images\" src=\"https:\/\/it.yamaha.com\/it\/files\/632F80CD9F4243088EC1905FDFD4BD94_12083_436e40ba989ab8b7cdb3764ebbfb719b.jpg?impolicy=resize&amp;imwid=240&amp;imhei=228\" alt=\"\" width=\"240\" height=\"228\" \/><\/div>\n<p class=\"description\">Yamaha offre, su molti modelli, la scelta tra diteggiatura tedesca (sinistra) o barocca (destra) per soddisfare le preferenze e tradizioni locali.<\/p>\n<\/div>\n<\/div>\n<\/div>\n<div id=\"d442724\" class=\"gc h3-image-bottom\">\n<div class=\"container-fluid\">\n<h3 class=\"heading\">Tipi di canale di insufflazione.<\/h3>\n<p class=\"description\">Ci sono due differenti tipi di canale di insufflazione.<\/p>\n<p class=\"description\">&#8211; A sinistra. Facile da suonare, con timbriche morbide e pure. Ideale per i principianti.<\/p>\n<p class=\"description\">&#8211; A destra. Tipico dei flauti di stile barocco\/antico, questo tipo di taglio del canale di insufflazione presenta una lieve resistenza per un migliore controllo dell\u2019emissione del fiato. In questo modo si offrono migliori possibilit\u00e0 espressive e proiezione del suono.<\/p>\n<div class=\"media-box media-image bottom\"><img loading=\"lazy\" decoding=\"async\" class=\"img-responsive images\" src=\"https:\/\/it.yamaha.com\/it\/files\/6E818F0A72E24C15817887B124831FDA_12083_0d5ff33a8d7818177a7f364a92fa7bee.jpg?impolicy=resize&amp;imwid=140&amp;imhei=50\" alt=\"\" width=\"140\" height=\"50\" \/>\u00a0<img loading=\"lazy\" decoding=\"async\" class=\"img-responsive images\" src=\"https:\/\/it.yamaha.com\/it\/files\/6C80526772F846549FFD46F8623658E4_12083_ee70b4bc56d26a787ba60a24001d085d.jpg?impolicy=resize&amp;imwid=140&amp;imhei=50\" alt=\"\" width=\"140\" height=\"50\" \/><\/div>\n<\/div>\n<\/div>\n<div id=\"d442720\" class=\"gc h3-image-left\">\n<div class=\"container-fluid\">\n<h3 class=\"heading\">Serie 20 e 30 (YRS-23\/24\/31\/32B)<\/h3>\n<div class=\"clearfix\">\n<p class=\"description\">Le serie di flauti 20 e 30 sono state progettate per offrire un&#8217;ottima base di partenza nell&#8217;educazione musicale. Offrono una quantit\u00e0 di resistenza d&#8217;aria ideale per un facile controllo e sono dotati di una precisione nell&#8217;intonazione che ci si aspetterebbe di trovare nei modelli pi\u00f9 costosi. Anche se tutti i flauti in plastica sembrano uguali, i flauti Yamaha in ABS sono strumenti di qualit\u00e0 superiore. I modelli sono disponibili con il sistema di diteggiatura tedesca o barocca. I flauti della serie 20 sono facili da suonare in tutte le gamme e sono destinati soprattutto ai principianti. I flauti della serie 30, dotati di un canale d\u2019insufflazione ad arco esclusivo (stile Rottenburg) per un migliore controllo e un&#8217;espressione dei suoni pi\u00f9 accurata, sono destinati a musicisti pi\u00f9 avanzati.<\/p>\n<p class=\"description\">YRS-23\/24B &#8211; Probabilmente il modello pi\u00f9 famoso al mondo, questo flauto \u00e8 facile da suonare e ha un suono chiaro e morbido. \u00c8 ideale per l&#8217;uso nelle scuole.<\/p>\n<p class=\"description\">YRS-31\/32B &#8211; Il corpo di questi flauti ha le stesse caratteristiche interne dei modelli in legno. Sono dotati di un canale di insufflazione ad arco per un suono pi\u00f9 espressivo che li rende ideali per l&#8217;uso in ensemble o in performance da solista.<\/p>\n<\/div>\n<\/div>\n<\/div>\n","protected":false},"excerpt":{"rendered":"<p>I flauti dolci in resina ABS sono resistenti e di facile manutenzione,<\/p>\n<p>pur fornendo un suono simile a quello del legno naturale.<\/p>\n<p>Molte scuole di tutto il mondo prediligono i flauti Yamaha per la loro intonazione precisa,<\/p>\n<p>facile suonabilit\u00e0 e un suono ricco ed espressivo.<\/p>\n","protected":false},"featured_media":1372,"template":"","meta":[],"product_brand":[],"product_cat":[132],"product_tag":[],"class_list":{"0":"post-1371","1":"product","2":"type-product","3":"status-publish","4":"has-post-thumbnail","6":"product_cat-fiati","8":"first","9":"instock","10":"shipping-taxable","11":"product-type-simple"},"_links":{"self":[{"href":"https:\/\/musicaliborgna.com\/index.php?rest_route=\/wp\/v2\/product\/1371","targetHints":{"allow":["GET"]}}],"collection":[{"href":"https:\/\/musicaliborgna.com\/index.php?rest_route=\/wp\/v2\/product"}],"about":[{"href":"https:\/\/musicaliborgna.com\/index.php?rest_route=\/wp\/v2\/types\/product"}],"wp:featuredmedia":[{"embeddable":true,"href":"https:\/\/musicaliborgna.com\/index.php?rest_route=\/wp\/v2\/media\/1372"}],"wp:attachment":[{"href":"https:\/\/musicaliborgna.com\/index.php?rest_route=%2Fwp%2Fv2%2Fmedia&parent=1371"}],"wp:term":[{"taxonomy":"product_brand","embeddable":true,"href":"https:\/\/musicaliborgna.com\/index.php?rest_route=%2Fwp%2Fv2%2Fproduct_brand&post=1371"},{"taxonomy":"product_cat","embeddable":true,"href":"https:\/\/musicaliborgna.com\/index.php?rest_route=%2Fwp%2Fv2%2Fproduct_cat&post=1371"},{"taxonomy":"product_tag","embeddable":true,"href":"https:\/\/musicaliborgna.com\/index.php?rest_route=%2Fwp%2Fv2%2Fproduct_tag&post=1371"}],"curies":[{"name":"wp","href":"https:\/\/api.w.org\/{rel}","templated":true}]}}