{"id":1375,"date":"2024-04-16T07:09:05","date_gmt":"2024-04-16T07:09:05","guid":{"rendered":"https:\/\/musicaliborgna.com\/?post_type=product&#038;p=1375"},"modified":"2024-04-16T07:09:05","modified_gmt":"2024-04-16T07:09:05","slug":"linea-professionale-imbottita-1000-per-tastiera","status":"publish","type":"product","link":"https:\/\/musicaliborgna.com\/?product=linea-professionale-imbottita-1000-per-tastiera","title":{"rendered":"Linea professionale imbottita 1000 per TASTIERA"},"content":{"rendered":"<div class=\"product-skills-container\">\n<h3>SKILL<\/h3>\n<div class=\"skill-list\">\n<div class=\"skill-item\"><img decoding=\"async\" src=\"https:\/\/www.stefyline.com\/images\/cache\/data\/prodotti\/skill\/7_tecnologia-ripstop-anti-taglio-60x60.png\" alt=\"Ristop fabric PVC coated anti-theft\" \/>Ristop fabric PVC coated anti-theft<\/div>\n<div class=\"skill-item\"><img decoding=\"async\" src=\"https:\/\/www.stefyline.com\/images\/cache\/data\/prodotti\/skill\/6_tecnologia-air-mesh-60x60.png\" alt=\"Air mesh technology\" \/>Air mesh technology<\/div>\n<div class=\"skill-item\"><img decoding=\"async\" src=\"https:\/\/www.stefyline.com\/images\/cache\/data\/prodotti\/skill\/9_bande-rinforzate-60x60.png\" alt=\"Reinforced inner band\" \/>Reinforced inner band<\/div>\n<div class=\"skill-item\"><img decoding=\"async\" src=\"https:\/\/www.stefyline.com\/images\/cache\/data\/prodotti\/skill\/8_rivestimento-anti-shock-60x60.png\" alt=\"Anti-shock foam 20 mm\" \/>Anti-shock foam 20 mm<\/div>\n<div class=\"skill-item\"><img decoding=\"async\" src=\"https:\/\/www.stefyline.com\/images\/cache\/data\/prodotti\/skill\/5_idrorepellente-60x60.png\" alt=\"Water repellent external fabric\" \/>Water repellent external fabric<\/div>\n<div class=\"skill-item\"><img decoding=\"async\" src=\"https:\/\/www.stefyline.com\/images\/cache\/data\/prodotti\/skill\/1_peso-ridotto-60x60.png\" alt=\"Light weight (-20%)\" \/>Light weight (-20%)<\/div>\n<div class=\"skill-item\"><img decoding=\"async\" src=\"https:\/\/www.stefyline.com\/images\/cache\/data\/prodotti\/skill\/2_bilanciamento-pesi-60x60.png\" alt=\"Optimal weight balance\" \/>Optimal weight balance<\/div>\n<div class=\"skill-item\"><img decoding=\"async\" src=\"https:\/\/www.stefyline.com\/images\/cache\/data\/prodotti\/skill\/4_due-in-uno-60x60.png\" alt=\"2 in 1 special feature\" \/>2 in 1 special feature<\/div>\n<div class=\"skill-item\"><img decoding=\"async\" src=\"https:\/\/www.stefyline.com\/images\/cache\/data\/prodotti\/skill\/3_adatto-a-volare-60x60.png\" alt=\"On board\" \/>On board<\/div>\n<div class=\"skill-item\"><img decoding=\"async\" src=\"https:\/\/www.stefyline.com\/images\/cache\/data\/prodotti\/skill\/11_tasca-laptop-60x60.png\" alt=\"Padded laptop sleeve\" \/>Padded laptop sleeve<\/div>\n<div class=\"skill-item\"><img decoding=\"async\" src=\"https:\/\/www.stefyline.com\/images\/cache\/data\/prodotti\/skill\/10_tasca-smartphone-60x60.png\" alt=\"Smartphone sleeve\" \/>Smartphone sleeve<\/div>\n<div class=\"skill-item\"><img decoding=\"async\" src=\"https:\/\/www.stefyline.com\/images\/cache\/data\/prodotti\/tastiera\/14_trolley-60x60.png\" alt=\"With trolley\" \/>With trolley<\/div>\n<\/div>\n<\/div>\n<div class=\"product-sheet-container\">\n<h3>SPECIFICHE TECNICHE<\/h3>\n<table class=\"table\">\n<tbody>\n<tr>\n<td>Esterno<\/td>\n<td>Ripstop<\/td>\n<\/tr>\n<tr>\n<td>Interno<\/td>\n<td>AirMesh<\/td>\n<\/tr>\n<tr>\n<td>Imbottitura<\/td>\n<td>Polietilene 20 mm<\/td>\n<\/tr>\n<tr>\n<td>Apertura<\/td>\n<td>Cerniera grande (10 mm)<\/td>\n<\/tr>\n<tr>\n<td>Tracolle<\/td>\n<td>Imbottita<\/td>\n<\/tr>\n<tr>\n<td>N. maniglie<\/td>\n<td>1 (ad incastro)<\/td>\n<\/tr>\n<tr>\n<td>N. tasche<\/td>\n<td>1 (grande)<\/td>\n<\/tr>\n<tr>\n<td>Trolley<\/td>\n<td>Incorporato<\/td>\n<\/tr>\n<\/tbody>\n<\/table>\n<div class=\"product-compatibility-container\">\n<h3>COMPATIBILIT\u00c0 STRUMENTI<\/h3>\n<table class=\"table table-condensed compatibilities\">\n<tbody>\n<tr>\n<td><strong>KB1000_73108<\/strong><\/td>\n<td colspan=\"2\"><strong>108 x 35 x 12 cm<\/strong><\/td>\n<\/tr>\n<tr>\n<td><\/td>\n<td>Nord<\/td>\n<td>Stage4 Comp<\/td>\n<\/tr>\n<tr>\n<td><\/td>\n<td>Nord<\/td>\n<td>Electro6<\/td>\n<\/tr>\n<tr>\n<td><\/td>\n<td>Nord<\/td>\n<td>Stage4<\/td>\n<\/tr>\n<tr>\n<td><\/td>\n<td>Nord<\/td>\n<td>Piano5<\/td>\n<\/tr>\n<tr>\n<td><\/td>\n<td>Nord<\/td>\n<td>Electro6 HP<\/td>\n<\/tr>\n<tr>\n<td><strong>KB1000_76123<\/strong><\/td>\n<td colspan=\"2\"><strong>123 x 38 x 13 cm<\/strong><\/td>\n<\/tr>\n<tr>\n<td><\/td>\n<td>Korg<\/td>\n<td>Pa5X<\/td>\n<\/tr>\n<tr>\n<td><strong>KB1000_76124<\/strong><\/td>\n<td colspan=\"2\"><strong>124 x 46 x 15 cm<\/strong><\/td>\n<\/tr>\n<tr>\n<td><\/td>\n<td>Yamaha<\/td>\n<td>Geneos2<\/td>\n<\/tr>\n<tr>\n<td><strong>KB1000_88127<\/strong><\/td>\n<td colspan=\"2\"><strong>127 x 40 x 15 cm<\/strong><\/td>\n<\/tr>\n<tr>\n<td><\/td>\n<td>Yamaha<\/td>\n<td>MontageM<\/td>\n<\/tr>\n<tr>\n<td><\/td>\n<td>Korg<\/td>\n<td>Pa5X<\/td>\n<\/tr>\n<tr>\n<td><strong>KB1000_88129<\/strong><\/td>\n<td colspan=\"2\"><strong>129 x 40 x 12 cm<\/strong><\/td>\n<\/tr>\n<tr>\n<td><\/td>\n<td>Nord<\/td>\n<td>Stage4<\/td>\n<\/tr>\n<tr>\n<td><\/td>\n<td>Nord<\/td>\n<td>Piano5<\/td>\n<\/tr>\n<tr>\n<td><\/td>\n<td>Roland<\/td>\n<td>Fantom7<\/td>\n<\/tr>\n<tr>\n<td><strong>KB1000_88135<\/strong><\/td>\n<td colspan=\"2\"><strong>135 x 37 x 15 cm<\/strong><\/td>\n<\/tr>\n<tr>\n<td><\/td>\n<td>Kawai<\/td>\n<td>ES520<\/td>\n<\/tr>\n<tr>\n<td><\/td>\n<td>Kawai<\/td>\n<td>ES920<\/td>\n<\/tr>\n<tr>\n<td><strong>KB1000_88142<\/strong><\/td>\n<td colspan=\"2\"><strong>142 x 37 x 14 cm<\/strong><\/td>\n<\/tr>\n<tr>\n<td><\/td>\n<td>Roland<\/td>\n<td>RD-2000<\/td>\n<\/tr>\n<tr>\n<td><strong>KB1000_88145<\/strong><\/td>\n<td colspan=\"2\"><strong>145 x 46 x 17 cm<\/strong><\/td>\n<\/tr>\n<tr>\n<td><\/td>\n<td>Roland<\/td>\n<td>Fantom8<\/td>\n<\/tr>\n<tr>\n<td><\/td>\n<td>Yamaha<\/td>\n<td>MontageM<\/td>\n<\/tr>\n<\/tbody>\n<\/table>\n<\/div>\n<\/div>\n","protected":false},"excerpt":{"rendered":"<p>La custodia per tastiere serie\u00a0<strong>1000<\/strong>\u00a0\u00e8 professionalit\u00e0, originalit\u00e0 e forza.<\/p>\n<p>Una nuova tecnologia crea un ibrido che fonde artigianalit\u00e0 ed innovazione<\/p>\n<p>con un\u00a0<strong>design raffinato\u00a0<\/strong>e grintoso ed un&#8217;<strong>eccellenza costruttiva<\/strong>:<\/p>\n<p>tessuto esterno in\u00a0<strong>Ripstop<\/strong>\u00a0e imbottiture speciali capaci di resistere agli shock,<\/p>\n<p>nonostante il suo\u00a0<strong>profilo<\/strong>\u00a0davvero\u00a0<strong>sottile e compatto.<\/strong><\/p>\n<p>Questo gioiello<strong>\u00a0<\/strong>promette presenza, resistenza ed un forte impatto estetico, in ogni contesto<\/p>\n","protected":false},"featured_media":1376,"template":"","meta":[],"product_brand":[],"product_cat":[152],"product_tag":[],"class_list":{"0":"post-1375","1":"product","2":"type-product","3":"status-publish","4":"has-post-thumbnail","6":"product_cat-custodie_e_borse","8":"first","9":"instock","10":"shipping-taxable","11":"product-type-simple"},"_links":{"self":[{"href":"https:\/\/musicaliborgna.com\/index.php?rest_route=\/wp\/v2\/product\/1375","targetHints":{"allow":["GET"]}}],"collection":[{"href":"https:\/\/musicaliborgna.com\/index.php?rest_route=\/wp\/v2\/product"}],"about":[{"href":"https:\/\/musicaliborgna.com\/index.php?rest_route=\/wp\/v2\/types\/product"}],"wp:featuredmedia":[{"embeddable":true,"href":"https:\/\/musicaliborgna.com\/index.php?rest_route=\/wp\/v2\/media\/1376"}],"wp:attachment":[{"href":"https:\/\/musicaliborgna.com\/index.php?rest_route=%2Fwp%2Fv2%2Fmedia&parent=1375"}],"wp:term":[{"taxonomy":"product_brand","embeddable":true,"href":"https:\/\/musicaliborgna.com\/index.php?rest_route=%2Fwp%2Fv2%2Fproduct_brand&post=1375"},{"taxonomy":"product_cat","embeddable":true,"href":"https:\/\/musicaliborgna.com\/index.php?rest_route=%2Fwp%2Fv2%2Fproduct_cat&post=1375"},{"taxonomy":"product_tag","embeddable":true,"href":"https:\/\/musicaliborgna.com\/index.php?rest_route=%2Fwp%2Fv2%2Fproduct_tag&post=1375"}],"curies":[{"name":"wp","href":"https:\/\/api.w.org\/{rel}","templated":true}]}}