{"id":1421,"date":"2024-04-17T16:57:18","date_gmt":"2024-04-17T16:57:18","guid":{"rendered":"https:\/\/musicaliborgna.com\/?post_type=product&#038;p=1421"},"modified":"2024-04-17T16:57:18","modified_gmt":"2024-04-17T16:57:18","slug":"studiologic-numa-x-piano-gt","status":"publish","type":"product","link":"https:\/\/musicaliborgna.com\/?product=studiologic-numa-x-piano-gt","title":{"rendered":"STUDIOLOGIC &#8211; NUMA X PIANO GT"},"content":{"rendered":"<h1><strong>STUDIOLOGIC Numa X Piano\u00a0<\/strong><strong>GT<\/strong>\u00a0\u00e8\u00a0un\u00a0<strong>Piano digitale Stage<\/strong>\u00a0basato su un evoluto motore sonoro multi-sintesi, integrato con un\u00a0<strong>MIDI Controller 4 Zone<\/strong>,\u00a0<strong>Mixer Digitale<\/strong>\u00a04 canali e interfaccia\u00a0<strong>Audio\/USB<\/strong>. Adotta una nuova\u00a0<strong>tastiera pesata<\/strong>\u00a0con\u00a0<strong>88 tasti<\/strong>\u00a0in\u00a0<strong>legno<\/strong>, fornita di<strong>\u00a03 contatti\u00a0<\/strong>per il rilevamento alta risoluzione della dinamica con\u00a0<strong>scappamento\u00a0<\/strong>e\u00a0<strong>Aftertouch. Numa X Piano\u00a0<\/strong><strong>GT<\/strong>\u00a0\u00e8 gestito da\u00a0<strong>UXLogic\u00a0<\/strong>un\u2019innovativa interfaccia utente rapida ed intuitiva.<\/h1>\n<h2><strong>Numa X Piano GT Caratteristiche principali<\/strong><\/h2>\n<ul>\n<li>Piano forti acustici realizzati con avanzata tecnologia\u00a0<strong>TRS\u00a0<\/strong>e interpolazione spettrale ad alta risoluzione<\/li>\n<li>Piani elettrici a modellazione fisica: timbri vintage, elettrici e ibridi<\/li>\n<li>Tastiere Hi-end Fatar Hammer Action:\u00a0<strong>FATAR Hammer Action in legno TP\/400 Wood (tasti in legno)<\/strong><\/li>\n<li>Interfaccia utente\u00a0<strong>UX Logic<\/strong>\u00a0con controlli adattivi di colore<\/li>\n<li>4 zone assegnabili a suoni interni o MIDI esterni<\/li>\n<li><strong>MIXER\u00a0<\/strong>con 4 ingressi audio Mic\/line con EQ ed effetti dedicati<\/li>\n<li>Funzione\u00a0<strong>ZOOM\u00a0<\/strong>per modificare rapidamente i parametri della zona<\/li>\n<li>Memorie per i suoni preferiti<\/li>\n<li>EQ globale: bassi, medi, alti<\/li>\n<li>Oltre 200 suoni di fabbrica su 8 banchi<\/li>\n<li>Controlli specifici per ogni suono attivabili con la funzione ZOOM<\/li>\n<li>Effetti: Insert FX1, Insert FX2, Master Delay, Master Reverb<\/li>\n<li>Trasmissione Audio via USB<\/li>\n<li>2 Pitch\/Modulation Stick programmabili<\/li>\n<\/ul>\n<p><img decoding=\"async\" title=\"NUMA X Piano GT possiede l'interfaccia utente XLOGIC basata su codice a colori e controlli fisici\" src=\"https:\/\/www.algameko.com\/images\/uploads\/NumaXGrT_Layout_Slant_04.jpg\" alt=\"NUMA X Piano GT possiede l'interfaccia utente XLOGIC basata su codice a colori e controlli fisici\" \/><\/p>\n<h2><strong>La Generazione Sonora di\u00a0Numa X Piano GT<\/strong><\/h2>\n<p>Il sistema di generazione sonora di\u00a0<strong>Numa X Piano GT\u00a0<\/strong>si basa su avanzate tecniche di:\u00a0<strong>Sampling<\/strong>,\u00a0<strong>Wave Shaping<\/strong>\u00a0e\u00a0<strong>modellazione fisica<\/strong>\u00a0vera e propria. I suoni di Piano acustico sono processati da\u00a0<strong>DSP\u00a0<\/strong>dedicati che riproducono la\u00a0<strong>risonanza simpatetica delle corde (<em>Duplex Resonance<\/em>)<\/strong>, il rumore del rilascio dei tasti (<strong>Key Off<\/strong>) e quello del pedale\u00a0<strong>Damper<\/strong>; a cui si aggiungono\u00a0<strong>8 Insert FX<\/strong>, 2 per ogni Zona, e\u00a0<strong>Master Delay e Reverb<\/strong>\u00a0(con tecnologia FDN). Sono inoltre disponibili specifiche impostazioni di\u00a0<strong>Zoom<\/strong>, che consentono di ottenere una grande variet\u00e0 di timbri modificando semplicemente i parametri di editing pi\u00f9 significativi, con la possibilit\u00e0 di memorizzarli nelle locazioni\u00a0<strong>PROGRAM<\/strong>.<\/p>\n<h2><strong>Numa X Piano GT le funzioni di controllo MIDI Master<\/strong><\/h2>\n<p><strong>Numa X Piano GT<\/strong>\u00a0possiede le avanzate funzioni di controllo della serie SL di STUDIOLOGIC con 4 zone gestibili in Split o Layer, un completo corredo di parametri MIDI programmabili per ogni zona, e controlli fisici come 2 Pitch\/Modulation Stick e Aftertouch che aumentano considerevolmente la versatili\u00e0 e quindi la possibilit\u00e0 di applicazione dello strumento.<\/p>\n<h2><strong>Espandibilit\u00e0 di\u00a0Numa X Piano GT: il Numa Manager<\/strong><\/h2>\n<p>Un&#8217;ampia sezione della memoria di\u00a0<strong>Numa X Piano GT\u00a0<\/strong>\u00a0\u00e8 stata lasciata libera per caricare librerie sonore aggiuntive, che verranno pubblicate sul sito Studiologic; tutti i suoni FACTORY e USER possono essere spostati a piacere, grazie al Software gratuito\u00a0<strong>Numa MANAGER<\/strong>\u00a0che permette anche l&#8217;aggiornamento del\u00a0<strong>Firmware\u00a0<\/strong>l&#8217;organizzazione personale dei Program.<\/p>\n<h2><strong>L&#8217;interfaccia utente di\u00a0Numa X Piano GT<\/strong><\/h2>\n<p>Tutte le funzioni e i parametri di\u00a0<strong>Numa X Piano GT<\/strong>\u00a0sono posti sotto il controllo di una innovativa interfaccia utente adattiva a colori detta:\u00a0<strong>UXLogic.\u00a0<\/strong>Questa si basa su un ampio display retroilluminato ed Encoder rotativi tutti codificati a colori e sempre in sincrono con la zona operativa selezionata. Questo sistema consente sempre l&#8217;accesso chiaro e diretto a tutte le funzioni, con una navigazione fluida tra i parametri. Un&#8217;interfaccia cos\u00ec razionale ha permesso di ottenere un pannello con un layout essenziale con pochi controlli e una grande facilit\u00e0 di utilizzo dello strumento.<\/p>\n<h2><strong>Numa X Piano GT e il raffinato tocco FATAR<\/strong><\/h2>\n<p><strong>Numa X Piano GT\u00a0<\/strong>\u00e8 equipaggiato<strong>\u00a0<\/strong>con la nuova tastiera\u00a0<strong>FATAR Hammer Action in legno TP\/400 Wood\u00a0<\/strong>con\u00a0<strong>3 Contatti, Scappamento e Aftertouch<\/strong>, sono inoltre disponibili\u00a0<strong>4\u00a0Curve di Velocity<\/strong>\u00a0e il controllo della sensibilit\u00e0 e\u00a0<strong>bilanciamento dei tasti bianchi\/neri<\/strong>, funzioni uniche disponibili direttamente\u00a0<em>on board<\/em>\u00a0senza\u00a0software di controllo esterno, con cui adattare lo strumento alle esigenze esecutive personali, anche le pi\u00f9 raffinate.\u00a0<strong>Numa X Piano GT\u00a0<\/strong>\u00e8 caratterizzato da un raffinato Design sottolineato da eleganti fianchi in legno massello, racchiuso in un\u00a0<em>cabinet\u00a0<\/em>metallico solido,\u00a0e robusto a prova di Tour,\u00a0 dotato dell&#8217;innovativo\u00a0sistema a binario magnetico per l\u2019aggancio di vari accessori di prossima presentazione.<\/p>\n<p><img decoding=\"async\" title=\"Un dettaglio laterale di NUMA X PIANO GT con gli eleganti fianchi in legno\" src=\"https:\/\/www.algameko.com\/images\/uploads\/NumaXGrT_Wooden_Side_02.jpg\" alt=\"Un dettaglio laterale di NUMA X PIANO GT con gli eleganti fianchi in legno\" \/><\/p>\n<h2><strong>Mixer digitale integrato in Numa X Piano GT\u00a0<\/strong><\/h2>\n<p><strong>Numa X Piano GT<\/strong>\u00a0include al suo interno anche un Mixer Digitale con\u00a0<strong>4 ingressi audio<\/strong>\u00a0(Mic\/Line), e i tipici controlli:\u00a0<strong>Gain, Bass, Mid e Treble<\/strong>, per collegare e processare con gli effetti sorgenti esterne come: microfoni, bassi, chitarre o altre tastiere. Un device perfettamente integrato con le altre funzioni di\u00a0Numa X Piano GT, che permette al musicista di ridurre la quantit\u00e0 di devices del proprio Set up, guadagnando in praticit\u00e0 e qualit\u00e0.<\/p>\n<h2><strong>Audio via USB di\u00a0Numa X Piano GT\u00a0<\/strong><\/h2>\n<p>La porta USB di\u00a0<strong>Numa X Piano GT<\/strong>\u00a0oltre i dati MIDI trasmette anche Audio in formato digitale verso dispositivi come computer o tablet, con la possibilit\u00e0 quindi di usare il Piano come Scheda Audio, con il controllo diretto dei livelli.<\/p>\n<hr \/>\n<h2><strong>SPECIFICHE TECNICHE Numa X Piano GT<\/strong><\/h2>\n<p><strong>Tastiera<\/strong><\/p>\n<ul>\n<li>88 Tasti,\u00a0<strong>TP\/400 WOOD<\/strong>\u00a0Graded Hammer Action<\/li>\n<li>Rilevamento della dinamica con 3 contatti<\/li>\n<li>Scappamento \u2013 Aftertouch -Superficie del tasto\u00a0<em>Ivory Feel<\/em><\/li>\n<\/ul>\n<p><strong>Controllo Dinamica\u00a0\u00a0\u00a0\u00a0\u00a0\u00a0\u00a0\u00a0\u00a0\u00a0\u00a0\u00a0\u00a0\u00a0\u00a0\u00a0\u00a0\u00a0\u00a0\u00a0\u00a0\u00a0\u00a0\u00a0\u00a0\u00a0\u00a0<\/strong><\/p>\n<ul>\n<li><strong>Curve:\u00a0<\/strong>Soft, Medium, Hard, Fixed (<em>programmabili<\/em>)<\/li>\n<li>Controllo della sensibilit\u00e0 della tastiera<\/li>\n<li>Bilanciamento tasti Bianchi\/neri<\/li>\n<\/ul>\n<p><strong>Caratteristiche generali<\/strong><\/p>\n<ul>\n<li>250 User Programs<\/li>\n<li>Funzione Zoom per l\u2019edit veloce dei parametri di Zona<\/li>\n<li>4 Zone assegnabili ai suoni interni o esterni via MIDI<\/li>\n<li>Split\/Key Range per ogni Zona<\/li>\n<li>Tasto Split dedicato<\/li>\n<\/ul>\n<p><strong>Favorites<\/strong><\/p>\n<ul>\n<li><strong>16 Gruppi<\/strong>\u00a0Favorites con 24 Program ognuno<\/li>\n<li>Preview sul display del contenuto dei Favorite<\/li>\n<\/ul>\n<p><strong>Equalizzatore Globale<\/strong><\/p>\n<p>3 Bande: Bass, Mid, Treble; con selezione della frequenza delle medie<\/p>\n<p><strong>Generazione sonora<\/strong><\/p>\n<ul>\n<li>8 Sound Banks con pi\u00f9 di\u00a0<strong>200 suoni Factory<\/strong><\/li>\n<li>Polifonia 300 Voci Max.<\/li>\n<li>Nuove librerie sonore installabili con il Software\u00a0<strong>Numa Manager<\/strong><\/li>\n<\/ul>\n<p><strong>Piani Acustici<\/strong><\/p>\n<ul>\n<li>Acoustic Modeling Technology<\/li>\n<li>Release samples, Damper e Key-off noises<\/li>\n<\/ul>\n<p><strong>Controlli Zoom<\/strong><\/p>\n<ul>\n<li>Tone, Strings Resonance, Duplex, Damper Noise<\/li>\n<\/ul>\n<p><strong>Piani elettrici<\/strong><\/p>\n<ul>\n<li>Electric Modeling Technology: Physical Modeling per i piani Vintage Electric e Hybrids<\/li>\n<\/ul>\n<p><strong>Controlli Zoom<\/strong><\/p>\n<ul>\n<li>Hammer, Offset, Tine, Damper Noise<\/li>\n<\/ul>\n<p><strong>Categorie timbriche<\/strong><\/p>\n<ul>\n<li>Keyboards, Bass &amp; Guitars, Organs, Synthesizers, Orchestral, Other<\/li>\n<\/ul>\n<p><strong>Controlli Zoom<\/strong><\/p>\n<ul>\n<li>Filter Cutoff, Resonance, Attack, Release<\/li>\n<\/ul>\n<p><strong>Effetti<\/strong><\/p>\n<ul>\n<li>8 Effetti Insert indipendenti: 2 per ogni Zona<\/li>\n<\/ul>\n<p><strong>FX1<\/strong><\/p>\n<ul>\n<li>Distortion, Overdrive, Auto Wah, Pedal Wah, Auto Pan, Tremolo, Vibrato, Equalizer, Compressor<\/li>\n<\/ul>\n<p><strong>FX2<\/strong><\/p>\n<ul>\n<li>Chorus1, Chorus 2, Flanger 1, Flanger 2, Phaser100, Phaser90, Phaser HMX, Phaser Pad, Rotary, Auto Pan, Tremolo, Vibrato, Equalizer, Compressor<\/li>\n<\/ul>\n<p><strong>Master Delay<\/strong><\/p>\n<ul>\n<li>Delay, Pan Delay<\/li>\n<\/ul>\n<p><strong>Master Reverb<\/strong><\/p>\n<ul>\n<li><strong>FDN<\/strong>\u00a0(Feedback Delay Network) technology: Room 1, Room 2, Hall 1, Hall 2, Cath. 1, Cath. 2, Plate 1, Plate 2, Spring 1, Spring 2<\/li>\n<\/ul>\n<p><strong>Ingressi Audio input \/ Mixer<\/strong><\/p>\n<ul>\n<li>4 Zone Audio Input: Mic\/Line<\/li>\n<\/ul>\n<p><strong>Configurazione<\/strong><\/p>\n<ul>\n<li>4 Mono, 1 Stereo + 2 Mono, 2 Stereo<\/li>\n<\/ul>\n<p><strong>Controlli Zoom\u00a0\u00a0\u00a0\u00a0\u00a0\u00a0\u00a0\u00a0\u00a0\u00a0\u00a0\u00a0\u00a0\u00a0\u00a0\u00a0\u00a0\u00a0\u00a0\u00a0\u00a0\u00a0\u00a0\u00a0\u00a0\u00a0\u00a0\u00a0\u00a0\u00a0\u00a0\u00a0\u00a0\u00a0\u00a0<\/strong><\/p>\n<ul>\n<li>Gain\/Low\/Mid\/Hi per ogni Audio Zone<\/li>\n<\/ul>\n<p><strong>7 Delay FX presets<\/strong><\/p>\n<ul>\n<li>Eko 1, Eko 2, Eko, 3, Eko 4, Paneko 5, Paneko 6, Paneko 7<\/li>\n<\/ul>\n<p><strong>7 Reverb FX presets<\/strong><\/p>\n<ul>\n<li>Club, Lounge, Studio, Vocal, Stage, Bighall, Chorale<\/li>\n<\/ul>\n<p><strong>Controlli\/UI (interfaccia utente)<\/strong><\/p>\n<ul>\n<li>Display a colori 2,8&#8243; (320 x 240)<\/li>\n<li>Master Volume<\/li>\n<li>Encoder di Navigazione<\/li>\n<li>13 Encoders con funzione \u201cpush\u201d<\/li>\n<li>Encoder assegnabili al volume d\u2019ingresso (Audio \/ USB \/Audio + USB)<\/li>\n<li>22 Tasti<\/li>\n<li>2 Sticks Programmabili<\/li>\n<li><em>Stick 1 bidirezionale con molla di ritorno<\/em><\/li>\n<li><em>Stick 2 direzionale senza molla di ritorno<\/em><\/li>\n<\/ul>\n<p><strong>Connessioni<\/strong><\/p>\n<ul>\n<li>Audio OUT: 2x 6,3 mm mono jack (L+R)<\/li>\n<li>Audio IN: 4 x mono jack 6,3 mm<\/li>\n<li>Cuffia: 6,3 mm stereo jack<\/li>\n<li>Pedali: 2 auto switch\/continuo, 1 universale<\/li>\n<\/ul>\n<p><strong>MIDI<\/strong><\/p>\n<ul>\n<li>In\/Out<\/li>\n<\/ul>\n<p><strong>USB<\/strong><\/p>\n<ul>\n<li>Audio In\/Out, MIDI In\/Out, Manager App<\/li>\n<\/ul>\n<p><strong>Alimentazione<\/strong><\/p>\n<ul>\n<li>DC IN: 12V<\/li>\n<\/ul>\n<p><strong>Adattatore<\/strong><\/p>\n<ul>\n<li>Input: 100-240V \/ Output: 12V-2,5A<\/li>\n<\/ul>\n<p><strong>Dimensioni<\/strong><\/p>\n<ul>\n<li>Larghezza: 128,0 cm \/ 50,4&#8243;<\/li>\n<li>Profondit\u00e0: 31 cm \/ 12,2&#8243;<\/li>\n<li>Altezza: 12,3 cm \/ 4,8&#8243;<\/li>\n<\/ul>\n<p><strong>Peso<\/strong><\/p>\n<ul>\n<li>22,0 Kg \/ 48,5 lbs<iframe loading=\"lazy\" title=\"Exploring NUMA X PIANO di STUDIOLOGIC - Le caratteristiche generali\" width=\"1220\" height=\"686\" src=\"https:\/\/www.youtube.com\/embed\/U_Xk2CHe3RE?feature=oembed\" frameborder=\"0\" allow=\"accelerometer; autoplay; clipboard-write; encrypted-media; gyroscope; picture-in-picture; web-share\" referrerpolicy=\"strict-origin-when-cross-origin\" allowfullscreen><\/iframe><\/li>\n<\/ul>\n","protected":false},"excerpt":{"rendered":"<p>Piano Stage:\u00a0Keybed Hammer Action 88 tasti in legno, 3 contatti, scappamento,<\/p>\n<p>Aftertouch. Generazione: Sampling, Wave Shaping, modellazione fisica,<\/p>\n<p>Risonanza Corde, Noise: Key OFF e Damper, 200 Program; 8 Insert FX, 2 x Zona, Delay e Reverb.<\/p>\n<p>MIDI Master 4 Zone Split\/Layer, Mixer Digitale 4 canali Mic\/Linea<\/p>\n","protected":false},"featured_media":1422,"template":"","meta":[],"product_brand":[],"product_cat":[140],"product_tag":[],"class_list":{"0":"post-1421","1":"product","2":"type-product","3":"status-publish","4":"has-post-thumbnail","6":"product_cat-tastiere-e-synth","8":"first","9":"instock","10":"shipping-taxable","11":"product-type-simple"},"_links":{"self":[{"href":"https:\/\/musicaliborgna.com\/index.php?rest_route=\/wp\/v2\/product\/1421","targetHints":{"allow":["GET"]}}],"collection":[{"href":"https:\/\/musicaliborgna.com\/index.php?rest_route=\/wp\/v2\/product"}],"about":[{"href":"https:\/\/musicaliborgna.com\/index.php?rest_route=\/wp\/v2\/types\/product"}],"wp:featuredmedia":[{"embeddable":true,"href":"https:\/\/musicaliborgna.com\/index.php?rest_route=\/wp\/v2\/media\/1422"}],"wp:attachment":[{"href":"https:\/\/musicaliborgna.com\/index.php?rest_route=%2Fwp%2Fv2%2Fmedia&parent=1421"}],"wp:term":[{"taxonomy":"product_brand","embeddable":true,"href":"https:\/\/musicaliborgna.com\/index.php?rest_route=%2Fwp%2Fv2%2Fproduct_brand&post=1421"},{"taxonomy":"product_cat","embeddable":true,"href":"https:\/\/musicaliborgna.com\/index.php?rest_route=%2Fwp%2Fv2%2Fproduct_cat&post=1421"},{"taxonomy":"product_tag","embeddable":true,"href":"https:\/\/musicaliborgna.com\/index.php?rest_route=%2Fwp%2Fv2%2Fproduct_tag&post=1421"}],"curies":[{"name":"wp","href":"https:\/\/api.w.org\/{rel}","templated":true}]}}