{"id":1428,"date":"2024-04-17T17:05:13","date_gmt":"2024-04-17T17:05:13","guid":{"rendered":"https:\/\/musicaliborgna.com\/?post_type=product&#038;p=1428"},"modified":"2024-04-17T17:05:13","modified_gmt":"2024-04-17T17:05:13","slug":"mxr-m309-joshua-ambient-echo","status":"publish","type":"product","link":"https:\/\/musicaliborgna.com\/?product=mxr-m309-joshua-ambient-echo","title":{"rendered":"MXR &#8211; M309 JOSHUA AMBIENT ECHO"},"content":{"rendered":"<h1>L&#8217;<strong>M309 Joshua Ambient Echo<\/strong>\u00a0\u00e8 il pedale effetto di casa\u00a0<strong>MXR<\/strong>\u00a0in grado di riprodurre le atmosfere ambient tipiche degli anni &#8217;60, &#8217;70 e &#8217;80 miscelando due\u00a0<strong>echo<\/strong>\u00a0e una\u00a0<strong>modulazione<\/strong>. Grazie al controllo\u00a0<strong>Division<\/strong>\u00a0\u00e8 possibile selezionare il tempo delle ripetizioni primarie, aggiungendo le secondarie a 1\/4 del tempo con la manopola\u00a0<strong>Echo 2<\/strong>. Il controllo\u00a0<strong>Mod<\/strong>\u00a0regola l&#8217;intensit\u00e0 della modulazione, mentre la manopola\u00a0<strong>Voice<\/strong>\u00a0gestisce il mix delle ottave (-1, +1, +2).<\/h1>\n<h2>PANORAMICA DEL MXR M309 JOSHUA AMBIENT ECHO<\/h2>\n<p>L&#8217;<strong>MXR Joshua Ambient Echo<\/strong>\u00a0\u00e8 costruito su una base di suoni e texture meticolosamente regolati che si combinano per creare le sonorit\u00e0 ricche e atmosferiche e il grande senso dello spazio che sono stati il segno distintivo di innumerevoli brani classici. Il cuore di questo pedale sono le impostazioni del\u00a0<strong>delay<\/strong>, che permettono non solo di regolare il tempo e il numero di ripetizioni (controlli\u00a0<strong>Delay<\/strong>\u00a0e\u00a0<strong>Regen<\/strong>), ma anche il loro rimo. Ruotando il controllo\u00a0<strong>Division<\/strong>, \u00e8 possibile scegliere tra note da 1\/4, note da 1\/8 puntate, note da 1\/8, terzine da 1\/8 e un doppio delay con nota da 1\/8 pi\u00f9 nota da 1\/8 puntata. Premendo il tasto\u00a0<strong>Trails<\/strong>\u00a0il delay continua anche dopo aver disattivato il pedale. Il controllo\u00a0<strong>Echo 2<\/strong>, invece, aggiunge una serie di ripetizioni da 1\/4 che possono essere regolate attraverso le impostazioni avanzate. Per controllare direttamente il tempo del delay \u00e8 possibile collegare un\u00a0<strong>tap tempo<\/strong>\u00a0o un controllo esterno tramite il jack\u00a0<strong>CTR<\/strong>. Tramite controllo esterno \u00e8 possibile massimizzare il feedback per un delay &#8220;congelato&#8221;. La modulazione, regolabile con il controllo\u00a0<strong>Mod<\/strong>, permette di perfezionare le texture dell&#8217;effetto e il controllo\u00a0<strong>Voice<\/strong>\u00a0abbassa il segnale di un&#8217;ottava e lo alza di una e di due ottave, offrendo sonorit\u00e0 simili a un organo. Se le regolazioni di base non sono sufficienti per trovare il proprio suono, le funzioni avanzate permettono di regolare fino a 12 parametri diversi in base al modo in cui i LED lampeggiano al mix del delay secondario.<br \/>\n<img decoding=\"async\" title=\"L'MXR M309 Joshua Ambient Echo \u00e8 un pedale che racchiude due delay e una modulazione, risultando una macchina perfetta per creare atmosfere ambient e tappeti sonori.\" src=\"https:\/\/www.algameko.com\/images\/uploads\/mxr-m309-joshua-ambient-echo.jpg\" alt=\"L'MXR M309 Joshua Ambient Echo \u00e8 un pedale che racchiude due delay e una modulazione, risultando una macchina perfetta per creare atmosfere ambient e tappeti sonori.\" \/><br \/>\nL&#8217;MXR Joshua Ambient Echo non \u00e8 solo un delay, ma un pedale completo per chi ama le sonorit\u00e0 ambient atmosferiche e ricche grazie al mix di due echo, modulazione, pitch e varie modalit\u00e0 avanzate. Uscendo con un cavo TRS \u00e8 possibile utilizzare il pedale in\u00a0<strong>Stereo<\/strong>.<\/p>\n<h2>CONTROLLI DEL MXR M309 JOSHUA AMBIENT ECHO<\/h2>\n<p><strong>Echo 2:<\/strong>\u00a0aggiunge il delay secondario con suddivisioni da 1\/4 rispetto al tempo del delay principale (indicate dal LED blu), indipendentemente dalle impostazioni della manopola Division; le suddivisioni possono essere modificate tramite i controlli avanzati<br \/>\n<strong>Trails:<\/strong>\u00a0attiva\/disattiva la modalit\u00e0 Trails (il LED rosso indica l&#8217;attivazione): quando attiva, spegnendo l&#8217;effetto, il delay non viene interrotto bruscamente ma continua e si estingue gradualmente<br \/>\n<strong>Delay:<\/strong>\u00a0regola il tempo del delay; il decay aumenta automaticamente incrementando il tempo del delay, ma pu\u00f2 essere regolato tramite i controlli avanzati<br \/>\n<strong>Mod:<\/strong>\u00a0regola i parametri rate e depth della modulazione del delay contemporanemanete; possono essere regolati separatamente tramite le impostazioni avanzate<br \/>\n<strong>Voice:<\/strong>\u00a0regola il mix del segnale con un pitch di -1, +1 e +2 ottave polifoniche<br \/>\n<strong>Regen:<\/strong>\u00a0imposta il numero di ripetizioni; impostando la manopola al massimo si ottiene un delay infinito con la qualit\u00e0 del\u00a0suono che degrada nel tempo<br \/>\n<strong>Division:<\/strong>\u00a0seleziona le suddivisioni del delay primario<br \/>\n<strong>Mix:<\/strong>\u00a0gestisce il volume generale dell&#8217;effetto; il range va da effetto spento a un volume dell&#8217;effetto pari a quello del segnale pulito<br \/>\n<strong>CTR:<\/strong>\u00a0permette di collegare un pedale di espressione per controllare le impostazioni o un tap tempo per cambiare il tempo selezionato con la manopola Division<\/p>\n<h2>CONTROLLI AVANZATI DEL MXR M309 JOSHUA AMBIENT ECHO<\/h2>\n<p>Tenendo premuti i tasti\u00a0<strong>2nd Echo<\/strong>\u00a0o\u00a0<strong>Trails<\/strong>\u00a0si accede alla modalit\u00e0 avanzata che cambia la funzionalit\u00e0 dei controlli fisici.<\/p>\n<h3><strong>Premere e tenere premuto il tasto Echo 2<\/strong><\/h3>\n<p><strong>Delay:<\/strong>\u00a0permette di selezionare la modalit\u00e0 di lampeggiamento dei LED che indicano il tempo degli echo. Con la manopola al minimo i LED lampeggeranno in maniera morbida, con la manopola al massimo in maniera pi\u00f9 netta. Il LED principale indica il tempo dell&#8217;echo primario, il LED del pulsante Echo 2 quello del tempo dell&#8217;echo secondario.<br \/>\n<strong>Mod:<\/strong>\u00a0attiva\/disattiva la modalit\u00e0 Symmetrical Regen (il led del pulsante Trails lampeggia in sequenza quando attiva): attiva di default, permette di regolare allo stesso modo il decay dei due echo; per disattivarla, tenendo premuto il tasto Echo 2 e ruotare la manopola Mod in senso antiorario<br \/>\n<strong>Voice:<\/strong>\u00a0attiva\/disattiva la modalit\u00e0 Stereo (i led dei pulsanti lampeggiano in sequenza)<br \/>\n<strong>Regen:<\/strong>\u00a0regola il parametro Regen del secondo Echo in base a come \u00e8 impostato il parametro Regen del delay principale<br \/>\n<strong>Tap:<\/strong>\u00a0permette di utilizzare il tap tempo sul delay secondario<br \/>\n<strong>Mix:<\/strong>\u00a0regola il mix del secondo delay rispetto al mix del delay principale<\/p>\n<h3><strong>Premere e tenere premuto il tasto Trails<\/strong><\/h3>\n<p><strong>Delay:<\/strong>\u00a0attiva\/disattiva il lampeggiamento del led Trails in base al tempo di riferimento (1\/4)<br \/>\n<strong>Mod:<\/strong>\u00a0regola la profondit\u00e0 della modulazione. Attivando questa modalit\u00e0 la sola manopola MOD regola la velocit\u00e0, mentre tenendo premuto il tasto Trails regola la profondit\u00e0. Una volta attivata la modalit\u00e0, il Depth e il Rate della modulazione verranno gestiti separatamente; per ripristinare<br \/>\n<strong>Voice:<\/strong>\u00a0aggiunge un filtro passa bassi regolabile al feedback dei delay. Da un minimo (di fabbrica) di 12 kHz, passando per 2 kHz a met\u00e0 e a 200 Hz con la manopola al massimo.<br \/>\n<strong>Regen:<\/strong>\u00a0regola il decay del riverbero. Di default, la lunghezza del riverbero viene controllata insieme al tempo del delay dalla manopola Delay; tenendo premuto il tasto Trails e ruotando la manopola Regen si regola il tempo del riverbero separatamente<br \/>\n<strong>Division:<\/strong>\u00a0Regola la soglia di compressione, con il punto medio come impostazione predefinita<br \/>\n<strong>Mix:<\/strong>\u00a0Regola il mix del riverbero. Di default il mix del riverbero viene gestito globalmente, insieme al mix del delay, dalla manopola Mix; tenendo premuto il tasto Trails e ruotando la manopola Mix si regola separatamente il mix del riverbero<\/p>\n<h3><strong>Ripristinare le impostazioni<\/strong><\/h3>\n<p>Per ripristinare le impostazioni di default, premere contemporaneamente i tasti ECHO 2 e TRAILS per cinque secondi: il LED principale lampegger\u00e0 a ripristino avvenuto.<\/p>\n<h2>OPERAZIONI AVANZATE DEL MXR M309 JOSHUA AMBIENT ECHO<\/h2>\n<h3><strong>Footswitch: bypass e tap tempo<\/strong><\/h3>\n<p>1. Di default, il footswitch attiva o disattiva il pedale in modalit\u00e0 True Bypass. Quando la modalit\u00e0 Trails \u00e8 attiva, il pedale lavora in Buffered Bypass.<br \/>\n2. Il footswitch pu\u00f2 essere utilizzato come uno switch tap per impostare il tempo dell&#8217;echo principale. Tenere premuto per un secondo per attivare la modalit\u00e0 tap tempo. Lo switch torner\u00e0 alla funzione on\/off dopo 5 secondi dall&#8217;ultimo tap o tenendo nuovamente premuto lo switch per un secondo.<\/p>\n<h3><strong>Utilizzare un pedale di espressione per passare da una configurazione a un&#8217;altra<\/strong><\/h3>\n<p>Un pedale di espressione come il Dunlop DVP5 Volume X\u21228 pu\u00f2 essere utilizzato per passare da una configurazione dei controlli all&#8217;altra. Innanzitutto, impostare lo switch CTR (sul lato sinistro del pedale) sulla posizione TAP\/EXP (sinistra). Quindi, collegare un cavo TRS dal pedale di espressione al jack CTR del Joshua Ambient Echo. Tenere il pedale d&#8217;espressione nella posizione &#8220;punta gi\u00f9&#8221; e regolare le manopole per ottenere la configurazione desiderata. Portare il bilanciere nella posizione &#8220;tallone gi\u00f9&#8221; e regolare con impostazioni diverse. Spostando il bilanciere avanti e indietro si passa da un&#8217;impostazione all&#8217;altra con una transizione morbida.<\/p>\n<h3><strong>Utilizzare un tap tempo esterno per controllare il tempo del delay<\/strong><\/h3>\n<p>Pu\u00f2 essere utilizzato un pedale tap tempo esterno per regolare il tempo degli echo. Per prima cosa, impostare lo switch CTR sulla posizione TAP\/EXP (sinistra), poi collegare un cavo standard mono dall&#8217;output del tap tempo al jack CTR del Joshua Ambient Echo. Mentre il Joshua Ambient Echo \u00e8 acceso, battere il ritmo desiderato sul tap tempo.<\/p>\n<h3><strong>Freeze mode<\/strong><\/h3>\n<p>Se si utilizza uno switch tap tempo esterno come descritto sopra, tenendo premuto lo switch del tap tempo si attiva la modalit\u00e0 Freeze, congelando le linee di echo al massimo feedback impostato e impedendo a qualsiasi nuovo segnale di attivare l&#8217;echo finch\u00e9 non viene rilasciato lo switch.<\/p>\n<h3><strong>Stereo output<\/strong><\/h3>\n<p>Per far operare il pedale in modalit\u00e0 stereo, collegare un cavo TRS splitter a Y dall&#8217;uscita OUTPUT del Joshua Ambient Echo agli ingressi stereo scelti. Tenere premuto il pulsante ECHO 2 e ruotare la manopola VOICE in senso orario per selezionare la modalit\u00e0\u00a0stereo output. I pulsanti ECHO 2 e TRAILS lampeggiano a conferma. Per operare in modalit\u00e0 stereo saranno necessari due amplificatori. Per tornare alla modalit\u00e0 mono output, seguire la stessa procedura e ruotare la manopola VOICE in senso antiorario. Il jack CTR pu\u00f2 essere utilizzato anche come uscita audio per il canale destro. Posizionare lo switch CTR a destra e collegare un cavo per strumento dal jack CTR del Joshua Ambient Echo a un&#8217;uscita separata. Il collegamento ad anello sull&#8217;uscita OUT sar\u00e0 silenziato.<\/p>\n<p><iframe loading=\"lazy\" title=\"MXR Joshua\u00ae Ambient Echo Video Manual\" width=\"1220\" height=\"686\" src=\"https:\/\/www.youtube.com\/embed\/JJXbAuHihTc?feature=oembed\" frameborder=\"0\" allow=\"accelerometer; autoplay; clipboard-write; encrypted-media; gyroscope; picture-in-picture; web-share\" referrerpolicy=\"strict-origin-when-cross-origin\" allowfullscreen><\/iframe><\/p>\n","protected":false},"excerpt":{"rendered":"<p>L&#8217;M309 Joshua Ambient Echo \u00e8 il pedale effetto di casa MXR in grado di riprodurre<\/p>\n<p>le atmosfere ambient tipiche degli anni &#8217;60, &#8217;70 e &#8217;80 miscelando due echo e una modulazione.<\/p>\n","protected":false},"featured_media":1429,"template":"","meta":[],"product_brand":[],"product_cat":[131],"product_tag":[],"class_list":{"0":"post-1428","1":"product","2":"type-product","3":"status-publish","4":"has-post-thumbnail","6":"product_cat-effettistica","8":"first","9":"instock","10":"shipping-taxable","11":"product-type-simple"},"_links":{"self":[{"href":"https:\/\/musicaliborgna.com\/index.php?rest_route=\/wp\/v2\/product\/1428","targetHints":{"allow":["GET"]}}],"collection":[{"href":"https:\/\/musicaliborgna.com\/index.php?rest_route=\/wp\/v2\/product"}],"about":[{"href":"https:\/\/musicaliborgna.com\/index.php?rest_route=\/wp\/v2\/types\/product"}],"wp:featuredmedia":[{"embeddable":true,"href":"https:\/\/musicaliborgna.com\/index.php?rest_route=\/wp\/v2\/media\/1429"}],"wp:attachment":[{"href":"https:\/\/musicaliborgna.com\/index.php?rest_route=%2Fwp%2Fv2%2Fmedia&parent=1428"}],"wp:term":[{"taxonomy":"product_brand","embeddable":true,"href":"https:\/\/musicaliborgna.com\/index.php?rest_route=%2Fwp%2Fv2%2Fproduct_brand&post=1428"},{"taxonomy":"product_cat","embeddable":true,"href":"https:\/\/musicaliborgna.com\/index.php?rest_route=%2Fwp%2Fv2%2Fproduct_cat&post=1428"},{"taxonomy":"product_tag","embeddable":true,"href":"https:\/\/musicaliborgna.com\/index.php?rest_route=%2Fwp%2Fv2%2Fproduct_tag&post=1428"}],"curies":[{"name":"wp","href":"https:\/\/api.w.org\/{rel}","templated":true}]}}