{"id":1503,"date":"2024-04-20T16:44:07","date_gmt":"2024-04-20T16:44:07","guid":{"rendered":"https:\/\/musicaliborgna.com\/?post_type=product&#038;p=1503"},"modified":"2024-04-20T16:44:07","modified_gmt":"2024-04-20T16:44:07","slug":"lemus-life-beige","status":"publish","type":"product","link":"https:\/\/musicaliborgna.com\/?product=lemus-life-beige","title":{"rendered":"LEMUS &#8211; LIFE BEIGE"},"content":{"rendered":"<h1>Dal Brand Danese\u00a0<strong>Lemus\u00a0<\/strong>la prima lampada di design\u00a0con diffusione audio di qualit\u00e0 integrata.\u00a0<strong>Life Beige\u00a0<\/strong>offre nuove possibilit\u00e0 per combinare luce e suono in casa o qualsiasi altro spazio, utilizzando semplicemente un elegante supporto o una presa\u00a0<strong>AC standard<\/strong>.\u00a0<strong>Life Beige\u00a0<\/strong>\u00e8 dotato di speaker interni con\u00a0<strong>20W di potenza<\/strong>, e\u00a0<strong>Bluetooth 4.2<\/strong>\u00a0con funzione\u00a0<strong>MultiConnect<\/strong>, che collega\u00a0insieme tutti i dispositivi necessari, senza riduzione della qualit\u00e0 del suono, e complicate configurazioni del Wi-Fi. Grazie al\u00a0<strong>telecomando in dotazione<\/strong>\u00a0la gestione e il controllo di\u00a0<strong>Life Beige\u00a0<\/strong>possono avvenire comodamente da remoto.<\/h1>\n<h3><strong>Life\u00a0Beige integrazione tra audio e Luce<\/strong><\/h3>\n<p>La musica e la luce creano l&#8217;atmosfera nella vita quotidiana, danno l\u2019energia che pu\u00f2 risollevare anche la giornata pi\u00f9 grigia e noiosa, aumentano la produttivit\u00e0, rilassano e aiutano la concentrazione.\u00a0Life Beige \u00e8 realizzato con materiali di qualit\u00e0 ed il tipico elegante design minimalista danese, che rivoluziona il modo di pensare al suono e alla luce nel proprio spazio abitativo, offrendo la possibilit\u00e0 di arredarlo in modo innovativo.<\/p>\n<p><img decoding=\"async\" title=\"Esempio di arredamento d'interno utilizzando un sistema composto da 2 unit\u00e0 Life Beige installate per sospensione\" src=\"https:\/\/www.algameko.com\/images\/uploads\/\/Lemus_Life_Beige_1200x630_01.jpg\" alt=\"Esempio di arredamento d'interno utilizzando un sistema composto da 2 unit\u00e0 Life Beige installate per sospensione\" \/><\/p>\n<h3><strong>Audio di qualit\u00e0 e semplicit\u00e0 d&#8217;installazione\u00a0<\/strong><\/h3>\n<p><strong>Life Beige\u00a0<\/strong>possiede un sistema integrato con\u00a0<strong>diffusione a 360 gradi<\/strong>\u00a0in grado di riprodurre audio di qualit\u00e0 in modalit\u00e0\u00a0<strong>wireless<\/strong>, senza altoparlanti visibili, configurazioni complesse, e con solo un cavo della lunghezza di un metro.\u00a0<strong>Life\u00a0<\/strong>Beige\u00e8 dotato inoltre dell\u2019esclusivo sistema\u00a0<strong>Multiconnect\u00a0<\/strong>per connette in modalit\u00e0\u00a0<strong>wireless\u00a0<\/strong>pi\u00f9 unit\u00e0\u00a0<strong>Life Beige\u00a0<\/strong>tra loro.<\/p>\n<h3><strong>Multifunzionalit\u00e0 e minimalismo<\/strong><\/h3>\n<p><strong>Lemus Life\u00a0<\/strong>Beige rappresenta la sintesi ideale della multifunzionalit\u00e0, combinata con il gusto per il minimalismo tipicamente nordico, un esempio d\u2019equilibrio tra design e tecnologia.\u00a0Integrare audio e luce in casa non \u00e8 mai stato cos\u00ec semplice senza complessi collegamenti, antiestetici grovigli di cavi ed altri elementi di disturbo. Life Beige pu\u00f2 essere utilizzata in sospensione, connessa a qualsiasi portalampada standard, oppure tramite l&#8217;elegante supporto metallico dedicato in\u00a0<u>nero\u00a0<\/u>o\u00a0<u>ottone\u00a0<\/u>(opzionale), appoggiata a un tavolo o su qualsiasi altra superficie piana.<\/p>\n<p><img decoding=\"async\" title=\"Life Beige in un esempio d'uso come lampada da tavolo usando il supporto opzionale Steel Frame\" src=\"https:\/\/www.algameko.com\/images\/uploads\/\/Lemus_Life_Beige_1200x630_02.jpg\" alt=\"Life Beige in un esempio d'uso come lampada da tavolo usando il supporto opzionale Steel Frame\" \/><\/p>\n<h3><strong>Configurare il sistema Life Beige<\/strong><\/h3>\n<p>La configurazione e la gestione di un sistema\u00a0<strong>Life Beige\u00a0<\/strong>pu\u00f2 avvenire comodamente e con facilit\u00e0 da remoto grazie al\u00a0<strong>telecomando smart<\/strong>\u00a0fornito in dotazione. Operazioni come\u00a0collegare tra loro diverse unit\u00e0, regolarne suono e luce sono veramente alla portata di tutti. Tramite il telecomando\u00a0\u00e8 possibile controllare a distanza altoparlante e lampada in modo differenziato ed indipendente: Lemus Life Beige pu\u00f2 essere usato solo come diffusore audio senza la luce accesa, oppure solo come illuminazione, o ancora con entrambe le funzioni attive.<\/p>\n<p><em><img decoding=\"async\" title=\"Tramite il telecomando\u00a0\u00e8 possibile controllare a distanza altoparlante e lampada in modo differenziato ed indipendente\" src=\"https:\/\/www.algameko.com\/images\/uploads\/\/19800000_04.jpg\" alt=\"Tramite il telecomando\u00a0\u00e8 possibile controllare a distanza altoparlante e lampada in modo differenziato ed indipendente\" \/><\/em><\/p>\n<p><em>Il telecomando Lemus Life Beige \u00e8 fornito in dotazione con la lampada.<\/em><\/p>\n<h3><b>Applicazioni avanzate di Life Beige<\/b><\/h3>\n<p>Le doti di praticit\u00e0 e semplicit\u00e0 di installazione di Life Beige oltre l\u2019ambito dell\u2019arredamento casalingo, lo rendono il prodotto ideale anche per l\u2019utilizzo in applicazioni d\u2019installazione in locali come: Bar, Club, ristoranti, ecc.<\/p>\n<p><img decoding=\"async\" title=\"Lemus Life \u00e8 il prodotto ideale anche per l\u2019utilizzo in applicazioni d\u2019installazione in locali come: Bar, Club, ristoranti, ecc.\" src=\"https:\/\/www.algameko.com\/images\/uploads\/\/Lemus_Life_Bar_1200x630_01.jpg\" alt=\"Lemus Life \u00e8 il prodotto ideale anche per l\u2019utilizzo in applicazioni d\u2019installazione in locali come: Bar, Club, ristoranti, ecc.\" \/><\/p>\n<hr \/>\n<h2><u><strong>Specifiche tecniche\u00a0<\/strong><b>Life Beige<\/b><\/u><\/h2>\n<ul>\n<li>Potenza d\u2019uscita 20 Watt RMS<\/li>\n<li>Speaker 3\u201d Full Range 4ohm<\/li>\n<li>0.75\u201d Tweeter 4ohm<\/li>\n<li>Risposta in Frequenza: 80-20 kHz<\/li>\n<li>Voltaggio AC100-240V\/50-60Hz<\/li>\n<li>Input 1A<\/li>\n<li>Bluetooth 4.2<\/li>\n<li>Sistema MultiConnect (per il collegamento di pi\u00f9 unit\u00e0 Lemus Life)<\/li>\n<li>Distanza massima tra unit\u00e0 Master e Follower: 30m senza ostacoli<\/li>\n<li>Portata massima del Bluetooth: +10m (senza ostacoli)<\/li>\n<li>Dimensioni Bulbo lampada: E27, Max 40 Watt (Bulbo non in dotazione)<\/li>\n<\/ul>\n<p><iframe loading=\"lazy\" title=\"Lemus Life sottotitoli in Italiano\" width=\"1220\" height=\"686\" src=\"https:\/\/www.youtube.com\/embed\/FmSDogzU2DE?feature=oembed\" frameborder=\"0\" allow=\"accelerometer; autoplay; clipboard-write; encrypted-media; gyroscope; picture-in-picture; web-share\" referrerpolicy=\"strict-origin-when-cross-origin\" allowfullscreen><\/iframe><\/p>\n","protected":false},"excerpt":{"rendered":"<p>Life Beige sistema d&#8217;illuminazione e diffusione audio integrati.<\/p>\n<p>Diffusione audio 360 gradi, 20W di potenza, 2 speaker 3&#8221; full range e tweeter 0.75&#8242;.<\/p>\n<p>Multiconnect per collegare pi\u00f9 unit\u00e0 tra loro, montaggio in sospensione o tramite supporto opzionale,<\/p>\n<p>alimentazione da prese AC standard.<\/p>\n","protected":false},"featured_media":1504,"template":"","meta":[],"product_brand":[],"product_cat":[135,137],"product_tag":[],"class_list":{"0":"post-1503","1":"product","2":"type-product","3":"status-publish","4":"has-post-thumbnail","6":"product_cat-luci","7":"product_cat-pro-audio","9":"first","10":"instock","11":"shipping-taxable","12":"product-type-simple"},"_links":{"self":[{"href":"https:\/\/musicaliborgna.com\/index.php?rest_route=\/wp\/v2\/product\/1503","targetHints":{"allow":["GET"]}}],"collection":[{"href":"https:\/\/musicaliborgna.com\/index.php?rest_route=\/wp\/v2\/product"}],"about":[{"href":"https:\/\/musicaliborgna.com\/index.php?rest_route=\/wp\/v2\/types\/product"}],"wp:featuredmedia":[{"embeddable":true,"href":"https:\/\/musicaliborgna.com\/index.php?rest_route=\/wp\/v2\/media\/1504"}],"wp:attachment":[{"href":"https:\/\/musicaliborgna.com\/index.php?rest_route=%2Fwp%2Fv2%2Fmedia&parent=1503"}],"wp:term":[{"taxonomy":"product_brand","embeddable":true,"href":"https:\/\/musicaliborgna.com\/index.php?rest_route=%2Fwp%2Fv2%2Fproduct_brand&post=1503"},{"taxonomy":"product_cat","embeddable":true,"href":"https:\/\/musicaliborgna.com\/index.php?rest_route=%2Fwp%2Fv2%2Fproduct_cat&post=1503"},{"taxonomy":"product_tag","embeddable":true,"href":"https:\/\/musicaliborgna.com\/index.php?rest_route=%2Fwp%2Fv2%2Fproduct_tag&post=1503"}],"curies":[{"name":"wp","href":"https:\/\/api.w.org\/{rel}","templated":true}]}}