{"id":1514,"date":"2024-04-23T14:46:21","date_gmt":"2024-04-23T14:46:21","guid":{"rendered":"https:\/\/musicaliborgna.com\/?post_type=product&#038;p=1514"},"modified":"2024-04-23T14:46:21","modified_gmt":"2024-04-23T14:46:21","slug":"novation-bass-station-ii","status":"publish","type":"product","link":"https:\/\/musicaliborgna.com\/?product=novation-bass-station-ii","title":{"rendered":"NOVATION &#8211; BASS STATION II"},"content":{"rendered":"<h1>Novation\u00a0<strong>BASS STATION II\u00a0<\/strong>\u00e8 un\u00a0<strong>sintetizzatore analogico<\/strong>, monofonico<strong>\u00a0<\/strong>dedicato ai suoni di basso, con tastiera a 25 tasti di dimensioni standard sensibili alla velocity e all\u2019aftertouch. Compatto e portatile, \u00e8 dotato di 2 oscillatori pi\u00f9 un sub-oscillatore, 2 filtri (classic e acid da 24 dB\/ottava), 2 LFO, un arpeggiatore, uno step sequencer con 32 preset ritmici. 64 sono le patch di fabbrica, 64 quelle user.<\/h1>\n<h1><strong>La sintesi sonora di Bass Station II<\/strong><\/h1>\n<p>Grazie ai due oscillatori sincronizzabili ed un terzo in appoggio per le frequenze pi\u00f9 basse, Bass Station II \u00e8 in grado di generare bassi profondi e avvolgenti, oltre a sonorit\u00e0 pi\u00f9 aggressive e grezze. Due sono i tipi di filtro, il classico della Bass Station originale e quello Acid a 24 dB\/ottava, per un\u2019impronta pi\u00f9 scura ed omogenea. 2 LFO e una coppia di inviluppi ADSR arricchiscono le modulazioni possibili in questo synth.<\/p>\n<h2><strong>Controlli a portata di mano<\/strong><\/h2>\n<p><strong>Novation Bass Station II<\/strong>\u00a0offre una serie di controlli predisposti in modo intuitivo sulla plancia che vi permetteranno di esplorare e generare costantemente suoni nuovi. Controlli organizzati nel modo pi\u00f9 chiaro e utile possibile, per rendere il vostro processo di creazione fluido e piacevole.<\/p>\n<h2><strong>Salva e carica i tuoi suoni<\/strong><\/h2>\n<p><strong>Bass Station II<\/strong>\u00a0\u00e8 dotato di 64 preset appositamente progettati per evidenziarne l&#8217;incredibile flessibilit\u00e0 sonora. Dal sito web di Novation hai la possibilit\u00e0 di scaricare nuovi preset creati da svariati artisti, oppure puoi creare suoni da zero e salvarli in uno dei 64 slot dedicati ai preset dell\u2019utente. Una libreria dedicata nel software Components permette la gestione e l\u2019organizzazione delle patch di Bass Station II.<\/p>\n<h2><strong>Arpeggiatore e Step sequencer<\/strong><\/h2>\n<p>Con l&#8217;arpeggiatore e lo step sequencer puoi registrare i pattern in tempo reale e memorizzarli per poterli richiamare e utilizzare con qualsiasi patch. Le sequenze e gli arpeggi si sincronizzano automaticamente con il software o l\u2019hardware MIDI collegato e \u201cclockato\u201d.<\/p>\n<h2><strong>Collegamenti\u00a0<\/strong><\/h2>\n<p>\u00c8 possibile collegare Bass Station II a qualsiasi Mac, PC o alimentatore USB e iniziare a suonare. Dispone anche di In e Out MIDI su porte DIN a 5 pin, per connettersi ad altri strumenti compatibili. Puoi anche collegare all\u2019ingresso audio uno strumento esterno e farlo passare attraverso il filtro analogico e gli effetti interni!<\/p>\n<h2><strong>Software Components\u00a0<\/strong><\/h2>\n<p>Components \u00e8 un hub di gestione dei prodotti Novation, puoi accedere a nuovi sound pack, gestire i contenuti sonori, personalizzare il tuo dispositivo e rimanere aggiornato con il firmware pi\u00f9 recente.<\/p>\n<h2><strong>Inclusi in dotazione con sintetizzatore Novation BASS STATION II<\/strong><\/h2>\n<ul>\n<li>Alimentatore da 9 V DC, 500 mA (PSU)<\/li>\n<li>Cavo USB<\/li>\n<li>Codice per la registrazione<\/li>\n<\/ul>\n<h2><strong>Specifiche tecniche del sintetizzatore Novation \u2013 BASS STATION II<\/strong><\/h2>\n<h3><strong>Connessioni e controlli fisici\u00a0<\/strong><\/h3>\n<ul>\n<li><strong>Connessioni MIDI<\/strong>: Porta USB 2.0 per MIDI e alimentazione, porta MIDI In\/Out da 5 pin DIN<\/li>\n<li><strong>Uscite audio<\/strong>: Uscita jack MONO TRS da 1\/4&#8243;, uscita cuffia jack TRS da 1\/4\u201d<\/li>\n<li><strong>Ingressi audio<\/strong>: Ingresso jack da 1\/4&#8243;<\/li>\n<li>Ingresso jack TRS da 1\/4&#8243; per pedale sustain<\/li>\n<li><strong>Alimentazione<\/strong>: Ingresso alimentazione DC, tasto Off\/DC\/bus<\/li>\n<li><strong>Dimensioni e peso<\/strong>: 457x273x76 mm; 2,5 kg<\/li>\n<li><strong>Controlli fisici<\/strong>: Tastiera a 25 tasti con synth-action, pitch wheel, modulation wheel pu\u00f2 essere assegnata a: LFO 2 alla frequenza del filtro, LFO 1 to Osc pitch, Osc 2 pitch, Pulsante ottava up\/down, aftertouch pu\u00f2 essere assegnato a: filter frequency, LFO 1 to Osc pitch, Osc 2 speed, 64 preset di fabbrica, 64 preset utente, potenziometro volume<\/li>\n<\/ul>\n<h2><strong>Sintesi sonora di NOVATION \u2013 Bass Station II<\/strong><\/h2>\n<ul>\n<li><strong>Oscillatori<\/strong>: Osc 1, Osc 2, Sub Osc (3), Noise generator<\/li>\n<li><strong>Osc 1 e 2 possono selezionare queste forme d\u2019onda<\/strong>: Sine, Triangle, Sawtooth, Square\/variable pulse width<\/li>\n<li><strong>Con funzioni<\/strong>: Sync 1 e 2, detune, valore ottava, pitch bend, pitch modulazione da mod envelope e\/o LFO1, pulse con modulazione da mod envelope e\/o LFO 2<\/li>\n<li><strong>Sub Osc<\/strong>: Sine, Square, Narrow pulse<\/li>\n<li><strong>Con funzioni<\/strong>: All modulation and tuning tracked to Osc 1, selezione indipendente dell\u2019ottava<\/li>\n<li><strong>Mixer<\/strong>: livello Osc 1, livello Osc 2, livello sub osc, livello del noise generator, profondit\u00e0 di modulazione del ring, livello segnale esterno<\/li>\n<li><strong>Filtro<\/strong>: Acid (progettazione del filtro a diodi ladder), Classic (derivato dalla Bass Station originale)<\/li>\n<li><strong>Funzioni<\/strong>: Cutoff, Resonance, overdrive, filter frequency to mod envelope depth, filter frequency to LFO 2 depth<\/li>\n<li><strong>Selezionare filtro Classico tra:<\/strong>\u00a0Low pass, band pass, high pass, 12 dB slope, 24 dB slope<\/li>\n<li><strong>Inviluppi<\/strong>: Amp Envelope, mod envelope, controllo combinato di entrambi gli inviluppi<\/li>\n<li><strong>Selezionare la modalit\u00e0 di lancio tra<\/strong>: Single trigger (mantiene lo stato dell&#8217;inviluppo quando viene suonata una nuova nota), multi trigger (re-triggers con ogni nota suonata), autoglide (riguarda il portamento), limitatore VCA<\/li>\n<li><strong>LFO<\/strong>: Triangle, sawtooth, square, sample and hold, entrambi gli LFO sono regolabili in modo indipendente tra velocit\u00e0 e tempo di delay, key sync LFO 1 e 2, LFO slew on LFO 1 e 2 (filtro low pass sulla forma d\u2019onda dell\u2019LFO)<\/li>\n<\/ul>\n<h2><strong>Effetti di NOVATION Bass Station II<\/strong><\/h2>\n<ul>\n<li><strong>Effetti<\/strong>: send Distorsione, filtro oscillatore mod amount (FM effetto creato dall&#8217;Oscillatore 2 che modula la frequenza del filtro)<\/li>\n<li><strong>Arpeggiatore<\/strong>: Fino a 32 pattern differenti, selezione l\u2019ottava tra 1-4, funzione swing, selettore direzione: up, down, up\/down 1, up\/down 2, as played, random, latch (hold the arpeggiator)<\/li>\n<li><strong>Step sequencer<\/strong>: Fino a 4 sequenze, assegna uno dei 32 preset di ritmi o crea il tuo, inserimento pause o legati (slide), funzione re-trigger sequencer<\/li>\n<li><strong>Portamento<\/strong>: regolazione tempo scorrimento, funzione singolo trigger or re-trigger, integrati nello step sequencer e arpeggiatore<\/li>\n<\/ul>\n","protected":false},"excerpt":{"rendered":"<p>Sintetizzatore analogico dedicato ai suoni di basso con 2 oscillatori, pi\u00f9 sub-osc. 2 filtri (Classic, Acid),<\/p>\n<p>arpeggiatore, step sequencer. Tastiera full-size a 2 ottave sensibili a velocity con aftertouch assegnabile,<\/p>\n<p>pitch e mod wheel. 64 preset di fabbrica e 64 user.<\/p>\n","protected":false},"featured_media":1515,"template":"","meta":[],"product_brand":[],"product_cat":[140],"product_tag":[],"class_list":{"0":"post-1514","1":"product","2":"type-product","3":"status-publish","4":"has-post-thumbnail","6":"product_cat-tastiere-e-synth","8":"first","9":"instock","10":"shipping-taxable","11":"product-type-simple"},"_links":{"self":[{"href":"https:\/\/musicaliborgna.com\/index.php?rest_route=\/wp\/v2\/product\/1514","targetHints":{"allow":["GET"]}}],"collection":[{"href":"https:\/\/musicaliborgna.com\/index.php?rest_route=\/wp\/v2\/product"}],"about":[{"href":"https:\/\/musicaliborgna.com\/index.php?rest_route=\/wp\/v2\/types\/product"}],"wp:featuredmedia":[{"embeddable":true,"href":"https:\/\/musicaliborgna.com\/index.php?rest_route=\/wp\/v2\/media\/1515"}],"wp:attachment":[{"href":"https:\/\/musicaliborgna.com\/index.php?rest_route=%2Fwp%2Fv2%2Fmedia&parent=1514"}],"wp:term":[{"taxonomy":"product_brand","embeddable":true,"href":"https:\/\/musicaliborgna.com\/index.php?rest_route=%2Fwp%2Fv2%2Fproduct_brand&post=1514"},{"taxonomy":"product_cat","embeddable":true,"href":"https:\/\/musicaliborgna.com\/index.php?rest_route=%2Fwp%2Fv2%2Fproduct_cat&post=1514"},{"taxonomy":"product_tag","embeddable":true,"href":"https:\/\/musicaliborgna.com\/index.php?rest_route=%2Fwp%2Fv2%2Fproduct_tag&post=1514"}],"curies":[{"name":"wp","href":"https:\/\/api.w.org\/{rel}","templated":true}]}}