{"id":1530,"date":"2024-04-23T15:37:26","date_gmt":"2024-04-23T15:37:26","guid":{"rendered":"https:\/\/musicaliborgna.com\/?post_type=product&#038;p=1530"},"modified":"2024-04-23T15:37:32","modified_gmt":"2024-04-23T15:37:32","slug":"vox-stomplab-2g-sl2g","status":"publish","type":"product","link":"https:\/\/musicaliborgna.com\/?product=vox-stomplab-2g-sl2g","title":{"rendered":"VOX &#8211; STOMPLAB 2G SL2G"},"content":{"rendered":"<h1>Stomplab IIG \u00e8 la pedaliera multieffetto dotato di pedale di espressione per chitarra elettrica di VOX che include 104 diverse tipologie di modelli ed effetti. Classificati in base allo stile musicale come rock, blues e ballad, la gestione dei suoni con Stomplab IIG \u00e8 semplice e immediata. Offre 8 effetti a pedale, 44 amplificatori, 18 drive, 12 cabinet, 9 modulazioni, 8 effetti di ritardo, 3 riverberi, 120 preset du cui 20 user, ingresso per chitarra e uscita stereo (output\/cuffia). La struttura del pedale, dall&#8217;aspetto compatto e sofisticato, \u00e8 progettata completamente in metallo per un look accattivante e resistenza assicurata.<\/h1>\n<h2>Una gamma di suoni completa<\/h2>\n<p>Dal distorto al pulito, la serie StompLab \u00e8 progettata per essere facilmente utilizzabile anche da musicisti alle prime armi. Dal momento che ogni programma \u00e8 denominato con uno stile musicale, come il rock, blues o metal, sarete in grado di trovare il suono perfetto in maniera molto rapida e precisa.<\/p>\n<h2>Create i vostri suoni originali!<\/h2>\n<p>Possibilit\u00e0 di utilizzare fino a 8 effetti in contemporanea. Ogni tipo di effetto prevede pi\u00f9 parametri che possono essere profondamente modificati per creare il vostro suono perfetto. 20 programmi &#8220;user&#8221; a disposizione per creare il proprio sound.<\/p>\n<h2>Multi funzionalit\u00e0 sonora con accordatore incluso!<\/h2>\n<p>La serie StompLab \u00e8 dotata di un accordatore cromatico. I tre indicatori LED rendono semplice l&#8217;accordatura. Funzione &#8220;mute&#8221; per accordatore senza essere ascoltati da nessuno. Uscita cuffie per poter suonare e divertirsi anche in casa e fino a tarda notte! Il funzionamento a batterie rende questa macchina un&#8217;unit\u00e0 facilmente trasportabile che ti permette di godere di un fantastico suono di chitarra ovunque tu sia.<\/p>\n<h2>EFFETTI DELLO STOMPLAB 2G SL2G DI VOX<\/h2>\n<ul>\n<li>8 effetti a pedale: Compressione, Wah fisso, Wah automatico, Ottava di Brn, Acustica, U-Vibe, tono, Ring Mod<\/li>\n<li>44 modelli di amplificatori: BTQ Clean, Pure Clean, Jazz Clean 1, Jazz Clean 2, Cali Clean 1, Cali Clean 2, Cali Clean 3, Cali Clean 4, Vox AC4, Vox AC15TB, Vox AC15, Vox AC30TB, Vox Ac30HH, Vox Crunch, US Blues 1, US Blues 2, US Blues 3, US Blues 4, US 2 \u00d7 12 1, US 2 \u00d7 12 2, US 2 \u00d7 12 3, US 2 \u00d7 12 4, UK Rock 1, UK Rock 2 , UK Rock 3, Uk Rock 4, BTQ OD, Vox NT15, Vox AC30BM, UK Metal 1, UK Metal 2, UK Metal 3, Uk Metal 4, US HiGain 1, US HiGain 2, US HiGain 3, US HiGain 4, Us Metal 1, US Metal 2, US Metal 3, US Metal 4, BTQ Metal 1, BTQ Metal 2, BTQ Metal 3<\/li>\n<li>18 effetti drive: Tone Drive, Blue Drive, Treble Boost, Gold Drive, Tube OD, Brit Lead, Fat, Metal Distortion, Rock Planet, Tube DX, Orange Distortion, Classic +, Germanium Fuzz, Big Fuzz, Vox Tone Bender, Octa Fuzz, Techno Fuzz, Crusher<\/li>\n<li>12 modelli di cabinet: Tweed 1 \u00d7 8, Tweed 1 \u00d7 12, Tweed 4 \u00d7 10, Nero 2 \u00d7 10, Nero 2 \u00d7 12, Vox AC15, Vox AC30, Vox AD120VTX, UK H30 4 \u00d7 12, US V30 4 \u00d7 12 , Personalizzato<\/li>\n<li>9 effetti di modulazione: CE Chorus, Multi Chorus, Flanger, Org Phase, Twin Tremolo, G4 Rotary, Pitch Shift, Filtron 1 (auto), Filtron 2 (Manual)<\/li>\n<li>8 effetti di ritardo: Ritardo analogico 1, Ritardo analogico 2, Ritardo analogico 3, Ritardo analogico 4, Eco 1, Eco 2, Eco 3, Eco 4<\/li>\n<li>3 effetti di riverbero: Room, Spring, Hall<\/li>\n<li>1 effetto di riduzione del rumore<\/li>\n<li>1 pedale di espressione<\/li>\n<\/ul>\n<h2>SPECIFICHE DELLO STOMPLAB 2G SL2G DI VOX<\/h2>\n<p><strong>Numero di programmi:<\/strong>\u00a0120 (User = 20 \/ Preset = 100)<br \/>\n<strong>Ingresso audio:<\/strong>\u00a01 (mono standard)<br \/>\n<strong>Uscita audio:<\/strong>\u00a0Output \/ Phone (Stereo Standard)<br \/>\n<strong>Elaborazione del segnale:<\/strong>\u00a0Conversione A\/D &#8211; D\/A 24bit<br \/>\n<strong>Accordatore:<\/strong>\u00a0A0 &#8211; E6<br \/>\n<strong>Range di calibrazione:<\/strong>\u00a0A = 438 Hz &#8211; 445 Hz<br \/>\n<strong>Alimentazione:<\/strong>\u00a0batteria AA x 4 DC 9V (alimentatore opzionale)<br \/>\n<strong>Dimensioni:<\/strong>\u00a0207 x 125 x 64mm<br \/>\n<strong>Peso:<\/strong>\u00a00,780kg<\/p>\n<p><iframe loading=\"lazy\" title=\"VOX | STOMPLAB 2G SL2G Pedaliera Multi effetto\" width=\"1220\" height=\"686\" src=\"https:\/\/www.youtube.com\/embed\/BkeoUmUUJUA?feature=oembed\" frameborder=\"0\" allow=\"accelerometer; autoplay; clipboard-write; encrypted-media; gyroscope; picture-in-picture; web-share\" referrerpolicy=\"strict-origin-when-cross-origin\" allowfullscreen><\/iframe><\/p>\n","protected":false},"excerpt":{"rendered":"<p>Stomplab IIG \u00e8 la pedaliera multieffetto dotato di pedale di espressione per chitarra elettrica di VOX<\/p>\n<p>che include 104 diverse tipologie di modelli ed effetti.<\/p>\n<p>Classificati in base allo stile musicale come rock, blues e ballad,<\/p>\n<p>la gestione dei suoni con Stomplab IIG \u00e8 semplice e immediata.<\/p>\n","protected":false},"featured_media":1531,"template":"","meta":[],"product_brand":[],"product_cat":[131],"product_tag":[],"class_list":{"0":"post-1530","1":"product","2":"type-product","3":"status-publish","4":"has-post-thumbnail","6":"product_cat-effettistica","8":"first","9":"instock","10":"shipping-taxable","11":"product-type-simple"},"_links":{"self":[{"href":"https:\/\/musicaliborgna.com\/index.php?rest_route=\/wp\/v2\/product\/1530","targetHints":{"allow":["GET"]}}],"collection":[{"href":"https:\/\/musicaliborgna.com\/index.php?rest_route=\/wp\/v2\/product"}],"about":[{"href":"https:\/\/musicaliborgna.com\/index.php?rest_route=\/wp\/v2\/types\/product"}],"wp:featuredmedia":[{"embeddable":true,"href":"https:\/\/musicaliborgna.com\/index.php?rest_route=\/wp\/v2\/media\/1531"}],"wp:attachment":[{"href":"https:\/\/musicaliborgna.com\/index.php?rest_route=%2Fwp%2Fv2%2Fmedia&parent=1530"}],"wp:term":[{"taxonomy":"product_brand","embeddable":true,"href":"https:\/\/musicaliborgna.com\/index.php?rest_route=%2Fwp%2Fv2%2Fproduct_brand&post=1530"},{"taxonomy":"product_cat","embeddable":true,"href":"https:\/\/musicaliborgna.com\/index.php?rest_route=%2Fwp%2Fv2%2Fproduct_cat&post=1530"},{"taxonomy":"product_tag","embeddable":true,"href":"https:\/\/musicaliborgna.com\/index.php?rest_route=%2Fwp%2Fv2%2Fproduct_tag&post=1530"}],"curies":[{"name":"wp","href":"https:\/\/api.w.org\/{rel}","templated":true}]}}