{"id":1535,"date":"2024-04-23T16:08:09","date_gmt":"2024-04-23T16:08:09","guid":{"rendered":"https:\/\/musicaliborgna.com\/?post_type=product&#038;p=1535"},"modified":"2024-04-23T16:08:10","modified_gmt":"2024-04-23T16:08:10","slug":"vox-vx50gtv","status":"publish","type":"product","link":"https:\/\/musicaliborgna.com\/?product=vox-vx50gtv","title":{"rendered":"VOX &#8211; VX50GTV"},"content":{"rendered":"<h1>Il VX50GTV \u00e8 l&#8217;amplificatore combo per chitarra elettrica della serie &#8220;Ibridi&#8221; di casa Vox che eroga 50 Watt RMS. Dotato di valvola Nutube, offre simulazioni di 11 amplificatori, una selezione di 8 effetti, un&#8217;interfaccia audio USB, accordatore, uscita linea\/cuffie, ingresso AUX, possibilit\u00e0 di editing dei programmi tramite software Tone Room e uscita per footswitch esterno per richiamare i programs e gli effetti. Ideale per la pratica casalinga e per registrazioni audio senza bisogno di microfonare l&#8217;ampli o di utilizzare interfacce audio esterne.<\/h1>\n<h2>PANORAMICA DEL VX50GTV DI CASA VOX<\/h2>\n<p>VX50-GTV \u00e8 l&#8217;amplificatore per chitarra di Vox che nasce dal desiderio di aprire nuove possibilit\u00e0. Un design ultraleggero, struttura interna accuratamente calcolata per conferire un sound ottimale, suoni realistici e pronti per il palcoscenico e la valvola Nutube di nuova generazione sono solo alcune delle molte caratteristiche all&#8217;avanguardia che fanno di VX50-GTV una riscoperta dell&#8217;amplificatore per chitarra.<\/p>\n<h2>11 modelli di amplificatori pi\u00f9 accurati che mai<\/h2>\n<p>Grazie ai numerosi anni di ricerca e sviluppo di Vox, VX50-GTV offre il suono pi\u00f9 realistico di sempre. La tecnologia VET (Virtual Element Technology) sviluppata da Vox consente un&#8217;accuratezza timbrica senza precedenti, ripensando al circuito originale stesso, modellando accuratamente anche i singoli componenti che influenzano il suono. Oltre al classico AC30, questa unit\u00e0 copre una moltitudine di suoni che includono famosi amplificatori valvolari, moderni amplificatori High Gain e rari ampli boutique. VX50-GTV supporta non solo la chitarra elettrica ma anche la chitarra acustica, espandendo ulteriormente la sua versatilit\u00e0.<\/p>\n<h2>Una selezione completa di otto tipi di effetti<\/h2>\n<p>VX50-GTV include una selezione completa dei tipi di effetti che sono indispensabili per modellare il tuo suono. Puoi utilizzare simultaneamente la modulazione e il delay\/reverb e scegliere tra quattro tipi ciascuno, per un totale di otto varianti. C&#8217;\u00e8 anche un pulsante Tap, quindi puoi impostare parametri come il tempo di ritardo in modo intuitivo.<\/p>\n<h2>Struttura interna realizzata per un&#8217;eccellente risposta acustica, con un corpo sigillato ultraleggero in ABS e un design bass-reflex<\/h2>\n<p>Design ultraleggero che sembra impensabile per un ampli per chitarra, ma la leggerezza non \u00e8 il suo unico vantaggio. Un corpo sigillato in ABS riduce al minimo le vibrazioni non necessarie, eliminando la perdita di suono e proiettando in modo efficiente il timbro della chitarra. La struttura bass-reflex garantisce una buona copertura della gamma delle basse frequenze.<\/p>\n<h2>Dotato di Nutube, il VX50 GTV espande ulteriormente il suo raggio d&#8217;azione<\/h2>\n<p>Il VX50 GTV \u00e8 dotato di Nutube, la valvola a vuoto di nuova generazione. Utilizzando la tecnologia elettroluminescente, la Nutube \u00e8 stata utilizzata su una variet\u00e0 di VOX e altri prodotti. La distorsione e il senso di compressione che ti aspetti da una valvola tradizionale. Oltre al design leggero, non era ottenibile con un convenzionale ampli a valvole, Nutube offre ulteriori vantaggi esclusivi, come l&#8217;assenza di manutenzione e l&#8217;incredibile costo-efficacia.<\/p>\n<h2>VX50 GTV dotato di interfaccia audio USB<\/h2>\n<p>Il VX50 GTV \u00e8 dotato di interfaccia audio USB che consente di collegarlo al computer tramite USB e registrare direttamente il suono Nutube.<\/p>\n<h2>Il Tone Room editor\/librarian software offre un livello ancora pi\u00f9 elevato di praticit\u00e0<\/h2>\n<p>\u00c8 possibile utilizzarlo per accedere a parametri non accessibili dall&#8217;unit\u00e0 stessa e memorizzare le impostazioni in una libreria. Oltre a Mac\/Windows, sono supportati anche iOS\/Android, consentendo un facile accesso tramite USB.<\/p>\n<h2>Accordatore e altre funzioni<\/h2>\n<p>L&#8217;accordatore \u00e8 solo una delle tante funzioni che forniscono supporto generale al chitarrista. L&#8217;ingresso AUX ti consente di divertirti con una sorgente audio esterna, il jack per cuffie \/ line-out con simulatore di cabinet incorporato \u00e8 una grande funzionalit\u00e0 per esercitarti a casa, la modalit\u00e0 preset ti permette di richiamare all&#8217;istante suoni pronti per lo stage, e c&#8217;\u00e8 anche una modalit\u00e0 manuale che fa in modo che le impostazioni riflettano le posizioni della manopola fisica.<\/p>\n<h2>Aggiungi un footswitch per funzionalit\u00e0 ampliate<\/h2>\n<p>Il footswitch VFS5 venduto separatamente, consente di utilizzare il piede per cambiare i programmi e attivare\/disattivare gli effetti.<\/p>\n<h2>SPECIFICHE DEL VX50GTV DI CASA VOX<\/h2>\n<p><strong>Modelli di amplificatori:<\/strong>\u00a0DELUXE CL, BOUTIQUE CL, BOUTIQUE OD, VOX AC30, VOX AC30TB, BRIT 1959, BRIT 800, BRIT VM, SL-0D, DOPPIA REC, LINEA<br \/>\n<strong>Effetti<\/strong>: MODULAZIONE (CHORUS, FRANGER, ORG PHASE, TWIN TREM), DELAY \/ REVERB (A.DELAY, TAPE ECHO, SPRING, HALL)<br \/>\n<strong>Programmi preimpostati:<\/strong>\u00a011<br \/>\n<strong>Programmi utente<\/strong>: 2 (L&#8217;uso dell&#8217;interruttore a pedale VFS5 aumenta il numero di programmi utente a 8)<br \/>\n<strong>Input\/Output:<\/strong>\u00a0jack INPUT, jack per cuffie, jack AUX IN, jack FOOT SW, porta USB (tipo B)<br \/>\n<strong>Valvola<\/strong>: Nutube 6P1<br \/>\n<strong>Potenza<\/strong>: 50 W RMS a 4 ohm<br \/>\n<strong>Speaker<\/strong>: 8&#8243; a 4 ohm<br \/>\n<strong>Elaborazione del segnale<\/strong>: Conversione A \/ D: 24 bit &#8211;\u00a0Conversione D \/ A: 24 bit<br \/>\n<strong>Frequenza di campionamento:<\/strong>\u00a044,1 kHz<br \/>\n<strong>Alimentazione elettrica<\/strong>: Adattatore CA (CC 15 V)<br \/>\n<strong>Consumo<\/strong>: 3,42 A<br \/>\n<strong>Dimensioni<\/strong>: 354 mm x 208 mm x 313 mm<br \/>\n<strong>Peso<\/strong>: 4,1 kg<br \/>\n<strong>Articoli inclusi:<\/strong>\u00a0Adattatore CA (DC 19 V), JamVOX III<br \/>\n<strong>Articoli Opzionali:<\/strong>\u00a0Footswitch VOX VFS2, footswitch VOX VFS5<\/p>\n<p><iframe loading=\"lazy\" title=\"VOX VX50GTV &amp; VX15GT| Presentazione e dimostrazione con Michele Bianchi\" width=\"1220\" height=\"686\" src=\"https:\/\/www.youtube.com\/embed\/4pCex_YgzCk?feature=oembed\" frameborder=\"0\" allow=\"accelerometer; autoplay; clipboard-write; encrypted-media; gyroscope; picture-in-picture; web-share\" referrerpolicy=\"strict-origin-when-cross-origin\" allowfullscreen><\/iframe><\/p>\n","protected":false},"excerpt":{"rendered":"<p>Il VX50GTV \u00e8 l&#8217;amplificatore combo per chitarra elettrica della serie &#8220;Ibridi&#8221; di casa Vox che eroga 50 Watt RMS.<\/p>\n<p>Dotato di valvola Nutube, offre simulazioni di 11 amplificatori, una selezione di 8 effetti,<\/p>\n<p>un&#8217;interfaccia audio USB, accordatore, uscita linea\/cuffie, ingresso AUX.<\/p>\n","protected":false},"featured_media":1536,"template":"","meta":[],"product_brand":[],"product_cat":[125],"product_tag":[],"class_list":{"0":"post-1535","1":"product","2":"type-product","3":"status-publish","4":"has-post-thumbnail","6":"product_cat-amplificatori","8":"first","9":"instock","10":"shipping-taxable","11":"product-type-simple"},"_links":{"self":[{"href":"https:\/\/musicaliborgna.com\/index.php?rest_route=\/wp\/v2\/product\/1535","targetHints":{"allow":["GET"]}}],"collection":[{"href":"https:\/\/musicaliborgna.com\/index.php?rest_route=\/wp\/v2\/product"}],"about":[{"href":"https:\/\/musicaliborgna.com\/index.php?rest_route=\/wp\/v2\/types\/product"}],"wp:featuredmedia":[{"embeddable":true,"href":"https:\/\/musicaliborgna.com\/index.php?rest_route=\/wp\/v2\/media\/1536"}],"wp:attachment":[{"href":"https:\/\/musicaliborgna.com\/index.php?rest_route=%2Fwp%2Fv2%2Fmedia&parent=1535"}],"wp:term":[{"taxonomy":"product_brand","embeddable":true,"href":"https:\/\/musicaliborgna.com\/index.php?rest_route=%2Fwp%2Fv2%2Fproduct_brand&post=1535"},{"taxonomy":"product_cat","embeddable":true,"href":"https:\/\/musicaliborgna.com\/index.php?rest_route=%2Fwp%2Fv2%2Fproduct_cat&post=1535"},{"taxonomy":"product_tag","embeddable":true,"href":"https:\/\/musicaliborgna.com\/index.php?rest_route=%2Fwp%2Fv2%2Fproduct_tag&post=1535"}],"curies":[{"name":"wp","href":"https:\/\/api.w.org\/{rel}","templated":true}]}}