{"id":1541,"date":"2024-04-23T16:12:34","date_gmt":"2024-04-23T16:12:34","guid":{"rendered":"https:\/\/musicaliborgna.com\/?post_type=product&#038;p=1541"},"modified":"2024-04-23T16:12:35","modified_gmt":"2024-04-23T16:12:35","slug":"focusrite-scarlett-4i4-4th-gen","status":"publish","type":"product","link":"https:\/\/musicaliborgna.com\/?product=focusrite-scarlett-4i4-4th-gen","title":{"rendered":"FOCUSRITE &#8211; SCARLETT 4I4 4TH GEN"},"content":{"rendered":"<h1><strong>Focusrite Scarlett 4i4 di 4a Generazione<\/strong>\u00a0\u00e8 un\u2019<strong>interfaccia audio USB a\u00a0<\/strong><strong>24bit\/192kHz<\/strong>\u00a0<strong>4In\/4Out<\/strong>, con 2 ingressi Combo: XLR\u00a0con\u00a0<strong>preamplificatori microfonici da ben 69dB di Gain<\/strong>\u00a0e Jack line\/instrument. Altrettanti\u00a0sono gli ingressi separati line jack utilizzabili in contemporanea. Funzioni\u00a0<strong>Auto Gain e Clip Safe<\/strong>. 4 le uscite jack TRS separate, un\u2019uscita cuffia assegnabile. Nuova funzione Air con e senza saturazione. Meter Halo anche sull\u2019output. Canale virtuale Loopback.<\/h1>\n<p><strong>Scarlett<\/strong>\u00a0porta la qualit\u00e0 audio professionale\u00a0di\u00a0<a href=\"https:\/\/www.algameko.com\/it\/brands\/focusrite\"><strong>Focusrite<\/strong><\/a>\u00a0ovunque tu stia creando musica. Nella\u00a0serie\u00a0<strong>Scarlett di quarta generazione<\/strong>\u00a0trovi nuovi\u00a0<strong>preamplificatori microfonici<\/strong>\u00a0con un gain potenziato, che arriva a fornire\u00a0<strong>fino a ben 69dB<\/strong>\u00a0di guadagno, nuovi convertitori derivati dalla serie\u00a0<strong>Rednet<\/strong>\u00a0che garantiscono un range dinamico di 116dB sugli ingressi e di ben 120dB sulle uscite. Anche l\u2019uscita cuffia \u00e8 stata ottimizzata, sia in termini di impedenza, siamo sui 300Ohm, sia per quanto concerne il range dinamico e la potenza.<\/p>\n<p>Con l\u2019interfaccia audio USB\u00a0<strong>Scarlett 4i4 di 4a Generazione<\/strong>\u00a0registrare e pubblicare le tue canzoni \u00e8 pi\u00f9 semplice che mai.\u00a0<strong>Due preamplificatori microfonici di qualit\u00e0 con ben 69dB di Gain<\/strong>, convertitori di livello professionale con un\u00a0<strong>range dinamico di 120dB<\/strong>, come quelli che troveresti in uno\u00a0<strong>studio di registrazione<\/strong>\u00a0di alto livello. La\u00a0<strong>modalit\u00e0 Air<\/strong>\u00a0ti permette di registrare con lo stile di una grande console da studio. Un suono ottimale da qualsiasi cuffia grazie all\u2019uscita dedicata, che nella tua\u00a0<strong>Focusrite Scarlett 4i4 di 4a Generazione<\/strong>\u00a0oltre ad essere liberamente assegnabile, quindi perfetta per il monitoring nei live e DJ Set, \u00e8 stata migliorata per lavorare anche con cuffie ad alta impedenza. Un\u00a0<strong>kit completo di software DAW e plug-in<\/strong>\u00a0che include 3 mesi di\u00a0<strong>Pro Tools<\/strong>\u00a0Artist,\u00a0<strong>Ableton Live<\/strong>\u00a0Lite e il pacchetto\u00a0<strong>Hitmaker di Focusrite<\/strong>che ti d\u00e0 accesso ad\u00a0<strong>Auto-Tune Access<\/strong>, Softube\u00a0<strong>Marshall Silver Jubilee 2555<\/strong>\u00a0per la chitarra elettrica, il virtual synth\u00a0<strong>MASSIVE<\/strong>\u00a0di\u00a0<strong>Native Instruments\u00ae<\/strong>\u00a0e tanto altro ancora.\u00a0<strong>Focusrite\u00a0<\/strong><strong>Scarlett<\/strong>\u00a0\u00e8 l&#8217;interfaccia audio USB pi\u00f9 usata al mondo. Entra a far parte di una comunit\u00e0 di pi\u00f9 di sei milioni di artisti, inclusi alcuni dei pi\u00f9 grandi nomi della musica internazionale.<\/p>\n<h2><strong>I convertitori della serie Rednet<\/strong><\/h2>\n<p>Con\u00a0<strong>Scarlett 4i4 4th Gen<\/strong>\u00a0registri con i convertitori a\u00a0<strong>192 kHz\/24 bit<\/strong>\u00a0identici a quelli delle interfacce\u00a0<a href=\"https:\/\/www.algameko.com\/it\/productsFT.php?str=rednet&amp;brand=Focusrite\"><strong>Rednet<\/strong><\/a>, la serie di punta del catalogo\u00a0<a href=\"https:\/\/www.algameko.com\/it\/brands\/focusrite\"><strong>Focusrite<\/strong><\/a>\u00a0presente in innumerevoli studi di registrazione professionali in tutto il mondo. Cattura ogni dettaglio sonoro.<\/p>\n<h2><strong>Auto Gain e Halo Meter<\/strong><\/h2>\n<p>Controllo visivo dei livelli su tutta la catena di Gain Staging. I LED\u00a0<strong>Meter Halo<\/strong>\u00a0dinamici di Scarlett ti permettono di impostare i livelli di Gain sugli ingressi in modo facile e veloce con qualsiasi sorgente sonora. Da oggi, nella Scarlett 4i4 troviamo il\u00a0<strong>Meter Halo anche sull\u2019output<\/strong>, quindi la circonferenza del potenziometro dedicato all\u2019impostazione del volume dell\u2019uscita Monitor della tua\u00a0<strong>Scarlett di 4a Generazione<\/strong>\u00a0si illuminer\u00e0 per darti contezza del livello in uscita e di eventuali distorsioni. Sugli ingressi della tua\u00a0<strong>Scarlett 4i4 4th Gen<\/strong>\u00a0puoi attivare l\u2019<strong>Auto Gain<\/strong>: premi il pulsante e suona per dieci secondi, ci penser\u00e0 Scarlett a impostare il livello perfetto per qualsiasi cosa tu stia registrando.<\/p>\n<h2><strong>Registrazione sempre al top con Scarlett 4i4!<\/strong><\/h2>\n<p><strong>Clip Safe<\/strong>\u00a0\u00e8 la nuova funzione utile per preservare le parti da te suonate qualora si superasse il massimo livello in ingresso, ovvero gli 0dBFS. Quando \u00e8 attiva, il segnale sar\u00e0 soggetto ad un\u2019analisi del livello con una risoluzione di 96000 punti al secondo, per poi attuare una combinazione di regolazioni automatiche in analogico, sui preamp, e in digitale tramite DSP. Questa accoppiata tra\u00a0<strong>Auto Gain<\/strong>\u00a0e\u00a0<strong>Clip Safe<\/strong>\u00a0render\u00e0 pi\u00f9 semplici e immediate le tue registrazioni: concentrati sulla performance e meno sui controlli.<\/p>\n<h2><strong>Modalit\u00e0 Air: il suono iconico di Focusrite<\/strong><\/h2>\n<p>La nota\u00a0<strong>funzione Air<\/strong>, nata per emulare il suono delle storiche console analogiche di\u00a0<a href=\"https:\/\/www.algameko.com\/it\/brands\/focusrite\"><strong>Focusrite<\/strong><\/a>, \u00e8 stata oggetto di un importante miglioramento in questa serie di quarta generazione: presenza analogica e saturazione DSP based. Siamo liberi di applicare solo quello analogico o entrambi a nostro piacimento. Fai risaltare\u00a0le tracce da te registrate all&#8217;interno del mix. Una volta provata, non potrai pi\u00f9 farne a meno.<\/p>\n<h2><strong>Ascolto in cuffia migliorato<\/strong><\/h2>\n<p>Un amplificatore per cuffie progettato su misura, con un\u2019impedenza di 300 Ohm e un invidiabile range dinamico sono le condizioni perfette per la migliore riproduzione sonora che tu abbia mai ottenuto da un\u2019interfaccia Scarlett. Grazie ai controlli di volume indipendenti sull\u2019uscita cuffia e su quella Master monitor puoi registrare, mixare e riprodurre audio impostando a piacimento i livelli delle due uscite. Anche le cuffie ad alta impedenza ora suoneranno pi\u00f9 forte e pi\u00f9 lineari con la tua\u00a0<strong>Scarlett di quarta generazione<\/strong>.<\/p>\n<h2><strong>Loopback con tutte le Scarlett 4th Gen<\/strong><\/h2>\n<p>Vuoi campionare da altri software? Vuoi ricevere e processare nel tuo software DAW il segnale audio riprodotto da altri applicativi? Con il collegamento\u00a0<strong>Loopback<\/strong>\u00a0puoi trasmettere audio stereo dalle tue app di musica e da altri software direttamente nel tuo software DAW preferito grazie agli ingressi virtuali di\u00a0<strong>Scarlett 4i4<\/strong>.<\/p>\n<h2><strong>Installazione e configurazione semplificata<\/strong><\/h2>\n<p>Collegati e di&#8217; allo strumento\u00a0<strong>Easy Start<\/strong>\u00a0di\u00a0<a href=\"https:\/\/www.algameko.com\/it\/brands\/focusrite\"><strong>Focusrite<\/strong><\/a>\u00a0come vuoi usare la tua\u00a0<strong>Scarlett<\/strong>. Lascia che ti guidi attraverso tutti i software e le configurazioni che ti occorrono, con tanto di consigli per la registrazione e altri utili contenuti lungo il percorso di set-up.<\/p>\n<h2><strong>Tutto il necessario per registrare, mixare e masterizzare la tua musica<\/strong><\/h2>\n<p>Non possiedi un software DAW?\u00a0Non preoccuparti, comincia a registrare e produrre musica con i software inclusi nella tua\u00a0<strong>Focusrite Scarlett di 4a Generazione<\/strong>:\u00a0<strong>Pro Tools Artist<\/strong>\u00a0(3 mesi di abbonamento gratis inclusi),\u00a0<strong>Ableton Live Lite<\/strong>\u00a0e il pacchetto\u00a0<a href=\"https:\/\/www.algameko.com\/it\/new\/focusrite-hitmaker-expansion-plug-in-gratis-scarlett-clarett\"><strong>Hitmaker Expansion<\/strong>\u00a0(clicca qui per tutte le informazioni<\/a>). Tutto ci\u00f2 che ti serve per dare ai tuoi brani i suoni di uno studio professionale, con una ricca gamma di strumenti per la registrazione sviluppati dai pi\u00f9 grandi brand del settore. Ottieni tracce vocali eccezionali con\u00a0<strong>Auto-Tune\u00ae Access di Antares\u00ae<\/strong>,\u00a0<strong>VoxDoubler di Sonnox<\/strong>\u00a0e il riverbero di\u00a0<strong>LX480 Essentials\u00a0<\/strong>della<strong>\u00a0Relab<\/strong>. Dai vita al suono delle tue chitarre con un\u2019emulazione estremamente realistica dell&#8217;amplificatore\u00a0<strong>Silver Jubilee 2555<\/strong>\u00a0di\u00a0<strong>Marshall\u00ae<\/strong>\u00a0creato dalla\u00a0<strong>Softube\u00ae<\/strong>, azienda leader nella modellazione analogica. Ti servono suoni di batteria? Nessun problema!\u00a0<strong>Addictive Drums 2: Studio Rock Kit di XLN Audio<\/strong>\u00ae \u00e8 ci\u00f2 che ti occorre per iniziare. Sintetizzatori e tastiere? Ci pensano il leggendario\u00a0<strong>Native Instruments\u00ae MASSIVE<\/strong>\u00a0e\u00a0<strong>Addictive Keys di XLN Audio\u00ae<\/strong>. E quando \u00e8 il momento di\u00a0<strong>mixare e masterizzare le tue tracce<\/strong>, puoi ottenere un suono pronto per la distribuzione grazie a all&#8217;esclusiva suite di\u00a0<strong>plug-in targati Focusrite<\/strong>e un\u00a0<strong>abbonamento di due mesi a Landr Studio<\/strong>\u00a0con\u00a0<strong>cinque master inclusi<\/strong>\u00a0da usare quando vuoi.\u00a0<a href=\"https:\/\/www.algameko.com\/it\/new\/focusrite-hitmaker-expansion-plug-in-gratis-scarlett-clarett\">Resta aggiornato sui software, i plug-in e altri abbonamenti inclusi con la tua\u00a0<strong>interfaccia Scarlett<\/strong>: clicca qui<\/a>.<\/p>\n<h2><strong>I tre anni di garanzia Focusrite<\/strong><\/h2>\n<p>Ovunque tu sia, puoi contare su una\u00a0<strong>garanzia di tre anni<\/strong>\u00a0se il tuo hardware\u00a0<a href=\"https:\/\/www.algameko.com\/it\/brands\/focusrite\"><strong>Focusrite<\/strong><\/a>\u00a0dovesse aver bisogno di essere riparato o sostituito a causa di un difetto di fabbrica.\u00a0<a href=\"https:\/\/www.algameko.com\/it\/new\/focusrite-garanzia-3-anni\"><strong>Clicca qui per ulteriori informazioni<\/strong><\/a>.<\/p>\n<h2><strong>Contenuto della Confezione:<\/strong><\/h2>\n<ul>\n<li>Scarlett 4i4 di quarta generazione<\/li>\n<li>Cavo USB C a C<\/li>\n<li>Adattatore USB da C ad A<\/li>\n<li>Alimentatore 3A USB-C da 5 V<\/li>\n<\/ul>\n<h2><strong>Dotazioni hardware del prodotto<\/strong><\/h2>\n<ul>\n<li>Preamplificatori microfonici: 2<\/li>\n<li>Alimentazione phantom: s\u00ec<\/li>\n<li>Ingressi per strumenti: 2<\/li>\n<li>Ingressi di linea: 4<\/li>\n<li>Modalit\u00e0 Air: s\u00ec<\/li>\n<li>Gain Automatico: s\u00ec<\/li>\n<li>Clip Safe: s\u00ec<\/li>\n<li>Uscite di linea: 4<\/li>\n<li>Uscite cuffie: 1<\/li>\n<li>Loopback: s\u00ec<\/li>\n<li>Connettivit\u00e0: USB-C<\/li>\n<li>Protocollo: USB 2.0<\/li>\n<li>Fattore di forma: Desktop<\/li>\n<li>Ingressi\/Uscite simultanei: 6 x 6 (inclusi gli ingressi loopback)<\/li>\n<li>Risoluzione A\/D: 24 bit\/192 kHz<\/li>\n<li>Alimentazione Bus: s\u00ec (1,5 A)<\/li>\n<li>Dimensioni e peso: 59x180x129mm; 808 grammi<\/li>\n<\/ul>\n<h2><strong>Specifiche Tecniche Scarlett 2i2 4th Gen.<\/strong><\/h2>\n<h3><strong>Sample Rate Supportati<\/strong><\/h3>\n<ul>\n<li>44.1kHz, 48kHz, 88.2kHz, 96kHz, 176.4kHz, 192kHz<\/li>\n<\/ul>\n<h3><strong>Ingressi Microfonici<\/strong><\/h3>\n<ul>\n<li>Risposta in Frequenza: 20-20kHz \u00b1 0.06dB<\/li>\n<li>Range dinamico: 116dB (A-Weighted)<\/li>\n<li>THD+N: -100dB @ 8dB gain<\/li>\n<li>Noise EIN: -127dBu (A-Weighted)<\/li>\n<li>Maximum Input Level: 16dBu<\/li>\n<li>Gain Range: 69dB<\/li>\n<li>Impedenza: 3k\u03a9<\/li>\n<\/ul>\n<p><strong>Ingressi Line Variabili<\/strong><\/p>\n<ul>\n<li>Risposta in frequenza: 20-20kHz \u00b1 0.05dB<\/li>\n<li>Range dinamico: 115,5dB (A-Weighted)<\/li>\n<li>THD+N: -100dB @ 8dB di gain<\/li>\n<li>Maximum Input Level: 22dBu<\/li>\n<li>Gain Range: 69dB<\/li>\n<li>Impedenza: 60k\u03a9<\/li>\n<\/ul>\n<p><strong>Ingressi Line Fissi<\/strong><\/p>\n<ul>\n<li>Risposta in frequenza: 20-20kHz \u00b1 0.02dB<\/li>\n<li>Range dinamico: 115,5dB (A-Weighted)<\/li>\n<li>THD+N: -105dB<\/li>\n<li>Maximum Input Level: 22dBu<\/li>\n<li>Impedenza: 60k\u03a9<\/li>\n<\/ul>\n<h3><strong>Ingressi\u00a0Instrument<\/strong><\/h3>\n<ul>\n<li>Risposta in Frequenza: 20-20kHz \u00b1 0.15dB<\/li>\n<li>Range Dinamico: 113dB (A-Weighted)<\/li>\n<li>THD+N: -80dB @ minimum gain<\/li>\n<li>Maximum Input Level: 12dBu<\/li>\n<li>Gain Range: 62dB<\/li>\n<li>Impedenza: 1M\u03a9<\/li>\n<\/ul>\n<h3><strong>Uscite Line (Bilanciate)<\/strong><\/h3>\n<ul>\n<li>Risposta in Frequenza: 20-20kHz \u00b1 0.02dB<\/li>\n<li>Range Dinamico: 120dB<\/li>\n<li>THD+N: -112dB<\/li>\n<li>Massimo livello di uscita: 16dBu<\/li>\n<li>Impedenza: 100\u03a9<\/li>\n<\/ul>\n<h3><strong>Uscita Cuffia<\/strong><\/h3>\n<ul>\n<li>Risposta in frequenza: 20-20kHz \u00b1 0.1dB @ 33\u03a9\/300\u03a9<\/li>\n<li>Range dinamico: 112dB @ 33\u03a9; 115dB @ 300\u03a9<\/li>\n<li>THD+N: -99dB @ 33\u03a9;\u00a0-108dB @ 300\u03a9<\/li>\n<li>Max Out Level: 5dBu a 33\u03a9; 11dBu a 300\u03a9<\/li>\n<li>Maxi Out Power: 57mW a 33\u03a9; 27mW a 300\u03a9<\/li>\n<li>Impedenza: 11\u03a9<\/li>\n<\/ul>\n<h3><strong>Convertitori da Analogico a Digitale<\/strong><\/h3>\n<ul>\n<li>THD+N: -110dB<\/li>\n<li>Range dinamico:\u00a0120dB<\/li>\n<\/ul>\n<h3><strong>Convertitori da Digitale a Analogico<\/strong><\/h3>\n<ul>\n<li>THD+N: -115dB<\/li>\n<li>Range dinamico: 130dB (A-Weighted)<\/li>\n<\/ul>\n<h3><strong>Alimentazione<\/strong><\/h3>\n<p>USB: 1,5A<\/p>\n<p>Esterna (opzionale): 7,5W<\/p>\n","protected":false},"excerpt":{"rendered":"<p>Interfaccia audio USB a\u00a024bit\/192kHz\u00a04In\/4Out, con 2 ingressi Combo:<\/p>\n<p>XLR con preamp microfonici da ben 69dB di Gain e Jack line\/instrument.<\/p>\n<p>Altri 2 ingressi separati line jack. Funzioni Auto Gain e Clip Safe. 4 Out (Jack TRS).<\/p>\n<p>Uscita cuffia assegnabile. Nuova funzione Air con e senza saturazione.<\/p>\n","protected":false},"featured_media":1542,"template":"","meta":[],"product_brand":[],"product_cat":[146],"product_tag":[],"class_list":{"0":"post-1541","1":"product","2":"type-product","3":"status-publish","4":"has-post-thumbnail","6":"product_cat-home-recording","8":"first","9":"instock","10":"shipping-taxable","11":"product-type-simple"},"_links":{"self":[{"href":"https:\/\/musicaliborgna.com\/index.php?rest_route=\/wp\/v2\/product\/1541","targetHints":{"allow":["GET"]}}],"collection":[{"href":"https:\/\/musicaliborgna.com\/index.php?rest_route=\/wp\/v2\/product"}],"about":[{"href":"https:\/\/musicaliborgna.com\/index.php?rest_route=\/wp\/v2\/types\/product"}],"wp:featuredmedia":[{"embeddable":true,"href":"https:\/\/musicaliborgna.com\/index.php?rest_route=\/wp\/v2\/media\/1542"}],"wp:attachment":[{"href":"https:\/\/musicaliborgna.com\/index.php?rest_route=%2Fwp%2Fv2%2Fmedia&parent=1541"}],"wp:term":[{"taxonomy":"product_brand","embeddable":true,"href":"https:\/\/musicaliborgna.com\/index.php?rest_route=%2Fwp%2Fv2%2Fproduct_brand&post=1541"},{"taxonomy":"product_cat","embeddable":true,"href":"https:\/\/musicaliborgna.com\/index.php?rest_route=%2Fwp%2Fv2%2Fproduct_cat&post=1541"},{"taxonomy":"product_tag","embeddable":true,"href":"https:\/\/musicaliborgna.com\/index.php?rest_route=%2Fwp%2Fv2%2Fproduct_tag&post=1541"}],"curies":[{"name":"wp","href":"https:\/\/api.w.org\/{rel}","templated":true}]}}