{"id":1546,"date":"2024-04-23T16:18:21","date_gmt":"2024-04-23T16:18:21","guid":{"rendered":"https:\/\/musicaliborgna.com\/?post_type=product&#038;p=1546"},"modified":"2024-04-24T07:00:25","modified_gmt":"2024-04-24T07:00:25","slug":"focusrite-scarlett-solo-studio-4th-gen","status":"publish","type":"product","link":"https:\/\/musicaliborgna.com\/?product=focusrite-scarlett-solo-studio-4th-gen","title":{"rendered":"FOCUSRITE &#8211; SCARLETT SOLO STUDIO 4TH GEN"},"content":{"rendered":"<h1><strong>Focusrite Scarlett Solo Studio di 4a Generazione<\/strong>\u00a0\u00e8 un pacchetto completo per la registrazione che comprende un\u2019interfaccia audio USB a\u00a024bit\/192kHz, con 2 In (1 XLR e 1 Jack da \u00bc\u201d) e 2 Out (Jack TRS), il\u00a0<strong>microfono a condensatore<\/strong>\u00a0con pattern cardioide CM25 (MKIII), il rispettivo cavo XLR da 3 metri, un filtro anti-pop in spugna e la\u00a0<strong>cuffia chiusa<\/strong>\u00a0<strong>SH-450<\/strong>. L\u2019interfaccia\u00a0<strong>Scarlett Solo 4th Gen.<\/strong>\u00a0inclusa \u00e8 dotata di un preamplificatore microfonico e un ingresso line\/instrument e della nuova\u00a0<strong>funzione Air<\/strong>, con e senza saturazione, sul canale microfonico. Controlli di volume separati per le uscite Master e Cuffia. Canale virtuale Loopback.<\/h1>\n<p>Con il bundle\u00a0<strong>Scarlett Solo Studio di 4a Generazione\u00a0<\/strong>registrare e pubblicare le tue canzoni \u00e8 pi\u00f9 semplice che mai. Il<strong>\u00a0preamplificatore microfonico di qualit\u00e0<\/strong>, i convertitori di livello professionale dall\u2019elevato\u00a0<strong>range dinamico di 120dB<\/strong>\u00a0presenti nell\u2019interfaccia audio USB\u00a0<strong>Scarlett Solo di 4a Generazione\u00a0<\/strong>garantiscono insieme al\u00a0<strong>microfono a condensatore, cardioide CM25<\/strong>\u00a0incluso in dotazione una ripresa ottimale delle tue sorgenti: voce o strumenti acustici. La\u00a0<strong>modalit\u00e0 Air<\/strong>\u00a0ti permette di registrare con lo stile di una grande console da studio. La\u00a0<strong>cuffia chiusa SH-450<\/strong>\u00a0inclusa nel pacchetto\u00a0<strong>SOLO Studio 4th Gen.<\/strong>\u00a0offre un\u2019esperienza di ascolto lineare, \u00e8 comoda e si accoppia alla perfezione con l\u2019uscita dedicata dotata di controllo di volume indipendente dall\u2019uscita Master presente della tua\u00a0<strong>Focusrite Scarlett Solo di 4a Generazione<\/strong>. Un\u00a0<strong>kit hardware completo, ma non solo, in quanto ricco di software e plug-in<\/strong>\u00a0tra i quali si annoverano\u00a0<strong>Pro Tools<\/strong>\u00a0Artist,\u00a0<strong>Ableton Live<\/strong>\u00a0Lite e il pacchetto\u00a0<strong>Hitmaker di Focusrite<\/strong>\u00a0che ti d\u00e0 accesso ad\u00a0<strong>Auto-Tune Access<\/strong>, Softube\u00a0<strong>Marshall Silver Jubilee 2555<\/strong>\u00a0per la chitarra elettrica, il virtual synth\u00a0<strong>MASSIVE<\/strong>\u00a0di\u00a0<strong>Native Instruments\u00ae<\/strong>\u00a0e tanto altro ancora.\u00a0<strong>Focusrite\u00a0<\/strong><strong>Scarlett<\/strong>\u00a0\u00e8 l&#8217;interfaccia audio USB pi\u00f9 usata al mondo. Entra a far parte di una comunit\u00e0 di pi\u00f9 di sei milioni di artisti, inclusi alcuni dei pi\u00f9 grandi nomi della musica.<\/p>\n<h2><strong>Il microfono Focusrite\u00a0CM25 Mk III\u00a0<\/strong><\/h2>\n<p>Apprezzatissimo anche dai possessori dei precedenti pacchetti Scarlett Studio di 3a Generazione, il\u00a0<strong>microfono a condensatore\u00a0<\/strong>con capsula da 20mm dal pattern unidirezionale cardioide\u00a0<strong>Focusrite\u00a0CM25 Mk III\u00a0<\/strong>offre\u00a0un\u2019ottima ripresa sonora con un carattere vivido, dettagliato si presta particolarmente nella registrazione delle voci e delle chitarre. La risposta in frequenza \u00e8 ampia, in quanto copre un range che va dai 30Hz ai 18kHz. In dotazione nella confezione troverai inoltre un adattatore rigido, snodabile per l\u2019installazione su asta microfonica, un cavo XLR da 3 metri e una spugna anti-pop. In pi\u00f9, Focusrite ha incluso nel bundle un ingegnoso supporto per microfono in cartone da tavolo, cos\u00ec potrai iniziare a registrare immediatamente.<\/p>\n<h2><strong>La cuffia chiusa\u00a0<\/strong><strong>Focusrite\u00a0SH-450<\/strong><\/h2>\n<p><strong>La SH-450<\/strong>\u00a0\u00e8 la nuova cuffia dal design circumaurale che, rispetto al modello precedente incluso in passato nei pacchetti\u00a0<strong>Scarlett Studio,<\/strong>\u00a0garantisce una risposta in frequenza pi\u00f9 ampia, dai 15 ai 30000Hz, con un\u2019impedenza di 32 Ohm.\u00a0<strong>SH-450<\/strong>\u00a0risulta poi molto confortevole e leggera grazie ai padiglioni pi\u00f9 larghi, che con la cospicua imbottitura distribuiscono meglio il peso e attenuano la stretta, e all\u2019archetto leggero anch\u2019esso ben imbottito.<\/p>\n<h2><strong>L\u2019interfaccia audio ideale per i cantautori<\/strong><\/h2>\n<p>Collega la chitarra all&#8217;ingresso jack per strumenti ad alta impedenza della\u00a0<strong>Scarlett Solo 4th Gen<\/strong>\u00a0e ti sembrer\u00e0 di usare un amplificatore dedicato. Collega un microfono all\u2019ingresso XLR preamplificato della Solo per ottenere subito un suono da studio. La serie\u00a0<strong>Scarlett<\/strong>\u00a0porta la qualit\u00e0 audio professionale\u00a0di\u00a0<a href=\"https:\/\/www.algameko.com\/it\/brands\/focusrite\"><strong>Focusrite<\/strong><\/a>\u00a0ovunque tu stia creando musica.<\/p>\n<h2><strong>I convertitori della serie Rednet<\/strong><\/h2>\n<p>Con\u00a0<strong>Scarlett Solo 4th Gen<\/strong>\u00a0registri con i convertitori a\u00a0<strong>192 kHz\/24 bit<\/strong>\u00a0identici a quelli delle interfacce\u00a0<a href=\"https:\/\/www.algameko.com\/it\/productsFT.php?str=rednet&amp;brand=Focusrite\"><strong>Rednet<\/strong><\/a>, la serie di punta del catalogo\u00a0<a href=\"https:\/\/www.algameko.com\/it\/brands\/focusrite\"><strong>Focusrite<\/strong><\/a>\u00a0presente in innumerevoli studi di registrazione professionali in tutto il mondo. Cattura ogni dettaglio sonoro.<\/p>\n<h2><strong>Modalit\u00e0 Air: il suono iconico di Focusrite<\/strong><\/h2>\n<p>La nota\u00a0<strong>funzione Air<\/strong>, nata per emulare il suono delle storiche console analogiche di\u00a0<a href=\"https:\/\/www.algameko.com\/it\/brands\/focusrite\"><strong>Focusrite<\/strong><\/a>, \u00e8 stata oggetto di un importante miglioramento in questa serie di quarta generazione: presenza analogica e saturazione DSP based. Siamo liberi di applicare solo quello analogico o entrambi a nostro piacimento. Fai risaltare\u00a0le tracce da te registrate all&#8217;interno del mix. Una volta provata, non potrai pi\u00f9 farne a meno.<\/p>\n<h2><strong>Ascolto in cuffia migliorato con la nuova SH-450<\/strong><\/h2>\n<p>Le cuffie closed-back SH-450 incluse nel pacchetto e l\u2019amplificatore progettato su misura, con un\u2019impedenza di 300 Ohm e un invidiabile range dinamico sono le condizioni perfette per la migliore riproduzione sonora che tu abbia mai ottenuto da un\u2019interfaccia Scarlett. Grazie ai controlli di volume indipendenti sull\u2019uscita cuffia e su quella Master monitor puoi registrare, mixare e riprodurre audio impostando a piacimento i livelli delle due uscite. Anche le cuffie ad alta impedenza di altri produttori ora suoneranno pi\u00f9 forte e pi\u00f9 lineari con la tua\u00a0<strong>Scarlett di quarta generazione<\/strong>.<\/p>\n<h2><strong>Loopback con tutte le Scarlett 4th Gen<\/strong><\/h2>\n<p>Vuoi campionare da altri software? Vuoi ricevere e processare nel tuo software DAW il segnale audio riprodotto da altri applicativi? Con il collegamento\u00a0<strong>Loopback<\/strong>\u00a0puoi trasmettere audio stereo dalle tue app di musica e da altri software direttamente nel tuo software DAW preferito grazie agli ingressi virtuali di\u00a0<strong>Scarlett Solo<\/strong>.<\/p>\n<h2><strong>Installazione e configurazione semplificata<\/strong><\/h2>\n<p>Collegati e di&#8217; allo strumento\u00a0<strong>Easy Start<\/strong>\u00a0di\u00a0<a href=\"https:\/\/www.algameko.com\/it\/brands\/focusrite\"><strong>Focusrite<\/strong><\/a>\u00a0come vuoi usare la tua\u00a0<strong>Scarlett<\/strong>. Lascia che ti guidi attraverso tutti i software e le configurazioni che ti occorrono, con tanto di consigli per la registrazione e altri utili contenuti lungo il percorso di set-up.<\/p>\n<h2><strong>Tutto il necessario per registrare, mixare e masterizzare la tua musica<\/strong><\/h2>\n<p>Non possiedi un software DAW?\u00a0Non preoccuparti, comincia a registrare e produrre musica con i software inclusi nella tua\u00a0<strong>Focusrite Scarlett di 4a Generazione<\/strong>:\u00a0<strong>Pro Tools Artist<\/strong>\u00a0(3 mesi di abbonamento gratis inclusi),\u00a0<strong>Ableton Live Lite<\/strong>\u00a0e il pacchetto\u00a0<a href=\"https:\/\/www.algameko.com\/it\/new\/focusrite-hitmaker-expansion-plug-in-gratis-scarlett-clarett\"><strong>Hitmaker Expansion<\/strong>\u00a0(clicca qui per tutte le informazioni<\/a>). Tutto ci\u00f2 che ti serve per dare ai tuoi brani i suoni di uno studio professionale, con una ricca gamma di strumenti per la registrazione sviluppati dai pi\u00f9 grandi brand del settore. Ottieni tracce vocali eccezionali con\u00a0<strong>Auto-Tune\u00ae Access di Antares\u00ae<\/strong>,\u00a0<strong>VoxDoubler di Sonnox<\/strong>\u00a0e il riverbero di\u00a0<strong>LX480 Essentials\u00a0<\/strong>della<strong>\u00a0Relab<\/strong>. Dai vita al suono delle tue chitarre con un\u2019emulazione estremamente realistica dell&#8217;amplificatore\u00a0<strong>Silver Jubilee 2555<\/strong>\u00a0di\u00a0<strong>Marshall\u00ae<\/strong>\u00a0creato dalla\u00a0<strong>Softube\u00ae<\/strong>, azienda leader nella modellazione analogica. Ti servono suoni di batteria? Nessun problema!\u00a0<strong>Addictive Drums 2: Studio Rock Kit di XLN Audio<\/strong>\u00ae \u00e8 ci\u00f2 che ti occorre per iniziare. Sintetizzatori e tastiere? Ci pensano il leggendario\u00a0<strong>Native Instruments\u00ae MASSIVE<\/strong>\u00a0e\u00a0<strong>Addictive Keys di XLN Audio\u00ae<\/strong>. E quando \u00e8 il momento di\u00a0<strong>mixare e masterizzare le tue tracce<\/strong>, puoi ottenere un suono pronto per la distribuzione grazie a all&#8217;esclusiva suite di\u00a0<strong>plug-in targati Focusrite<\/strong>e un\u00a0<strong>abbonamento di due mesi a Landr Studio<\/strong>\u00a0con\u00a0<strong>cinque master inclusi<\/strong>\u00a0da usare quando vuoi.\u00a0<a href=\"https:\/\/www.algameko.com\/it\/new\/focusrite-hitmaker-expansion-plug-in-gratis-scarlett-clarett\">Resta aggiornato sui software, i plug-in e altri abbonamenti inclusi con la tua\u00a0<strong>interfaccia Scarlett<\/strong>: clicca qui<\/a>.<\/p>\n<h2><strong>I tre anni di garanzia Focusrite<\/strong><\/h2>\n<p><iframe loading=\"lazy\" title=\"LA SCHEDA AUDIO PI\u00d9 FAMOSA AL MONDO \u00c8 STATA MIGLIORATA. BEST BUY. | Focusrite Scarlett 4th gen\" width=\"1220\" height=\"686\" src=\"https:\/\/www.youtube.com\/embed\/BL5LmtpMeus?feature=oembed\" frameborder=\"0\" allow=\"accelerometer; autoplay; clipboard-write; encrypted-media; gyroscope; picture-in-picture; web-share\" referrerpolicy=\"strict-origin-when-cross-origin\" allowfullscreen><\/iframe><\/p>\n","protected":false},"excerpt":{"rendered":"<p>Pacchetto che include interfaccia audio USB\u00a0Scarlett\u00a0Solo\u00a0di\u00a04a\u00a0Generazione,<\/p>\n<p>un microfono a condensatore a pattern cardioide CM25, il rispettivo cavo XLR da 3 metri,<\/p>\n<p>una spugna anti-pop e la cuffia chiusa dal design circumaurale SH-450 (risp. in Frequenza 15\/30000Hz; impedenza 32 Ohm).<\/p>\n","protected":false},"featured_media":1547,"template":"","meta":[],"product_brand":[],"product_cat":[146],"product_tag":[],"class_list":{"0":"post-1546","1":"product","2":"type-product","3":"status-publish","4":"has-post-thumbnail","6":"product_cat-home-recording","8":"first","9":"instock","10":"shipping-taxable","11":"product-type-simple"},"_links":{"self":[{"href":"https:\/\/musicaliborgna.com\/index.php?rest_route=\/wp\/v2\/product\/1546","targetHints":{"allow":["GET"]}}],"collection":[{"href":"https:\/\/musicaliborgna.com\/index.php?rest_route=\/wp\/v2\/product"}],"about":[{"href":"https:\/\/musicaliborgna.com\/index.php?rest_route=\/wp\/v2\/types\/product"}],"wp:featuredmedia":[{"embeddable":true,"href":"https:\/\/musicaliborgna.com\/index.php?rest_route=\/wp\/v2\/media\/1547"}],"wp:attachment":[{"href":"https:\/\/musicaliborgna.com\/index.php?rest_route=%2Fwp%2Fv2%2Fmedia&parent=1546"}],"wp:term":[{"taxonomy":"product_brand","embeddable":true,"href":"https:\/\/musicaliborgna.com\/index.php?rest_route=%2Fwp%2Fv2%2Fproduct_brand&post=1546"},{"taxonomy":"product_cat","embeddable":true,"href":"https:\/\/musicaliborgna.com\/index.php?rest_route=%2Fwp%2Fv2%2Fproduct_cat&post=1546"},{"taxonomy":"product_tag","embeddable":true,"href":"https:\/\/musicaliborgna.com\/index.php?rest_route=%2Fwp%2Fv2%2Fproduct_tag&post=1546"}],"curies":[{"name":"wp","href":"https:\/\/api.w.org\/{rel}","templated":true}]}}