{"id":1575,"date":"2024-04-23T16:48:30","date_gmt":"2024-04-23T16:48:30","guid":{"rendered":"https:\/\/musicaliborgna.com\/?post_type=product&#038;p=1575"},"modified":"2024-04-23T16:50:37","modified_gmt":"2024-04-23T16:50:37","slug":"m-audio-bx5-d3-monitor-da-studio","status":"publish","type":"product","link":"https:\/\/musicaliborgna.com\/?product=m-audio-bx5-d3-monitor-da-studio","title":{"rendered":"M-AUDIO BX5-D3 MONITOR DA STUDIO"},"content":{"rendered":"<p>Con il BX5-D3 di M-Audio, ogni dettaglio \u00e8 stato meticolosamente progettato con un obiettivo in mente: facilitare la libert\u00e0 di mixare con sicurezza. I monitor BX5-D3 sono dotati di una porta dei bassi montata sul retro, meticolosamente progettata per ottenere la lunghezza e il diametro esatti. Il risultato? Risposta dei bassi profonda e definita con la massima estensione e risoluzione dei bassi. Se combinati con una porta svasata, i monitor BX5-D3 riducono notevolmente le turbolenze dell&#8217;aria udibilmente intrusive che si verificano quando i bassi vengono riprodotti a livelli di pressione sonora (SPL) elevati. Il tweeter del BX5-D3 \u00e8 montato in una guida d&#8217;onda personalizzata per una dispersione affidabile e precisa che elimina la &#8220;dispersione&#8221; indesiderata delle alte frequenze, garantendo al tempo stesso un palcoscenico che rimane costantemente ampio e stabile. Per una configurazione perfetta e una facile individuazione della posizione di ascolto ottimale, il LED di posizionamento montato frontalmente del BX5-D3 brilla intensamente quando ti trovi nel punto di ascolto perfetto, per valutazioni critiche accurate e affidabili senza compromessi. Infine, il design iconico del BX5-D3 sul pannello frontale, la famosa forma a &#8220;buco della serratura&#8221; di M-Audio, \u00e8 molto pi\u00f9 di un semplice aspetto accattivante: questo speciale design &#8220;senza dispositivi di fissaggio&#8221; garantisce che non ci siano teste di viti di fissaggio del driver che interferiscano con il suono proveniente dai nostri autisti.<\/p>\n<h4 class=\"bx5-overview-header\">Potenza bi-amplificata in classe A\/B ad alta corrente e alta headroom<\/h4>\n<p>Efficiente e preciso: a pilotare i monitor BX5-D3 ci sono due amplificatori interni di Classe A\/B che alimentano separatamente il woofer e il tweeter, ciascuno ottimizzato per la gamma di frequenza specifica che gestisce e progettato per integrare le caratteristiche del driver associato. Un crossover sintonizzato con precisione garantisce che ciascun driver gestisca solo le frequenze che produce in modo pi\u00f9 efficiente per un suono coeso nell&#8217;intero spettro di frequenze. Suona pi\u00f9 forte con una distorsione meno udibile: il design bi-amplificato BX5-D3 \u00e8 un modo molto pi\u00f9 efficiente e accurato per alimentare un altoparlante rispetto all&#8217;utilizzo di un singolo amplificatore full-range per pilotare pi\u00f9 elementi driver.<\/p>\n<h4 class=\"bx5-overview-header\">Suono su misura<\/h4>\n<p>Noi di M-Audio siamo consapevoli che non esistono due spazi di ascolto uguali. Pertanto, i monitor BX5-D3 personalizzano il tuo suono in base al tuo ambiente, cos\u00ec potrai sempre sperimentare una riproduzione del suono fedele al vero e rassicurantemente accurata. Annulla le frequenze dei bassi problematiche e limita l&#8217;impatto delle fastidiose onde stazionarie grazie allo speciale controllo Acoustic Space del BX5-D3 per una regolazione precisa dell&#8217;uscita audio del BX5-D3 in linea con lo spazio del tuo studio.<\/p>\n<h4 class=\"bx5-overview-header\">Connettivit\u00e0 coperta<\/h4>\n<p>Qualunque siano le tue esigenze, i monitor da studio BX5-D3 garantiscono di integrarsi facilmente nella tua configurazione esistente. Combinando ingressi XLR montati posteriormente e bilanciati da 1\/4 pollici posizionati convenientemente, BX5-D3 si collega praticamente a tutte le apparecchiature da studio, comprese interfacce audio, mixer, apparecchiature per DJ e altro ancora.<\/p>\n<h4 class=\"bx5-overview-header\">\u00c8 molto pi\u00f9 della somma delle sue parti<\/h4>\n<p>I monitor BX5-D3 di M-Audio eccellono sotto ogni aspetto, il legittimo successore dell&#8217;icona dello studio originale. Unendo driver eccellenti, custodie meticolosamente progettate, amplificatori dal suono eccezionale, opzioni di controllo versatili e strutture di connessione standardizzate, BX5-D3 offre una qualit\u00e0 del suono di cui ti puoi fidare.<\/p>\n<h4 class=\"bx5-overview-header\">Caratteristiche principali<\/h4>\n<ul>\n<li>Design bi-amplificato da 100 watt (60 LF, 40 HF) per un suono potente e preciso<\/li>\n<li>Driver a bassa frequenza in Kevlar da 5&#8243; con bobina mobile ad alta temperatura e rivestimento in gomma smorzata<\/li>\n<li>Il tweeter a cupola in seta naturale da 1&#8243; offre superbi dettagli transitori<\/li>\n<li>Nuova guida d&#8217;onda del tweeter ottimizzata al computer per immagini precise<\/li>\n<li>Acoustic Space Control per ottimizzare la risposta di fascia bassa nella tua stanza<\/li>\n<li>Porta posteriore ottimizzata per una risposta estesa alle basse frequenze<\/li>\n<li>Ingressi XLR bilanciati e bilanciati\/sbilanciati da 1\/4&#8243; per il collegamento di interfacce audio, mixer, sintetizzatori, apparecchiature per DJ e altro ancora<\/li>\n<li>Il controllo del volume consente di regolare il livello di riproduzione del monitor perfetto<\/li>\n<li>La risposta in frequenza con una gamma ultra ampia di 52-35kHz copre l&#8217;intero spettro musicale<\/li>\n<li>Il LED del pannello frontale si illumina intensamente quando l&#8217;altoparlante \u00e8 posizionato all&#8217;angolazione ideale del monitor<\/li>\n<li>\n<table>\n<tbody>\n<tr>\n<td class=\"bx5-specs-header\" width=\"400\">TIPO<\/td>\n<td>Monitor di riferimento da studio a campo vicino a 2 vie<\/td>\n<\/tr>\n<tr>\n<td class=\"bx5-specs-header\">BASSA FREQUENZA AUTISTA<\/td>\n<td>Cono curvo in Kevlar da 5 pollici (127 mm) con bobina mobile ad alta temperatura e rivestimento in gomma smorzata. Schermato magneticamente<\/td>\n<\/tr>\n<tr>\n<td class=\"bx5-specs-header\">ALTA FREQUENZA AUTISTA<\/td>\n<td>Cupola in seta naturale schermata magneticamente da 1 pollice (25 mm).<\/td>\n<\/tr>\n<tr>\n<td class=\"bx5-specs-header\">RISPOSTA IN FREQUENZA<\/td>\n<td>52 Hz \u2013 35 kHz<\/td>\n<\/tr>\n<tr>\n<td class=\"bx5-specs-header\">FREQUENZA DI CROSSOVER<\/td>\n<td>2,5 kHz<\/td>\n<\/tr>\n<tr>\n<td class=\"bx5-specs-header\">BASSA FREQUENZA POTENZA DELL&#8217;AMPLIFICATORE<\/td>\n<td>60 W<\/td>\n<\/tr>\n<tr>\n<td class=\"bx5-specs-header\">ALTA FREQUENZA POTENZA DELL&#8217;AMPLIFICATORE<\/td>\n<td>40 W<\/td>\n<\/tr>\n<tr>\n<td class=\"bx5-specs-header\">SPL DI PICCO MASSIMO<\/td>\n<td>110 dB SPL &#8211; Misurazione del rumore rosa a larghezza di banda completa<\/td>\n<\/tr>\n<tr>\n<td class=\"bx5-specs-header\">SENSIBILIT\u00c0 DI INGRESSO<\/td>\n<td>-10dBU<\/td>\n<\/tr>\n<tr>\n<td class=\"bx5-specs-header\">CONNETTORI DI INGRESSO<\/td>\n<td>1x connettore di ingresso bilanciato XLR 1x connettore di ingresso TRS bilanciato\/sbilanciato<\/td>\n<\/tr>\n<tr>\n<td class=\"bx5-specs-header\">IMPEDENZA DI INGRESSO<\/td>\n<td>10k\u03a9 bilanciato, 20k\u03a9 sbilanciato<\/td>\n<\/tr>\n<tr>\n<td class=\"bx5-specs-header\">POLARIT\u00c0<\/td>\n<td>Il segnale positivo all&#8217;ingresso + produce lo spostamento del cono LF verso l&#8217;esterno<\/td>\n<\/tr>\n<tr>\n<td class=\"bx5-specs-header\">PROTEZIONE<\/td>\n<td>Interferenza RF, limitazione della corrente in uscita, surriscaldamento, transitorio di attivazione\/disattivazione, filtro subsonico, fusibile di rete esterno<\/td>\n<\/tr>\n<tr>\n<td class=\"bx5-specs-header\">ENERGIA<\/td>\n<td><strong>Voltaggio:<\/strong>\u00a0100\u2013120 V, 50\/60 Hz \/ 220\u2013240 V, 50\/60 Hz\u00a0<strong>Consumo:<\/strong>\u00a0100 W<\/td>\n<\/tr>\n<tr>\n<td class=\"bx5-specs-header\">FUSIBILE<\/td>\n<td>220\u2013240 V~ T1AL 250 V \/ 100\u2013120 V~ T1.6AL 250 V<\/td>\n<\/tr>\n<tr>\n<td class=\"bx5-specs-header\">MOBILETTO<\/td>\n<td>MDF ad alta efficienza acustica laminato vinilico<\/td>\n<\/tr>\n<tr>\n<td class=\"bx5-specs-header\">DIMENSIONI (LARGHEZZA X PROFONDIT\u00c0 X ALTEZZA)<\/td>\n<td>6,9&#8243; x 7,8&#8243; x 10&#8243; \/ 176 x 197 x 254 mm<\/td>\n<\/tr>\n<tr>\n<td class=\"bx5-specs-header\">PESO<\/td>\n<td>12,3 libbre, 5,6 kg<\/td>\n<\/tr>\n<\/tbody>\n<\/table>\n<\/li>\n<\/ul>\n","protected":false},"excerpt":{"rendered":"<h4 class=\"bx5-overview-header\">Il monitoraggio delle prestazioni inizia dall&#8217;eccellenza dei conducenti<\/h4>\n<p>I driver di un monitor sono il cuore e l&#8217;anima delle sue prestazioni. Guidando la fascia bassa e media,<\/p>\n<p>i woofer Kevlar\u00ae di grado militare da 5 pollici del BX5-D3 sono rigidi e leggeri, offrendo un&#8217;eccezionale risposta transitoria eliminando la &#8220;rottura del cono&#8221; indesiderata.<\/p>\n<p>Il tweeter a cupola in seta trattata del BX5-D3 offre la perfetta combinazione di massa ridotta e assenza di risonanze udibili che affliggono i tweeter convenzionali.<\/p>\n<p>Insieme, i driver BX offrono dettagli critici, sfumature e precisione dinamica, cos\u00ec i tuoi mix hanno la veridicit\u00e0 e la trasparenza che richiedi.<\/p>\n","protected":false},"featured_media":1576,"template":"","meta":[],"product_brand":[],"product_cat":[146],"product_tag":[],"class_list":{"0":"post-1575","1":"product","2":"type-product","3":"status-publish","4":"has-post-thumbnail","6":"product_cat-home-recording","8":"first","9":"instock","10":"shipping-taxable","11":"product-type-simple"},"_links":{"self":[{"href":"https:\/\/musicaliborgna.com\/index.php?rest_route=\/wp\/v2\/product\/1575","targetHints":{"allow":["GET"]}}],"collection":[{"href":"https:\/\/musicaliborgna.com\/index.php?rest_route=\/wp\/v2\/product"}],"about":[{"href":"https:\/\/musicaliborgna.com\/index.php?rest_route=\/wp\/v2\/types\/product"}],"wp:featuredmedia":[{"embeddable":true,"href":"https:\/\/musicaliborgna.com\/index.php?rest_route=\/wp\/v2\/media\/1576"}],"wp:attachment":[{"href":"https:\/\/musicaliborgna.com\/index.php?rest_route=%2Fwp%2Fv2%2Fmedia&parent=1575"}],"wp:term":[{"taxonomy":"product_brand","embeddable":true,"href":"https:\/\/musicaliborgna.com\/index.php?rest_route=%2Fwp%2Fv2%2Fproduct_brand&post=1575"},{"taxonomy":"product_cat","embeddable":true,"href":"https:\/\/musicaliborgna.com\/index.php?rest_route=%2Fwp%2Fv2%2Fproduct_cat&post=1575"},{"taxonomy":"product_tag","embeddable":true,"href":"https:\/\/musicaliborgna.com\/index.php?rest_route=%2Fwp%2Fv2%2Fproduct_tag&post=1575"}],"curies":[{"name":"wp","href":"https:\/\/api.w.org\/{rel}","templated":true}]}}