{"id":1680,"date":"2024-04-27T08:04:36","date_gmt":"2024-04-27T08:04:36","guid":{"rendered":"https:\/\/musicaliborgna.com\/?post_type=product&#038;p=1680"},"modified":"2024-04-27T08:04:36","modified_gmt":"2024-04-27T08:04:36","slug":"radial-engineering-usb-pro","status":"publish","type":"product","link":"https:\/\/musicaliborgna.com\/?product=radial-engineering-usb-pro","title":{"rendered":"RADIAL ENGINEERING &#8211; USB-PRO"},"content":{"rendered":"<h1><strong>USB-Pro\u2122\u00a0DI di Radial Engineering\u00a0<\/strong>\u00e8 un convertitore stereo digitale audio (<strong>DAC<\/strong>) ad alta risoluzione\u00a0<strong>(24bit\/96kHz)<\/strong>, con\u00a0<strong>Direct Box<\/strong>\u00a0integrato. Progettato appositamente per la connessione di qualsiasi sistema di computer ad un mixer professionale, consente di ottenere prestazioni audio d&#8217;alta qualit\u00e0 senza bisogno\u00a0di driver aggiuntivi.<\/h1>\n<h1><strong>USB-Pro\u2122\u00a0DI di Radial Engineering\u00a0<\/strong>\u00e8 un convertitore stereo digitale audio (<strong>DAC<\/strong>) ad alta risoluzione\u00a0<strong>(24bit\/96kHz)<\/strong>, con\u00a0<strong>Direct Box<\/strong>\u00a0integrato. Progettato appositamente per la connessione di qualsiasi sistema di computer ad un mixer professionale, consente di ottenere prestazioni audio d&#8217;alta qualit\u00e0 senza bisogno\u00a0di driver aggiuntivi.<\/h1>\n<p><img decoding=\"async\" title=\"USB Pro convertitore DAC a 24 bit ad elevate prestazioni, non necessita di driver aggiuntivi, uscita analogica cuffie da 3,5mm per il controllo del segnale, Uscite Lo-Z bilanciate con isolamento commutabile\" src=\"https:\/\/www.algameko.com\/images\/uploads\/\/USB-Pro_1200x630_01.jpg\" alt=\"USB Pro convertitore DAC a 24 bit ad elevate prestazioni, non necessita di driver aggiuntivi, uscita analogica cuffie da 3,5mm per il controllo del segnale, Uscite Lo-Z bilanciate con isolamento commutabile\" \/><\/p>\n<h2><strong>Caratteristiche di rilievo<\/strong><\/h2>\n<ul>\n<li><strong>Convertitore audio digitale 24bit\/96kHz ad alte prestazioni<\/strong><\/li>\n<li><strong>Plug &amp; Play, nessun driver\u00a0aggiuntivo richiesto<\/strong><\/li>\n<li><strong>Uscita analogica cuffie da 3,5mm per il controllo del segnale<\/strong><\/li>\n<li><strong>Uscite Lo-Z bilanciate con isolamento commutabile<\/strong><\/li>\n<li><strong>Uscite XLR bilanciate per il collegamento ad\u00a0un mixer<\/strong><\/li>\n<\/ul>\n<p>USB-Pro \u00e8 il dispositivo pi\u00f9\u00a0pratico e semolice da in grado di fornire una connessione audio d\u2019alta qualit\u00e0 e priva di rumore tra un computer portatile e qualsiasi sistema d\u2019amplificazione. Utile per riprodurre tracce musicali, fornire audio ad una presentazione, oppure supportare la performance di un DJ sul palco.\u00a0USB-Pro \u00e8 una scheda Plug &amp; Play una volta collegata al computer viene rilevata automaticamente come dispositivo audio nei sistemi operativi pi\u00f9 diffusi come Windows e Mac. Possiede convertitori digitali\/analogici a 24 bit\/96 kHz per prestazioni audio d\u2019alta qualit\u00e0, mentre una coppia stereo di uscite XLR bilanciate consente il collegamento a un preamplificatore microfonico, a un sistema PA, a una console di missaggio o anche a un diffusore amplificato, con il controllo di livello integrato per regolare il volume d\u2019uscita in modo rapido e diretto. Sono presenti, inoltre, pulsante per il Ground Lift e trasformatori d\u2019isolamento per eliminare ronzii e ronzii da loop di massa.<\/p>\n<p><img decoding=\"async\" title=\"USB-Pro \u00e8 il dispositivo pi\u00f9\u00a0pratico e semolice da in grado di fornire una connessione audio d\u2019alta qualit\u00e0 e priva di rumore tra un computer portatile e qualsiasi sistema d\u2019amplificazione\" src=\"https:\/\/www.algameko.com\/images\/uploads\/\/USB-Pro-1200x630-02.jpg\" alt=\"USB-Pro \u00e8 il dispositivo pi\u00f9\u00a0pratico e semolice da in grado di fornire una connessione audio d\u2019alta qualit\u00e0 e priva di rumore tra un computer portatile e qualsiasi sistema d\u2019amplificazione\" \/><\/p>\n<h2><strong>Applicazioni di USB-Pro\u2122\u00a0DI USB Stereo<\/strong><\/h2>\n<p>La connessione al computer avviene attraverso una porta USB standard di tipo-B. La conversione digitale-analogica pu\u00f2 essere monitorata in cuffia attraverso l&#8217;uscita analogica da 3,5 mm per verificare la qualit\u00e0 del segnale e il livello prima del collegamento a un sistema audio. \u00c8 possibile attivare un interruttore mono-sum per verificare la fasatura o per il collegamento a un sistema mono. In caso di rumori o ronzii causati dai loop di massa, due interruttori incassati lateralmente consentono all&#8217;utente di inserire i trasformatori di isolamento nel percorso del segnale. Per ridurre ulteriormente la sensibilit\u00e0 al rumore, \u00e8 presente un interruttore Ground-lift che solleva il polo 1 su entrambe le prese XLR.\u00a0Come tutti i prodotti Radial, USB-Pro \u00e8 progettato per sopportare i rigori dei tour professionali. Il nostro design unico a libro crea zone di protezione attorno a interruttori, connettori e controlli. Al suo interno, la costruzione I-Beam assicura ampia protezione alla delicata scheda PC interna. Infine, un inserto antiscivolo sul fondo fornisce l&#8217;isolamento meccanico ed elettrico garantendo un funzionamento silenzioso.<\/p>\n<div class=\"row\">\n<div class=\"col-md-6 col-sm-12\">\n<h3><strong>Utilizzo di USB-Pro con un laptop<\/strong><\/h3>\n<p>Niente \u00e8 pi\u00f9 semplice dell\u2019utilizzo di USB-Pro! Collegatelo a un computer portatile ed avrete a disposizione automaticamente i file audio digitali per un suono stereo incredibile grazie ai convertitori digitale-analogico a 24 bit. Per iniziare, \u00e8 sufficiente collegare le uscite agli ingressi microfonici del vostro mixer o a qualsiasi dispositivo line-level a +4dB.<\/p>\n<\/div>\n<div class=\"col-md-6 col-sm-12\">\n<p><img decoding=\"async\" title=\"Collegatelo a un computer portatile ed avrete a disposizione automaticamente i file audio digitali per un suono stereo incredibile grazie ai convertitori digitale-analogico a 24 bit. Per iniziare, \u00e8 sufficiente collegare le uscite agli ingressi microfonici del vostro mixer o a qualsiasi dispositivo line-level a +4dB.\" src=\"https:\/\/www.algameko.com\/img\/media\/images\/html\/Network%20A_6bf1.png\" alt=\"Collegatelo a un computer portatile ed avrete a disposizione automaticamente i file audio digitali per un suono stereo incredibile grazie ai convertitori digitale-analogico a 24 bit. Per iniziare, \u00e8 sufficiente collegare le uscite agli ingressi microfonici del vostro mixer o a qualsiasi dispositivo line-level a +4dB.\" \/><\/p>\n<\/div>\n<\/div>\n<hr \/>\n<div class=\"row\">\n<div class=\"col-md-6 col-sm-12\">\n<h3><strong>Utilizzo di USB-Pro in studio<\/strong><\/h3>\n<p>Convertite i file dei vostri clienti istantaneamente! Basta collegare il portatile alla porta USB-Pro e trasferire i file al sistema di registrazione alla massima velocit\u00e0 di campionamento e con la migliore fedelt\u00e0 audio. L&#8217;amplificatore per cuffie integrato facilita il controllo dell&#8217;integrit\u00e0 del segnale.<\/p>\n<\/div>\n<div class=\"col-md-6 col-sm-12\">\n<p><img decoding=\"async\" title=\"Convertite i file dei vostri clienti istantaneamente! Basta collegare il portatile alla porta USB-Pro e trasferire i file al sistema di registrazione alla massima velocit\u00e0 di campionamento e con la migliore fedelt\u00e0 audio. L'amplificatore per cuffie integrato facilita il controllo dell'integrit\u00e0 del segnale.\" src=\"https:\/\/www.algameko.com\/img\/media\/images\/html\/Network%20B_d78d.png\" alt=\"Convertite i file dei vostri clienti istantaneamente! Basta collegare il portatile alla porta USB-Pro e trasferire i file al sistema di registrazione alla massima velocit\u00e0 di campionamento e con la migliore fedelt\u00e0 audio. L'amplificatore per cuffie integrato facilita il controllo dell'integrit\u00e0 del segnale.\" \/><\/p>\n<\/div>\n<\/div>\n<hr \/>\n<div class=\"row\">\n<div class=\"col-md-6 col-sm-12\">\n<h3><strong>Utilizzo di USB-Pro per una presentazione video<\/strong><\/h3>\n<p>Chiunque abbia cercato di inserire l\u2019audio con un proiettore sa che il rumore pu\u00f2 essere un problema serio. USB-Pro \u00e8 dotato di trasformatori di isolamento che eliminano disturbi e ronzii causati dalla corrente DC vagante e dai loop di massa.<\/p>\n<\/div>\n<div class=\"col-md-6 col-sm-12\">\n<p><img decoding=\"async\" title=\"Chiunque abbia cercato di inserire l\u2019audio con un proiettore sa che il rumore pu\u00f2 essere un problema serio. USB-Pro \u00e8 dotato di trasformatori di isolamento che eliminano disturbi e ronzii causati dalla corrente DC vagante e dai loop di massa.\" src=\"https:\/\/www.algameko.com\/img\/media\/images\/html\/Network%20C_169c.png\" alt=\"Chiunque abbia cercato di inserire l\u2019audio con un proiettore sa che il rumore pu\u00f2 essere un problema serio. USB-Pro \u00e8 dotato di trasformatori di isolamento che eliminano disturbi e ronzii causati dalla corrente DC vagante e dai loop di massa.\" \/><\/p>\n<\/div>\n<\/div>\n<h2><u><strong>Specifiche tecniche USB Pro<\/strong><\/u><\/h2>\n<ul>\n<li>Tipo di circuito audio:\u00a0\u00a0\u00a0 Decoder Custom con Analog Line Drive<\/li>\n<li>Risposta in frequenza:\u00a0\u00a0 5Hz ~ 40kHz (30Hz ~ 18kHz con isolamento)<\/li>\n<li>Dinamica:\u00a0\u00a0\u00a0\u00a0\u00a0\u00a0\u00a0\u00a0\u00a0\u00a0\u00a0 &gt;90dB<\/li>\n<li>Guadagno &#8211; Gain:\u00a0\u00a0\u00a0\u00a0\u00a0\u00a0\u00a0\u00a0\u00a0\u00a0\u00a0\u00a0 +8dBu<\/li>\n<li>Distorsione armonica totale:\u00a0\u00a0\u00a0\u00a0\u00a0\u00a0 0.01%<\/li>\n<li>Impedenza d\u2019uscita:\u00a0\u00a0\u00a0\u00a0\u00a0\u00a0\u00a0 250\u2126 nominale<\/li>\n<li>Rumore residuo:\u00a0\u00a0\u00a0\u00a0\u00a0\u00a0\u00a0\u00a0\u00a0\u00a0\u00a0\u00a0\u00a0 -90dB<\/li>\n<li>Massimo livello d\u2019uscita:\u00a0\u00a0\u00a0\u00a0\u00a0\u00a0\u00a0\u00a0\u00a0\u00a0\u00a0\u00a0\u00a0\u00a0 +8dBu<\/li>\n<li>Compatibilit\u00e0:\u00a0\u00a0 Software: Windows XP\/Vista\/Win7\/Win8\/Win10 e Mac OS &#8211; Sound file: WDM, MME, CoreAudio, DirectSound, WASAPI e .WAV<\/li>\n<\/ul>\n<p><strong>Caratteristiche<\/strong><\/p>\n<ul>\n<li>Mono Sum, Ground lift, Level Control, Headphone<\/li>\n<li>Connettore d\u2019ingresso:\u00a0 USB di tipo B<\/li>\n<li>Connettori d\u2019uscita:\u00a0\u00a0\u00a0\u00a0\u00a0\u00a0\u00a0 2 x XLR-M, 3.5mm uscita cuffia<\/li>\n<li>Extra:\u00a0\u00a0\u00a0 USB 1.1 full speed, Frequenza di campionamento: 44.1kHz \/ 48kHz \/ 96kHz auto sensing, 75dBu separazione stereo<\/li>\n<\/ul>\n<p><strong>Caratteristiche Generali<\/strong><\/p>\n<ul>\n<li>Costruzione:\u00a0\u00a0\u00a0\u00a0\u00a0 Acciaio calibro 14<\/li>\n<li>Dimensioni (L x W x D): 127 x 84 x 48mm &#8211; 5.0&#8243; x 3.3&#8243; x 2&#8243;<\/li>\n<li>Peso:\u00a0\u00a0\u00a0\u00a0 0.68kg &#8211; 1.5 lb<\/li>\n<li>Alimentazione: da Bus USB 500mA max.<\/li>\n<li>Condizioni d\u2019uso:\u00a0\u00a0\u00a0\u00a0\u00a0\u00a0\u00a0\u00a0\u00a0\u00a0\u00a0\u00a0 in luoghi asciutti solo tra 5\u00b0C e 40\u00b0C<\/li>\n<\/ul>\n","protected":false},"excerpt":{"rendered":"<p>Radial USB-Pro \u00e8 un convertitore stereo digitale audio (DAC) ad alta risoluzione e direct box progettato<\/p>\n<p>per la connessione a qualsiasi sistema di computer e la conversione senza problemi di audio da digitale ad analogico.<\/p>\n","protected":false},"featured_media":1681,"template":"","meta":[],"product_brand":[],"product_cat":[151],"product_tag":[],"class_list":{"0":"post-1680","1":"product","2":"type-product","3":"status-publish","4":"has-post-thumbnail","6":"product_cat-cavi","8":"first","9":"instock","10":"shipping-taxable","11":"product-type-simple"},"_links":{"self":[{"href":"https:\/\/musicaliborgna.com\/index.php?rest_route=\/wp\/v2\/product\/1680","targetHints":{"allow":["GET"]}}],"collection":[{"href":"https:\/\/musicaliborgna.com\/index.php?rest_route=\/wp\/v2\/product"}],"about":[{"href":"https:\/\/musicaliborgna.com\/index.php?rest_route=\/wp\/v2\/types\/product"}],"wp:featuredmedia":[{"embeddable":true,"href":"https:\/\/musicaliborgna.com\/index.php?rest_route=\/wp\/v2\/media\/1681"}],"wp:attachment":[{"href":"https:\/\/musicaliborgna.com\/index.php?rest_route=%2Fwp%2Fv2%2Fmedia&parent=1680"}],"wp:term":[{"taxonomy":"product_brand","embeddable":true,"href":"https:\/\/musicaliborgna.com\/index.php?rest_route=%2Fwp%2Fv2%2Fproduct_brand&post=1680"},{"taxonomy":"product_cat","embeddable":true,"href":"https:\/\/musicaliborgna.com\/index.php?rest_route=%2Fwp%2Fv2%2Fproduct_cat&post=1680"},{"taxonomy":"product_tag","embeddable":true,"href":"https:\/\/musicaliborgna.com\/index.php?rest_route=%2Fwp%2Fv2%2Fproduct_tag&post=1680"}],"curies":[{"name":"wp","href":"https:\/\/api.w.org\/{rel}","templated":true}]}}