{"id":1689,"date":"2024-04-27T08:20:00","date_gmt":"2024-04-27T08:20:00","guid":{"rendered":"https:\/\/musicaliborgna.com\/?post_type=product&#038;p=1689"},"modified":"2024-04-27T08:20:00","modified_gmt":"2024-04-27T08:20:00","slug":"radial-engineering-sb7","status":"publish","type":"product","link":"https:\/\/musicaliborgna.com\/?product=radial-engineering-sb7","title":{"rendered":"RADIAL ENGINEERING &#8211; SB7"},"content":{"rendered":"<h1><strong>Radial StageBug SB-7 Earmuff<\/strong>\u00a0\u00e8 in dispositivo passivo che permette di gestire il tuo ascolto live in cuffia con estrema facilit\u00e0!\u00a0Il design inizia con un ingresso stereo TRS da \u00bc\u201d su un lato che accetta un mix di cuffie standard insieme a un controllo di livello. Sull&#8217; altro lato del SB-7 \u00e8 presente l&#8217;uscita amplificata, una scelta di cuffie standard da \u00bc&#8221; o di auricolari da 3,5 mm (1\/8&#8243;) fornisce una connettivit\u00e0 istantanea senza la necessit\u00e0 di un adattatore speciale. Un interruttore mono consente all&#8217;artista di sommare la traccia di riproduzione stereo sinistra-destra in mono in modo che tutti gli strumenti siano indirizzati su entrambi i lati delle cuffie. Oppure, premendo l&#8217;interruttore &#8220;off&#8221; si disattiva l&#8217;orecchio sinistro delle cuffie \u00a0lasciando inalterato il lato destro.\u00a0Poich\u00e9 il \u00a0Radial SB-7 \u00e8 completamente passivo, non \u00e8 necessaria alimentazione esterna n\u00e9 il prodotto introdurr\u00e0 alcuna distorsione o artefatto nel percorso del segnale. Collegalo ed \u00e8 praticamente pronto per l&#8217;uso.<\/h1>\n","protected":false},"excerpt":{"rendered":"<p>\u00c8 un sistema di gestione del monitoring in cuffia pensato per un utilizzo live.<\/p>\n<p>Design passivo, possibilit\u00e0 di effettuare mute e mono summing.<\/p>\n","protected":false},"featured_media":1690,"template":"","meta":[],"product_brand":[],"product_cat":[151],"product_tag":[],"class_list":{"0":"post-1689","1":"product","2":"type-product","3":"status-publish","4":"has-post-thumbnail","6":"product_cat-cavi","8":"first","9":"instock","10":"shipping-taxable","11":"product-type-simple"},"_links":{"self":[{"href":"https:\/\/musicaliborgna.com\/index.php?rest_route=\/wp\/v2\/product\/1689","targetHints":{"allow":["GET"]}}],"collection":[{"href":"https:\/\/musicaliborgna.com\/index.php?rest_route=\/wp\/v2\/product"}],"about":[{"href":"https:\/\/musicaliborgna.com\/index.php?rest_route=\/wp\/v2\/types\/product"}],"wp:featuredmedia":[{"embeddable":true,"href":"https:\/\/musicaliborgna.com\/index.php?rest_route=\/wp\/v2\/media\/1690"}],"wp:attachment":[{"href":"https:\/\/musicaliborgna.com\/index.php?rest_route=%2Fwp%2Fv2%2Fmedia&parent=1689"}],"wp:term":[{"taxonomy":"product_brand","embeddable":true,"href":"https:\/\/musicaliborgna.com\/index.php?rest_route=%2Fwp%2Fv2%2Fproduct_brand&post=1689"},{"taxonomy":"product_cat","embeddable":true,"href":"https:\/\/musicaliborgna.com\/index.php?rest_route=%2Fwp%2Fv2%2Fproduct_cat&post=1689"},{"taxonomy":"product_tag","embeddable":true,"href":"https:\/\/musicaliborgna.com\/index.php?rest_route=%2Fwp%2Fv2%2Fproduct_tag&post=1689"}],"curies":[{"name":"wp","href":"https:\/\/api.w.org\/{rel}","templated":true}]}}