{"id":1738,"date":"2024-04-27T13:42:06","date_gmt":"2024-04-27T13:42:06","guid":{"rendered":"https:\/\/musicaliborgna.com\/?post_type=product&#038;p=1738"},"modified":"2024-04-27T13:42:06","modified_gmt":"2024-04-27T13:42:06","slug":"custodia-portacavi-serie-200-linea-standard","status":"publish","type":"product","link":"https:\/\/musicaliborgna.com\/?product=custodia-portacavi-serie-200-linea-standard","title":{"rendered":"Custodia portacavi serie 200 Linea standard"},"content":{"rendered":"<p>La custodia portacavi\u00a0<strong>200<\/strong>\u00a0si difende alla grande per\u00a0<strong>semplicit\u00e0<\/strong>,\u00a0<strong>intelligenza<\/strong>\u00a0e\u00a0<strong>affidabilit\u00e0<\/strong>. La scelta perfetta alla ricerca di una\u00a0<strong>custodia emblematica<\/strong>\u00a0della storia dell&#8217;azienda. Essenza di ci\u00f2 per cui \u00e8 stata concepita. Uno spazio duttile in cui organizzare tutti i cavi e ci\u00f2 che ti serve per i tuoi strumenti.<\/p>\n<div class=\"product-skills-container\">\n<h3>SKILL<\/h3>\n<div class=\"skill-list\">\n<div class=\"skill-item\"><img decoding=\"async\" src=\"https:\/\/www.stefyline.com\/images\/cache\/data\/prodotti\/skill\/5_idrorepellente-60x60.png\" alt=\"Water repellent external fabric\" \/>Water repellent external fabric<\/div>\n<div class=\"skill-item\"><img decoding=\"async\" src=\"https:\/\/www.stefyline.com\/images\/cache\/data\/prodotti\/skill\/1_peso-ridotto-60x60.png\" alt=\"Light weight (-20%)\" \/>Light weight (-20%)<\/div>\n<div class=\"skill-item\"><img decoding=\"async\" src=\"https:\/\/www.stefyline.com\/images\/cache\/data\/prodotti\/skill\/2_bilanciamento-pesi-60x60.png\" alt=\"Optimal weight balance\" \/>Optimal weight balance<\/div>\n<div class=\"skill-item\"><img decoding=\"async\" src=\"https:\/\/www.stefyline.com\/images\/cache\/data\/prodotti\/skill\/3_adatto-a-volare-60x60.png\" alt=\"On board\" \/>On board<\/div>\n<div class=\"skill-item\"><img decoding=\"async\" src=\"https:\/\/www.stefyline.com\/images\/cache\/data\/prodotti\/skill\/10_tasca-smartphone-60x60.png\" alt=\"Smartphone sleeve\" \/>Smartphone sleeve<\/div>\n<\/div>\n<\/div>\n<div class=\"product-sheet-container\">\n<h3>SPECIFICHE TECNICHE<\/h3>\n<table class=\"table\">\n<tbody>\n<tr>\n<td>Esterno<\/td>\n<td>Poliestere 600D<\/td>\n<\/tr>\n<tr>\n<td>Interno<\/td>\n<td>Poliestere 600D<\/td>\n<\/tr>\n<tr>\n<td>Apertura<\/td>\n<td>Cerniera<\/td>\n<\/tr>\n<tr>\n<td>N. tracolle<\/td>\n<td>1<\/td>\n<\/tr>\n<tr>\n<td>N. maniglie<\/td>\n<td>1<\/td>\n<\/tr>\n<tr>\n<td>N. tasche<\/td>\n<td>1<\/td>\n<\/tr>\n<\/tbody>\n<\/table>\n<div class=\"product-compatibility-container\">\n<h3>COMPATIBILIT\u00c0 STRUMENTI<\/h3>\n<table class=\"table\">\n<tbody>\n<tr>\n<td>CB200_65<\/td>\n<td>65x35x35 cm<\/td>\n<\/tr>\n<\/tbody>\n<\/table>\n<\/div>\n<\/div>\n","protected":false},"excerpt":{"rendered":"<p>La custodia portacavi\u00a0<strong>200<\/strong>\u00a0si difende alla grande per<\/p>\n<p><strong>semplicit\u00e0<\/strong>,<\/p>\n<p><strong>intelligenza<\/strong>\u00a0e\u00a0<strong>affidabilit\u00e0.<\/strong><\/p>\n","protected":false},"featured_media":1739,"template":"","meta":[],"product_brand":[],"product_cat":[152],"product_tag":[],"class_list":{"0":"post-1738","1":"product","2":"type-product","3":"status-publish","4":"has-post-thumbnail","6":"product_cat-custodie_e_borse","8":"first","9":"instock","10":"shipping-taxable","11":"product-type-simple"},"_links":{"self":[{"href":"https:\/\/musicaliborgna.com\/index.php?rest_route=\/wp\/v2\/product\/1738","targetHints":{"allow":["GET"]}}],"collection":[{"href":"https:\/\/musicaliborgna.com\/index.php?rest_route=\/wp\/v2\/product"}],"about":[{"href":"https:\/\/musicaliborgna.com\/index.php?rest_route=\/wp\/v2\/types\/product"}],"wp:featuredmedia":[{"embeddable":true,"href":"https:\/\/musicaliborgna.com\/index.php?rest_route=\/wp\/v2\/media\/1739"}],"wp:attachment":[{"href":"https:\/\/musicaliborgna.com\/index.php?rest_route=%2Fwp%2Fv2%2Fmedia&parent=1738"}],"wp:term":[{"taxonomy":"product_brand","embeddable":true,"href":"https:\/\/musicaliborgna.com\/index.php?rest_route=%2Fwp%2Fv2%2Fproduct_brand&post=1738"},{"taxonomy":"product_cat","embeddable":true,"href":"https:\/\/musicaliborgna.com\/index.php?rest_route=%2Fwp%2Fv2%2Fproduct_cat&post=1738"},{"taxonomy":"product_tag","embeddable":true,"href":"https:\/\/musicaliborgna.com\/index.php?rest_route=%2Fwp%2Fv2%2Fproduct_tag&post=1738"}],"curies":[{"name":"wp","href":"https:\/\/api.w.org\/{rel}","templated":true}]}}