{"id":1777,"date":"2024-04-27T16:29:11","date_gmt":"2024-04-27T16:29:11","guid":{"rendered":"https:\/\/musicaliborgna.com\/?post_type=product&#038;p=1777"},"modified":"2024-04-27T16:29:11","modified_gmt":"2024-04-27T16:29:11","slug":"radial-engineering-proms2","status":"publish","type":"product","link":"https:\/\/musicaliborgna.com\/?product=radial-engineering-proms2","title":{"rendered":"RADIAL ENGINEERING &#8211; PROMS2"},"content":{"rendered":"<h1><strong>ProMS2\u2122<\/strong>\u00a0di Radial Engineering \u00e8 uno\u00a0<strong>splitter microfonico passivo a 2 vie bilanciato,<\/strong>\u00a0realizzato per dividere ed inviare un segnale audio fino a 3 diverse destinazioni contemporaneamente sul palco o in studio. Possiede un&#8217;uscita isolata tramite trasformatore e due uscite dirette, Pad di attenuazione -30db e Ground Lift.<\/h1>\n<p><img decoding=\"async\" title=\"ProMS2\u2122 di Radial Engineering \u00e8 uno splitter microfonico passivo a 2 vie bilanciato, realizzato per inviare un segnale audio a pi\u00f9 destinazioni contemporaneamente sul palco, con un'uscita isolata tramite trasformatore e due uscite dirette.\" src=\"https:\/\/www.algameko.com\/images\/uploads\/\/ProMS2_1200x630_01.jpg\" alt=\"ProMS2\u2122 di Radial Engineering \u00e8 uno splitter microfonico passivo a 2 vie bilanciato, realizzato per inviare un segnale audio a pi\u00f9 destinazioni contemporaneamente sul palco, con un'uscita isolata tramite trasformatore e due uscite dirette.\" \/><\/p>\n<h2><strong>Caratteristiche di rilievo<\/strong><\/h2>\n<ul>\n<li><strong>Invia un segnale microfonico a tre destinazioni contemporaneamente<\/strong><\/li>\n<li><strong>Trasformatore Eclipse per un audio pulito e trasparente<\/strong><\/li>\n<li><strong>Elimina ronzii e ronzii causati dai loop di massa<\/strong><\/li>\n<li><strong>La singola uscita isolata fornisce una reiezione ottimale del rumore<\/strong><\/li>\n<\/ul>\n<h3><strong>Splitter microfonico portatile da Stage<\/strong><\/h3>\n<p>ProMS2 \u00e8 uno splitter microfonico progettato per dividere una singola sorgente su pi\u00f9 destinazioni contemporaneamente senza degradazione del segnale o rumore. Un trasformatore Eclipse di alta qualit\u00e0 all&#8217;interno fornisce isolamento galvanico per eliminare ronzii e ronzii dai loop di terra, offrendo al contempo un&#8217;ampia risposta in frequenza e una bassa distorsione. I ground lift sulle uscite aiutano a ridurre ulteriormente il rumore, mentre un pad di ingresso consente di collegare anche sorgenti a livello di linea. Il ProMS2 pu\u00f2 essere montato su rack per scopi di tourn\u00e9e e installazione, con un massimo di otto raccordi nel Radial J-Rak.<\/p>\n<p><img decoding=\"async\" title=\"ProMS2 impiega un trasformatore Eclipse di alta qualit\u00e0 che fornisce isolamento galvanico per eliminare ronzii e ronzii dai loop di terra, offrendo al contempo un'ampia risposta in frequenza e una bassa distorsione\" src=\"https:\/\/www.algameko.com\/images\/uploads\/\/ProMS2_1200x630_02.jpg\" alt=\"ProMS2 impiega un trasformatore Eclipse di alta qualit\u00e0 che fornisce isolamento galvanico per eliminare ronzii e ronzii dai loop di terra, offrendo al contempo un'ampia risposta in frequenza e una bassa distorsione\" \/><\/p>\n<h2><strong>Applicazioni pratiche di ProMS2<\/strong><\/h2>\n<h3><strong>Usare ProMS2 per uno split Microfonico\u00a0a 2 vie<\/strong><\/h3>\n<p><strong><img decoding=\"async\" title=\"Radial ProMS2 \u00e8 l'interfaccia ideale per suddividere un segnale microfonico e collegarlo a\u00a0pi\u00f9 mixer contemporaneamente. \" src=\"https:\/\/www.algameko.com\/images\/uploads\/\/proms2-product_applications-1_1200x630.jpg\" alt=\"Radial ProMS2 \u00e8 l'interfaccia ideale per suddividere un segnale microfonico e collegarlo a\u00a0pi\u00f9 mixer contemporaneamente. \" \/><\/strong><\/p>\n<p>Radial ProMS2 \u00e8 l&#8217;interfaccia ideale per suddividere un segnale microfonico e collegarlo a\u00a0pi\u00f9 mixer contemporaneamente. L&#8217;isolamento al 100% elimina potenziali Loop di massa tra i due Mixer per una performance realmente silenziosa, mentre l&#8217;uscita principale fornisce l&#8217;alimentazione phantom 48 V al microfono.<\/p>\n<h3><strong>Usare ProMS2 per uno split microfonico a 3 vie<\/strong><\/h3>\n<p><strong><img decoding=\"async\" title=\"Collegando il microfono all'ingresso XLR di ProMS2, l'uscita diretta con il l'alimentazione phantom viene inviata al Mixer principale, l'uscita diretta con Ground Lift al Mixer dei monitor da palco, e l'uscita isolata al sistema di registrazione.\" src=\"https:\/\/www.algameko.com\/images\/uploads\/\/proms2-product_applications-2_1200x630.jpg\" alt=\"Collegando il microfono all'ingresso XLR di ProMS2, l'uscita diretta con il l'alimentazione phantom viene inviata al Mixer principale, l'uscita diretta con Ground Lift al Mixer dei monitor da palco, e l'uscita isolata al sistema di registrazione.\" \/><\/strong><\/p>\n<p>A volte \u00e8 necessario inviare lo stesso segnale contemporaneamente al mixer principale, ai monitor da palco e ad un registratore. Collegando il microfono sorgente all&#8217;ingresso XLR di ProMS2, l&#8217;uscita diretta con il l&#8217;alimentazione phantom viene inviata al Mixer principale, l&#8217;uscita diretta con Ground Lift al Mixer dei monitor da palco, e l&#8217;uscita isolata al sistema di registrazione.<\/p>\n<h3><strong>Usare ProMS2 per confrontare due preamplificatori microfonici<\/strong><\/h3>\n<p><strong><img decoding=\"async\" title=\"ProMS2 semplifica il confronto tra questi dispositivi. Basta collegare il microfono ProMS2 e dividere quindi il segnale inviandolo ai due preamplificatori e registrare poi con quello che preferite.\" src=\"https:\/\/www.algameko.com\/images\/uploads\/\/proms2-product_applications-3_1200x630.jpg\" alt=\"ProMS2 semplifica il confronto tra questi dispositivi. Basta collegare il microfono ProMS2 e dividere quindi il segnale inviandolo ai due preamplificatori e registrare poi con quello che preferite.\" \/><\/strong><\/p>\n<p>In studio \u00e8 spesso vantaggioso confrontare il suono di due preamplificatori microfonici su una particolare voce, strumento o amplificatore. ProMS2 semplifica il confronto tra questi dispositivi. Basta collegare il microfono ProMS2 e dividere quindi il segnale inviandolo ai due preamplificatori e registrare poi con quello che preferite.<\/p>\n<h2><u><strong>Specifiche tecniche di\u00a0ProMS2<\/strong><\/u><\/h2>\n<ul>\n<li>Tipo\u00a0di circuitazione audo:\u00a0\u00a0\u00a0\u00a0\u00a0\u00a0\u00a0\u00a0\u00a0\u00a0 Passiva<\/li>\n<li>Trasformatore:\u00a0\u00a0\u00a0\u00a0\u00a0 Eclipse ET-MS10<\/li>\n<li>Risposta in frequenza:\u00a0\u00a0\u00a0\u00a0\u00a0 20Hz ~ 20KHz (+0dB -1dB)<\/li>\n<li>Dinamica: &gt;140dB<\/li>\n<li>Gain-Guadagno:\u00a0\u00a0\u00a0\u00a0 -0.5dB<\/li>\n<li>Distorsione armonica totale:\u00a0\u00a0\u00a0\u00a0\u00a0\u00a0\u00a0\u00a0\u00a0\u00a0 0.001%<\/li>\n<li>Distorsione d&#8217;intermodulazione:\u00a0\u00a0\u00a0\u00a0\u00a0\u00a0\u00a0 0.003%<\/li>\n<li>Deviazione di fase:\u00a0\u00a0\u00a0\u00a0\u00a0\u00a0\u00a0\u00a0\u00a0\u00a0\u00a0\u00a0\u00a0 1\u00b0 @ 20Hz<\/li>\n<li>Impedenza d&#8217;ingresso:\u00a0 \u00a0 \u00a0 \u00a0 \u00a0 \u00a0 Dipendente della sorgente, 10k\u03a9 con il Pad su ON, sbilanciato<\/li>\n<li>Impedenza d&#8217;uscita\u00a0 \u00a0 \u00a0 \u00a0 Dipendente della sorgente, 10k\u03a9 con il Pad su ON, bilanciato<\/li>\n<li>Rapporto di reiezione di modo comune:\u00a0\u00a0\u00a0\u00a0\u00a0\u00a0\u00a0\u00a0\u00a0\u00a0\u00a0\u00a0\u00a0\u00a0 -115dB at 60Hz<\/li>\n<li>Rumore residuo:\u00a0\u00a0\u00a0\u00a0\u00a0\u00a0 -140dB<\/li>\n<li>Massimo livello d&#8217;ingresso:\u00a0\u00a0\u00a0\u00a0\u00a0\u00a0\u00a0\u00a0\u00a0\u00a0\u00a0\u00a0\u00a0 +26dBu<\/li>\n<\/ul>\n<p><strong>Caratteristiche<\/strong><\/p>\n<ul>\n<li>Input pad<\/li>\n<li>Connettori di&#8217;ingresso:\u00a0\u00a0\u00a0\u00a0\u00a0\u00a0\u00a0\u00a0\u00a0\u00a0 XLR-F<\/li>\n<li>Connettori d&#8217;uscita:\u00a0\u00a0\u00a0\u00a0\u00a0\u00a0\u00a0 XLR-M<\/li>\n<\/ul>\n","protected":false},"excerpt":{"rendered":"<p>Splitter microfonico passivo a 2 vie bilanciato,\u00a0invia un segnale audio fino a 3 destinazioni,<\/p>\n<p>uscita isolata con trasformatore, 2 uscite dirette, Ground Lift,<\/p>\n<p>Pad di attenuazione -30 db, ingressi uscite thru con connettori XLR<\/p>\n","protected":false},"featured_media":1778,"template":"","meta":[],"product_brand":[],"product_cat":[131],"product_tag":[],"class_list":{"0":"post-1777","1":"product","2":"type-product","3":"status-publish","4":"has-post-thumbnail","6":"product_cat-effettistica","8":"first","9":"instock","10":"shipping-taxable","11":"product-type-simple"},"_links":{"self":[{"href":"https:\/\/musicaliborgna.com\/index.php?rest_route=\/wp\/v2\/product\/1777","targetHints":{"allow":["GET"]}}],"collection":[{"href":"https:\/\/musicaliborgna.com\/index.php?rest_route=\/wp\/v2\/product"}],"about":[{"href":"https:\/\/musicaliborgna.com\/index.php?rest_route=\/wp\/v2\/types\/product"}],"wp:featuredmedia":[{"embeddable":true,"href":"https:\/\/musicaliborgna.com\/index.php?rest_route=\/wp\/v2\/media\/1778"}],"wp:attachment":[{"href":"https:\/\/musicaliborgna.com\/index.php?rest_route=%2Fwp%2Fv2%2Fmedia&parent=1777"}],"wp:term":[{"taxonomy":"product_brand","embeddable":true,"href":"https:\/\/musicaliborgna.com\/index.php?rest_route=%2Fwp%2Fv2%2Fproduct_brand&post=1777"},{"taxonomy":"product_cat","embeddable":true,"href":"https:\/\/musicaliborgna.com\/index.php?rest_route=%2Fwp%2Fv2%2Fproduct_cat&post=1777"},{"taxonomy":"product_tag","embeddable":true,"href":"https:\/\/musicaliborgna.com\/index.php?rest_route=%2Fwp%2Fv2%2Fproduct_tag&post=1777"}],"curies":[{"name":"wp","href":"https:\/\/api.w.org\/{rel}","templated":true}]}}