{"id":1805,"date":"2024-04-30T10:28:12","date_gmt":"2024-04-30T10:28:12","guid":{"rendered":"https:\/\/musicaliborgna.com\/?post_type=product&#038;p=1805"},"modified":"2024-04-30T10:28:12","modified_gmt":"2024-04-30T10:28:12","slug":"dbx-215-equalizzatore-a-15-bande-a-doppio-canale","status":"publish","type":"product","link":"https:\/\/musicaliborgna.com\/?product=dbx-215-equalizzatore-a-15-bande-a-doppio-canale","title":{"rendered":"DBX 215 Equalizzatore a 15 bande a doppio canale"},"content":{"rendered":"<h2><span>Suono eccezionale e robusta affidabilit\u00e0<\/span><\/h2>\n<p><span>Quando i professionisti hanno bisogno di un equalizzatore, si rivolgono al dbx. Con una comprovata esperienza che abbraccia quattro decenni, gli EQ dbx\u00ae sono lo standard del settore per tour, studi e installazioni audio. Con l&#8217;eredit\u00e0 dbx dei venerati equalizzatori professionali, i 215 soddisfano le esigenze degli ambienti di amplificazione sonora pi\u00f9 esigenti, offrendo allo stesso tempo la semplicit\u00e0 di controlli diretti.<\/span><\/p>\n<p><span>Il dbx 215s include due canali a 15 bande di equalizzazione di 2\/3 ottave, guadagno di ingresso di \u00b112 dB, intervallo di aumento\/taglio commutabile di \u00b16 dB o \u00b112 dB, slider non conduttivi da 20 mm, un&#8217;interfaccia utente intuitiva e misurazione del livello di uscita. Dalla risposta in frequenza estesa da 10 Hz a 50 kHz e dalla gamma dinamica di 112 dB alla componentistica di qualit\u00e0 e alla meticolosa attenzione ai dettagli, il 215 offre un suono eccezionale e un&#8217;affidabilit\u00e0 robusta che garantisce che suonerai sempre al meglio.<\/span><\/p>\n<p><span>Sicuro di trovare una casa in studio, in tourn\u00e9e e con luoghi sonori installati, il dbx 215s \u00e8 destinato a prendere il posto che gli spetta nella stirpe dei grandi processori di segnale dbx che sono la scelta dei professionisti nell&#8217;elaborazione del segnale. Con una qualit\u00e0 cos\u00ec conveniente, non ci sono pi\u00f9 scuse per compromettere il tuo suono.<\/span><\/p>\n<div id=\"product-specifications\" class=\"row product-subheader\">\n<div class=\"small-10 columns\">\n<h3 class=\"content-nav\" data-magellan-destination=\"specifications\"><span>Specifiche<\/span><\/h3>\n<\/div>\n<div class=\"small-2 columns text-right\"><\/div>\n<\/div>\n<div id=\"panel_specifications\" class=\"product_main_tab_content content \">\n<table class=\"specs\">\n<tbody>\n<tr>\n<td class=\"name\"><span>Connettori di ingresso<\/span><\/td>\n<td><span>1\/4&#8243; TRS, XLR femmina (pin 2 caldo)<\/span><\/td>\n<\/tr>\n<tr>\n<td class=\"name\"><span>Tipo di ingresso<\/span><\/td>\n<td><span>Bilanciato\/sbilanciato elettronicamente, filtrato RF<\/span><\/td>\n<\/tr>\n<tr>\n<td class=\"name\"><span>Impedenza di ingresso<\/span><\/td>\n<td><span>Bilanciato 40 kOhm, sbilanciato 20 kOhm<\/span><\/td>\n<\/tr>\n<tr>\n<td class=\"name\"><span>Ingresso massimo<\/span><\/td>\n<td><span>&gt;+21dBu bilanciato o sbilanciato<\/span><\/td>\n<\/tr>\n<tr>\n<td class=\"name\"><span>CMRR<\/span><\/td>\n<td><span>&gt;40dB, tipicamente &gt;55dB a 1kHz<\/span><\/td>\n<\/tr>\n<tr>\n<td class=\"name\"><span>Connettori di uscita<\/span><\/td>\n<td><span>1\/4&#8243; TRS, XLR maschio (pin 2 caldo)<\/span><\/td>\n<\/tr>\n<tr>\n<td class=\"name\"><span>Tipo di uscita<\/span><\/td>\n<td><span>Impedenza bilanciata\/sbilanciata, RF filtrata<\/span><\/td>\n<\/tr>\n<tr>\n<td class=\"name\"><span>Impedenza di uscita<\/span><\/td>\n<td><span>Bilanciato 100 ohm, sbilanciato 50 ohm<\/span><\/td>\n<\/tr>\n<tr>\n<td class=\"name\"><span>Uscita massima<\/span><\/td>\n<td><span>&gt;+21dBu bilanciato\/sbilanciato su 2 kOhm o superiore; &gt;+18dBm bilanciato\/sbilanciato (su 600 ohm)<\/span><\/td>\n<\/tr>\n<tr>\n<td class=\"name\"><span>Larghezza di banda<\/span><\/td>\n<td><span>Da 20 Hz a 20 kHz, +0,5\/-1 dB<\/span><\/td>\n<\/tr>\n<tr>\n<td class=\"name\"><span>Risposta in frequenza<\/span><\/td>\n<td><span>Da &lt;10 Hz a &gt;50 kHz, +0,5\/-3 dB<\/span><\/td>\n<\/tr>\n<tr>\n<td class=\"name\"><span>Gamma dinamica<\/span><\/td>\n<td><span>Tipicamente &gt;112dB<\/span><\/td>\n<\/tr>\n<tr>\n<td class=\"name\"><span>Rapporto segnale-rumore<\/span><\/td>\n<td><span>Tipicamente &gt;95dB<\/span><\/td>\n<\/tr>\n<tr>\n<td class=\"name\"><span>THD+Rumore<\/span><\/td>\n<td><span>&lt;0,003%<\/span><\/td>\n<\/tr>\n<tr>\n<td class=\"name\"><span>Diafonia intercanale<\/span><\/td>\n<td><span>&lt;-90 dB, da 20 Hz a 20 kHz<\/span><\/td>\n<\/tr>\n<tr>\n<td class=\"name\"><span>Interruttore di bypass<\/span><\/td>\n<td><span>Bypassa la sezione dell&#8217;equalizzatore grafico nel percorso del segnale<\/span><\/td>\n<\/tr>\n<tr>\n<td class=\"name\"><span>Interruttore taglio basso<\/span><\/td>\n<td><span>Attiva il filtro passa-alto Bessel da 50 Hz 12 dB\/ottava<\/span><\/td>\n<\/tr>\n<tr>\n<td class=\"name\"><span>Interruttore di portata<\/span><\/td>\n<td><span>Seleziona l&#8217;intervallo di incremento\/taglio del cursore +\/- 6dB o +\/- 12dB<\/span><\/td>\n<\/tr>\n<tr>\n<td class=\"name\"><span>Tensione operativa<\/span><\/td>\n<td><span>100VAC-240VAC 50\/60Hz<\/span><\/td>\n<\/tr>\n<tr>\n<td class=\"name\"><span>Consumo di energia<\/span><\/td>\n<td><span>15 W<\/span><\/td>\n<\/tr>\n<tr>\n<td class=\"name\"><span>Connettore di alimentazione<\/span><\/td>\n<td><span>Presa IEC<\/span><\/td>\n<\/tr>\n<tr>\n<td class=\"name\"><span>Unit\u00e0 di peso<\/span><\/td>\n<td><span>4,8 libbre (2,2 kg)<\/span><\/td>\n<\/tr>\n<tr>\n<td class=\"name\"><span>Peso della Spedizione<\/span><\/td>\n<td><span>6,2 libbre (2,8 kg)<\/span><\/td>\n<\/tr>\n<tr>\n<td class=\"name\"><span>Dimensioni<\/span><\/td>\n<td><span>1,75&#8243; (4,4 cm) A x 6&#8243; (15,24 cm) P x 19&#8243; (48,26 cm) L<\/span><\/td>\n<\/tr>\n<\/tbody>\n<\/table>\n<\/div>\n","protected":false},"excerpt":{"rendered":"<ul>\n<li class=\"features\"><span>Doppie bande di frequenza a Q costante da 15 bande, 1\/3 di ottava<\/span><\/li>\n<li class=\"features\"><span>Gamme di aumento\/taglio commutabili di \u00b16 o \u00b112 dB<\/span><\/li>\n<li class=\"features\"><span>Interruttore di bypass sul pannello frontale<\/span><\/li>\n<li class=\"features\"><span>Intervallo di guadagno in ingresso di \u00b112 dB<\/span><\/li>\n<li class=\"features\"><span>Scale LED a 4 segmenti per il monitoraggio dei livelli di uscita<\/span><\/li>\n<li class=\"features\"><span>Ingressi e uscite XLR e TRS<\/span><\/li>\n<li class=\"features\"><span>Risposta in frequenza da &lt;10Hz a &gt;50kHz<\/span><\/li>\n<li class=\"features\"><span>Gamma dinamica superiore a 108 dB<\/span><\/li>\n<\/ul>\n","protected":false},"featured_media":1806,"template":"","meta":[],"product_brand":[],"product_cat":[131],"product_tag":[],"class_list":{"0":"post-1805","1":"product","2":"type-product","3":"status-publish","4":"has-post-thumbnail","6":"product_cat-effettistica","8":"first","9":"instock","10":"shipping-taxable","11":"product-type-simple"},"_links":{"self":[{"href":"https:\/\/musicaliborgna.com\/index.php?rest_route=\/wp\/v2\/product\/1805","targetHints":{"allow":["GET"]}}],"collection":[{"href":"https:\/\/musicaliborgna.com\/index.php?rest_route=\/wp\/v2\/product"}],"about":[{"href":"https:\/\/musicaliborgna.com\/index.php?rest_route=\/wp\/v2\/types\/product"}],"wp:featuredmedia":[{"embeddable":true,"href":"https:\/\/musicaliborgna.com\/index.php?rest_route=\/wp\/v2\/media\/1806"}],"wp:attachment":[{"href":"https:\/\/musicaliborgna.com\/index.php?rest_route=%2Fwp%2Fv2%2Fmedia&parent=1805"}],"wp:term":[{"taxonomy":"product_brand","embeddable":true,"href":"https:\/\/musicaliborgna.com\/index.php?rest_route=%2Fwp%2Fv2%2Fproduct_brand&post=1805"},{"taxonomy":"product_cat","embeddable":true,"href":"https:\/\/musicaliborgna.com\/index.php?rest_route=%2Fwp%2Fv2%2Fproduct_cat&post=1805"},{"taxonomy":"product_tag","embeddable":true,"href":"https:\/\/musicaliborgna.com\/index.php?rest_route=%2Fwp%2Fv2%2Fproduct_tag&post=1805"}],"curies":[{"name":"wp","href":"https:\/\/api.w.org\/{rel}","templated":true}]}}