{"id":1814,"date":"2024-05-02T07:34:45","date_gmt":"2024-05-02T07:34:45","guid":{"rendered":"https:\/\/musicaliborgna.com\/?post_type=product&#038;p=1814"},"modified":"2024-05-02T07:34:45","modified_gmt":"2024-05-02T07:34:45","slug":"tc-helicon-mic-mechanic","status":"publish","type":"product","link":"https:\/\/musicaliborgna.com\/?product=tc-helicon-mic-mechanic","title":{"rendered":"TC HELICON MIC MECHANIC"},"content":{"rendered":"<section>\n<div class=\"pb-sm-4 pt-sm-0 pt-2\">\n<div class=\"row align-items-start\">\n<div class=\"col-sm p-1\"><img decoding=\"async\" class=\"w-100 js-lazy\" src=\"https:\/\/mediadl.musictribe.com\/media\/sys_master\/images\/h58\/h31\/8825159909406.png\" alt=\"MECCANICO DEL MIC 2\" \/><\/div>\n<div class=\"col-sm px-sm-2 pb-sm-0\">\n<h5 class=\"mb-2 mt-3 mt-sm-0 font-weight-normal\"><span>MECCANICO DEL MIC 2<\/span><\/h5>\n<p><span>In studio, processori di effetti di prima qualit\u00e0 migliorano la tua voce, fornendo la profondit\u00e0, il calore e le sfumature che ti rendono la star innegabile dello spettacolo. Ma l&#8217;attrezzatura di prima qualit\u00e0 ha un prezzo elevato e in genere richiede un ingegnere per farlo bene; cio\u00e8&#8230; fino ad ora! Come un ingegnere audio professionista in una scatola, MIC MECHANIC 2 offre la tua voce in tutto il suo splendore, con la perfetta selezione di effetti da studio. Grazie al riverbero, all&#8217;eco, alla correzione dell&#8217;intonazione e all&#8217;Adaptive Tone integrati, MIC MECHANIC 2 mette tutta la magia ai tuoi piedi in un unico stompbox conveniente &#8211; ed \u00e8 cos\u00ec facile da usare.<\/span><\/p>\n<\/div>\n<\/div>\n<\/div>\n<\/section>\n<section>\n<div class=\"pb-sm-4 pt-sm-0 pt-2\">\n<div class=\"row align-items-start\">\n<div class=\"col-sm p-1\"><img decoding=\"async\" class=\"w-100 js-lazy\" src=\"https:\/\/mediadl.musictribe.com\/media\/sys_master\/images\/h7e\/h5c\/8825159974942.png\" alt=\"Riverbero ed eco di livello studio\" \/><\/div>\n<div class=\"col-sm px-sm-2 pb-sm-0\">\n<h5 class=\"mb-2 mt-3 mt-sm-0 font-weight-normal\"><span>Riverbero ed eco di livello studio<\/span><\/h5>\n<p><span>Gli effetti di riverbero ed eco simulano l&#8217;aggiunta di spazio fisico al suono, consentendo alla tua voce di adattarsi perfettamente alla musica. Dall&#8217;atmosfera di una piccola stanza all&#8217;eco di un&#8217;enorme grotta, le 8 impostazioni di riverbero\/eco sintonizzate vocalmente di Mic Mechanic tirano sempre fuori il meglio dalla tua voce.<\/span><\/p>\n<\/div>\n<\/div>\n<\/div>\n<\/section>\n<section>\n<div class=\"pb-sm-4 pt-sm-0 pt-2\">\n<div class=\"row align-items-start\">\n<div class=\"col-sm p-1\"><img decoding=\"async\" class=\"w-100 js-lazy\" src=\"https:\/\/mediadl.musictribe.com\/media\/sys_master\/images\/he7\/h07\/8825160040478.png\" alt=\"Tecnologia del suono personale\" \/><\/div>\n<div class=\"col-sm px-sm-2 pb-sm-0\">\n<h5 class=\"mb-2 mt-3 mt-sm-0 font-weight-normal\"><span>Tecnologia del suono personale<\/span><\/h5>\n<p><span>Il tono adattivo (equalizzazione) di MIC MECHANIC 2 con compressione, de-esser e gate controlla automaticamente il timbro e la forma del suono, garantendo che ogni nota sia perfettamente chiara e intelligibile. Quando il pubblico sente esattamente cosa stai cantando, pu\u00f2 unirsi a lui \u2013 e non c&#8217;\u00e8 niente di meglio di cos\u00ec!<\/span><\/p>\n<\/div>\n<\/div>\n<\/div>\n<\/section>\n","protected":false},"excerpt":{"rendered":"<h5><span>Stompbox per effetti vocali ultrasemplici,<\/span><\/h5>\n<h5><span> alimentato a batteria con riverbero,<\/span><\/h5>\n<h5><span> eco e correzione dell&#8217;intonazione.<\/span><\/h5>\n","protected":false},"featured_media":1817,"template":"","meta":[],"product_brand":[],"product_cat":[131],"product_tag":[],"class_list":{"0":"post-1814","1":"product","2":"type-product","3":"status-publish","4":"has-post-thumbnail","6":"product_cat-effettistica","8":"first","9":"instock","10":"shipping-taxable","11":"product-type-simple"},"_links":{"self":[{"href":"https:\/\/musicaliborgna.com\/index.php?rest_route=\/wp\/v2\/product\/1814","targetHints":{"allow":["GET"]}}],"collection":[{"href":"https:\/\/musicaliborgna.com\/index.php?rest_route=\/wp\/v2\/product"}],"about":[{"href":"https:\/\/musicaliborgna.com\/index.php?rest_route=\/wp\/v2\/types\/product"}],"wp:featuredmedia":[{"embeddable":true,"href":"https:\/\/musicaliborgna.com\/index.php?rest_route=\/wp\/v2\/media\/1817"}],"wp:attachment":[{"href":"https:\/\/musicaliborgna.com\/index.php?rest_route=%2Fwp%2Fv2%2Fmedia&parent=1814"}],"wp:term":[{"taxonomy":"product_brand","embeddable":true,"href":"https:\/\/musicaliborgna.com\/index.php?rest_route=%2Fwp%2Fv2%2Fproduct_brand&post=1814"},{"taxonomy":"product_cat","embeddable":true,"href":"https:\/\/musicaliborgna.com\/index.php?rest_route=%2Fwp%2Fv2%2Fproduct_cat&post=1814"},{"taxonomy":"product_tag","embeddable":true,"href":"https:\/\/musicaliborgna.com\/index.php?rest_route=%2Fwp%2Fv2%2Fproduct_tag&post=1814"}],"curies":[{"name":"wp","href":"https:\/\/api.w.org\/{rel}","templated":true}]}}