{"id":1821,"date":"2024-05-02T07:41:42","date_gmt":"2024-05-02T07:41:42","guid":{"rendered":"https:\/\/musicaliborgna.com\/?post_type=product&#038;p=1821"},"modified":"2024-05-02T07:41:43","modified_gmt":"2024-05-02T07:41:43","slug":"korg-vpt-1","status":"publish","type":"product","link":"https:\/\/musicaliborgna.com\/?product=korg-vpt-1","title":{"rendered":"KORG &#8211; VPT-1"},"content":{"rendered":"<h2><strong>KORG VPT-1\u00a0<\/strong><strong>VOCAL PITCH TRAINER<\/strong><\/h2>\n<h2>Un passo avanti nello studio del canto per ottenere sempre la corretta intonazione.\u00a0La voce umana \u00e8 il pi\u00f9 importante degli strumenti musicali e la sua intonazione \u00e8 uno dei parametri fondamentali; per ogni vocalist o cantante specialmente in fase di studio \u00e8 importante controllare costantemente il proprio livello d\u2019intonazione. Per questo\u00a0<strong>KORG\u00a0<\/strong>ha creato\u00a0<strong>VPT-1 Pitch Vocal Trainer<\/strong>, uno strumento con funzioni uniche concepito e realizzato proprio per migliorare le proprie abilit\u00e0 vocali. Facile ed intuitivo da usare pu\u00f2 essere tenuto nel palmo di una mano, il suo Layout \u00e8 caratterizzato da un ampio Display di controllo che visualizza le frequenze rilevate in ingresso in notazione musicale.<\/h2>\n<h3><strong>Da KORG azienda leader nel campo degli accordatori una unit\u00e0 dedicata al Pitch Training vocale<\/strong><\/h3>\n<p>VPT-1 \u00e8 un Pitch Trainer un apparecchio cio\u00e8 appositamente ideato per esercitare la voce sfruttando il ragguardevole Know-How KORG negli oltre 40 anni di realizzazione di accordatori molto apprezzati da tutti i musicisti. Questo strumento consente di far progredire la consapevolezza della precisione dell\u2019intonazione vocale, partendo dal presupposto che la registrazione della propria voce viene percepita in modo diverso da quella effettivamente ascoltata, dato che il suono segue percorsi diversi. Si utilizza in pratica lo stesso principio che guida la precisione dell\u2019intonazione di altri strumenti, applicandolo nell\u2019esercizio giornaliero della voce.<\/p>\n<p><img decoding=\"async\" src=\"https:\/\/www.algameko.com\/images\/uploads\/VPT1_01.png\" alt=\"\" \/><\/p>\n<h3><strong>Come funziona<\/strong><\/h3>\n<p>VPT-1 possiede un microfono interno in grado di captare la voce; cantando, la frequenza emessa viene rilevata e visualizzata sul rigo musicale dotato di doppia chiave: G (violino) e F (basso), I LED rossi a sinistra mostrano lo stato dell&#8217;intonazione corrente: troppo alta o troppo bassa, in questo modo \u00e8 quindi possibile regolare la propria emissione vocale fino a quando non si accende il LED Blu al centro che indica l\u2019altezza corretta. Le differenze di registro vocale possono essere facilmente regolate tramite i tasti OCTAVE SHIFT, che spostano appunto la frequenza rilevata una ottava verso l\u2019alto o verso il basso per mantenere la corretta visualizzazione nelle note all\u2019interno del rigo musicale.<\/p>\n<h3><strong>Tre livelli di difficolt\u00e0 regolabili<\/strong><\/h3>\n<p>La\u00a0<strong>precisione<\/strong>\u00a0nel rilevamento dell\u2019accordatura pu\u00f2 essere impostata su tre livelli: \u00e8 possibile iniziare con\u00a0<strong>EASY<\/strong>\u00a0(facile), e acquisendo maggiore confidenza, aumentare la difficolt\u00e0 su\u00a0<strong>MEDIUM<\/strong>\u00a0e poi HARD per conseguire ulteriori miglioramenti nella precisione dell\u2019intonazione.<\/p>\n<h3><strong>La funzione Sound Out genera una frequenza di riferimento<\/strong><\/h3>\n<p>Questa funzione aiuta coloro che non possiedono l\u2019orecchio assoluto, generando un suono ad una frequenza determinabile, in questo modo \u00e8 possibile esercitarsi o studiare una parte di canto usando questo suono come riferimento di base, e guida per l\u2019esecuzione completa della parte musicale.<\/p>\n<h3><strong>La funzione Sound Back genera il\u00a0<\/strong><strong>segnale<\/strong><strong>\u00a0di riferimento pi\u00f9 vicino al<\/strong><strong>l\u2019<\/strong><strong>input vocale\u00a0<\/strong><strong>(*)<\/strong><\/h3>\n<p>Anche questa funzione come la precedente serve per il miglioramento della percezione individuale dell\u2019intonazione; \u00e8 necessario innanzitutto collegare un paio di cuffie a VPT-1, da queste infatti viene emesso un segnale di riferimento il pi\u00f9 vicino possibile a quello prodotto dal segnale vocale in ingresso, mentre nello stesso tempo i LED visualizzano l\u2019eventuale correttezza o discrepanza nell\u2019intonazione, aiutando cos\u00ec il conseguimento di un risultato corretto.\u00a0<em>* Disponibile solo\u00a0<\/em><em>collegando<\/em><em>\u00a0le cuffie.<\/em><\/p>\n<p><img decoding=\"async\" src=\"https:\/\/www.algameko.com\/images\/uploads\/ComeUsareVPT-1.png\" alt=\"\" \/><\/p>\n<h3><strong>KORG VPT-1 Specific<\/strong><strong>he tecniche<\/strong><\/h3>\n<ul>\n<li>Scale: 12 note temperamento equabile<\/li>\n<li>Ambito di rilevamento: A1 (55 Hz) \u2013 C7 (2093 Hz): frequenza sinusoidale: sine wave<\/li>\n<li>Segnale di riferimento: Sound out: A2\u2013C6, Sound back: A1\u2013C7<\/li>\n<li>Livello di accordatura &#8211; Tuning level (difficolt\u00e0): EASY, MEDIUM, HARD<\/li>\n<li>Connettore cuffia: jack (3.5 mm stereo-mini jack)<\/li>\n<li>Alimentazione: Two AAA batteries (3V)<\/li>\n<li>Durata delle batterie (modo Tuner, ingresso continuo A440):Circa 300 ore con batterie alkaline &#8211; Circa 200 ore con batterie zinco carbone<\/li>\n<li>Dimensioni (W x D x H): 60 mm x 100 mm x 16 mm\/ 2.36&#8243; x 3.94&#8243; x 0.63&#8243;<\/li>\n<li>Peso: 67g\/2.36 oz. (batterie incluse)<\/li>\n<li>Accessori in dotazione: 2x batterie AAA per la verifica del funzionamento<iframe loading=\"lazy\" title=\"KORG VPT 1 Vocal Pitch Trainer - Presentazione Video\" width=\"1220\" height=\"686\" src=\"https:\/\/www.youtube.com\/embed\/iyUX8RfDfQg?feature=oembed\" frameborder=\"0\" allow=\"accelerometer; autoplay; clipboard-write; encrypted-media; gyroscope; picture-in-picture; web-share\" referrerpolicy=\"strict-origin-when-cross-origin\" allowfullscreen><\/iframe><\/li>\n<\/ul>\n","protected":false},"excerpt":{"rendered":"<p>VPT-1 Pitch Trainer: per esercitare l&#8217;intonazione vocale, facile e compatto;<\/p>\n<p>la voce viene captata da un microfono interno; la nota visualizzata sul display,<\/p>\n<p>due LED rossi mostrano l&#8217;intonazione: +\/- alta\/bassa, un LED Blu indica quando \u00e8 OK. Scale: 12 note temper.<\/p>\n","protected":false},"featured_media":1822,"template":"","meta":[],"product_brand":[],"product_cat":[131],"product_tag":[],"class_list":{"0":"post-1821","1":"product","2":"type-product","3":"status-publish","4":"has-post-thumbnail","6":"product_cat-effettistica","8":"first","9":"instock","10":"shipping-taxable","11":"product-type-simple"},"_links":{"self":[{"href":"https:\/\/musicaliborgna.com\/index.php?rest_route=\/wp\/v2\/product\/1821","targetHints":{"allow":["GET"]}}],"collection":[{"href":"https:\/\/musicaliborgna.com\/index.php?rest_route=\/wp\/v2\/product"}],"about":[{"href":"https:\/\/musicaliborgna.com\/index.php?rest_route=\/wp\/v2\/types\/product"}],"wp:featuredmedia":[{"embeddable":true,"href":"https:\/\/musicaliborgna.com\/index.php?rest_route=\/wp\/v2\/media\/1822"}],"wp:attachment":[{"href":"https:\/\/musicaliborgna.com\/index.php?rest_route=%2Fwp%2Fv2%2Fmedia&parent=1821"}],"wp:term":[{"taxonomy":"product_brand","embeddable":true,"href":"https:\/\/musicaliborgna.com\/index.php?rest_route=%2Fwp%2Fv2%2Fproduct_brand&post=1821"},{"taxonomy":"product_cat","embeddable":true,"href":"https:\/\/musicaliborgna.com\/index.php?rest_route=%2Fwp%2Fv2%2Fproduct_cat&post=1821"},{"taxonomy":"product_tag","embeddable":true,"href":"https:\/\/musicaliborgna.com\/index.php?rest_route=%2Fwp%2Fv2%2Fproduct_tag&post=1821"}],"curies":[{"name":"wp","href":"https:\/\/api.w.org\/{rel}","templated":true}]}}