{"id":1834,"date":"2024-05-02T08:10:44","date_gmt":"2024-05-02T08:10:44","guid":{"rendered":"https:\/\/musicaliborgna.com\/?post_type=product&#038;p=1834"},"modified":"2024-05-02T08:10:45","modified_gmt":"2024-05-02T08:10:45","slug":"tc-helicon-ditto-mic-looper","status":"publish","type":"product","link":"https:\/\/musicaliborgna.com\/?product=tc-helicon-ditto-mic-looper","title":{"rendered":"TC HELICON DITTO MIC LOOPER"},"content":{"rendered":"<section>\n<div class=\"pb-sm-4 pt-sm-0 pt-2\">\n<div class=\"row align-items-start\">\n<div class=\"col-sm p-1\"><img decoding=\"async\" class=\"w-100 js-lazy\" src=\"https:\/\/mediadl.musictribe.com\/media\/sys_master\/images\/h19\/h20\/8834030239774.png\" alt=\"Capolavori a strati istantanei\" \/><\/div>\n<div class=\"col-sm px-sm-2 pb-sm-0\">\n<h5 class=\"mb-2 mt-3 mt-sm-0 font-weight-normal\"><span>Capolavori a strati istantanei<\/span><\/h5>\n<p><span>DITTO MIC LOOPER ti consente di passare dall&#8217;idea alla performance con facilit\u00e0 in un lampo. Una manopola, due pulsanti: non potrebbe essere pi\u00f9 semplice! Con la sua qualit\u00e0 audio superiore, sovraincisioni illimitate e Annulla\/Ripeti, DITTO MIC LOOPER \u00e8 la scelta essenziale per il looping di voci e strumenti.<\/span><\/p>\n<\/div>\n<\/div>\n<\/div>\n<\/section>\n<section>\n<div class=\"pb-sm-4 pt-sm-0 pt-2\">\n<div class=\"row align-items-start\">\n<div class=\"col-sm p-1\"><img decoding=\"async\" class=\"w-100 js-lazy\" src=\"https:\/\/mediadl.musictribe.com\/media\/sys_master\/images\/h92\/h3b\/8834032599070.png\" alt=\"Novit\u00e0: guadagno microfono intelligente\" \/><\/div>\n<div class=\"col-sm px-sm-2 pb-sm-0\">\n<h5 class=\"mb-2 mt-3 mt-sm-0 font-weight-normal\"><span>Novit\u00e0: guadagno microfono intelligente<\/span><\/h5>\n<p><span>Usare DITTO MIC LOOPER \u00e8 esattamente come collegare il microfono direttamente al sistema PA e devi impostare il guadagno in ingresso solo una volta: sul mixer. Niente pi\u00f9 tentativi ed errori per trovare l&#8217;equilibrio ottimale tra il guadagno in ingresso sull&#8217;unit\u00e0 per effetti e il mixer.<\/span><\/p>\n<\/div>\n<\/div>\n<\/div>\n<\/section>\n<section>\n<div class=\"pb-sm-4 pt-sm-0 pt-2\">\n<div class=\"row align-items-start\">\n<div class=\"col-sm p-1\"><img decoding=\"async\" class=\"w-100 js-lazy\" src=\"https:\/\/mediadl.musictribe.com\/media\/sys_master\/images\/h4e\/hff\/8834032664606.png\" alt=\"\u00c8 cos\u00ec semplice...\" \/><\/div>\n<div class=\"col-sm px-sm-2 pb-sm-0\">\n<h5 class=\"mb-2 mt-3 mt-sm-0 font-weight-normal\"><span>\u00c8 cos\u00ec semplice&#8230;<\/span><\/h5>\n<p><span>\u00a0\u00a0\u00a0 \u2022 Premere LOOP per registrare. Premi di nuovo per riprodurre il loop. Ripeti per infinite sovraincisioni. Tieni premuto per annullare\/rifare l&#8217;ultima sovraincisione.<\/span><br \/>\n<span>\u00a0\u00a0\u00a0 \u2022 Premi STOP per interrompere tutti i loop, premi di nuovo per riavviare la riproduzione dall&#8217;inizio o tienilo premuto per una cancellazione rapida e silenziosa.<\/span><\/p>\n<p>&nbsp;<\/p>\n<\/div>\n<\/div>\n<\/div>\n<\/section>\n","protected":false},"excerpt":{"rendered":"<h3><span>Pedale Looper a due pulsanti facile da usare per voce e strumenti acustici<\/span><\/h3>\n","protected":false},"featured_media":1836,"template":"","meta":[],"product_brand":[],"product_cat":[131],"product_tag":[],"class_list":{"0":"post-1834","1":"product","2":"type-product","3":"status-publish","4":"has-post-thumbnail","6":"product_cat-effettistica","8":"first","9":"instock","10":"shipping-taxable","11":"product-type-simple"},"_links":{"self":[{"href":"https:\/\/musicaliborgna.com\/index.php?rest_route=\/wp\/v2\/product\/1834","targetHints":{"allow":["GET"]}}],"collection":[{"href":"https:\/\/musicaliborgna.com\/index.php?rest_route=\/wp\/v2\/product"}],"about":[{"href":"https:\/\/musicaliborgna.com\/index.php?rest_route=\/wp\/v2\/types\/product"}],"wp:featuredmedia":[{"embeddable":true,"href":"https:\/\/musicaliborgna.com\/index.php?rest_route=\/wp\/v2\/media\/1836"}],"wp:attachment":[{"href":"https:\/\/musicaliborgna.com\/index.php?rest_route=%2Fwp%2Fv2%2Fmedia&parent=1834"}],"wp:term":[{"taxonomy":"product_brand","embeddable":true,"href":"https:\/\/musicaliborgna.com\/index.php?rest_route=%2Fwp%2Fv2%2Fproduct_brand&post=1834"},{"taxonomy":"product_cat","embeddable":true,"href":"https:\/\/musicaliborgna.com\/index.php?rest_route=%2Fwp%2Fv2%2Fproduct_cat&post=1834"},{"taxonomy":"product_tag","embeddable":true,"href":"https:\/\/musicaliborgna.com\/index.php?rest_route=%2Fwp%2Fv2%2Fproduct_tag&post=1834"}],"curies":[{"name":"wp","href":"https:\/\/api.w.org\/{rel}","templated":true}]}}