{"id":1847,"date":"2024-05-02T09:02:45","date_gmt":"2024-05-02T09:02:45","guid":{"rendered":"https:\/\/musicaliborgna.com\/?post_type=product&#038;p=1847"},"modified":"2024-05-02T09:02:46","modified_gmt":"2024-05-02T09:02:46","slug":"korg-pb-x-tuner","status":"publish","type":"product","link":"https:\/\/musicaliborgna.com\/?product=korg-pb-x-tuner","title":{"rendered":"KORG &#8211; PB-X TUNER"},"content":{"rendered":"<h1><strong>Pitchblack X &#8211;\u00a0<\/strong>ACCORDATORE CROMATICO A PEDALE<\/h1>\n<h1>La soluzione\u00a0<strong>KORG\u00a0<\/strong>pi\u00f9 avanzata per l&#8217;accordatura professionale sul palco in studio, selezione fra\u00a0<strong>TRUE BYPASS<\/strong>\u00a0e nuovo\u00a0<strong>ULTRA BUFFER<\/strong>\u00a0circuiti che evitano il degrado timbrico del segnale in ingresso, Display e LED METER con luminosit\u00e0 regolabile, accordatura d&#8217;alta precisione soli \u00b10,1 cent di tolleranza, 4 modi di visualizzazione, modo\u00a0<em><strong>just-right tuning<\/strong><\/em>\u00a0integrato, alimentazione mista batteria o adattatore AC (opzionale), ideale per l&#8217;installazione nelle pedalboard.<\/h1>\n<p><img decoding=\"async\" src=\"https:\/\/www.algameko.com\/images\/uploads\/\/PBX_1200x630_02.jpg\" alt=\"\" \/><\/p>\n<h3><strong>Commutazione tra TRUE BYPASS o il nuovo ULTRA BUFFER<\/strong><\/h3>\n<p><strong>Pitchblack X<\/strong>\u00a0oltre a disporre di un circuito\u00a0<strong>TRUE BYPASS\u00a0<\/strong>che lascia inalterato il suono in ingresso, include ora anche un\u00a0<strong>ULTRA BUFFER,\u00a0<\/strong><em>ma perch\u00e9 questo \u00e8 cos\u00ec importante<\/em>?<\/p>\n<p>La maggior parte delle chitarre elettriche utilizza pickup passivi con uscita ad alta impedenza. L\u2019utilizzo di cavi di lunghezza oltre i 6 metri comporta un degrado timbrico solitamente sulle alte frequenze; fenomeno che tende a peggiorare usando cavi di lunghezza maggiore. Il BUFFER aumenta il segnale sui cavi lunghi per evitare appunto questa alterazione tonale, mantenendo il suono chiaro e pulito anche con il pedale spento.\u00a0L&#8217;<strong>ULTRA BUFFER<\/strong>\u00a0migliora la qualit\u00e0 del suono in modalit\u00e0 bypass, per mantenere la qualit\u00e0 audio anche usando dei cavi lunghi, per connettersi all\u2019accordatore o installando l\u2019accordatore in una articolata pedaliera effetti.\u00a0Su\u00a0<strong>Pitchblack X<\/strong>, \u00e8 possibile selezionare il\u00a0<strong>TRUE\u00a0<\/strong>o l\u2019<strong>ULTRA BUFFER<\/strong>\u00a0a seconda dei gusti o esigenze.<\/p>\n<p><img decoding=\"async\" src=\"https:\/\/www.algameko.com\/images\/uploads\/\/PBX_1200x630_04_Nostre.jpg\" alt=\"\" \/><\/p>\n<h3><strong>Il LED Meter dalla luminosit\u00e0 regolabile<\/strong><\/h3>\n<p>Su\u00a0<strong>Pitchblack X\u00a0<\/strong>per ottenere prestazioni migliori in termini di visibilit\u00e0, \u00e8 stato introdotto un display pi\u00f9 grande e un numero maggiore di LED nel Meter.\u00a0Il\u00a0<strong>Bright Mode<\/strong>\u00a0(regolazione della luminosit\u00e0) pu\u00f2 essere regolato su 2 livelli, per ottenere una visibilit\u00e0 ottimale anche in condizioni operative critiche come sui palchi molto illuminati, o all\u2019esterno.<\/p>\n<h3><strong>Altissima precisione d\u2019accordatura fino a 0,1 cent di tolleranza.<\/strong><\/h3>\n<p><strong>Pitchblack X<\/strong>\u00a0consente un\u2019accordatura veloce e precisa con una tolleranza di soli 0,1 cents quando \u00e8 in modalit\u00e0\u00a0<strong>Strobe<\/strong>; questo lo rende lo strumento ideale per situazioni professionali Live o Recording in cui l&#8217;accordatura \u00e8 un parametro fondamentale in cui non sono permesse approssimazioni o imprecisioni.<\/p>\n<h3><strong>METER con 4 Modalit\u00e0 di visualizzazione<\/strong><\/h3>\n<p>Sul Meter Display \u00e8 possibile scegliere a seconda delle esigenze personali tra 4 tipi di visualizzazione: REGULAR, STROBE, HALF STROBE, indicano le variazioni di altezza dalla direzione e dalla fluttuazione del METER, per distinguere anche le minime differenze di altezza. MIRROR che accordando lo strumento visualizza due LED a sinistra e a destra che si incrociano verso il centro.<\/p>\n<p><img decoding=\"async\" src=\"https:\/\/www.algameko.com\/images\/uploads\/\/PBX_1200x630_03.jpg\" alt=\"\" \/><\/p>\n<h3><strong>Display con funzione JUST-RIGHT TUNING<\/strong><\/h3>\n<p><strong>Pitchblack X<\/strong>\u00a0possiede una nuova funzione di visualizzazione &#8220;JUST-RIGHT TUNING&#8221;, che fa lampeggiare i LED triangolari posti su entrambi i lati quando l&#8217;accordatura \u00e8 corretta, una funzione che elimina ogni stress al musicista!<\/p>\n<h3><strong>Cabinet robusto; funziona anche con alimentazione a batteria<\/strong><\/h3>\n<p><strong>Pitchblack X<\/strong>\u00a0\u00e8 alloggiato in un robusto cabinet in alluminio rifinito con un robusto rivestimento antigraffio. Funziona con batterie da 9 V, ed \u00e8 perfetto per i musicisti che non utilizzano una pedaliera effetti, all\u2019occorrenza pu\u00f2 essere alimentato anche tramite un adattatore AC (opzionale).<\/p>\n<hr \/>\n<h2><u><strong>Specifiche tecniche<\/strong><\/u><\/h2>\n<ul>\n<li><strong>Scale<\/strong>: 12 note temperamento equabile<\/li>\n<li><strong>Estensione del rilevamento<\/strong>: E0 (20.60Hz)~C8(4,186Hz)<\/li>\n<li><strong>Calibrazione (Corista):<\/strong>\u00a0A4=436\u301c445Hz\uff081Hz steps\uff09<\/li>\n<li><strong>Precisione del rilevamento<\/strong>: +\/- 0.1 cent (display modo: Strobe)<\/li>\n<li><strong>Impedenza d\u2019ingresso<\/strong>: 1 M-ohm (accordatore su ON)<\/li>\n<li><strong>Modi del Display<\/strong>: Regular, Strobe, Half-strobe, Mirror<\/li>\n<li><strong>Connessioni:\u00a0<\/strong>INPUT (mono 1\/4\u201d jack), BYPASS (mono 1\/4\u201d jack), DC 9V IN, DC 9V OUT<\/li>\n<li><strong>Alimentazione<\/strong>: Batteria 9V (6LF22\/6LR61\/6F22)\u00d71 o Adattatore AC (9V)<\/li>\n<li><strong>Durata della batteria<\/strong>:\u00a0Circa 24 ore(6LF22\/6LR61, Ingresso continuo A440, Accordatore ON, modo del display: Regular mode) \/ Circa 5 ore (6F22, Ingresso continuo A440, Accordatore ON, modo del display: Regular mode)<\/li>\n<li><strong>Consumo<\/strong>: 28 mA Max.<\/li>\n<li><strong>Dimensioni<\/strong>\u00a0(W x D x H): 69 x 110 x 49 mm (sporgenze incluse)<\/li>\n<li><strong>Peso<\/strong>: 248 g<\/li>\n<li><strong>Accessori inclusi<\/strong>: Avvisi, piedini in gomma, batteria 9V x 1<\/li>\n<li><strong>Accessori opzionali<\/strong>: Adattatore AC (9V)<\/li>\n<\/ul>\n","protected":false},"excerpt":{"rendered":"<p>KORG Pitchblack X ACCORDATORE CROMATICO A PEDALE<\/p>\n<p>Commutazione tra True Bypass e nuovo Ultrabuffer, LED meter ad elevata luminosit\u00e0,<\/p>\n<p>elevata precisione accordatura, METER con 4 modi visualizzazione,<\/p>\n<p>Modo Right Tuning, alimentazione pile e adattatore (opzionale).<\/p>\n","protected":false},"featured_media":1849,"template":"","meta":[],"product_brand":[],"product_cat":[131],"product_tag":[],"class_list":{"0":"post-1847","1":"product","2":"type-product","3":"status-publish","4":"has-post-thumbnail","6":"product_cat-effettistica","8":"first","9":"instock","10":"shipping-taxable","11":"product-type-simple"},"_links":{"self":[{"href":"https:\/\/musicaliborgna.com\/index.php?rest_route=\/wp\/v2\/product\/1847","targetHints":{"allow":["GET"]}}],"collection":[{"href":"https:\/\/musicaliborgna.com\/index.php?rest_route=\/wp\/v2\/product"}],"about":[{"href":"https:\/\/musicaliborgna.com\/index.php?rest_route=\/wp\/v2\/types\/product"}],"wp:featuredmedia":[{"embeddable":true,"href":"https:\/\/musicaliborgna.com\/index.php?rest_route=\/wp\/v2\/media\/1849"}],"wp:attachment":[{"href":"https:\/\/musicaliborgna.com\/index.php?rest_route=%2Fwp%2Fv2%2Fmedia&parent=1847"}],"wp:term":[{"taxonomy":"product_brand","embeddable":true,"href":"https:\/\/musicaliborgna.com\/index.php?rest_route=%2Fwp%2Fv2%2Fproduct_brand&post=1847"},{"taxonomy":"product_cat","embeddable":true,"href":"https:\/\/musicaliborgna.com\/index.php?rest_route=%2Fwp%2Fv2%2Fproduct_cat&post=1847"},{"taxonomy":"product_tag","embeddable":true,"href":"https:\/\/musicaliborgna.com\/index.php?rest_route=%2Fwp%2Fv2%2Fproduct_tag&post=1847"}],"curies":[{"name":"wp","href":"https:\/\/api.w.org\/{rel}","templated":true}]}}