{"id":1856,"date":"2024-05-02T09:47:00","date_gmt":"2024-05-02T09:47:00","guid":{"rendered":"https:\/\/musicaliborgna.com\/?post_type=product&#038;p=1856"},"modified":"2024-05-02T09:47:00","modified_gmt":"2024-05-02T09:47:00","slug":"serie-chrometta-chrometta-8","status":"publish","type":"product","link":"https:\/\/musicaliborgna.com\/?product=serie-chrometta-chrometta-8","title":{"rendered":"SERIE CHROMETTA  CHROMETTA 8"},"content":{"rendered":"<div class=\"mb-40\">\n<div class=\"thumb-element row clearfix\">\n<div class=\"col-md-8 scroll-carousel-slider-col my-col\">\n<h4 class=\"light-head\"><span>CARATTERISTICHE<\/span><\/h4>\n<div class=\"bx-wrapper\">\n<div class=\"bx-viewport\" aria-live=\"polite\">\n<ul id=\"product-slider\" class=\"bxslider\">\n<li aria-hidden=\"false\"><img loading=\"lazy\" decoding=\"async\" title=\"Pettine in plastica resistente\" src=\"https:\/\/www.hohner.de\/fileadmin\/_processed_\/b\/4\/csm_hohner-feat-chrometta-8-01_ec0bdf013e.jpg\" alt=\"\" width=\"517\" height=\"300\" \/>\n<div class=\"feature-content-box\">\n<h4 class=\"light-head\"><span>Pettine in plastica resistente<\/span><\/h4>\n<p><span>Prestazioni affidabili in tutte le condizioni climatiche grazie al pettine in plastica resistente<\/span><\/p>\n<\/div>\n<\/li>\n<li aria-hidden=\"true\"><img loading=\"lazy\" decoding=\"async\" title=\"Piastre di copertura in acciaio inox\" src=\"https:\/\/www.hohner.de\/fileadmin\/_processed_\/3\/e\/csm_hohner-feat-chrometta-8-02_4e7976c65d.jpg\" alt=\"\" width=\"517\" height=\"300\" \/>\n<div class=\"feature-content-box\">\n<h4 class=\"light-head\"><span>Piastre di copertura in acciaio inox<\/span><\/h4>\n<p><span>Eleganti coperture in acciaio inossidabile con un elevato livello di comfort<\/span><\/p>\n<\/div>\n<\/li>\n<li aria-hidden=\"true\"><img loading=\"lazy\" decoding=\"async\" title=\"Bocchino sporgente\" src=\"https:\/\/www.hohner.de\/fileadmin\/_processed_\/3\/8\/csm_hohner-feat-chrometta-8-03_d5567b5684.jpg\" alt=\"\" width=\"517\" height=\"300\" \/>\n<div class=\"feature-content-box\">\n<h4 class=\"light-head\"><span>Bocchino sporgente<\/span><\/h4>\n<p><span>Il bocchino sporgente con ampie aperture dei canali rende pi\u00f9 semplice per i principianti suonare le singole note<\/span><\/p>\n<\/div>\n<\/li>\n<\/ul>\n<\/div>\n<\/div>\n<\/div>\n<div class=\"col-md-4 scroll-carousel-navigate-col my-col hidden-xs\">\n<div class=\"product-carousel-wrap\">\n<div class=\"bx-wrapper\">\n<div class=\"bx-viewport\" aria-live=\"polite\">\n<ul id=\"product-carousel\" class=\"bxslider product-carousel\">\n<li aria-hidden=\"false\"><a class=\"active\" data-slide-index=\"0\"><img loading=\"lazy\" decoding=\"async\" title=\"Pettine in plastica resistente\" src=\"https:\/\/www.hohner.de\/fileadmin\/_processed_\/b\/4\/csm_hohner-feat-chrometta-8-01_216e0e70bd.jpg\" alt=\"\" width=\"120\" height=\"70\" \/><\/a><\/li>\n<li aria-hidden=\"false\"><a data-slide-index=\"1\"><img loading=\"lazy\" decoding=\"async\" title=\"Piastre di copertura in acciaio inox\" src=\"https:\/\/www.hohner.de\/fileadmin\/_processed_\/3\/e\/csm_hohner-feat-chrometta-8-02_5b65b986af.jpg\" alt=\"\" width=\"120\" height=\"70\" \/><\/a><\/li>\n<li aria-hidden=\"false\"><a data-slide-index=\"2\"><img loading=\"lazy\" decoding=\"async\" title=\"Bocchino sporgente\" src=\"https:\/\/www.hohner.de\/fileadmin\/_processed_\/3\/8\/csm_hohner-feat-chrometta-8-03_8005a96b45.jpg\" alt=\"\" width=\"120\" height=\"70\" \/><\/a><\/li>\n<\/ul>\n<\/div>\n<div class=\"bx-controls bx-has-controls-direction\">\n<div class=\"bx-controls-direction\"><\/div>\n<\/div>\n<\/div>\n<\/div>\n<\/div>\n<\/div>\n<\/div>\n<div id=\"accordion\" role=\"tablist\" aria-multiselectable=\"true\">\n<div class=\"card\">\n<div id=\"headingOne\" class=\"card-header\" role=\"tab\">\n<h5 class=\"mb-0\"><a href=\"https:\/\/www.hohner.de\/#collapseOne\" data-toggle=\"collapse\" data-parent=\"#accordion\" aria-expanded=\"true\" aria-controls=\"collapseOne\"><span>DETTAGLI TECNICI<\/span><\/a><\/h5>\n<\/div>\n<div id=\"collapseOne\" class=\"collapse show\" role=\"tabpanel\" aria-labelledby=\"headingOne\">\n<div class=\"card-block\">\n<table class=\"table table-sm\">\n<tbody>\n<tr>\n<td><span>Piastre lamellari (materiale, spessore):<\/span><\/td>\n<td><span>ottone, 1,05 mm<\/span><\/td>\n<\/tr>\n<tr>\n<td><span>Piastre ance (superficie):<\/span><\/td>\n<td><span>ottone<\/span><\/td>\n<\/tr>\n<tr>\n<td><span>Ance (numero, materiale):<\/span><\/td>\n<td><span>32, ottone<\/span><\/td>\n<\/tr>\n<tr>\n<td><span>Pettine (materiale, colore):<\/span><\/td>\n<td><span>ABS, nero<\/span><\/td>\n<\/tr>\n<tr>\n<td><span>Pettine (finitura):<\/span><\/td>\n<td><span>ABS, lucido<\/span><\/td>\n<\/tr>\n<tr>\n<td><span>Boccaglio (superficie):<\/span><\/td>\n<td><span>ABS, lucido<\/span><\/td>\n<\/tr>\n<tr>\n<td><span>Piastre di copertura:<\/span><\/td>\n<td><span>acciaio inossidabile<\/span><\/td>\n<\/tr>\n<tr>\n<td><span>Costruzione della diapositiva:<\/span><\/td>\n<td><span>zigzag<\/span><\/td>\n<\/tr>\n<tr>\n<td><span>Chiavi:<\/span><\/td>\n<td><span>C<\/span><\/td>\n<\/tr>\n<tr>\n<td><span>Tipo:<\/span><\/td>\n<td><span>cromatico<\/span><\/td>\n<\/tr>\n<tr>\n<td><span>Messa a punto:<\/span><\/td>\n<td><span>accordatura solista<\/span><\/td>\n<\/tr>\n<tr>\n<td><span>Numero di fori:<\/span><\/td>\n<td><span>8<\/span><\/td>\n<\/tr>\n<tr>\n<td><span>Gamma tonale:<\/span><\/td>\n<td><span>2 ottave, C4 \u2013 Db6<\/span><\/td>\n<\/tr>\n<tr>\n<td><span>Lunghezza:<\/span><\/td>\n<td><span>11,5 cm\/4,5&#8243;<\/span><\/td>\n<\/tr>\n<\/tbody>\n<\/table>\n<\/div>\n<\/div>\n<\/div>\n<\/div>\n","protected":false},"excerpt":{"rendered":"<h4 class=\"productName\"><span>IL PUNTO DI PARTENZA<\/span><\/h4>\n<p><span>Con una gamma tonale di poco pi\u00f9 di 2 ottave intere, la Chrometta 8 \u00e8 lo strumento pi\u00f9 piccolo della serie. <\/span><\/p>\n<p><span>Tuttavia, non lasciarti ingannare dalle apparenze, \u00e8 versatile quanto le sue controparti pi\u00f9 grandi<\/span><\/p>\n<p><span> ed \u00e8 perfetta per i tuoi primi passi nel mondo dell&#8217;armonica cromatica.<\/span><\/p>\n<p><span> Qualunque sia lo stile musicale che ti piace, questo piccolo e versatile tuttofare offre un ottimo punto di partenza per iniziare a suonare.<\/span><\/p>\n<p><span> Ed \u00e8 abbastanza piccolo da poterlo portare con te per esercitarti mentre sei in giro.<\/span><\/p>\n","protected":false},"featured_media":1857,"template":"","meta":[],"product_brand":[],"product_cat":[132],"product_tag":[],"class_list":{"0":"post-1856","1":"product","2":"type-product","3":"status-publish","4":"has-post-thumbnail","6":"product_cat-fiati","8":"first","9":"instock","10":"shipping-taxable","11":"product-type-simple"},"_links":{"self":[{"href":"https:\/\/musicaliborgna.com\/index.php?rest_route=\/wp\/v2\/product\/1856","targetHints":{"allow":["GET"]}}],"collection":[{"href":"https:\/\/musicaliborgna.com\/index.php?rest_route=\/wp\/v2\/product"}],"about":[{"href":"https:\/\/musicaliborgna.com\/index.php?rest_route=\/wp\/v2\/types\/product"}],"wp:featuredmedia":[{"embeddable":true,"href":"https:\/\/musicaliborgna.com\/index.php?rest_route=\/wp\/v2\/media\/1857"}],"wp:attachment":[{"href":"https:\/\/musicaliborgna.com\/index.php?rest_route=%2Fwp%2Fv2%2Fmedia&parent=1856"}],"wp:term":[{"taxonomy":"product_brand","embeddable":true,"href":"https:\/\/musicaliborgna.com\/index.php?rest_route=%2Fwp%2Fv2%2Fproduct_brand&post=1856"},{"taxonomy":"product_cat","embeddable":true,"href":"https:\/\/musicaliborgna.com\/index.php?rest_route=%2Fwp%2Fv2%2Fproduct_cat&post=1856"},{"taxonomy":"product_tag","embeddable":true,"href":"https:\/\/musicaliborgna.com\/index.php?rest_route=%2Fwp%2Fv2%2Fproduct_tag&post=1856"}],"curies":[{"name":"wp","href":"https:\/\/api.w.org\/{rel}","templated":true}]}}