{"id":1867,"date":"2024-05-02T10:19:16","date_gmt":"2024-05-02T10:19:16","guid":{"rendered":"https:\/\/musicaliborgna.com\/?post_type=product&#038;p=1867"},"modified":"2024-05-02T10:19:16","modified_gmt":"2024-05-02T10:19:16","slug":"ptrumpet-tromba","status":"publish","type":"product","link":"https:\/\/musicaliborgna.com\/?product=ptrumpet-tromba","title":{"rendered":"pTrumpet Tromba"},"content":{"rendered":"<p>La\u00a0pTrumpet\u00a0\u00e8 la prima tromba funzionale al mondo realizzata in plastica.<\/p>\n<div id=\"mehrSerienText\" class=\"collapse show\">Il peso leggero come una piuma, l&#8217;aspetto colorato e l&#8217;ottimo rapporto qualit\u00e0-prezzo la rendono\u00a0perfettamente adatta ai bambini\u00a0e per gli adulti.<br \/>\nSebbene abbia un suono molto simile all&#8217;originale, non \u00e8 pensata per sostituire i classici strumenti a fiato, ma come strumento ideale per i principianti, come strumento di pratica in viaggio o come alternativa resistente alle intemperie per i concerti in caso di pioggia.<\/p>\n<p>Facile da suonare.<\/p>\n<p>Poich\u00e9 la\u00a0pTrumpet\u00a0\u00e8 molto pi\u00f9 leggera di una tromba tradizionale in metallo, i bambini possono suonarla pi\u00f9 a lungo. I vantaggi sono evidenti: la tecnica e la postura si sviluppano pi\u00f9 velocemente e meglio. Ogni presa sullo strumento \u00e8 semplicemente pi\u00f9 divertente.<\/p>\n<p>Alto valore, basso prezzo.<\/p>\n<p>La pTrumpet costa solo un terzo del prezzo di una tromba metallica media. Tutto il necessario \u00e8 incluso: una borsa per il trasporto a lezione, alle prove o ai concerti e due bocchini in plastica (3C e 5C). E se necessario, \u00e8 compatibile con qualsiasi bocchino standard per tromba.<\/p>\n<p>Senza complicazioni.<\/p>\n<p>Le trombe classiche in metallo si ammaccano facilmente o si danneggiano in altro modo e richiedono molta manutenzione. Il robusto corpo in ABS della\u00a0pTrumpet\u00a0\u00e8 estremamente\u00a0resistente\u00a0alle sfide della vita quotidiana, siano esse urti, cadute o agenti atmosferici. E per la pulizia \u00e8 sufficiente l&#8217;acqua.<\/p>\n<p>Poca manutenzione, affidabile e robusto. Con la\u00a0pTrumpet, il\u00a0divertimento\u00a0di suonare \u00e8 al primo posto.<\/p>\n<p><iframe loading=\"lazy\" title=\"pTrumpet played by James Fountain\" width=\"1220\" height=\"686\" src=\"https:\/\/www.youtube.com\/embed\/OO4NPHk1wRQ?feature=oembed\" frameborder=\"0\" allow=\"accelerometer; autoplay; clipboard-write; encrypted-media; gyroscope; picture-in-picture; web-share\" referrerpolicy=\"strict-origin-when-cross-origin\" allowfullscreen><\/iframe><\/p>\n<\/div>\n","protected":false},"excerpt":{"rendered":"<ul class=\"mb-2 featureList ps-lg-3\">\n<li style=\"list-style-type: none;\">\n<ul class=\"mb-2 featureList ps-lg-3\">\n<li class=\"my-1\">Tromba in Sib<\/li>\n<li class=\"my-1\">Corpo in ABS<\/li>\n<li class=\"my-1\">Canneggio ML 11,68 mm<\/li>\n<li class=\"my-1\">Campana 124 mm<\/li>\n<li class=\"my-1\">Imboccatura in polimero brevettato (plastica)<\/li>\n<\/ul>\n<\/li>\n<\/ul>\n<div id=\"mehrDesktopFeatures\" class=\"collapse show\">\n<ul>\n<li class=\"my-1\">Pistoni 1, 2 e 3 identici ed intercambiabili<\/li>\n<li class=\"my-1\">Molle superiori<\/li>\n<li class=\"my-1\">Pompa principale removibile con chiave dell&#8217;acqua<\/li>\n<li class=\"my-1\">1\u00b0 e 3\u00b0 pompa removibili<\/li>\n<li class=\"my-1\">Con due bocchini in plastica 3C e 5C<\/li>\n<\/ul>\n<\/div>\n","protected":false},"featured_media":1868,"template":"","meta":[],"product_brand":[],"product_cat":[132],"product_tag":[],"class_list":{"0":"post-1867","1":"product","2":"type-product","3":"status-publish","4":"has-post-thumbnail","6":"product_cat-fiati","8":"first","9":"instock","10":"shipping-taxable","11":"product-type-simple"},"_links":{"self":[{"href":"https:\/\/musicaliborgna.com\/index.php?rest_route=\/wp\/v2\/product\/1867","targetHints":{"allow":["GET"]}}],"collection":[{"href":"https:\/\/musicaliborgna.com\/index.php?rest_route=\/wp\/v2\/product"}],"about":[{"href":"https:\/\/musicaliborgna.com\/index.php?rest_route=\/wp\/v2\/types\/product"}],"wp:featuredmedia":[{"embeddable":true,"href":"https:\/\/musicaliborgna.com\/index.php?rest_route=\/wp\/v2\/media\/1868"}],"wp:attachment":[{"href":"https:\/\/musicaliborgna.com\/index.php?rest_route=%2Fwp%2Fv2%2Fmedia&parent=1867"}],"wp:term":[{"taxonomy":"product_brand","embeddable":true,"href":"https:\/\/musicaliborgna.com\/index.php?rest_route=%2Fwp%2Fv2%2Fproduct_brand&post=1867"},{"taxonomy":"product_cat","embeddable":true,"href":"https:\/\/musicaliborgna.com\/index.php?rest_route=%2Fwp%2Fv2%2Fproduct_cat&post=1867"},{"taxonomy":"product_tag","embeddable":true,"href":"https:\/\/musicaliborgna.com\/index.php?rest_route=%2Fwp%2Fv2%2Fproduct_tag&post=1867"}],"curies":[{"name":"wp","href":"https:\/\/api.w.org\/{rel}","templated":true}]}}