{"id":1882,"date":"2024-05-02T12:22:18","date_gmt":"2024-05-02T12:22:18","guid":{"rendered":"https:\/\/musicaliborgna.com\/?post_type=product&#038;p=1882"},"modified":"2024-05-02T12:22:18","modified_gmt":"2024-05-02T12:22:18","slug":"ss-cdr250n-registratore-audio-cd-stato-solido-collegabile-in-rete","status":"publish","type":"product","link":"https:\/\/musicaliborgna.com\/?product=ss-cdr250n-registratore-audio-cd-stato-solido-collegabile-in-rete","title":{"rendered":"SS-CDR250N Registratore audio CD\/stato solido collegabile in rete"},"content":{"rendered":"<p><span>L&#8217;SS-CDR250N \u00e8 un registratore\/lettore CD a stato solido collegabile in rete con una variet\u00e0 di opzioni di controllo remoto per applicazioni professionali come studi di trasmissione o installazioni fisse. Registra in formato WAV e MP3 su SD\/SDHC\/SDXC e memoria flash USB o in formato MP3 e CD audio su CD tramite un&#8217;unit\u00e0 di caricamento slot. Poich\u00e9 il registratore \u00e8 in grado di connettersi a un server FTP tramite una rete, pu\u00f2 caricare automaticamente le registrazioni al termine della registrazione o scaricare file per la riproduzione. \u00c8 possibile anche la sincronizzazione dell&#8217;ora tramite SNTP.<\/span><\/p>\n<p><span>Con i suoi doppi slot per schede SD, l&#8217;SS-CDR250N offre maggiore sicurezza ai tuoi file preziosi rispetto ai registratori convenzionali. Durante la registrazione \u00e8 possibile creare dei backup sulla seconda scheda di memoria oppure il registratore passa alla seconda scheda non appena la prima scheda esaurisce la memoria. L&#8217;unit\u00e0 chiude inoltre i file automaticamente nel caso in cui si verifichi un&#8217;improvvisa interruzione di corrente durante la registrazione per evitare la perdita dell&#8217;intera sessione di registrazione.<\/span><\/p>\n<p><span>L&#8217;SS-CDR250N pu\u00f2 essere controllato in vari modi: il\u00a0<\/span><a href=\"https:\/\/www.tascam.eu\/en\/rc-ss150.html\"><span>telecomando RC-SS150<\/span><\/a><span>\u00a0offre una comoda interfaccia con display LC a colori e 12 tasti per la riproduzione flash. \u00c8 inoltre disponibile un&#8217;app dedicata per dispositivi iOS e Android in grado di controllare le operazioni di trasporto e varie impostazioni. Oppure puoi integrare il registratore in ambienti esistenti utilizzando il controllo seriale o parallelo.<\/span><\/p>\n<p><span>Per le connessioni audio, l&#8217;SS-CDR250N \u00e8 dotato di ingressi e uscite analogici bilanciati e sbilanciati, nonch\u00e9 di I\/O digitali coassiali SPDIF e AES\/EBU con convertitore di frequenza di campionamento. Una scheda di interfaccia Dante opzionale offre ingresso\/uscita a due canali per reti audio Dante.<\/span><\/p>\n<p><img loading=\"lazy\" decoding=\"async\" src=\"https:\/\/www.tascam.eu\/img\/ss-cdr250n\/ss-cdr250n_01.png\" alt=\"SS-CDR250N\" width=\"280\" height=\"142\" \/><\/p>\n<p><span>Durante la registrazione, l&#8217;SS-CDR250N pu\u00f2 utilizzare due schede SD e un&#8217;unit\u00e0 flash USB per creare backup o utilizzare pi\u00f9 supporti in successione. Sul supporto secondario verr\u00e0 creata una cartella con lo stesso percorso file del supporto corrente e utilizzata per il backup e la registrazione rilanciata.<\/span><\/p>\n<h4><span>La registrazione del backup pu\u00f2 evitarti spiacevoli sorprese<\/span><\/h4>\n<p><span>Quando si utilizza l&#8217; opzione\u00a0<\/span><strong><span>BACKUP<\/span><\/strong><span>\u00a0durante la registrazione, l&#8217;unit\u00e0 memorizza i file audio su entrambi i supporti selezionati in parallelo. Tali backup possono aiutarti a evitare problemi in caso di problemi con un supporto di registrazione. \u00c8 possibile selezionare dal menu quale dei supporti rimanenti verr\u00e0 utilizzato per il backup.<\/span><\/p>\n<h4><span>Funzione rel\u00e8 per tempi di registrazione lunghi<\/span><\/h4>\n<p><span>Quando si utilizza l&#8217; opzione\u00a0<\/span><strong><span>RELAY<\/span><\/strong><span>\u00a0durante la registrazione, l&#8217;unit\u00e0 utilizza pi\u00f9 supporti in successione per consentire la registrazione continua per lunghi periodi di tempo. Puoi anche combinare una registrazione in doppio formato (registrazione simultanea in formato WAV e MP3) con la funzione rel\u00e8.<\/span><\/p>\n<h4><span>Chiusura automatica del file<\/span><\/h4>\n<p><span>Per aiutarti ulteriormente a proteggere le tue preziose registrazioni, l&#8217;unit\u00e0 salva e chiude automaticamente i file di registrazione ogni pochi secondi per proteggerti dalla perdita di dati in caso di interruzione di corrente.<\/span><\/p>\n<h4><span>XLR, RCA, AES\/EBU, SPDIF: cos&#8217;altro ti servirebbe?<\/span><\/h4>\n<p><span>L&#8217;SS-CDR250N offre una variet\u00e0 di ingressi e uscite audio per integrarsi praticamente in qualsiasi ambiente. Puoi scegliere tra ingressi e uscite analogici XLR o RCA oppure utilizzare AES\/EBU (XLR) o SPDIF (coassiale) per connetterti ad apparecchiature digitali. Puoi anche abilitare l&#8217;alimentazione phantom a 48 volt nel menu per utilizzare gli ingressi XLR con microfoni a condensatore.<\/span><\/p>\n<h4><img loading=\"lazy\" decoding=\"async\" src=\"https:\/\/www.tascam.eu\/img\/ss-cdr250n\/ss-cdr250n_04.png\" alt=\"SS-CDR250N\" width=\"280\" height=\"163\" \/><span>Se hai una rete Dante\u2026<\/span><\/h4>\n<p><span>Installando una scheda di rete Tascam IF-DA2 Dante (disponibile come opzione), l&#8217;SS-CDR250N\/SS-R250N pu\u00f2 essere facilmente integrato nella tua rete Dante. Questa scheda si inserisce in uno slot di estensione sul lato posteriore e offre due canali audio in entrambe le direzioni (in entrata e in uscita) fino a 96 kHz\/24 bit.<\/span><\/p>\n<section id=\"details--section\" class=\"row\">\n<div id=\"prod-accordion\" class=\"col-12\">\n<div class=\"card\">\n<div id=\"Panel3\" class=\"collapse show\" aria-labelledby=\"PanelHeading3\">\n<div class=\"card-body\">\n<h4><img loading=\"lazy\" decoding=\"async\" src=\"https:\/\/www.tascam.eu\/img\/ss-cdr250n\/ss-cdr250n_06.png\" alt=\"SS-CDR250N\" width=\"280\" height=\"135\" \/><span>Connessione Ethernet per controllo remoto tramite Telnet e trasferimento file tramite FTP<\/span><\/h4>\n<p><span>Collegando il registratore a una rete Ethernet, \u00e8 possibile controllarlo in remoto tramite Telnet. L&#8217;accesso \u00e8 possibile da qualsiasi tipo di sistema, inclusi Windows, Mac e Unix. \u00c8 inoltre necessaria una connessione di rete per utilizzare le funzioni FTP integrate per caricare file registrati su un server specificato o scaricare file per la riproduzione. Poich\u00e9 l&#8217;unit\u00e0 funge anche da server FTP, \u00e8 possibile accedere ai file sull&#8217;unit\u00e0 anche da un computer.<\/span><\/p>\n<h4><span>Sincronizzazione dell&#8217;ora SNTP<\/span><\/h4>\n<p><span>Con il supporto SNTP, l&#8217;SS-CDR250N\/SS-R250N pu\u00f2 aggiornare automaticamente il proprio orologio interno a intervalli regolari su una rete, in modo che gli eventi del timer possano essere eseguiti accuratamente.<\/span><\/p>\n<h4><img loading=\"lazy\" decoding=\"async\" src=\"https:\/\/www.tascam.eu\/img\/ss-cdr250n\/ss-cdr250n_07.png\" alt=\"SS-CDR250N\" width=\"280\" height=\"126\" \/><span>Controllo parallelo\/seriale esterno<\/span><\/h4>\n<p><span>Oltre al controllo remoto e al monitoraggio tramite la funzione LAN, \u00e8 supportato il controllo remoto esterno tramite protocollo parallelo e seriale RS-232C. Ci\u00f2 consente all&#8217;unit\u00e0 di essere integrata in sistemi multimediali e altri ambienti.<\/span><\/p>\n<h4><a class=\"fltrt\" href=\"https:\/\/www.tascam.eu\/en\/ss-cdr250n#\"><img loading=\"lazy\" decoding=\"async\" src=\"https:\/\/www.tascam.eu\/img\/ss-cdr250n\/ss-cdr250n_05.png\" alt=\"SS-CDR250N\" width=\"280\" height=\"154\" \/><\/a><span>RC-SS150 Telecomando cablato dedicato<\/span><\/h4>\n<p><span>Anche il telecomando\u00a0dedicato\u00a0<\/span><a href=\"https:\/\/www.tascam.eu\/en\/rc-ss150.html\"><span>RC-SS150<\/span><\/a><span>\u00a0\u00e8 collegato e alimentato tramite la porta RS-232C dell&#8217;unit\u00e0. Dispone di 12 pulsanti di avvio flash disposti attorno a un display TFT chiaramente leggibile e ti d\u00e0 accesso a playlist con un massimo di 96 tracce. Puoi anche modificare l&#8217;area di riproduzione e la modalit\u00e0 di riproduzione o impostazioni come Ripeti, Auto Cue, Auto Ready e Riproduzione incrementale.<\/span><\/p>\n<h4><a href=\"https:\/\/www.tascam.eu\/img\/ss-cdr250n\/ss-cdr250n_08.png\"><img decoding=\"async\" src=\"https:\/\/www.tascam.eu\/img\/ss-cdr250n\/ss-cdr250n_08.png\" alt=\"Controllo Tascam SS250\" width=\"100\" \/><\/a><span>App di controllo dedicata per Android e iOS<\/span><\/h4>\n<p><span>Con\u00a0<\/span><strong><a href=\"https:\/\/www.tascam.eu\/en\/ss250_control.html\"><span>SS250 Control<\/span><\/a><\/strong><span>\u00a0, Tascam offre un&#8217;app di controllo dedicata disponibile gratuitamente che ti consente di controllare a distanza le funzioni di trasporto del registratore, accedere alle impostazioni del menu e monitorare i livelli in tempo reale dal tuo tablet o smartphone Android o iOS. Puoi anche utilizzare l&#8217;app per bloccare i pulsanti sulla parte anteriore dell&#8217;unit\u00e0 per impedire il funzionamento dell&#8217;unit\u00e0 stessa quando, ad esempio, si trova in un luogo pubblico. E l&#8217;app mostra icone per informarti quando i file vengono caricati o scaricati tramite FTP.<\/span><\/p>\n<\/div>\n<\/div>\n<\/div>\n<\/div>\n<\/section>\n<section id=\"features--section\">\n<h3 class=\"section-heading mb-4\"><a id=\"feat\" class=\"scrollto\"><\/a><span>Caratteristiche in breve<\/span><\/h3>\n<div class=\"row row-cols-1 row-cols-md-2\">\n<div class=\"col\">\n<p><span>Caratteristiche generali<\/span><\/p>\n<ul>\n<li><span>Registra e riproduce da memoria flash USB (fino a 64 GB), schede SD\/SDHC\/SDXC (fino a 128 GB), CD-R\/CD-RW<\/span><\/li>\n<li><span>Supporta la registrazione e la riproduzione di file ad alta risoluzione fino a 96 kHz\/24 bit<\/span><\/li>\n<\/ul>\n<p><span>Funzionalit\u00e0 di rete\/controllo<\/span><\/p>\n<ul>\n<li><span>La funzione client FTP consente il caricamento automatico dei file registrati o il download dei file audio dal server<\/span><\/li>\n<li><span>Con gli elenchi degli eventi per la registrazione, la riproduzione, il download e altre funzioni, l&#8217;unit\u00e0 pu\u00f2 essere utilizzata automaticamente in base all&#8217;ora impostata<\/span><\/li>\n<li><span>La sincronizzazione dell&#8217;ora tramite client SNTP consente la gestione degli eventi con elevata precisione<\/span><\/li>\n<li><span>L&#8217;app di controllo iOS\/Android consente le operazioni di trasporto e il controllo remoto di varie impostazioni<\/span><\/li>\n<li><span>La scheda di interfaccia IF-DA2 opzionale supporta ingresso e uscita Dante a due canali<\/span><\/li>\n<li><span>Porte seriali e parallele<\/span><\/li>\n<li><span>Controller flash start RC-SS150 con schermo LCD a colori disponibile come opzione<\/span><\/li>\n<li><span>\u00c8 possibile collegare l&#8217;interruttore a pedale Tascam RC-3F o il telecomando RC-20<\/span><\/li>\n<\/ul>\n<p><span>Funzionalit\u00e0 di registrazione<\/span><\/p>\n<ul>\n<li><span>I doppi slot per schede di memoria SD consentono il backup e la registrazione rel\u00e8<\/span><\/li>\n<li><span>I contrassegni possono essere impostati automaticamente quando si verifica un errore o l&#8217;ingresso \u00e8 in sovraccarico<\/span><\/li>\n<li><span>La funzione di pre-registrazione impedisce qualsiasi parte mancante all&#8217;inizio delle registrazioni<\/span><\/li>\n<li><span>La funzione di traccia automatica ritaglia automaticamente il materiale audio nelle tracce<\/span><\/li>\n<li><span>Compressore e limitatore possono aiutare a migliorare la qualit\u00e0 della registrazione<\/span><\/li>\n<li><span>Controllo automatico del livello disponibile per regolare automaticamente il livello di ingresso per la registrazione<\/span><\/li>\n<li><span>La registrazione pu\u00f2 essere avviata non appena l&#8217;unit\u00e0 viene accesa (funzione di registrazione all&#8217;accensione)<\/span><\/li>\n<li><span>La registrazione diretta consente di avviare una registrazione senza prima passare alla modalit\u00e0 di registrazione pronta<\/span><\/li>\n<li><span>Connettori di ingresso XLR per microfoni con alimentazione phantom (utilizzabili anche con sorgenti di linea)<\/span><\/li>\n<li><span>Connettori di ingresso RCA per sorgenti di livello consumer<\/span><\/li>\n<li><span>Ingresso digitale AES\/EBU (XLR)<\/span><\/li>\n<li><span>Ingresso coassiale SPDIF (RCA)<\/span><\/li>\n<\/ul>\n<p><span>Funzioni di riproduzione<\/span><\/p>\n<ul>\n<li><span>Funzione di chiamata che salva la posizione in cui inizia l&#8217;ultima riproduzione<\/span><\/li>\n<\/ul>\n<\/div>\n<div class=\"col\">\n<ul>\n<li><span>La funzione ducking riduce automaticamente il livello di riproduzione mentre il livello di ingresso aumenta e viceversa<\/span><\/li>\n<li><span>Riproduzione incrementale (salta a ogni traccia successiva premendo il pulsante PLAY)<\/span><\/li>\n<li><span>Auto Cue individua il primo suono in una traccia quando \u00e8 in attesa di riproduzione<\/span><\/li>\n<li><span>Auto Ready consente lo standby della riproduzione prima dell&#8217;inizio della traccia successiva<\/span><\/li>\n<li><span>Funzione di controllo del tono e di controllo della chiave per la regolazione della velocit\u00e0 e della chiave<\/span><\/li>\n<li><span>Modalit\u00e0 di riproduzione come Programma, Casuale e Singola<\/span><\/li>\n<li><span>Funzione di ripetizione (tutti i brani, sezione A\u2013B)<\/span><\/li>\n<li><span>Funzione di riproduzione mix mono<\/span><\/li>\n<li><span>I contrassegni possono essere impostati in qualsiasi posizione<\/span><\/li>\n<li><span>EOM (Fine del messaggio) pu\u00f2 avvisare l&#8217;utente prima che la traccia finisca<\/span><\/li>\n<\/ul>\n<p><span>Altre caratteristiche<\/span><\/p>\n<ul>\n<li><span>Convertitore della frequenza di campionamento per ingressi e uscite<\/span><\/li>\n<li><span>La funzione di riproduzione collegata consente di utilizzare due unit\u00e0 in parallelo<\/span><\/li>\n<li><span>Chiusura automatica dei file per evitare la perdita di dati in caso di improvvisa interruzione di corrente durante la registrazione<\/span><\/li>\n<li><span>Preimpostazioni utente: \u00e8 possibile memorizzare fino a tre serie di impostazioni per cambiare rapidamente ingresso e uscita, frequenza di campionamento e altre funzioni<\/span><\/li>\n<li><span>Dimensioni per montaggio su rack 1U<\/span><\/li>\n<\/ul>\n<p><span class=\"important\"><span>Nuove funzionalit\u00e0 con il firmware v1.30<\/span><\/span><\/p>\n<ul>\n<li><span>I comandi RS-232C e Telnet ora possono essere utilizzati anche per accendere e spegnere l&#8217;unit\u00e0 principale e modificare l&#8217;impostazione della funzione SALTO TEMPO (vedere\u00a0<\/span><a href=\"https:\/\/www.tascam.eu\/en\/docs\/SS-CDR250N_RS-232C_v115.pdf\"><span>le specifiche del protocollo RS-232C\/Telnet v1.15<\/span><\/a><span>\u00a0per i dettagli)<\/span><\/li>\n<li><span>Per questo firmware \u00e8 richiesto\u00a0<a href=\"https:\/\/www.tascam.eu\/en\/ss250_control.html\">SS250 Control v2.0.0 (app di controllo remoto).<\/a><\/span><\/li>\n<\/ul>\n<p><span>Nuova funzionalit\u00e0 con il firmware v1.20<\/span><\/p>\n<ul>\n<li><span>File e cartelle possono essere rinominati e modificati utilizzando RS-232C e Telnet<\/span><\/li>\n<\/ul>\n<p><span>Nuove funzionalit\u00e0 con il firmware v1.10<\/span><\/p>\n<ul>\n<li><span>La divisione automatica della traccia \u00e8 ora possibile in incrementi di tempo (1\u201310 minuti, 15\/30 minuti, 1 ora, 2\/6\/8\/12\/24 ore)<\/span><\/li>\n<li><span>Per questo firmware \u00e8 richiesto\u00a0<a href=\"https:\/\/www.tascam.eu\/en\/ss250_control.html\">SS250 Control v1.1.0 (app di controllo remoto).<\/a><\/span><\/li>\n<\/ul>\n<p><span>Nuove funzionalit\u00e0 con il firmware v1.01<\/span><\/p>\n<ul>\n<li><a href=\"https:\/\/www.tascam.eu\/en\/ss250_control.html\"><span>SS250 Control<\/span><\/a><span>\u00a0(app di controllo remoto) \u00e8 ora supportato<\/span><div style=\"width: 640px;\" class=\"wp-video\"><video class=\"wp-video-shortcode\" id=\"video-1882-1\" width=\"640\" height=\"360\" preload=\"metadata\" controls=\"controls\"><source type=\"video\/mp4\" src=\"https:\/\/www.tascam.eu\/img\/ss-cdr250n\/video\/ss-cdr250n_introduction.mp4?_=1\" \/><a href=\"https:\/\/www.tascam.eu\/img\/ss-cdr250n\/video\/ss-cdr250n_introduction.mp4\">https:\/\/www.tascam.eu\/img\/ss-cdr250n\/video\/ss-cdr250n_introduction.mp4<\/a><\/video><\/div><\/li>\n<\/ul>\n<\/div>\n<\/div>\n<\/section>\n","protected":false},"excerpt":{"rendered":"<p>L&#8217;SS-CDR250N \u00e8 un registratore\/lettore CD a stato solido collegabile in rete<\/p>\n<p>con una variet\u00e0 di opzioni di controllo remoto per applicazioni professionali<\/p>\n<p>come studi di trasmissione o installazioni fisse.<\/p>\n","protected":false},"featured_media":1883,"template":"","meta":[],"product_brand":[],"product_cat":[146],"product_tag":[],"class_list":{"0":"post-1882","1":"product","2":"type-product","3":"status-publish","4":"has-post-thumbnail","6":"product_cat-home-recording","8":"first","9":"instock","10":"shipping-taxable","11":"product-type-simple"},"_links":{"self":[{"href":"https:\/\/musicaliborgna.com\/index.php?rest_route=\/wp\/v2\/product\/1882","targetHints":{"allow":["GET"]}}],"collection":[{"href":"https:\/\/musicaliborgna.com\/index.php?rest_route=\/wp\/v2\/product"}],"about":[{"href":"https:\/\/musicaliborgna.com\/index.php?rest_route=\/wp\/v2\/types\/product"}],"wp:featuredmedia":[{"embeddable":true,"href":"https:\/\/musicaliborgna.com\/index.php?rest_route=\/wp\/v2\/media\/1883"}],"wp:attachment":[{"href":"https:\/\/musicaliborgna.com\/index.php?rest_route=%2Fwp%2Fv2%2Fmedia&parent=1882"}],"wp:term":[{"taxonomy":"product_brand","embeddable":true,"href":"https:\/\/musicaliborgna.com\/index.php?rest_route=%2Fwp%2Fv2%2Fproduct_brand&post=1882"},{"taxonomy":"product_cat","embeddable":true,"href":"https:\/\/musicaliborgna.com\/index.php?rest_route=%2Fwp%2Fv2%2Fproduct_cat&post=1882"},{"taxonomy":"product_tag","embeddable":true,"href":"https:\/\/musicaliborgna.com\/index.php?rest_route=%2Fwp%2Fv2%2Fproduct_tag&post=1882"}],"curies":[{"name":"wp","href":"https:\/\/api.w.org\/{rel}","templated":true}]}}