{"id":1885,"date":"2024-05-02T12:27:16","date_gmt":"2024-05-02T12:27:16","guid":{"rendered":"https:\/\/musicaliborgna.com\/?post_type=product&#038;p=1885"},"modified":"2024-05-02T12:27:16","modified_gmt":"2024-05-02T12:27:16","slug":"dr-05x-registratore-audio-portatile-stereo-e-interfaccia-audio-usb","status":"publish","type":"product","link":"https:\/\/musicaliborgna.com\/?product=dr-05x-registratore-audio-portatile-stereo-e-interfaccia-audio-usb","title":{"rendered":"DR-05X Registratore audio portatile stereo e interfaccia audio USB"},"content":{"rendered":"<section class=\"text-dark bg-light mx-n4\">\n<div class=\"container-fluid p-0 mt-5\">\n<div class=\"row no-gutters\">\n<div class=\"col-xl-6 my-auto px-5 py-5\">\n<div class=\"lc-block\">\n<div>\n<h3><span>Semplice da usare<\/span><\/h3>\n<p><span>Il DR-05X \u00e8 veloce e facile da usare con un pollice. Operazioni come la registrazione, la regolazione dei livelli, l&#8217;eliminazione delle riprese errate e l&#8217;aggiunta di marcatori sono solo a portata di mano. Altre funzionalit\u00e0 come il filtro low-cut, Variable Speed \u200b\u200bAudition, accordatore cromatico e altre ancora possono essere scelte dal menu multilingue (inglese, spagnolo, portoghese, francese, italiano, tedesco, russo, cinese, coreano, giapponese). Tre diverse modalit\u00e0 di livello automatico (Limiter, Riduzione picco, Livello automatico) possono aiutare a prevenire distorsioni accidentali durante la registrazione.<\/span><\/p>\n<p><span>C&#8217;\u00e8 anche una funzione Level Align che consente di attenuare eventuali salti improvvisi di volume durante la riproduzione e viene fornito un altoparlante integrato per un rapido controllo. Gli utenti possono applicare uno dei sei effetti di riverbero al segnale di ingresso o di uscita e una funzione Overdub consente di registrare altre parti come un assolo di chitarra su una registrazione precedentemente effettuata, ad esempio in uno studio di prova. La sovraincisione crea un nuovo file, lasciando inalterato il file originale, facilitando la ri-registrazione.<\/span><\/p>\n<\/div>\n<\/div>\n<\/div>\n<\/div>\n<\/div>\n<\/section>\n<section class=\"text-dark bg-light mx-n4\">\n<div class=\"container-fluid p-0\">\n<div class=\"row no-gutters\">\n<div class=\"col-xl-6 order-xl-1 my-auto px-5 py-5\">\n<div class=\"lc-block\">\n<div>\n<h3>Trascrivi le tue registrazioni vocali<\/h3>\n<p>La nuova modalit\u00e0 Dettatura consente all&#8217;utente di saltare avanti e indietro con incrementi preselezionati durante la riproduzione di un file. Pu\u00f2 essere combinato con il controllo della velocit\u00e0 e uno speciale equalizzatore di dettatura che lo rende utile, ad esempio, per trascrivere registrazioni di minuti. La nuova modalit\u00e0 di sovrascrittura in stile nastro con un livello di annullamento consente agli utenti di selezionare un orario di inserimento e sostituire parte di una registrazione esistente.<\/p>\n<\/div>\n<\/div>\n<\/div>\n<\/div>\n<div class=\"row no-gutters\">\n<div class=\"col-xl-6 my-auto px-5 py-5\">\n<div class=\"lc-block\">\n<div>\n<h3>Trasforma la tua stanza in uno studio \u2013 in un minuto<\/h3>\n<p>Oltre alla registrazione portatile, il DR-05X pu\u00f2 essere utilizzato anche come interfaccia audio USB con due ingressi e uscite, rendendolo uno strumento per il lavoro di voiceover, live streaming, podcasting e songwriting con audio di qualit\u00e0 da studio.<\/p>\n<p>Due batterie AA possono alimentare il registratore per pi\u00f9 di 17 ore, anche durante la registrazione in qualit\u00e0 CD. \u00c8 anche possibile il funzionamento tramite alimentazione dal bus USB o un adattatore CA opzionale (PS-P520U).<\/p>\n<div style=\"width: 640px;\" class=\"wp-video\"><video class=\"wp-video-shortcode\" id=\"video-1885-1\" width=\"640\" height=\"360\" preload=\"metadata\" controls=\"controls\"><source type=\"video\/mp4\" src=\"https:\/\/www.tascam.eu\/img\/dr-40x\/video\/dr-x_overview.mp4?_=1\" \/><a href=\"https:\/\/www.tascam.eu\/img\/dr-40x\/video\/dr-x_overview.mp4\">https:\/\/www.tascam.eu\/img\/dr-40x\/video\/dr-x_overview.mp4<\/a><\/video><\/div>\n<\/div>\n<\/div>\n<\/div>\n<\/div>\n<\/div>\n<\/section>\n","protected":false},"excerpt":{"rendered":"<h3><span>Registra audio pulito e chiaro ovunque<\/span><\/h3>\n<p><span>Il DR-05X offre registrazione stereo portatile e di alta qualit\u00e0 in formato MP3 o WAV, <\/span><\/p>\n<p><span>incluso audio ad alta risoluzione a 96 kHz\/24 bit, utilizzando supporti microSD, microSDHC o microSDXC. <\/span><\/p>\n<p><span>Una coppia di microfoni omnidirezionali gestisce fino a 125 dB SPL con la sensibilit\u00e0 necessaria per catturare ogni dettaglio.<\/span><\/p>\n<p><span> Gli utenti possono anche utilizzare il proprio microfono o la sorgente a livello di linea attraverso l&#8217;ingresso stereo mini-jack <\/span><\/p>\n<p><span>che include l&#8217;alimentazione plug-in per i microfoni che ne hanno bisogno.<\/span><\/p>\n","protected":false},"featured_media":1886,"template":"","meta":[],"product_brand":[],"product_cat":[146],"product_tag":[],"class_list":{"0":"post-1885","1":"product","2":"type-product","3":"status-publish","4":"has-post-thumbnail","6":"product_cat-home-recording","8":"first","9":"instock","10":"shipping-taxable","11":"product-type-simple"},"_links":{"self":[{"href":"https:\/\/musicaliborgna.com\/index.php?rest_route=\/wp\/v2\/product\/1885","targetHints":{"allow":["GET"]}}],"collection":[{"href":"https:\/\/musicaliborgna.com\/index.php?rest_route=\/wp\/v2\/product"}],"about":[{"href":"https:\/\/musicaliborgna.com\/index.php?rest_route=\/wp\/v2\/types\/product"}],"wp:featuredmedia":[{"embeddable":true,"href":"https:\/\/musicaliborgna.com\/index.php?rest_route=\/wp\/v2\/media\/1886"}],"wp:attachment":[{"href":"https:\/\/musicaliborgna.com\/index.php?rest_route=%2Fwp%2Fv2%2Fmedia&parent=1885"}],"wp:term":[{"taxonomy":"product_brand","embeddable":true,"href":"https:\/\/musicaliborgna.com\/index.php?rest_route=%2Fwp%2Fv2%2Fproduct_brand&post=1885"},{"taxonomy":"product_cat","embeddable":true,"href":"https:\/\/musicaliborgna.com\/index.php?rest_route=%2Fwp%2Fv2%2Fproduct_cat&post=1885"},{"taxonomy":"product_tag","embeddable":true,"href":"https:\/\/musicaliborgna.com\/index.php?rest_route=%2Fwp%2Fv2%2Fproduct_tag&post=1885"}],"curies":[{"name":"wp","href":"https:\/\/api.w.org\/{rel}","templated":true}]}}