{"id":1889,"date":"2024-05-02T12:41:24","date_gmt":"2024-05-02T12:41:24","guid":{"rendered":"https:\/\/musicaliborgna.com\/?post_type=product&#038;p=1889"},"modified":"2024-05-02T12:41:24","modified_gmt":"2024-05-02T12:41:24","slug":"dp-03sd-portastudio-digitale-a-8-tracce","status":"publish","type":"product","link":"https:\/\/musicaliborgna.com\/?product=dp-03sd-portastudio-digitale-a-8-tracce","title":{"rendered":"DP-03SD Portastudio digitale a 8 tracce"},"content":{"rendered":"<p><span>Nel pannello frontale del DP-03SD \u00e8 incorporata una coppia di microfoni a condensatore stereo, utili per catturare una prova, un&#8217;esibizione dal vivo o idee per scrivere canzoni. Sono inclusi anche una coppia di preamplificatori microfonici XLR di alta qualit\u00e0 con alimentazione phantom per microfoni a condensatore. Sono disponibili anche jack di ingresso linea da 6,3 mm e un interruttore a livello di strumento consente di registrare una chitarra o un basso senza direct box.\u00a0Per il controllo e il punch-in \u00e8 disponibile\u00a0un interruttore a pedale a tre pulsanti, l&#8217;\u00a0<\/span><a href=\"https:\/\/www.tascam.eu\/en\/rc-3f.html\"><span>RC-3F .<\/span><\/a><\/p>\n<p><span>Instradare gli ingressi su una delle otto tracce \u00e8 semplice e puoi registrarne due alla volta fino a riempirle tutte e otto. Un accordatore e un metronomo sono integrati per tracce dal suono serrato, ciascuno con il proprio pulsante dedicato per un accesso rapido. Le tracce possono essere modificate con comandi come copia\/incolla, silenzia, clona e annulla. \u00c8 disponibile anche il bouncing, ovvero il rimbalzo di tutte le otto tracce fino a una o due. C&#8217;\u00e8 anche la possibilit\u00e0 di importare un file WAV tramite USB.<\/span><\/p>\n<p><span>Ogni traccia ha la propria mandata a un processore di riverbero stereo e un EQ shelving a due bande. Dopo aver perfezionato il tuo mix con i fader da 45 mm, le manopole pan, il riverbero e l&#8217;equalizzatore, registralo sulla traccia master stereo dedicata. Il tuo mix pu\u00f2 essere elaborato con effetti di mastering come EQ e limitazione per un suono compatto e moderno. Quando sei soddisfatto, trasferisci il tuo mix su un computer tramite USB.<\/span><\/p>\n<p><span>Il Tascam DP-03SD \u00e8 uno dei modi pi\u00f9 semplici e dal suono migliore per condividere la tua musica con il mondo.<\/span><\/p>\n<p><span>Nel pannello frontale del DP-03SD \u00e8 incorporata una coppia di microfoni a condensatore stereo, utili per catturare una prova, un&#8217;esibizione dal vivo o idee per scrivere canzoni. Sono inclusi anche una coppia di preamplificatori microfonici XLR di alta qualit\u00e0 con alimentazione phantom per microfoni a condensatore. Sono disponibili anche jack di ingresso linea da 6,3 mm e un interruttore a livello di strumento consente di registrare una chitarra o un basso senza direct box.\u00a0Per il controllo e il punch-in \u00e8 disponibile\u00a0un interruttore a pedale a tre pulsanti, l&#8217;\u00a0<\/span><a href=\"https:\/\/www.tascam.eu\/en\/rc-3f.html\"><span>RC-3F .<\/span><\/a><\/p>\n<p><span>Instradare gli ingressi su una delle otto tracce \u00e8 semplice e puoi registrarne due alla volta fino a riempirle tutte e otto. Un accordatore e un metronomo sono integrati per tracce dal suono serrato, ciascuno con il proprio pulsante dedicato per un accesso rapido. Le tracce possono essere modificate con comandi come copia\/incolla, silenzia, clona e annulla. \u00c8 disponibile anche il bouncing, ovvero il rimbalzo di tutte le otto tracce fino a una o due. C&#8217;\u00e8 anche la possibilit\u00e0 di importare un file WAV tramite USB.<\/span><\/p>\n<p><span>Ogni traccia ha la propria mandata a un processore di riverbero stereo e un EQ shelving a due bande. Dopo aver perfezionato il tuo mix con i fader da 45 mm, le manopole pan, il riverbero e l&#8217;equalizzatore, registralo sulla traccia master stereo dedicata. Il tuo mix pu\u00f2 essere elaborato con effetti di mastering come EQ e limitazione per un suono compatto e moderno. Quando sei soddisfatto, trasferisci il tuo mix su un computer tramite USB.<\/span><\/p>\n<p><span>Il Tascam DP-03SD \u00e8 uno dei modi pi\u00f9 semplici e dal suono migliore per condividere la tua musica con il mondo.<\/span><\/p>\n","protected":false},"excerpt":{"rendered":"<p>Il DP-03SD \u00e8 un modo conveniente per entrare nel famoso sistema Portastudio di Tascam per rendere la registrazione semplice e conveniente per i musicisti.<\/p>\n<p>Questo registratore digitale a 8 tracce cattura la tua musica in qualit\u00e0 CD su convenienti schede SD e una scheda da 4 GB \u00e8 gi\u00e0 inclusa con il registratore.<\/p>\n<p>Con microfoni, effetti e mastering integrati, il DP-03SD fornisce tutto ci\u00f2 di cui i musicisti hanno bisogno per registrare e condividere la propria musica.<\/p>\n","protected":false},"featured_media":1890,"template":"","meta":[],"product_brand":[],"product_cat":[146],"product_tag":[],"class_list":{"0":"post-1889","1":"product","2":"type-product","3":"status-publish","4":"has-post-thumbnail","6":"product_cat-home-recording","8":"first","9":"instock","10":"shipping-taxable","11":"product-type-simple"},"_links":{"self":[{"href":"https:\/\/musicaliborgna.com\/index.php?rest_route=\/wp\/v2\/product\/1889","targetHints":{"allow":["GET"]}}],"collection":[{"href":"https:\/\/musicaliborgna.com\/index.php?rest_route=\/wp\/v2\/product"}],"about":[{"href":"https:\/\/musicaliborgna.com\/index.php?rest_route=\/wp\/v2\/types\/product"}],"wp:featuredmedia":[{"embeddable":true,"href":"https:\/\/musicaliborgna.com\/index.php?rest_route=\/wp\/v2\/media\/1890"}],"wp:attachment":[{"href":"https:\/\/musicaliborgna.com\/index.php?rest_route=%2Fwp%2Fv2%2Fmedia&parent=1889"}],"wp:term":[{"taxonomy":"product_brand","embeddable":true,"href":"https:\/\/musicaliborgna.com\/index.php?rest_route=%2Fwp%2Fv2%2Fproduct_brand&post=1889"},{"taxonomy":"product_cat","embeddable":true,"href":"https:\/\/musicaliborgna.com\/index.php?rest_route=%2Fwp%2Fv2%2Fproduct_cat&post=1889"},{"taxonomy":"product_tag","embeddable":true,"href":"https:\/\/musicaliborgna.com\/index.php?rest_route=%2Fwp%2Fv2%2Fproduct_tag&post=1889"}],"curies":[{"name":"wp","href":"https:\/\/api.w.org\/{rel}","templated":true}]}}