{"id":1923,"date":"2024-05-02T14:23:39","date_gmt":"2024-05-02T14:23:39","guid":{"rendered":"https:\/\/musicaliborgna.com\/?post_type=product&#038;p=1923"},"modified":"2024-05-02T14:23:39","modified_gmt":"2024-05-02T14:23:39","slug":"midisport-uno-usb","status":"publish","type":"product","link":"https:\/\/musicaliborgna.com\/?product=midisport-uno-usb","title":{"rendered":"Midisport UNO USB"},"content":{"rendered":"<p>USB Uno, la nostra interfaccia MIDI USB pi\u00f9 piccola e semplice, offre funzionamento 1 x 1 di base e mobilit\u00e0 alimentata dal bus e viene fornita anche con i propri cavi USB e MIDI integrati. Cosa potrebbe essere pi\u00f9 semplice?<\/p>\n<div class=\"product-page-features-container\">\n<div class=\"row\">\n<div class=\"small-12 medium-12 large-8 large-offset-2 columns\">\n<ul>\n<li><span>Interfaccia MIDI 1 ingresso\/1 uscita<\/span><\/li>\n<li><span>16 canali di ingresso MIDI<\/span><\/li>\n<li><span>16 canali di uscita MIDI<\/span><\/li>\n<li><span>Alimentato dal bus: non richiede alimentazione esterna<\/span><\/li>\n<li><span>Estremamente compatto e leggero per l&#8217;uso mobile o desktop<\/span><\/li>\n<li><span>Cavi USB e MIDI integrati<\/span><\/li>\n<\/ul>\n<\/div>\n<\/div>\n<\/div>\n<div class=\"product-page-specs-container\">\n<div class=\"row\">\n<div class=\"small-12 medium-12 large-8 large-offset-2 columns\">\n<h4><span>Specifiche<\/span><\/h4>\n<ul>\n<li><span>Dimensioni\/peso: 3-1\/2&#8243; (larghezza) x 7\/8&#8243; (altezza) x 1-13\/16&#8243; (profondit\u00e0) x 116&#8243; (cavo); 0,075 libbre.<\/span><\/li>\n<\/ul>\n<\/div>\n<\/div>\n<\/div>\n","protected":false},"excerpt":{"rendered":"<h4>Interfaccia MIDI USB esterna, alimentata dalla porta USB, con 1 In, 1 Out, cavo USB incluso.<\/h4>\n","protected":false},"featured_media":1924,"template":"","meta":[],"product_brand":[],"product_cat":[146],"product_tag":[],"class_list":{"0":"post-1923","1":"product","2":"type-product","3":"status-publish","4":"has-post-thumbnail","6":"product_cat-home-recording","8":"first","9":"instock","10":"shipping-taxable","11":"product-type-simple"},"_links":{"self":[{"href":"https:\/\/musicaliborgna.com\/index.php?rest_route=\/wp\/v2\/product\/1923","targetHints":{"allow":["GET"]}}],"collection":[{"href":"https:\/\/musicaliborgna.com\/index.php?rest_route=\/wp\/v2\/product"}],"about":[{"href":"https:\/\/musicaliborgna.com\/index.php?rest_route=\/wp\/v2\/types\/product"}],"wp:featuredmedia":[{"embeddable":true,"href":"https:\/\/musicaliborgna.com\/index.php?rest_route=\/wp\/v2\/media\/1924"}],"wp:attachment":[{"href":"https:\/\/musicaliborgna.com\/index.php?rest_route=%2Fwp%2Fv2%2Fmedia&parent=1923"}],"wp:term":[{"taxonomy":"product_brand","embeddable":true,"href":"https:\/\/musicaliborgna.com\/index.php?rest_route=%2Fwp%2Fv2%2Fproduct_brand&post=1923"},{"taxonomy":"product_cat","embeddable":true,"href":"https:\/\/musicaliborgna.com\/index.php?rest_route=%2Fwp%2Fv2%2Fproduct_cat&post=1923"},{"taxonomy":"product_tag","embeddable":true,"href":"https:\/\/musicaliborgna.com\/index.php?rest_route=%2Fwp%2Fv2%2Fproduct_tag&post=1923"}],"curies":[{"name":"wp","href":"https:\/\/api.w.org\/{rel}","templated":true}]}}