{"id":1932,"date":"2024-05-03T06:14:27","date_gmt":"2024-05-03T06:14:27","guid":{"rendered":"https:\/\/musicaliborgna.com\/?post_type=product&#038;p=1932"},"modified":"2024-05-03T06:14:27","modified_gmt":"2024-05-03T06:14:27","slug":"apogee-duet3","status":"publish","type":"product","link":"https:\/\/musicaliborgna.com\/?product=apogee-duet3","title":{"rendered":"APOGEE DUET3"},"content":{"rendered":"<p>La nuovissima Duet 3 racchiude in s\u00e9 prestazioni e caratteristiche Apogee di nuova generazione all\u2019interno di un affascinante ed elegantissimo nuovo case ultra sottile in vetro e alluminio.<\/p>\n<p>La nuova Duet 3 \u00e8 caratterizzata da un DSP hardware integrato che consente di effettuare registrazioni a latenza zero avvalendosi del plugin Symphony ECS Channel Strip. Realizzato in collaborazione con Bob Clearmountain, ECS Channel Strip include numerosi preset creati dal leggendario ingegnere del suono, perfetti per acquisire ogni sorgente in modo professionale.<\/p>\n<p>Ideale per la creazione musicale, la registrazione vocale, lo streaming e anche il gaming, Duet 3 si integra con la tua workstation Mac o Windows sia in studio che in viaggio. In aggiunta, porta Duet 3 ad un livello superiore dotandola dell\u2019elegante Duet Dock (venduto separatamente) per un\u2019esperienza desktop ergonomica definitiva.<\/p>\n<div class=\"vc_row wpb_row vc_row-fluid vc_custom_1623921407085\">\n<div class=\"wpb_column vc_column_container vc_col-sm-6\">\n<div class=\"vc_column-inner\">\n<div class=\"wpb_wrapper\">\n<div class=\"wpb_single_image wpb_content_element vc_align_center\">\n<figure class=\"wpb_wrapper vc_figure\">\n<div class=\"vc_single_image-wrapper   vc_box_border_grey\"><img loading=\"lazy\" decoding=\"async\" class=\"vc_single_image-img attachment-full\" title=\"apogee-duet-3-02\" src=\"https:\/\/www.soundwave.it\/wp-content\/uploads\/2021\/06\/apogee-duet-3-02.jpg\" sizes=\"auto, (max-width: 959px) 100vw, 959px\" srcset=\"https:\/\/www.soundwave.it\/wp-content\/uploads\/2021\/06\/apogee-duet-3-02.jpg 959w, https:\/\/www.soundwave.it\/wp-content\/uploads\/2021\/06\/apogee-duet-3-02-300x148.jpg 300w, https:\/\/www.soundwave.it\/wp-content\/uploads\/2021\/06\/apogee-duet-3-02-768x379.jpg 768w, https:\/\/www.soundwave.it\/wp-content\/uploads\/2021\/06\/apogee-duet-3-02-500x247.jpg 500w, https:\/\/www.soundwave.it\/wp-content\/uploads\/2021\/06\/apogee-duet-3-02-260x128.jpg 260w, https:\/\/www.soundwave.it\/wp-content\/uploads\/2021\/06\/apogee-duet-3-02-50x25.jpg 50w, https:\/\/www.soundwave.it\/wp-content\/uploads\/2021\/06\/apogee-duet-3-02-150x75.jpg 150w\" alt=\"\" width=\"959\" height=\"473\" \/><\/div>\n<\/figure>\n<\/div>\n<\/div>\n<\/div>\n<\/div>\n<div class=\"wpb_column vc_column_container vc_col-sm-6\">\n<div class=\"vc_column-inner\">\n<div class=\"wpb_wrapper\">\n<div class=\"wpb_text_column wpb_content_element \">\n<div class=\"wpb_wrapper\">\n<h4>DESIGN ANALOGICO E DIGITALE IN ARMONIA<\/h4>\n<p>Raggiungere una qualit\u00e0 del suono incontaminata in un\u2019interfaccia audio digitale richiede un\u2019ingegneria esperta in grado di \u201corchestrare\u201d sapientemente convertitori AD\/DA, clock digitale, circuiti analogici e un\u2019alimentazione adeguata, per ottenere una miscela armoniosa di componenti accuratamente selezionati e design intelligente. Duet 3 \u00e8 il risultato di decenni di innovazione e competenza e offre una qualit\u00e0 del suono senza eguali nella sua categoria.<\/p>\n<\/div>\n<\/div>\n<\/div>\n<\/div>\n<\/div>\n<\/div>\n<div class=\"vc_row wpb_row vc_row-fluid vc_custom_1623921467536 vc_row-has-fill\" data-vc-full-width=\"true\" data-vc-full-width-init=\"true\">\n<div class=\"wpb_column vc_column_container vc_col-sm-6\">\n<div class=\"vc_column-inner\">\n<div class=\"wpb_wrapper\">\n<div class=\"wpb_single_image wpb_content_element vc_align_center\">\n<figure class=\"wpb_wrapper vc_figure\">\n<div class=\"vc_single_image-wrapper   vc_box_border_grey\"><img loading=\"lazy\" decoding=\"async\" class=\"vc_single_image-img attachment-full\" title=\"apogee-duet-3-03\" src=\"https:\/\/www.soundwave.it\/wp-content\/uploads\/2021\/06\/apogee-duet-3-03.jpg\" sizes=\"auto, (max-width: 960px) 100vw, 960px\" srcset=\"https:\/\/www.soundwave.it\/wp-content\/uploads\/2021\/06\/apogee-duet-3-03.jpg 960w, https:\/\/www.soundwave.it\/wp-content\/uploads\/2021\/06\/apogee-duet-3-03-300x200.jpg 300w, https:\/\/www.soundwave.it\/wp-content\/uploads\/2021\/06\/apogee-duet-3-03-768x512.jpg 768w, https:\/\/www.soundwave.it\/wp-content\/uploads\/2021\/06\/apogee-duet-3-03-500x333.jpg 500w, https:\/\/www.soundwave.it\/wp-content\/uploads\/2021\/06\/apogee-duet-3-03-219x146.jpg 219w, https:\/\/www.soundwave.it\/wp-content\/uploads\/2021\/06\/apogee-duet-3-03-50x33.jpg 50w, https:\/\/www.soundwave.it\/wp-content\/uploads\/2021\/06\/apogee-duet-3-03-113x75.jpg 113w\" alt=\"\" width=\"960\" height=\"640\" \/><\/div>\n<\/figure>\n<\/div>\n<\/div>\n<\/div>\n<\/div>\n<div class=\"wpb_column vc_column_container vc_col-sm-6\">\n<div class=\"vc_column-inner\">\n<div class=\"wpb_wrapper\">\n<div class=\"wpb_text_column wpb_content_element \">\n<div class=\"wpb_wrapper\">\n<h4>CONVERTITORI AD\/DA LEGGENDARI E MIC PREAMP DI FAMA MONDIALE<\/h4>\n<p>Con due ingressi e quattro uscite contraddistinti dalla leggendaria conversione AD\/DA Apogee, oltre a due preamplificatori di fama mondiale, Duet 3 \u00e8 il partner perfetto per l\u2019home recording e l\u2019utilizzo mobile. Collega microfoni, chitarre, tastiere e dispositivi Line per catturare minuziosamente ogni dettaglio della sorgente.<br \/>\nMonitora e mixa senza perderti la profondit\u00e0 e la dimensionalit\u00e0 del suono attraverso due uscite analogiche di linea perfettamente bilanciate da collegare ai tuoi diffusori e pilota le tue cuffie con un\u2019uscita a zero Ohm per un mix in cuffia dedicato.<\/p>\n<\/div>\n<\/div>\n<\/div>\n<\/div>\n<\/div>\n<\/div>\n<div class=\"vc_row-full-width vc_clearfix\"><\/div>\n<div class=\"vc_row wpb_row vc_row-fluid vc_custom_1623921407085\">\n<div class=\"wpb_column vc_column_container vc_col-sm-6\">\n<div class=\"vc_column-inner\">\n<div class=\"wpb_wrapper\">\n<div class=\"wpb_single_image wpb_content_element vc_align_center\">\n<figure class=\"wpb_wrapper vc_figure\">\n<div class=\"vc_single_image-wrapper   vc_box_border_grey\"><img loading=\"lazy\" decoding=\"async\" class=\"vc_single_image-img attachment-full\" title=\"apogee-duet-3-04\" src=\"https:\/\/www.soundwave.it\/wp-content\/uploads\/2021\/06\/apogee-duet-3-04.jpg\" sizes=\"auto, (max-width: 960px) 100vw, 960px\" srcset=\"https:\/\/www.soundwave.it\/wp-content\/uploads\/2021\/06\/apogee-duet-3-04.jpg 960w, https:\/\/www.soundwave.it\/wp-content\/uploads\/2021\/06\/apogee-duet-3-04-300x200.jpg 300w, https:\/\/www.soundwave.it\/wp-content\/uploads\/2021\/06\/apogee-duet-3-04-768x512.jpg 768w, https:\/\/www.soundwave.it\/wp-content\/uploads\/2021\/06\/apogee-duet-3-04-500x333.jpg 500w, https:\/\/www.soundwave.it\/wp-content\/uploads\/2021\/06\/apogee-duet-3-04-219x146.jpg 219w, https:\/\/www.soundwave.it\/wp-content\/uploads\/2021\/06\/apogee-duet-3-04-50x33.jpg 50w, https:\/\/www.soundwave.it\/wp-content\/uploads\/2021\/06\/apogee-duet-3-04-113x75.jpg 113w\" alt=\"\" width=\"960\" height=\"640\" \/><\/div>\n<\/figure>\n<\/div>\n<\/div>\n<\/div>\n<\/div>\n<div class=\"wpb_column vc_column_container vc_col-sm-6\">\n<div class=\"vc_column-inner\">\n<div class=\"wpb_wrapper\">\n<div class=\"wpb_text_column wpb_content_element \">\n<div class=\"wpb_wrapper\">\n<h4>PREAMPLIFICATORI TRASPARENTI<\/h4>\n<p>La preamplificazione \u00e8 uno degli elementi pi\u00f9 importanti per ottenere registrazioni di alta qualit\u00e0 e i mic preamp presenti in Apogee Duet 3 sono di prima classe. Con un guadagno fino a 65 dB e alimentazione phantom 48 V, puoi catturare in modo incontaminato e preciso qualsiasi sorgente sonora anche quando utilizzi i microfoni pi\u00f9 esigenti. La meticolosa ingegneria di Apogee garantisce una bassissima rumorosit\u00e0 e previene distorsioni anche quando si aumenta il guadagno.<\/p>\n<\/div>\n<\/div>\n<\/div>\n<\/div>\n<\/div>\n<\/div>\n<div class=\"vc_row wpb_row vc_row-fluid vc_custom_1623923885807 vc_row-has-fill\" data-vc-full-width=\"true\" data-vc-full-width-init=\"true\">\n<div class=\"wpb_column vc_column_container vc_col-sm-12\">\n<div class=\"vc_column-inner\">\n<div class=\"wpb_wrapper\">\n<div class=\"wpb_text_column wpb_content_element \">\n<div class=\"wpb_wrapper\">\n<h3>PLUGIN DSP ONBOARD<\/h3>\n<p>Per catturare le tue migliori performance, devi poter disporre di un suono che ti ispiri in modo rapido, semplice e senza essere distratto dall\u2019odiosa latenza. Duet dispone di un DSP integrato per l\u2019attivazione in tempo reale di Apogee FX che modellano con precisione l\u2019audio in ingresso e per ottenere gi\u00e0 una traccia pressoch\u00e9 perfetta, il tutto senza latenza.<\/p>\n<\/div>\n<\/div>\n<\/div>\n<\/div>\n<\/div>\n<\/div>\n<div class=\"vc_row-full-width vc_clearfix\"><\/div>\n<div class=\"vc_row wpb_row vc_row-fluid vc_custom_1623923899677 vc_row-has-fill\" data-vc-full-width=\"true\" data-vc-full-width-init=\"true\">\n<div class=\"wpb_column vc_column_container vc_col-sm-6\">\n<div class=\"vc_column-inner\">\n<div class=\"wpb_wrapper\">\n<div class=\"wpb_single_image wpb_content_element vc_align_center\">\n<figure class=\"wpb_wrapper vc_figure\">\n<div class=\"vc_single_image-wrapper   vc_box_border_grey\"><img loading=\"lazy\" decoding=\"async\" class=\"vc_single_image-img attachment-full\" title=\"apogee-duet-3-05\" src=\"https:\/\/www.soundwave.it\/wp-content\/uploads\/2021\/06\/apogee-duet-3-05.jpg\" sizes=\"auto, (max-width: 960px) 100vw, 960px\" srcset=\"https:\/\/www.soundwave.it\/wp-content\/uploads\/2021\/06\/apogee-duet-3-05.jpg 960w, https:\/\/www.soundwave.it\/wp-content\/uploads\/2021\/06\/apogee-duet-3-05-300x188.jpg 300w, https:\/\/www.soundwave.it\/wp-content\/uploads\/2021\/06\/apogee-duet-3-05-768x482.jpg 768w, https:\/\/www.soundwave.it\/wp-content\/uploads\/2021\/06\/apogee-duet-3-05-500x314.jpg 500w, https:\/\/www.soundwave.it\/wp-content\/uploads\/2021\/06\/apogee-duet-3-05-232x146.jpg 232w, https:\/\/www.soundwave.it\/wp-content\/uploads\/2021\/06\/apogee-duet-3-05-50x31.jpg 50w, https:\/\/www.soundwave.it\/wp-content\/uploads\/2021\/06\/apogee-duet-3-05-119x75.jpg 119w\" alt=\"\" width=\"960\" height=\"603\" \/><\/div>\n<\/figure>\n<\/div>\n<\/div>\n<\/div>\n<\/div>\n<div class=\"wpb_column vc_column_container vc_col-sm-6\">\n<div class=\"vc_column-inner\">\n<div class=\"wpb_wrapper\">\n<div class=\"wpb_text_column wpb_content_element \">\n<div class=\"wpb_wrapper\">\n<h4>SYMPHONY ECS CHANNEL STRIP<\/h4>\n<p><strong>Realizzato in collaborazione Bob Clearmountain<\/strong><br \/>\nSviluppato in collaborazione con la leggenda del mixer Bob Clearmountain, Symphony ECS Channel Strip versione DSP compreso con Duet 3 include un EQ, un compressore e un saturatore che ti permettono di creare il suono perfetto mentre stai catturando voci o strumenti. Scegli uno tra i numerosi preset realizzati da Clearmountain e registra con latenza zero attraverso il DSP integrato in Duet 3.<br \/>\nIl plugin Symphony ECS Channel Strip \u00e8 disponibile anche in versione nativa, acquistabile separatamente. Per un periodo limitato, ottieni il 50% di sconto quando acquisti Duet 3 \u2013 Vedi sotto.<\/p>\n<\/div>\n<\/div>\n<\/div>\n<\/div>\n<\/div>\n<\/div>\n<p><iframe loading=\"lazy\" title=\"Apogee Duet 3 - Premium USB Audio Interface with On-Board Hardware DSP\" width=\"1220\" height=\"686\" src=\"https:\/\/www.youtube.com\/embed\/s88ouAxPy9I?feature=oembed\" frameborder=\"0\" allow=\"accelerometer; autoplay; clipboard-write; encrypted-media; gyroscope; picture-in-picture; web-share\" referrerpolicy=\"strict-origin-when-cross-origin\" allowfullscreen><\/iframe><\/p>\n","protected":false},"excerpt":{"rendered":"<div class=\"vc_row wpb_row vc_row-fluid vc_custom_1552411531014 vc_row-o-content-top vc_row-flex\">\n<div class=\"wpb_column vc_column_container vc_col-sm-12\">\n<div class=\"vc_column-inner\">\n<div class=\"wpb_wrapper\">\n<div class=\"wpb_text_column wpb_content_element \">\n<div class=\"wpb_wrapper\">\n<h3>Qualit\u00e0 sonora leggendaria, portabilit\u00e0 totale e DSP hardware, racchiusi in un design stupendo!<\/h3>\n<\/div>\n<\/div>\n<\/div>\n<\/div>\n<\/div>\n<\/div>\n<div class=\"vc_row wpb_row vc_row-fluid vc_custom_1552411531014 vc_row-o-content-top vc_row-flex\">\n<div class=\"wpb_column vc_column_container vc_col-sm-12\">\n<div class=\"vc_column-inner\">\n<div class=\"wpb_wrapper\">\n<div class=\"wpb_text_column wpb_content_element \">\n<div class=\"wpb_wrapper\">\n<p>Nel 2007, quando Apogee present\u00f2 la prima versione di Duet vennero sovvertiti tutti canoni utilizzati fino ad allora<\/p>\n<p>per la costruzione delle interfacce audio dedicate all\u2019home recording.<br \/>\nProfessionale, portatile e facile da utilizzare, Duet ha rivoluzionato la registrazione personale e ha fornito a musicisti,<\/p>\n<p>produttori e tecnici la leggendaria qualit\u00e0 sonora Apogee \u2013 fino a quel momento disponibile solo negli studi professionali,<\/p>\n<p>in un rivoluzionario design compatto ed elegante.<\/p>\n<\/div>\n<\/div>\n<\/div>\n<\/div>\n<\/div>\n<\/div>\n","protected":false},"featured_media":1933,"template":"","meta":[],"product_brand":[],"product_cat":[146],"product_tag":[],"class_list":{"0":"post-1932","1":"product","2":"type-product","3":"status-publish","4":"has-post-thumbnail","6":"product_cat-home-recording","8":"first","9":"instock","10":"shipping-taxable","11":"product-type-simple"},"_links":{"self":[{"href":"https:\/\/musicaliborgna.com\/index.php?rest_route=\/wp\/v2\/product\/1932","targetHints":{"allow":["GET"]}}],"collection":[{"href":"https:\/\/musicaliborgna.com\/index.php?rest_route=\/wp\/v2\/product"}],"about":[{"href":"https:\/\/musicaliborgna.com\/index.php?rest_route=\/wp\/v2\/types\/product"}],"wp:featuredmedia":[{"embeddable":true,"href":"https:\/\/musicaliborgna.com\/index.php?rest_route=\/wp\/v2\/media\/1933"}],"wp:attachment":[{"href":"https:\/\/musicaliborgna.com\/index.php?rest_route=%2Fwp%2Fv2%2Fmedia&parent=1932"}],"wp:term":[{"taxonomy":"product_brand","embeddable":true,"href":"https:\/\/musicaliborgna.com\/index.php?rest_route=%2Fwp%2Fv2%2Fproduct_brand&post=1932"},{"taxonomy":"product_cat","embeddable":true,"href":"https:\/\/musicaliborgna.com\/index.php?rest_route=%2Fwp%2Fv2%2Fproduct_cat&post=1932"},{"taxonomy":"product_tag","embeddable":true,"href":"https:\/\/musicaliborgna.com\/index.php?rest_route=%2Fwp%2Fv2%2Fproduct_tag&post=1932"}],"curies":[{"name":"wp","href":"https:\/\/api.w.org\/{rel}","templated":true}]}}