{"id":1982,"date":"2024-05-03T08:07:31","date_gmt":"2024-05-03T08:07:31","guid":{"rendered":"https:\/\/musicaliborgna.com\/?post_type=product&#038;p=1982"},"modified":"2024-05-03T08:07:31","modified_gmt":"2024-05-03T08:07:31","slug":"gewa-e-cello-novita-3-0","status":"publish","type":"product","link":"https:\/\/musicaliborgna.com\/?product=gewa-e-cello-novita-3-0","title":{"rendered":"GEWA E-Cello Novita 3.0"},"content":{"rendered":"<ul class=\"mb-2 featureList ps-lg-3\">\n<li style=\"list-style-type: none;\">\n<ul class=\"mb-2 featureList ps-lg-3\">\n<li class=\"my-1\">Attraente finitura con vernice a spirito con struttura del legno a vista<\/li>\n<li class=\"my-1\">Corpo in tiglio, fondo in acero<\/li>\n<li class=\"my-1\">Manico in acero massiccio<\/li>\n<\/ul>\n<\/li>\n<\/ul>\n<div id=\"mehrDesktopFeatures\" class=\"collapse show\">\n<ul>\n<li class=\"my-1\">Ricciolo di design<\/li>\n<li class=\"my-1\"><b>Telaio in carbonio di alta qualit\u00e0<\/b><\/li>\n<li class=\"my-1\"><b>Piroli di regolazione fine Wittner<\/b><\/li>\n<li class=\"my-1\"><b>Puntale ULSA di alta qualit\u00e0 con bulbo in ebano e asta in metallo 70 cm, brunito<\/b><\/li>\n<li class=\"my-1\">Cordiera Wittner<\/li>\n<li class=\"my-1\">Ponte &#8211; GEWA di Korolia<\/li>\n<li class=\"my-1\">Corde Larsen Aurora<\/li>\n<li class=\"my-1\"><b>Pick-up\/aux-in GEWA appositamente sviluppato per i playalong<\/b><\/li>\n<li class=\"my-1\">Sistema piezoelettrico collegato direttamente al ponte (a scelta a destra o a sinistra)<\/li>\n<li class=\"my-1\">Uscita opzionale tra cuffie e amplificatore<\/li>\n<li class=\"my-1\">Adatto a tutte le borse o custodie GEWA (ma non alle serie Idea e Air)<\/li>\n<li class=\"my-1\">Batteria non inclusa nella fornitura<\/li>\n<li>Una simbiosi tra lo strumento classico e una generazione del suono moderna e innovativa, progettata per i violoncellisti esperti e tutti i musicisti che amano sperimentare.\n<div id=\"mehrSerienText\" class=\"collapse show\">\n<p>La serie Novita 3.0 combina dimensioni familiari con tecnologia sofisticata e un design futuristico. Musicisti e pubblico rimangono affascinati dalla vista di questi innovativi strumenti!<\/p>\n<p>Anche se molti aspetti sembrano inediti, i musicisti notano subito che si tratta di caratteristiche familiari,<\/p>\n<p>perch\u00e9 la sensazione che ne hanno \u00e8 la stessa dei modelli classici, quindi non c&#8217;\u00e8 bisogno di abituarsi.<\/p>\n<p>Vanno inoltre evidenziate le tante possibilit\u00e0:<\/p>\n<p>&#8211; Tranquilla a casa<\/p>\n<p>&#8211; Suono classico degli archi tramite amplificatore e PA<\/p>\n<p>&#8211; Possibilit\u00e0 di editing del suono<\/p>\n<p>L&#8217;uscita commutabile per amplificatore e cuffie, l&#8217;equalizzatore a 2 bande, il controllo del volume e l&#8217;ingresso AUX per la riproduzione non lasciano certo a desiderare. Il sistema di preamplificazione \u00e8 stato sviluppato in collaborazione tra il dipartimento di ricerca e sviluppo musicale GEWA e un rinomato produttore statunitense.<\/p>\n<p>Inoltre, la scelta dei materiali e la lavorazione sono di altissimo livello. I componenti tradizionalmente realizzati in acero o ebano, come il manico e la tastiera, sono completati dal design scroll nell&#8217;immagine complessiva.<\/p>\n<p>Novita 3.0 &#8211; per tutti coloro che pensano al futuro.<\/p>\n<p><iframe loading=\"lazy\" title=\"RAW SOUND COMPARISON &amp; FEATURES \ud83c\uddec\ud83c\udde7\ud83c\udfb6 GEWA E-Cello NOVITA 3.0 VS. Gand &amp; Bernardel Cello (1886)\" width=\"1220\" height=\"686\" src=\"https:\/\/www.youtube.com\/embed\/BA1SOJQbCvQ?feature=oembed\" frameborder=\"0\" allow=\"accelerometer; autoplay; clipboard-write; encrypted-media; gyroscope; picture-in-picture; web-share\" referrerpolicy=\"strict-origin-when-cross-origin\" allowfullscreen><\/iframe><\/p>\n<\/div>\n<\/li>\n<\/ul>\n<\/div>\n","protected":false},"excerpt":{"rendered":"<ul class=\"mb-2 featureList ps-lg-3\">\n<li class=\"my-1\">\n<h3><b>Design orientato alla funzionalit\u00e0:<\/b><\/h3>\n<\/li>\n<li class=\"my-1\">\n<h3><b> sono state mantenute le dimensioni di base di un violoncello classico<\/b><\/h3>\n<\/li>\n<\/ul>\n","protected":false},"featured_media":1983,"template":"","meta":[],"product_brand":[],"product_cat":[134],"product_tag":[],"class_list":{"0":"post-1982","1":"product","2":"type-product","3":"status-publish","4":"has-post-thumbnail","6":"product_cat-liuteria","8":"first","9":"instock","10":"shipping-taxable","11":"product-type-simple"},"_links":{"self":[{"href":"https:\/\/musicaliborgna.com\/index.php?rest_route=\/wp\/v2\/product\/1982","targetHints":{"allow":["GET"]}}],"collection":[{"href":"https:\/\/musicaliborgna.com\/index.php?rest_route=\/wp\/v2\/product"}],"about":[{"href":"https:\/\/musicaliborgna.com\/index.php?rest_route=\/wp\/v2\/types\/product"}],"wp:featuredmedia":[{"embeddable":true,"href":"https:\/\/musicaliborgna.com\/index.php?rest_route=\/wp\/v2\/media\/1983"}],"wp:attachment":[{"href":"https:\/\/musicaliborgna.com\/index.php?rest_route=%2Fwp%2Fv2%2Fmedia&parent=1982"}],"wp:term":[{"taxonomy":"product_brand","embeddable":true,"href":"https:\/\/musicaliborgna.com\/index.php?rest_route=%2Fwp%2Fv2%2Fproduct_brand&post=1982"},{"taxonomy":"product_cat","embeddable":true,"href":"https:\/\/musicaliborgna.com\/index.php?rest_route=%2Fwp%2Fv2%2Fproduct_cat&post=1982"},{"taxonomy":"product_tag","embeddable":true,"href":"https:\/\/musicaliborgna.com\/index.php?rest_route=%2Fwp%2Fv2%2Fproduct_tag&post=1982"}],"curies":[{"name":"wp","href":"https:\/\/api.w.org\/{rel}","templated":true}]}}