{"id":2029,"date":"2024-05-03T09:20:17","date_gmt":"2024-05-03T09:20:17","guid":{"rendered":"https:\/\/musicaliborgna.com\/?post_type=product&#038;p=2029"},"modified":"2024-05-03T09:20:17","modified_gmt":"2024-05-03T09:20:17","slug":"bt-akkupole","status":"publish","type":"product","link":"https:\/\/musicaliborgna.com\/?product=bt-akkupole","title":{"rendered":"BT-AKKUPOLE"},"content":{"rendered":"<p>4 proiettori a LED su un palo di illuminazione con alimentazione a batteria e wireless DMX. PROIETTORE: 4 proiettori compatti a LED bianchi montati su barra verticale orientabile, strumento perfetto per illuminare buffet, eventi congressuali, matrimoni, lounge, negozi. SORGENTE LUCE: Dotato di 4 proiettori LED orientabili da 5 watt con temperatura di colore 3000 K e CRI&gt; 90. CONTROLLO: Controllo con DMX XLR IN\/OUT, 1 canale dimmer. Ricevitore DMX wireless integrato. FUNZIONI: Angolo di apertura del fascio: 25\u00b0. Funziona a batteria e DMX wireless integrato, nessun cablaggio necessario per un posizionamento veloce e pulito senza alcun attrezzo. Batterie al litio ad alta capacit\u00e0 (288 Wh) con ampia autonomia (&gt; 14,5 ore al 100%). Il robusto braccio girevole pu\u00f2 essere impostato in 6 posizioni fisse ed \u00e8 regolabile in altezza. Base stabile di 45&#215;37 cm. Dotato di supporti magnetici per filtri colore e frost. 3 pulsanti touch e schermo LCD con informazioni sulla durata residua della batteria. Le batterie vengono ricaricate durante l&#8217;uso. Caricabatterie interno controllato da processore con IP65 PowerCon IN\/OUT. Porte DMX a 3 poli IN\/OUT A.<\/p>\n<p><strong>Accessori non inclusi:<\/strong><\/p>\n<ul>\n<li>Pali di estensione da 50 cm.<\/li>\n<li>Flight case (120&#215;60 cm) per il trasporto di 4 set completi.<\/li>\n<\/ul>\n","protected":false},"excerpt":{"rendered":"<h4>4 proiettori a LED su un palo di illuminazione con alimentazione a batteria e wireless DMX<\/h4>\n","protected":false},"featured_media":2030,"template":"","meta":[],"product_brand":[],"product_cat":[135],"product_tag":[],"class_list":{"0":"post-2029","1":"product","2":"type-product","3":"status-publish","4":"has-post-thumbnail","6":"product_cat-luci","8":"first","9":"instock","10":"shipping-taxable","11":"product-type-simple"},"_links":{"self":[{"href":"https:\/\/musicaliborgna.com\/index.php?rest_route=\/wp\/v2\/product\/2029","targetHints":{"allow":["GET"]}}],"collection":[{"href":"https:\/\/musicaliborgna.com\/index.php?rest_route=\/wp\/v2\/product"}],"about":[{"href":"https:\/\/musicaliborgna.com\/index.php?rest_route=\/wp\/v2\/types\/product"}],"wp:featuredmedia":[{"embeddable":true,"href":"https:\/\/musicaliborgna.com\/index.php?rest_route=\/wp\/v2\/media\/2030"}],"wp:attachment":[{"href":"https:\/\/musicaliborgna.com\/index.php?rest_route=%2Fwp%2Fv2%2Fmedia&parent=2029"}],"wp:term":[{"taxonomy":"product_brand","embeddable":true,"href":"https:\/\/musicaliborgna.com\/index.php?rest_route=%2Fwp%2Fv2%2Fproduct_brand&post=2029"},{"taxonomy":"product_cat","embeddable":true,"href":"https:\/\/musicaliborgna.com\/index.php?rest_route=%2Fwp%2Fv2%2Fproduct_cat&post=2029"},{"taxonomy":"product_tag","embeddable":true,"href":"https:\/\/musicaliborgna.com\/index.php?rest_route=%2Fwp%2Fv2%2Fproduct_tag&post=2029"}],"curies":[{"name":"wp","href":"https:\/\/api.w.org\/{rel}","templated":true}]}}