{"id":2142,"date":"2024-05-04T14:39:33","date_gmt":"2024-05-04T14:39:33","guid":{"rendered":"https:\/\/musicaliborgna.com\/?post_type=product&#038;p=2142"},"modified":"2024-05-04T14:39:33","modified_gmt":"2024-05-04T14:39:33","slug":"neumann-km-104-microfono-da-palco-da-studio-per-cantanti","status":"publish","type":"product","link":"https:\/\/musicaliborgna.com\/?product=neumann-km-104-microfono-da-palco-da-studio-per-cantanti","title":{"rendered":"NEUMANN KM 104 Microfono da palco da studio per cantanti."},"content":{"rendered":"<h2><span>NEUMANN SOUND SUL PALCO<\/span><\/h2>\n<p><span>Il KMS 104 \u00e8 un microfono vocale da studio per l&#8217;uso sul palco. <\/span><\/p>\n<p><span>La sua capsula a condensatore realizzata con precisione offre la vera qualit\u00e0 del suono Neumann,<\/span><\/p>\n<p><span>combinata con tutte le virt\u00f9 di un robusto microfono da palco: eccellente protezione anti-pop, basso rumore di manipolazione,<\/span><\/p>\n<p><span> enorme capacit\u00e0 SPL ed elevata resistenza al feedback, grazie al suo stretto diagramma cardioide.<\/span><\/p>\n<h2><span>QUALIT\u00c0 DA STUDIO PER VOCI DA PALCO<\/span><\/h2>\n<p><span>Il KMS 104 porta sul palco la qualit\u00e0 del suono da studio. A differenza dei normali microfoni da palco, che utilizzano capsule dinamiche, il KMS 104 \u00e8 dotato di una vera capsula microfonica a condensatore che offre la chiarezza superiore che ha reso famosi i microfoni da studio Neumann in tutto il mondo. Allo stesso tempo, il KMS 104 possiede la robustezza richiesta ad un microfono da palco, sfatando cos\u00ec il mito secondo cui i microfoni a condensatore devono essere \u201cfragili\u201d. Il KMS 104 \u00e8 in grado di sopportare enormi livelli di pressione sonora fino a 150 dB senza clip, e il suo diagramma cardioide stretto e indipendente dalla frequenza garantisce un elevato guadagno prima del feedback. Il KMS 104 ha una risposta in frequenza molto pi\u00f9 fluida rispetto ai microfoni dinamici e una fascia alta ariosa. Rispetto ai microfoni dinamici, il Neumann KMS 104 ha una risposta ai transitori di gran lunga superiore che si traduce in un suono vocale pi\u00f9 immediato e pi\u00f9 emozionante. In termini pratici: intelligibilit\u00e0 senza sforzo, senza i soliti potenziamenti dell&#8217;equalizzazione, il che migliora ulteriormente la resistenza al feedback.<\/span><\/p>\n<p><span>Come microfono da palco, il KMS 104 \u00e8 ottimizzato per la ripresa ravvicinata; un filtro passa-basso fisso compensa l&#8217;effetto di prossimit\u00e0 e garantisce bassi chiari, anche se le labbra del cantante toccano il microfono. La griglia frontale \u00e8 realizzata in acciaio temprato e presenta uno schermo anti-pop interno altamente efficace che mantiene anche l&#8217;umidit\u00e0 lontana dalla capsula. Grazie all&#8217;attenta progettazione Neumann, questi filtri acustici non causano problemi di sibilanza. L&#8217;amplificatore principale \u00e8 protetto da un alloggiamento a pareti spesse. La sua uscita senza trasformatore riduce al minimo le interferenze elettromagnetiche, come il ronzio. Grazie alla sua bassa impedenza di uscita di soli 50 ohm, il KMS 104 pu\u00f2 gestire cavi molto lunghi fino a 300 m (1000 piedi) senza perdite di trasmissione.<\/span><\/p>\n<h3><span>APPLICAZIONI<\/span><\/h3>\n<p><span>Il KMS 104 \u00e8 progettato principalmente come microfono vocale portatile, ma pu\u00f2 essere utilizzato anche per altre applicazioni sul palco, grazie alla sua elevata capacit\u00e0 SPL e all&#8217;ampia gamma dinamica. Gli esempi includono percussioni, sassofono, tromba, trombone, armonica, chitarra acustica e cabinet per chitarra. Grazie alla sua qualit\u00e0 audio superiore, il KMS 104 \u00e8 anche un eccellente microfono per applicazioni di registrazione e trasmissione domestiche. Poich\u00e9 \u00e8 ottimizzato per il posizionamento ravvicinato del microfono, il KMS 104 capter\u00e0 un suono secco con pochissima atmosfera, il che rappresenta un grande vantaggio nelle stanze non trattate.<\/span><\/p>\n<ul>\n<li><span>Modello cardioide stretto senza colorazione fuori asse<\/span><\/li>\n<li><span>Non influenzato da livelli estremi di pressione sonora<\/span><\/li>\n<li><span>Costruzione robusta<\/span><\/li>\n<li><span>Resistente al feedback, elevata reiezione del suono posteriore (180\u00b0)<\/span><\/li>\n<li><span>Schermo pop integrato<\/span><\/li>\n<li><span>Rumore di manovra molto basso<\/span><\/li>\n<\/ul>\n","protected":false},"excerpt":{"rendered":"<div class=\"pdp-banner__description\">\n<h5><span>Schema di ripresa cardioide.<\/span><\/h5>\n<\/div>\n<ul class=\"pdp-banner__feature-list\">\n<li><span>Modello cardioide con eccellente reiezione del feedback<\/span><\/li>\n<li><span>Capsula a condensatore di qualit\u00e0 da studio<\/span><\/li>\n<li><span>Suono trasparente con un leggero aumento degli acuti<\/span><\/li>\n<li><span>Eccellente protezione anti-pop<\/span><\/li>\n<\/ul>\n","protected":false},"featured_media":2143,"template":"","meta":[],"product_brand":[],"product_cat":[148],"product_tag":[],"class_list":{"0":"post-2142","1":"product","2":"type-product","3":"status-publish","4":"has-post-thumbnail","6":"product_cat-microfoni","8":"first","9":"instock","10":"shipping-taxable","11":"product-type-simple"},"_links":{"self":[{"href":"https:\/\/musicaliborgna.com\/index.php?rest_route=\/wp\/v2\/product\/2142","targetHints":{"allow":["GET"]}}],"collection":[{"href":"https:\/\/musicaliborgna.com\/index.php?rest_route=\/wp\/v2\/product"}],"about":[{"href":"https:\/\/musicaliborgna.com\/index.php?rest_route=\/wp\/v2\/types\/product"}],"wp:featuredmedia":[{"embeddable":true,"href":"https:\/\/musicaliborgna.com\/index.php?rest_route=\/wp\/v2\/media\/2143"}],"wp:attachment":[{"href":"https:\/\/musicaliborgna.com\/index.php?rest_route=%2Fwp%2Fv2%2Fmedia&parent=2142"}],"wp:term":[{"taxonomy":"product_brand","embeddable":true,"href":"https:\/\/musicaliborgna.com\/index.php?rest_route=%2Fwp%2Fv2%2Fproduct_brand&post=2142"},{"taxonomy":"product_cat","embeddable":true,"href":"https:\/\/musicaliborgna.com\/index.php?rest_route=%2Fwp%2Fv2%2Fproduct_cat&post=2142"},{"taxonomy":"product_tag","embeddable":true,"href":"https:\/\/musicaliborgna.com\/index.php?rest_route=%2Fwp%2Fv2%2Fproduct_tag&post=2142"}],"curies":[{"name":"wp","href":"https:\/\/api.w.org\/{rel}","templated":true}]}}