{"id":2147,"date":"2024-05-04T14:47:21","date_gmt":"2024-05-04T14:47:21","guid":{"rendered":"https:\/\/musicaliborgna.com\/?post_type=product&#038;p=2147"},"modified":"2024-05-04T14:47:21","modified_gmt":"2024-05-04T14:47:21","slug":"neumann-set-da-studio-tlm-102-nero","status":"publish","type":"product","link":"https:\/\/musicaliborgna.com\/?product=neumann-set-da-studio-tlm-102-nero","title":{"rendered":"NEUMANN Set da studio TLM 102 nero"},"content":{"rendered":"<h2><span>PICCOLO, INTELLIGENTE E POTENTE<\/span><\/h2>\n<p><span>Il TLM 102 porta la qualit\u00e0 Neumann anche nello studio pi\u00f9 piccolo.<\/span><\/p>\n<p><span> Come i suoi fratelli pi\u00f9 costosi, il TLM 102 combina l&#8217;eccellenza tecnica con un suono meravigliosamente bilanciato per voci setose,<\/span><\/p>\n<p><span> chitarre nitide e batterie potenti. Con il suo schema cardioide e uno schermo pop integrato,<\/span><\/p>\n<p><span> il TLM 102 \u00e8 un piacere da usare, anche per i principianti.<\/span><\/p>\n<h2><span>LA PERFETTA INTRODUZIONE AL SUONO NEUMANN<\/span><\/h2>\n<p><span>Il TLM 102 \u00e8 il microfono a condensatore a diaframma largo pi\u00f9 conveniente di Neumann. E, naturalmente, \u00e8 un vero Neumann, progettato e prodotto in Germania con grande attenzione ad ogni dettaglio. Rispetto ai microfoni Neumann pi\u00f9 costosi, il TLM 102 \u00e8 ridotto in dimensioni e caratteristiche, ma Neumann non scenderebbe mai a compromessi sulla qualit\u00e0 del suono. Nonostante il suo prezzo accessibile, il TLM 102 ha un aspetto molto attraente con un anello cromato scintillante tra la classica griglia affusolata e il famoso diamante Neumann.<\/span><\/p>\n<h3><span>LOOK INTELLIGENTE: INGEGNERIA INTELLIGENTE<\/span><\/h3>\n<p><span>Il TLM 102 suona intelligente come sembra! La sua capsula a condensatore a diaframma largo di nuova concezione ha tutte le qualit\u00e0 che hanno reso i microfoni Neumann la prima scelta negli studi di registrazione di tutto il mondo: un suono chiaro e focalizzato con una definizione superba. Grazie alla sua risposta straordinariamente lineare su tutta la gamma media, il TLM 102 \u00e8 in grado di catturare il carattere autentico di qualsiasi voce o strumento, esaltato da un leggero innalzamento intorno a 10 kHz per alti setosi. Anche il TLM 102 ha una splendida parte inferiore, arricchita dall&#8217;effetto di prossimit\u00e0 ben controllato di una capsula cardioide a diaframma largo. Una gioia per ogni cantante!<\/span><\/p>\n<p><span>Anche le prestazioni tecniche del TLM 102 sono impressionanti. Il suo rumore proprio di soli 12 dB-A \u00e8 molto inferiore al rumore ambientale anche in una stanza molto silenziosa. Allo stesso tempo, il TLM 102 \u00e8 in grado di gestire livelli di pressione sonora estremi fino a 144 dB senza distorsioni. Come membro della gamma TLM, il TLM 102 \u00e8 dotato di uno stadio di uscita senza trasformatore, il che significa: bassi potenti, anche ai massimi livelli di segnale, e un suono molto diretto senza perdite di trasmissione.<\/span><\/p>\n<h3><span>GRANDE SUONO PER PICCOLI STUDI<\/span><\/h3>\n<p><span>Grazie alla sua enorme gamma dinamica di 132 dB e ad un pattern di ripresa cardioide straordinariamente uniforme, il TLM 102 \u00e8 un microfono molto facile da usare per studi domestici e di progetto, ma anche per applicazioni live impegnative. Il suo suono incolore e la rapida risposta ai transitori rendono il TLM 102 una scelta eccellente per voci maschili e femminili, nonch\u00e9 per un&#8217;ampia gamma di strumenti, come chitarra acustica ed elettrica, basso e contrabbasso, batteria, percussioni, ottoni, sassofono. Il TLM 102 \u00e8 un vero cavallo di battaglia per qualsiasi piccolo studio!<\/span><\/p>\n<ul>\n<li><span>Microfono compatto con capsula a diaframma largo originale Neumann<\/span><\/li>\n<li><span>Modello cardioide uniforme<\/span><\/li>\n<li><span>Circuito senza trasformatore per SPL elevati senza distorsioni<\/span><\/li>\n<li><span>Rumore proprio molto basso<\/span><\/li>\n<li><span>Delicato sollevamento degli acuti per alti setosi<\/span><\/li>\n<li><span>Schermo pop integrato<\/span><\/li>\n<\/ul>\n","protected":false},"excerpt":{"rendered":"<div class=\"pdp-banner__description\">\n<h4><span>Piccole dimensioni\u00a0<\/span><\/h4>\n<h4><span> grande suono: il microfono a diaframma largo pi\u00f9 conveniente di Neumann<\/span><\/h4>\n<\/div>\n<ul class=\"pdp-banner__feature-list\">\n<li><span>La vera qualit\u00e0 Neumann ad un prezzo molto conveniente<\/span><\/li>\n<li><span>Rumore proprio molto basso<\/span><\/li>\n<li><span>Gestisce SPL estremi senza distorsioni<\/span><\/li>\n<li><span>Protezione anti-pop integrata<\/span><\/li>\n<\/ul>\n","protected":false},"featured_media":2154,"template":"","meta":[],"product_brand":[],"product_cat":[148],"product_tag":[],"class_list":{"0":"post-2147","1":"product","2":"type-product","3":"status-publish","4":"has-post-thumbnail","6":"product_cat-microfoni","8":"first","9":"instock","10":"shipping-taxable","11":"product-type-simple"},"_links":{"self":[{"href":"https:\/\/musicaliborgna.com\/index.php?rest_route=\/wp\/v2\/product\/2147","targetHints":{"allow":["GET"]}}],"collection":[{"href":"https:\/\/musicaliborgna.com\/index.php?rest_route=\/wp\/v2\/product"}],"about":[{"href":"https:\/\/musicaliborgna.com\/index.php?rest_route=\/wp\/v2\/types\/product"}],"wp:featuredmedia":[{"embeddable":true,"href":"https:\/\/musicaliborgna.com\/index.php?rest_route=\/wp\/v2\/media\/2154"}],"wp:attachment":[{"href":"https:\/\/musicaliborgna.com\/index.php?rest_route=%2Fwp%2Fv2%2Fmedia&parent=2147"}],"wp:term":[{"taxonomy":"product_brand","embeddable":true,"href":"https:\/\/musicaliborgna.com\/index.php?rest_route=%2Fwp%2Fv2%2Fproduct_brand&post=2147"},{"taxonomy":"product_cat","embeddable":true,"href":"https:\/\/musicaliborgna.com\/index.php?rest_route=%2Fwp%2Fv2%2Fproduct_cat&post=2147"},{"taxonomy":"product_tag","embeddable":true,"href":"https:\/\/musicaliborgna.com\/index.php?rest_route=%2Fwp%2Fv2%2Fproduct_tag&post=2147"}],"curies":[{"name":"wp","href":"https:\/\/api.w.org\/{rel}","templated":true}]}}