{"id":2174,"date":"2024-05-04T15:37:39","date_gmt":"2024-05-04T15:37:39","guid":{"rendered":"https:\/\/musicaliborgna.com\/?post_type=product&#038;p=2174"},"modified":"2024-05-04T15:37:40","modified_gmt":"2024-05-04T15:37:40","slug":"jbl-eon-one-mk2-pa-a-colonna-ricaricabile-all-in-one-con-mixer-e-dsp-integrati","status":"publish","type":"product","link":"https:\/\/musicaliborgna.com\/?product=jbl-eon-one-mk2-pa-a-colonna-ricaricabile-all-in-one-con-mixer-e-dsp-integrati","title":{"rendered":"JBL EON ONE MK2 PA a colonna ricaricabile all-in-one con mixer e DSP integrati"},"content":{"rendered":"<p><span>L&#8217;EON ONE MK2 offre la fedelt\u00e0 per cui JBL \u00e8 leggendaria, combinando un array di 8 tweeter a forma di C geometricamente ottimizzato con un woofer da 10&#8243; per offrire chiarezza e copertura ai vertici della categoria fino a 37 Hz, con ampia dispersione e un&#8217;uscita massima di 123dB.<\/span><\/p>\n<p><span>EON ONE MK2 \u00e8 progettato per versatilit\u00e0 e facilit\u00e0 d&#8217;uso: componi il tuo suono distintivo in un istante, grazie a una suite completa di effetti e preset Lexicon e dbx di livello professionale, con controlli che scalano dal principiante all&#8217;avanzato. Le prestazioni di alimentazione variabili ottimizzano automaticamente le prestazioni di alimentazione per il funzionamento CA o a batteria. Lo streaming audio Bluetooth e il funzionamento a batteria di sei ore completano i vantaggi di questo sistema tutto in uno per tutti gli usi.<\/span><\/p>\n<p><span>EON ONE MK2 \u00e8 ideale per una vasta gamma di utenti, dagli artisti di strada e cantautori che cercano un suono di livello professionale senza alimentazione CA, agli educatori e ai fornitori di servizi di ospitalit\u00e0 che danno priorit\u00e0 alla configurazione rapida e alla facilit\u00e0 d&#8217;uso, ai luoghi di culto e alle societ\u00e0 di noleggio che necessitano di dispositivi portatili soluzioni per applicazioni indoor e outdoor. In breve: \u00e8 il tuo sistema a cui rivolgersi sempre e ovunque.<\/span><\/p>\n<div id=\"panel_features\" class=\"product_main_tab_content content \">\n<div class=\"features text-content\">\n<ul>\n<li><span>La serie di 8 tweeter da 2&#8243; a forma di C offre una chiarezza superiore e una dispersione di 140\u00b0H x 30\u00b0V per un suono che riempie la stanza<\/span><\/li>\n<li><span>Il woofer da 10&#8243; in un cabinet acusticamente ottimizzato genera una gamma bassa naturale e uniforme, fino a 37 Hz<\/span><\/li>\n<li><span>La prestazione energetica variabile ottimizza automaticamente le prestazioni energetiche per fornire un&#8217;uscita maggiore di 4 dB quando collegato a una sorgente CA: 123 dB di picco SPL utilizzando l&#8217;alimentazione CA, 119 dB di picco utilizzando l&#8217;alimentazione a batteria<\/span><\/li>\n<li><span>Amplificatore integrato da 1.500 watt (picco).<\/span><\/li>\n<li><span>Risposta in frequenza: 37 Hz\u201320 kHz a -10 dB; 45 Hz\u201320 kHz a -3 dB<\/span><\/li>\n<li><span>La batteria facilmente sostituibile fornisce 6 ore di riproduzione; la batteria \u00e8 integrata in un distanziatore della colonna per migliorare la stabilit\u00e0 e ottimizzare il volume acustico del cabinet per una risposta superiore alle basse frequenze<\/span><\/li>\n<li><span>Il mixer digitale integrato a 5 canali \u00e8 progettato dagli ingegneri del mix per un flusso di lavoro ottimizzato<\/span><\/li>\n<li><span>Tre manopole EQ fisse consentono un accesso rapido e pratico all&#8217;equalizzazione integrata<\/span><\/li>\n<li><span>Suite completa di DSP Lexicon di livello professionale, inclusi riverbero, chorus e delay<\/span><\/li>\n<li><span>La tecnologia dbx DriveRack Inside offre AFS (soppressione automatica del feedback), 8 bande di equalizzatore parametrico e comodi preset<\/span><\/li>\n<li><span>Soundcraft Easy Ducking abbassa automaticamente la musica quando viene rilevato il parlato<\/span><\/li>\n<li><span>Il DSP a tre livelli consente agli utenti di scegliere il controllo principiante, intermedio o avanzato<\/span><\/li>\n<li><span>Gli I\/O includono 3 jack Neutrik XLR Combo, 1 ingresso Hi-Z e un ingresso totale da 3,5 mm\/BT<\/span><\/li>\n<li><span>Il passthrough bilanciato da \u00bc&#8221; con controllo del volume indipendente e ritardo degli altoparlanti consente l&#8217;espansione del sistema analogico<\/span><\/li>\n<li><span>Due canali di vera alimentazione phantom a 48 V espandono la connettivit\u00e0 del microfono<\/span><\/li>\n<li><span>Due porte USB consentono la ricarica del dispositivo dalla batteria integrata o dall&#8217;alimentazione CA<\/span><\/li>\n<li><span>Streaming audio Bluetooth 5.0 su un dispositivo, con controllo fino a 10 unit\u00e0<\/span><\/li>\n<li><span>Il display LCD EasyNav a colori fornisce l&#8217;accesso a tutti i parametri di controllo<\/span><\/li>\n<li><span>I misuratori LED Simple Success indicano le funzioni del mixer come mute, rilevamento del segnale e clippamento<\/span><\/li>\n<li><span>L&#8217;app universale JBL Pro Connect offre il controllo su ogni funzione di un massimo di dieci sistemi<\/span><\/li>\n<li><span>I componenti PA sono conservati nel cabinet del woofer per un facile trasporto con una sola mano<\/span><\/li>\n<li><span>La maniglia di trasporto ottimizzata ergonomicamente riduce al minimo lo sforzo del polso<\/span><\/li>\n<li><span>Cabinet in polipropilene leggero e resistente con griglia in acciaio<\/span><\/li>\n<li><span>Gli accessori includono caricabatterie doppio e batterie aggiuntive<\/span><\/li>\n<li><span>Peso: 42,5 libbre (19,3 kg)<\/span><\/li>\n<\/ul>\n<\/div>\n<\/div>\n<p><a href=\"https:\/\/jblpro.com\/en\/products\/eon-one-mk2\" name=\"extended_description\"><\/a><\/p>\n<div class=\"overline\"><\/div>\n<div id=\"product-extended_description\" class=\"row product-subheader\">\n<div class=\"small-10 columns\">\n<h3 class=\"content-nav\" data-magellan-destination=\"extended_description\"><span>Pi\u00f9 dettagli<\/span><\/h3>\n<\/div>\n<div class=\"small-2 columns text-right\"><\/div>\n<\/div>\n<div id=\"panel_extended_description\" class=\"product_main_tab_content content \">\n<div class=\"extended_description\">\n<ul>\n<li><strong><span>PRESTAZIONI ACUSTICHE SENZA PARI<\/span><\/strong><br \/>\n<span>L&#8217;EON ONE MK2 sfrutta le innovazioni acustiche della famiglia EON per offrire un output pi\u00f9 elevato, maggiore chiarezza e una copertura pi\u00f9 profonda rispetto a qualsiasi altro PA della sua categoria. Il suo array a forma di C geometricamente ottimizzato di otto tweeter da 2 pollici funziona in combinazione con un woofer da 10 pollici per offrire una risposta fluida e uniforme fino a 37 Hz, con un&#8217;ampia dispersione orizzontale e una profonda gittata verticale che assicurano un suono straordinario ovunque camera. Posizionando la batteria nella colonna, il cabinet del woofer \u00e8 ottimizzato acusticamente per fornire la fascia bassa pi\u00f9 profonda e naturale.<\/span><\/li>\n<li><strong><span>POTENZA CHE FUNZIONA IN MODO PI\u00d9 INTELLIGENTE, NON PI\u00d9 DIFFICILE<\/span><\/strong><br \/>\n<span>Il robusto amplificatore da 1.500 watt (picco) di EON ONE MK2 garantisce un suono pulito e privo di distorsioni a qualsiasi livello di volume. La tecnologia Variable Power Performance ottimizza automaticamente le prestazioni sia per l&#8217;alimentazione CA che per quella a batteria, fornendo 4 dB di margine aggiuntivo quando collegato all&#8217;alimentazione CA. Ti sentirai forte e chiaro, non importa dove suoni.<\/span><\/li>\n<li><strong><span>SUONA AL MEGLIO CON PRO FX<\/span><\/strong><br \/>\n<span>EON ONE MK2 \u00e8 dotato di una suite completa di DSP professionale, tra cui riverbero, chorus e delay Lexicon e tecnologia dbx DriveRack Inside, incluso AFS (soppressione automatica del feedback) ed EQ a 8 bande. Presentatori, istruttori di fitness e presentatori apprezzeranno la funzione Easy Ducking di Soundcraft, che abbassa il volume della musica di sottofondo ogni volta che parli. I preset DSP e l&#8217;equalizzatore hardware integrato con 3 manopole fisse rendono ancora pi\u00f9 semplice affinare rapidamente il tuo suono caratteristico.<\/span><\/li>\n<li><strong><span>CONTROLLO TOTALE, A PORTATA DI MANO<\/span><\/strong><br \/>\n<span>EON ONE MK2 pu\u00f2 essere controllato dall&#8217;app universale JBL Pro Connect, che fornisce accesso remoto a ogni funzione e preimpostazione, direttamente dal tuo telefono o tablet; La tecnologia ActiveSync di JBL garantisce che l&#8217;app e il display LCD del sistema siano sempre perfettamente sincronizzati. EON ONE MK2 offre streaming audio Bluetooth 5.0 su un dispositivo, con il controllo di un massimo di 10 unit\u00e0.<\/span><\/li>\n<li><strong><span>PORTATILE E AFFIDABILE<\/span><\/strong><br \/>\n<span>Con \u200b\u200bun peso di soli 42,5 libbre, EON ONE MK2 \u00e8 progettato per essere trasportato con una mano e presenta una maniglia ergonomica progettata per il massimo comfort. Il sistema \u00e8 racchiuso in un guscio di polipropilene durevole che \u00e8 abbastanza robusto da gestire i tuoi concerti pi\u00f9 difficili; come ogni altoparlante JBL, l&#8217;EON ONE MK2 \u00e8 sottoposto a 100 ore di stress test per garantire che funzioni perfettamente in condizioni reali.<\/span><\/li>\n<\/ul>\n<\/div>\n<\/div>\n","protected":false},"excerpt":{"rendered":"<h3><span>PA a colonna ricaricabile all-in-one con mixer e DSP integrati<\/span><\/h3>\n<p><span>Il sistema PA a colonna JBL EON ONE MK2 alimentato a batteria racchiude un pacchetto acustico leader della categoria,<\/span><\/p>\n<p><span> mixer digitale a 5 canali, dbx e Lexicon DSP, funzioni Bluetooth e controllo universale dell&#8217;app<\/span><\/p>\n<p><span> in un pacchetto leggero e portatile che pu\u00f2 essere trasportato con una mano.<\/span><\/p>\n","protected":false},"featured_media":2176,"template":"","meta":[],"product_brand":[],"product_cat":[137],"product_tag":[],"class_list":{"0":"post-2174","1":"product","2":"type-product","3":"status-publish","4":"has-post-thumbnail","6":"product_cat-pro-audio","8":"first","9":"instock","10":"shipping-taxable","11":"product-type-simple"},"_links":{"self":[{"href":"https:\/\/musicaliborgna.com\/index.php?rest_route=\/wp\/v2\/product\/2174","targetHints":{"allow":["GET"]}}],"collection":[{"href":"https:\/\/musicaliborgna.com\/index.php?rest_route=\/wp\/v2\/product"}],"about":[{"href":"https:\/\/musicaliborgna.com\/index.php?rest_route=\/wp\/v2\/types\/product"}],"wp:featuredmedia":[{"embeddable":true,"href":"https:\/\/musicaliborgna.com\/index.php?rest_route=\/wp\/v2\/media\/2176"}],"wp:attachment":[{"href":"https:\/\/musicaliborgna.com\/index.php?rest_route=%2Fwp%2Fv2%2Fmedia&parent=2174"}],"wp:term":[{"taxonomy":"product_brand","embeddable":true,"href":"https:\/\/musicaliborgna.com\/index.php?rest_route=%2Fwp%2Fv2%2Fproduct_brand&post=2174"},{"taxonomy":"product_cat","embeddable":true,"href":"https:\/\/musicaliborgna.com\/index.php?rest_route=%2Fwp%2Fv2%2Fproduct_cat&post=2174"},{"taxonomy":"product_tag","embeddable":true,"href":"https:\/\/musicaliborgna.com\/index.php?rest_route=%2Fwp%2Fv2%2Fproduct_tag&post=2174"}],"curies":[{"name":"wp","href":"https:\/\/api.w.org\/{rel}","templated":true}]}}