{"id":2197,"date":"2024-05-04T15:50:35","date_gmt":"2024-05-04T15:50:35","guid":{"rendered":"https:\/\/musicaliborgna.com\/?post_type=product&#038;p=2197"},"modified":"2024-05-04T15:50:36","modified_gmt":"2024-05-04T15:50:36","slug":"hk-audio-polar-8","status":"publish","type":"product","link":"https:\/\/musicaliborgna.com\/?product=hk-audio-polar-8","title":{"rendered":"HK AUDIO &#8211; POLAR 8"},"content":{"rendered":"<h1><strong>HK Audio Polar 8<\/strong>\u00a0\u00e8 un diffusore a colonna portatile attivo realizzato da una sezione mid\/high composta da\u00a0<strong>6 driver da 2,5\u201d\u00a0in configurazione array e una sezione sub composta da subwoofer con driver da 8\u201d<\/strong>. I driver di Polar 8 sono pilotati da un\u00a0<strong>amplificatore integrato<\/strong>\u00a0da\u00a0<strong>1200W\u00a0<\/strong>con\u00a0ingresso bluetooth TWS. Il sistema a colonna Polar 8 offre una soluzione audio completa e personalizzata per musicisti, DJ, intrattenitori, presentazioni aziendali, scuole e chiese.<\/h1>\n<h2><strong>L\u2019amplificatore con DSP integrato in Polar 8<\/strong><\/h2>\n<p>Rispetto ad altri modelli della sua categoria,\u00a0<strong>Polar 8<\/strong>\u00a0si distingue per la sua impressionante profondit\u00e0 fino alle pi\u00f9 basse frequenze, nonch\u00e9 per la sua gamma estremamente completa di funzioni, tra cui un\u00a0<strong>mixer integrato e Bluetooth TWS 5<\/strong>.\u00a0Gli altoparlanti\u00a0di alta qualit\u00e0 offrono un suono eccezionalmente trasparente e naturale dai bassi agli alti pi\u00f9 raffinati. Ci\u00f2 garantisce un&#8217;esperienza sonora XXL in ogni scenario, dalla discreta musica di sottofondo durante una cena all&#8217;energico climax dell&#8217;evento.<\/p>\n<p>Il\u00a0<strong>DSP a 24 bit<\/strong>\u00a0presente in Polar 8 offre un&#8217;esperienza sonora omogenea e a bassa distorsione su tutta le gamma di frequenza. La combinazione di un\u00a0sei driver midrange ad alte prestazioni e un altoparlante LF forniscono una lunga gittata e un\u2019ampia copertura. Il solido cabinet \u00e8 realizzato in\u00a0<strong>legno MDF\u00a0<\/strong>e racchiude un potente amplificatore da\u00a0<strong>1200W<\/strong>.<\/p>\n<h2><strong>Mixer integrato in Polar 8<\/strong><\/h2>\n<p><img decoding=\"async\" title=\" mixer integrato a quattro canali con ingresso bluetooh dei diffusori a colonna della serie Polar di HK Audio\" src=\"https:\/\/www.algameko.com\/images\/uploads\/hk-audio-polar-mixer-e-display-integrato_5ef8.gif\" alt=\"mixer integrato a quattro canali con ingresso bluetooh dei diffusori a colonna della serie Polar di HK Audio\" \/><\/p>\n<h2><strong>Dispersione e puntamento della serie Polar<\/strong><\/h2>\n<p><strong>Con il suo ampio raggio di 120\u00b0<\/strong>\u00a0e la bassa tendenza al feedback, Polar 8 \u00e8 ideale per il posizionamento sul palco. In molti casi, non \u00e8 affatto necessario un altro monitor da palco. Polar 8 pu\u00f2 essere installato senza il segmento inferiore della colonna, facilitando la regolazione dell&#8217;altezza da cui viene emesso il suono, ad esempio quando viene utilizzato su un\u00a0<strong>palco rialzato<\/strong>. Il livello del volume gradualmente decrescente assicura una pressione sonora coerente anche in lontananza.<\/p>\n<p>Quando sono posizionati a terra, il subwoofer, il distanziatore e l&#8217;unit\u00e0 medio\/alta di Polar 8 si combinano per creare l&#8217;orientamento verticale ideale sia per il pubblico in piedi che per quello seduto.<\/p>\n<h2><strong>Dispersione e copertura HK Audio Polar 8<\/strong><\/h2>\n<p><img decoding=\"async\" title=\" Esempio di dispersione e copertura dei diffusori a colonna della serie Polar di HK Audio \" src=\"https:\/\/www.algameko.com\/images\/uploads\/hk-audio-polar-esempio-di-dispersione_3832.gif\" alt=\"Esempio di dispersione e copertura dei diffusori a colonna della serie Polar di HK Audio\" \/><\/p>\n<h2><strong>Caratteristiche del Polar 8:<\/strong><\/h2>\n<ul>\n<li>6 altoparlanti midrange da 2,5&#8243;.<\/li>\n<li>Subwoofer da 8&#8243;.<\/li>\n<li>Potenza: 300 watt RMS, 1200 watt di picco<\/li>\n<li>Amplificatore di potenza in classe D<\/li>\n<li>Livello massimo: 118 dB<\/li>\n<li>Risposta in frequenza: 50 &#8211; 20.000 Hz<\/li>\n<li>Dispersione: 120\u00b0 x 45\u00b0<\/li>\n<li>2 ingressi microfono\/linea commutabili: combo XLR\/jack<\/li>\n<li>2 ingressi RCA<\/li>\n<li>1 uscita mix XLR<\/li>\n<li>Bluetooth 5.0 per lo streaming audio<\/li>\n<li>Collegamento TWS Bluetooth<\/li>\n<li>Mixer a 3 canali<\/li>\n<li>Equalizzatore a 2 canali<\/li>\n<li>2 preamplificatori microfonici<\/li>\n<li>Protezione da sottotensione, termica, sovracorrente<\/li>\n<li>Limiter<\/li>\n<li>Angolo di dispersione (H x V): 120\u00b0 x 45\u00b0<\/li>\n<li>Alloggiamento in plastica<\/li>\n<li>Dimensioni (L x A x P): 302 x 2029 x 390 mm<\/li>\n<li>Peso subwoofer: 13 kg<\/li>\n<li>Peso superiore: 3,2 kg<\/li>\n<li>Distanziale peso: 2,3 kg<\/li>\n<li>Peso totale: 18,5 kg<\/li>\n<li>Colore: nero<\/li>\n<\/ul>\n","protected":false},"excerpt":{"rendered":"<p>Polar 8 \u00e8 un sistema di diffusione a colonna compatto,<\/p>\n<p>facile da trasportare per performance straordinarie anche in spazi ristretti.<\/p>\n<p>Colonna realizzata da 6 altoparlanti al neodimio da 2,5&#8243;, ad alte prestazioni in una disposizione a colonna curva<\/p>\n<p>con dispersione di 120\u00b0 x 30. Subwoofer base con driver.<\/p>\n","protected":false},"featured_media":2198,"template":"","meta":[],"product_brand":[],"product_cat":[137],"product_tag":[],"class_list":{"0":"post-2197","1":"product","2":"type-product","3":"status-publish","4":"has-post-thumbnail","6":"product_cat-pro-audio","8":"first","9":"instock","10":"shipping-taxable","11":"product-type-simple"},"_links":{"self":[{"href":"https:\/\/musicaliborgna.com\/index.php?rest_route=\/wp\/v2\/product\/2197","targetHints":{"allow":["GET"]}}],"collection":[{"href":"https:\/\/musicaliborgna.com\/index.php?rest_route=\/wp\/v2\/product"}],"about":[{"href":"https:\/\/musicaliborgna.com\/index.php?rest_route=\/wp\/v2\/types\/product"}],"wp:featuredmedia":[{"embeddable":true,"href":"https:\/\/musicaliborgna.com\/index.php?rest_route=\/wp\/v2\/media\/2198"}],"wp:attachment":[{"href":"https:\/\/musicaliborgna.com\/index.php?rest_route=%2Fwp%2Fv2%2Fmedia&parent=2197"}],"wp:term":[{"taxonomy":"product_brand","embeddable":true,"href":"https:\/\/musicaliborgna.com\/index.php?rest_route=%2Fwp%2Fv2%2Fproduct_brand&post=2197"},{"taxonomy":"product_cat","embeddable":true,"href":"https:\/\/musicaliborgna.com\/index.php?rest_route=%2Fwp%2Fv2%2Fproduct_cat&post=2197"},{"taxonomy":"product_tag","embeddable":true,"href":"https:\/\/musicaliborgna.com\/index.php?rest_route=%2Fwp%2Fv2%2Fproduct_tag&post=2197"}],"curies":[{"name":"wp","href":"https:\/\/api.w.org\/{rel}","templated":true}]}}