{"id":2219,"date":"2024-05-04T16:17:52","date_gmt":"2024-05-04T16:17:52","guid":{"rendered":"https:\/\/musicaliborgna.com\/?post_type=product&#038;p=2219"},"modified":"2024-05-04T16:17:53","modified_gmt":"2024-05-04T16:17:53","slug":"yamaha-psr-e373","status":"publish","type":"product","link":"https:\/\/musicaliborgna.com\/?product=yamaha-psr-e373","title":{"rendered":"YAMAHA PSR-E373"},"content":{"rendered":"<h3>Una vasta libreria di suoni di alta qualit\u00e0<\/h3>\n<p class=\"description\">La PSR-E373 possiede un nuovo generatore di suoni LSI che offre uno stupefacente miglioramento dei suoni ed effetti di alta qualit\u00e0. Grazie al nuovo LSI, puoi godere di una libreria di 622 suoni strumentali, perfetti per suonare in qualsiasi genere desideri, e degli esclusivi suoni Super Articulation Lite, che riproducono i trilli e il rumore delle corde di strumenti quali il violoncello o il mandolino, difficili da simulare prima d\u2019ora, con grande realismo, per performance davvero autentiche.<\/p>\n<h3>Prova la gioia di suonare<\/h3>\n<p class=\"description\">Grazie a una gamma di effetti simili a quelli presenti nei modelli top di gamma e a una sensibilit\u00e0 al tocco che consente di aggiungere sfumature delicate alle tue performance, la PSR-E373 ha impressionanti capacit\u00e0 espressive. Possiede inoltre una funzione di auto accompagnamento che fornisce le basi per suonare in una grande variet\u00e0 di generi musicali provenienti da tutto il mondo, come jazz, R&amp;B e latin.<\/p>\n<h3>Funzioni didattiche per aiutare i principianti<\/h3>\n<p class=\"description\">Utilizza le funzioni didattiche per divertirti a suonare con facilit\u00e0 i brani implementati. Queste comode funzioni ti aiuteranno ad esercitarti a suonare i brani implementati e a migliorare le tue capacit\u00e0 pianistiche. Le funzioni didattiche sono pensate per un apprendimento ottimale e piacevole: basta selezionare quelle pi\u00f9 adatte per te e portare le tue abilit\u00e0 di tastierista al livello successivo.<\/p>\n<p><iframe loading=\"lazy\" title=\"Yamaha PSR-E373\/PSR-EW310\/YPT-370Overview Video\" width=\"1220\" height=\"686\" src=\"https:\/\/www.youtube.com\/embed\/e3Jnp-50IXo?feature=oembed\" frameborder=\"0\" allow=\"accelerometer; autoplay; clipboard-write; encrypted-media; gyroscope; picture-in-picture; web-share\" referrerpolicy=\"strict-origin-when-cross-origin\" allowfullscreen><\/iframe><\/p>\n","protected":false},"excerpt":{"rendered":"<h3 class=\"heading\">Il nuovo standard delle tastiere portatili<\/h3>\n<p class=\"description\">Dotate di una tastiera sensibile al tocco e di un nuovissimo generatore sonoro LSI che offre una straordinaria<\/p>\n<p class=\"description\">gamma di suoni di alta qualit\u00e0, la PSR-E373 costituisce il nuovo standard delle tastiere portatili Yamaha,<\/p>\n<p class=\"description\">perfetta sia per l\u2019apprendimento, sia per la performance.<\/p>\n","protected":false},"featured_media":2221,"template":"","meta":[],"product_brand":[],"product_cat":[140],"product_tag":[],"class_list":{"0":"post-2219","1":"product","2":"type-product","3":"status-publish","4":"has-post-thumbnail","6":"product_cat-tastiere-e-synth","8":"first","9":"instock","10":"shipping-taxable","11":"product-type-simple"},"_links":{"self":[{"href":"https:\/\/musicaliborgna.com\/index.php?rest_route=\/wp\/v2\/product\/2219","targetHints":{"allow":["GET"]}}],"collection":[{"href":"https:\/\/musicaliborgna.com\/index.php?rest_route=\/wp\/v2\/product"}],"about":[{"href":"https:\/\/musicaliborgna.com\/index.php?rest_route=\/wp\/v2\/types\/product"}],"wp:featuredmedia":[{"embeddable":true,"href":"https:\/\/musicaliborgna.com\/index.php?rest_route=\/wp\/v2\/media\/2221"}],"wp:attachment":[{"href":"https:\/\/musicaliborgna.com\/index.php?rest_route=%2Fwp%2Fv2%2Fmedia&parent=2219"}],"wp:term":[{"taxonomy":"product_brand","embeddable":true,"href":"https:\/\/musicaliborgna.com\/index.php?rest_route=%2Fwp%2Fv2%2Fproduct_brand&post=2219"},{"taxonomy":"product_cat","embeddable":true,"href":"https:\/\/musicaliborgna.com\/index.php?rest_route=%2Fwp%2Fv2%2Fproduct_cat&post=2219"},{"taxonomy":"product_tag","embeddable":true,"href":"https:\/\/musicaliborgna.com\/index.php?rest_route=%2Fwp%2Fv2%2Fproduct_tag&post=2219"}],"curies":[{"name":"wp","href":"https:\/\/api.w.org\/{rel}","templated":true}]}}