{"id":2247,"date":"2024-05-09T06:57:32","date_gmt":"2024-05-09T06:57:32","guid":{"rendered":"https:\/\/musicaliborgna.com\/?post_type=product&#038;p=2247"},"modified":"2024-05-09T06:57:33","modified_gmt":"2024-05-09T06:57:33","slug":"korg-nautilus-61-at","status":"publish","type":"product","link":"https:\/\/musicaliborgna.com\/?product=korg-nautilus-61-at","title":{"rendered":"KORG &#8211; NAUTILUS-61 AT"},"content":{"rendered":"<h1><strong>NAUTILUS-61<\/strong>\u00a0l\u2019evoluta workstation\u00a0<strong>KORG\u00a0<\/strong>\u00e8 ora disponibile in versione\u00a0<strong>NAUTILUS-61 AT<\/strong>\u00a0con\u00a0<strong>tastiera 61<\/strong>\u00a0tasti e\u00a0<strong>Aftertouch<\/strong>. L\u2019ampia libreria sonora interna \u00e8 stata ottimizzata per sfruttare questa nuova risorsa.\u00a0<strong>NAUTILUS-61 AT\u00a0<\/strong>adotta\u00a0<strong>9 generatori<\/strong>\u00a0sonori con\u00a0<strong>Smooth Sound Transition\u00a0<\/strong>per il passaggio continuo fra i suoni, ed una potente sezione\u00a0<strong>DSP\u00a0<\/strong>che genera fino a\u00a0<strong>16 effetti<\/strong>\u00a0simultanei. L\u2019interfaccia utente \u00e8 basata su\u00a0<strong>Display Touch<\/strong>\u00a0a colori e controlli rotativi, mentre\u00a0<strong>128 Set List<\/strong>\u00a0organizzano e gestiscono le risorse per i Live.\u00a0<strong>NAUTILUS-61 AT\u00a0<\/strong>\u00e8 dotato di un versatile\u00a0<strong>Sequencer MIDI&amp;Audio<\/strong>,\u00a0<strong>Full Editing<\/strong>\u00a0per comporre o arrangiare con facilit\u00e0 e possibilit\u00e0 di integrazione negli ambienti\u00a0<strong>DAW<\/strong>\u00a0pi\u00f9 diffusi.<\/h1>\n<p>foto LS<\/p>\n<p>KORG presenta un importante aggiornamento nella serie\u00a0<strong>NAUTILUS<\/strong>, l\u2019ammiraglia delle proprie synth Workstation, sono infatti disponibili due nuovi modelli:<\/p>\n<ul>\n<li><strong>NAUTILUS-61 AT<\/strong>\u00a0&#8211;\u00a0Con tastiera 61 tasti reattiva e dal tocco omogeneo.<\/li>\n<li><strong>NAUTILUS-88 AT &#8211;\u00a0<\/strong>Con tastiera 88 tasti pesati RH3\u00a0<strong>Graded Hammer Action<\/strong><\/li>\n<\/ul>\n<p>Entrambi gli strumenti sono dotati di\u00a0<strong>Aftertouch\u00a0<\/strong>un controllo che estende notevolmente le capacit\u00e0 espressive e dinamiche.\u00a0Per sfruttare al meglio le possibilit\u00e0 offerte da questo nuovo controllo l\u2019ampia Sound Library di\u00a0<strong>NAUTILUS AT<\/strong>\u00a0\u00e8 stata riprogrammata in modo che ogni musicista le\u00a0possa usare immediatamente.\u00a0L\u2019<strong>Aftertouch<\/strong>, in combinazione con la dinamica di tastiera (<strong>Velocity<\/strong>) e la manopola\u00a0<strong>DYNAMICS\u00a0<\/strong>ampliano l&#8217;espressive e la dinamica di NAUTILUS, potenziando ulteriormente le risorse sonore dei\u00a0<strong>9 Sound Engine<\/strong>\u00a0della\u00a0Workstation.<\/p>\n<p><strong>KORG\u00a0<\/strong><strong>NAUTILUS-61 AT\u00a0<\/strong>amplia i confini operativi delle\u00a0<strong>Synth Workstation<\/strong>, grazie ai\u00a0<strong>9\u00a0<\/strong>generatori sonori, innovativo approccio alla sintesi, grande quantit\u00e0 di campionamenti, registrazione\u00a0<strong>MIDI&amp;Audio<\/strong>, sezione effetti d&#8217;alta qualit\u00e0, e l&#8217;elevata\u00a0potenza di calcolo. In questo modo\u00a0<strong>NAUTILUS-61 AT \u00a0<\/strong>mette a disposizione moltissime risorse per la ricerca timbrica, la creazione e la produzione musicale, con un Workflow logico ed intuitivo.\u00a0<strong>KORG\u00a0<\/strong>ha impiegato anni per realizzare e perfezionare i vari aspetti dela tecnologia utilizzata su\u00a0<strong>NAUTILUS<\/strong>: per offrire a ogni musicista uno strumento potente e versatile con cui entrare immediatamente in sintonia<\/p>\n<h2><strong>Caratteristiche di rilievo di\u00a0NAUTILUS-61 AT<\/strong><\/h2>\n<ul>\n<li><strong>Nove diversi generatori sonori\u00a0<\/strong><\/li>\n<li><strong>SST Smooth Sound Transition<\/strong>\u00a0passaggio tra i suoni senza interruzione<\/li>\n<li>Sound Library ottimizzata per l&#8217;aftertouch<\/li>\n<li>Gestione della dinamica in tempo reale con la manopola\u00a0<strong>DYNAMICS<\/strong><\/li>\n<li>Modifica in tempo reale dei parametri con gli\u00a0<strong>RT Control<\/strong><\/li>\n<li>Interfaccia grafica intuitiva<\/li>\n<li>Display a colori\u00a0<a href=\"https:\/\/www.algameko.com\/it\/music-workstation\/korg\/nautilus61-at#TouchDisplay\"><strong>TouchView<\/strong><\/a><\/li>\n<li>Arpeggiatore polifonico e Drum Track<\/li>\n<li><a href=\"https:\/\/www.algameko.com\/it\/music-workstation\/korg\/nautilus61-at#SetList\"><strong>Modo Set List<\/strong><\/a>\u00a0indispensabile nelle Live Performance<\/li>\n<li>Open Sampling System<\/li>\n<li>Sequencer 16 tracce MIDI &amp; Audio Full Edit<\/li>\n<li>Fino a 16 processori d\u2019effetti simultanei<\/li>\n<li>Alle porte USB\/MIDI possono essere collegate delle superfici di controllo<\/li>\n<li>Tastiera\u00a0<strong>61 tasti con velocity ed Aftertouch<\/strong>.<\/li>\n<\/ul>\n<h2><strong>I nove generatori sonori di\u00a0NAUTILUS-61 AT<\/strong><\/h2>\n<p><strong>NAUTILUS-61 AT\u00a0<\/strong>possiede nove diversi motori sonori ognuno specializzato nella riproduzione o nella sintesi di una famiglia timbrica specifica.\u00a0<strong>SGX-2<\/strong>\u00a0che genera un\u2019ampia scelta di piani acustici attingendo da una vasta libreria\u00a0<strong>PCM\u00a0<\/strong>senza\u00a0<em>Loop<\/em>, con tutte le loro sfumature, articolati su\u00a0<strong>12 livelli di Velocity<\/strong>, con risonanza delle corde, rumore del rilascio dei tasti ecc.\u00a0<strong>EP-1\u00a0<\/strong>che riproduce realisticamente le timbriche dei pi\u00f9 famosi modelli di piano elettrico a lamine e ad ance.\u00a0<strong>CX-3 che\u00a0<\/strong>emula il timbro inconfondibile degli organi\u00a0<em>Tone Wheel<\/em>\u00a0compreso il caratteristico amplificatore\u00a0<strong>Rotary Speakers<\/strong>. A questi si aggiungono i moduli di sintesi\u00a0<strong>MOD-7: VPM \/ FM, PolysixEX\u00a0<\/strong>e\u00a0<strong>MS-20EX<\/strong>\u00a0per la modellazione analogica e\u00a0<strong>STR-1<\/strong>\u00a0per la modellazione fisica. Utilizzati singolarmente come Program o combinati insieme nelle Combination, i Sound Engine producono\u00a0tutte le sonorit\u00e0 di\u00a0<strong>NAUTILUS-61 AT\u00a0<\/strong>da quelle\u00a0<strong>Vintage\u00a0<\/strong>alle pi\u00f9 moderne o futuribili.<\/p>\n<p><strong><img decoding=\"async\" title=\"KORG NAUTILUS-61 Integra un avanzato motore sonoro multisintesi con 9 diversi Sound Engine\" src=\"https:\/\/www.algameko.com\/images\/uploads\/Nautilus_LS_Photo_02.jpg\" alt=\"KORG NAUTILUS-61 Integra un avanzato motore sonoro multisintesi con 9 diversi Sound Engine\" \/><\/strong><\/p>\n<h2><strong>NAUTILUS-61 AT SST Smooth Sound Transition<\/strong><\/h2>\n<p>Su\u00a0<strong>NAUTILUS-61 AT \u00a0<\/strong>la selezione dei vari modi operativi o delle risorse musicali\u00a0non provoca alcuna interruzione del suono. \u00c8 possibile richiamare\u00a0<strong>Program\u00a0<\/strong>o\u00a0<strong>Combi<\/strong>, oppure passare dal modo Program a Combi, o addirittura passare fra le Song sul Sequencer, mantenendo sempre il decadimento originale\u00a0e gli effetti durante i cambi, con una transizione omogenea senza interruzioni. Una caratteristica questa ampiamente apprezzata ed elogiata da tutti i musicisti.<\/p>\n<h3><strong>NAUTILUS-61 AT la Sound Library<\/strong><\/h3>\n<p>Per la selezione timbrica su\u00a0<strong>NAUTILUS-61 AT\u00a0<\/strong>\u00e8 stato applicato un approccio completamente nuovo mettendo da parte ogni preconcetto ed ogni convenzione riguardo alle Workstation, e ideando cos\u00ec un nuovo tipo di classificazione in grado di superare i confini del campionamento e del Sound Design. Su\u00a0<strong>NAUTILUS-61 AT \u00a0<\/strong>i suoni sono divisi in tre gruppi principali:<\/p>\n<ul>\n<li><strong>Suoni Esclusivi<\/strong><\/li>\n<\/ul>\n<p>In questa categoria\u00a0<strong>NAUTILUS-61 AT \u00a0<\/strong>offre delle sonorit\u00e0 esclusive e particolari come:\u00a0<em>Loop<\/em>\u00a0con frasi musicali, pianoforti preparati, percussioni originali e molto altro ancora. Sono state realizzate ed inserite nella libreria sonora interna frasi musicali caratteristiche di strumenti rari, difficili da reperire e da suonare, liberamente utilizzabili nei vostri brani musicali; e altri timbri inusuali come il pianoforte \u201c<em>preparato<\/em>\u201d cio\u00e8 dal timbro modificato, ottenuto inserendo tra le corde viti, pezzetti di legno e altri oggetti con risultati molto suggestivi; o suoni di percussioni realizzati usando oggetti ordinari come arnesi da cucina o altro. Questi suoni possono conferire colori originali alle vostre composizioni o arrangiamenti, rappresentando inoltre una risorsa preziosa per i musicisti che realizzano sonorizzazioni e musica per immagini.<\/p>\n<ul>\n<li><strong>Suoni Moderni<\/strong><\/li>\n<\/ul>\n<p><strong>NAUTILUS-61 AT \u00a0<\/strong>possiede le timbriche pi\u00f9 aggiornate adatte all\u2019attuale scena musicale per generi come: EDM, Electro, e Chiptune; con i timbri pi\u00f9 moderni di Synth, Drum Kit, con gli effetti speciali che agevolano anche la creazione di efficaci Beat e Groove per la Dance. Gli oltre 50 Drum Kit di questo strumento offrono una grande variet\u00e0 di suoni percussivi in grado di rappresentare adeguatamente l\u2019evoluzione ritmica negli stili musicali delle ultime decadi.<\/p>\n<ul>\n<li><strong>Suoni Standard<\/strong><\/li>\n<\/ul>\n<p>Su\u00a0<strong>NAUTILUS-61 AT \u00a0<\/strong>sono stati accuratamente realizzati i suoni indispensabili in una Workstation: piani acustici, elettrici, chitarre, bassi ecc. per soddisfare\u00a0tutti i generi musicali. Nei nuovi suoni di pianoforte acustico, \u00e8 stata campionata anche l\u2019acustica della sala di ripresa, con la possibilit\u00e0 di mixare in modo personale il suono diretto con l\u2019ambiente; ed \u00e8 stato aggiunto inoltre un nuovo modello di piano elettrico dal caratteristico timbro corposo, particolarmente adatto per il Funky.<\/p>\n<h2><strong>NAUTILUS-61 AT la gestione della dinamica<\/strong><\/h2>\n<p>Tramite la manopola\u00a0<strong>DYNAMICS\u00a0<\/strong>\u00e8 possibile controllare le variazioni di timbro e volume, introdotte dalla\u00a0<em>Velocity<\/em>\u00a0di tastiera, e fare in modo che queste coincidano con lo stile del brano suonato. Ruotando questa manopola \u00e8 possibile ottenere un\u00a0<em>feeling\u00a0<\/em>completamente diverso, anche usando lo stesso suono. Un metodo aggiuntivo per adattare lo strumento alle proprie esigenze. Suonando la tastiera e ruotando la manopola \u201c<em>Dynamics<\/em>\u201d a sinistra, si ottiene un suono pi\u00f9 morbido, con una gamma dinamica pi\u00f9 ampia, questo permette passaggi delicati ed espressivi, ideali per l\u2019accompagnamento dei cantanti o di strumenti solisti. Ruotando invece la manopola a destra, la risposta dinamica diventa pi\u00f9 energica e uniforme; particolarmente utile per far risaltare maggiormente un timbro, come ad esempio negli assolo.<\/p>\n<h2><strong>NAUTILUS-61 AT i controlli fisici<\/strong><\/h2>\n<p>Le sei manopole\u00a0<strong>RT (Real Time)\u00a0<\/strong>sul pannello, consentono la modifica diretta su\u00a0<strong>PROGRAM\u00a0<\/strong>e\u00a0<strong>COMBI<\/strong>. A ogni manopola pu\u00f2 essere assegnata una variet\u00e0 di funzioni, come ad esempio l\u2019editing del timbro con: Filter Cut Off, il livello dell\u2019effetto; il controllo dell\u2019arpeggiatore o della Drum Track con il Gate, la velocit\u00e0 del tempo, lo Swing, il tipo di Snare e molto altro. In modo COMBI \u00e8 possibile raggruppare diversi timbri, e controllarne il volume con una sola manopola. Per evitare inoltre che le queste possano essere modificate accidentalmente durante una Performance, \u00e8 possibile farle rientrare completamente nel pannello semplicemente premendole, bloccando cos\u00ec la loro posizione. In questo modo, \u00e8 inoltre possibile selezionare solo quelle usate pi\u00f9 spesso, nascondendo le altre.<\/p>\n<p><img decoding=\"async\" title=\"KORG NAUTILUS-61 Possiede una intuitiva interfaccia utente basata su un Display Touch a colori integrata da controlli fisici sul pannello\" src=\"https:\/\/www.algameko.com\/images\/uploads\/Nautilus_LS_Photo_06.jpg\" alt=\"KORG NAUTILUS-61 Possiede una intuitiva interfaccia utente basata su un Display Touch a colori integrata da controlli fisici sul pannello\" \/><\/p>\n<h2><strong>NAUTILUS-61 AT l&#8217;interfaccia utente<\/strong><\/h2>\n<p>Per\u00a0<strong>NAUTILUS-61 AT KORG\u00a0<\/strong>ha riprogettato l\u2019interfaccia utente per velocizzare e facilitare ogni intervento. Normalmente l\u2019aggiunta di funzioni tende a far aumentare la presenza di controlli fisici sul pannello, in questo caso invece \u00e8 stata seguita la via di razionalizzare e ottimizzare al massimo rapidit\u00e0 operativa e intuitivit\u00e0. Il tasto\u00a0<strong>MODE\u00a0<\/strong>visualizza in un\u2019unica schermata la selezione dei modi operativi: PROGRAM, COMBI, SET LIST, SAMPLING, SEQUENCE e GLOBAL. Su ogni MODE l\u2019accesso alle funzioni si ottiene tramite dei TAB, mentre i tasti PAGE permettono modifiche pi\u00f9 approfondite con procedure intuitive. Questo sistema di navigazione permette di tornare sempre alla fase iniziale premendo semplicemente il tasto MODE. Il display funziona in modalit\u00e0\u00a0<em>Dark<\/em>, che utilizza il nero come colore principale per ridurre l&#8217;affaticamento degli occhi. Sono inoltre presenti<strong>\u00a06 tasti di scelta rapida programmabili<\/strong>, che possono essere assegnati ad una serie di funzioni come: la selezione dei modi Program i Combi, i tasti di trasporto per il Sequencer ecc. Sono disponibili 4 diversi Template gi\u00e0 pronti all\u2019uso, ma \u00e8 possibile creare e salvare le proprie impostazioni.<\/p>\n<h2><strong>NAUTILUS-61 AT il\u00a0<a id=\"TouchDisplay\" name=\"TouchDisplay\"><\/a>Touch Display<\/strong><\/h2>\n<p>Il centro nevralgico dell\u2019interfaccia utente di\u00a0<strong>NAUTILUS-61 AT\u00a0<\/strong>\u00e8 l\u2019ampio display a colori\u00a0<strong>(800 x 480 pixel) WVGA TouchView<\/strong>; con cui \u00e8 possibile selezionare o modificare direttamente un suono o un parametro con il semplice tocco di un dito grazie al\u00a0<strong>Touch Drag<\/strong>. Sono disponibili inoltre una serie di strumenti grafici ed interattivi che facilitano la programmazione, come ad esempio la regolazione dell\u2019apertura del coperchio del piano a coda su\u00a0<strong>SGX-2<\/strong>, o il collegamento dei cavi patch virtuali su MS-20EX. Sul Display \u00e8 presente la funzione di ricerca:\u00a0<strong>Search<\/strong>,\u00a0utile per rintracciare ogni\u00a0risorsa musicale\u00a0in base ad una chiave di ricerca.<\/p>\n<h2><strong>NAUTILUS-61 AT le\u00a0<a id=\"SetList\" name=\"SetList\"><\/a>Set List<\/strong><\/h2>\n<p>Il modo SET LIST di\u00a0<strong>NAUTILUS-61 AT\u00a0<\/strong>permette di organizzare in modo personale le risorse sonore. Ogni SET LIST \u00e8 composta da una unit\u00e0 fondamentale detta\u00a0<strong>SLOT<\/strong>; in ogni SET LIST ci sono 128 SLOT, e 128 SET LIST sono immediatamente disponibili. Ad ogni SLOT pu\u00f2 essere attribuito un nome, ed assegnare una risorsa musicale in base alle necessit\u00e0: PROGRAM, COMBI, o SONG. Da questo inoltre \u00e8 possibile controllare parametri come il volume della risorsa selezionata, visualizzare del testo, oppure colorarlo opportunamente in modo da evidenziarlo all\u2019interno dell\u2019elenco; ogni SLOT pu\u00f2 essere inoltre spostato e posizionato nel punto voluto, oppure copiato o cancellato. Questo modo operativo pu\u00f2 fare fronte a qualsiasi esigenza Live, grazie alla possibilit\u00e0 di programmare l\u2019esatta successione delle risorse musicali di cui abbiamo bisogno. Ogni SET LIST infine dispone di un\u00a0<strong>Equalizzatore grafico 9 bande<\/strong>, posto alla fine della catena audio ed\u00a0<strong>indipendente\u00a0<\/strong>dalla sezione effetti, con cui modificare o correggere la risposta timbrica globale di NAUTILUS a seconda dell\u2019ambiente in cui avviene la Performance.<\/p>\n<p><img decoding=\"async\" title=\"NAUTILUS-88 possiede una grande versatilit\u00e0 nell'uso Live grazie alle Set List programmabili\" src=\"https:\/\/www.algameko.com\/images\/uploads\/Nautilus_LS_Photo_10.jpg\" alt=\"NAUTILUS-88 possiede una grande versatilit\u00e0 nell'uso Live grazie alle Set List programmabili\" \/><\/p>\n<h2><strong>NAUTILUS-61 AT Open Sampling System<\/strong><\/h2>\n<p><strong>NAUTILUS-61 AT \u00a0<\/strong>utilizza il KORG Open Sampling System, per campionare rapidamente una sorgente audio esterna, o ricampionare una Performance eseguita su NAUTILUS, indipendentemente dal modo operativo selezionato. Le possibilit\u00e0 timbriche offerte dalla vastissima libreria di Sample interna dello strumento, sono notevolmente ampliate dall\u2019area\u00a0<strong>SAMPLE USER<\/strong>, che grazie alla tecnologia\u00a0<strong>VMT (Virtual Memory Technology)<\/strong>, consente di utilizzare campionamenti personali sfruttando al massimo la capacit\u00e0 dell\u2019SSD della Workstation. Tramite la porta USB possono essere caricati\u00a0<strong>Sample\u00a0<\/strong>in vari formati: AIFF, WAV, SoundFont 2.0 e AKAI S1000\/3000; nel caso in cui la quantit\u00e0 di dati sia veramente rilevante \u00e8 anche possibile usare un adattatore Ethernet USB ad alta velocit\u00e0. Su NAUTILUS \u00e8 quindi possibile utilizzare per le proprie composizioni, arrangiamenti o produzioni, Sample creati su computer.<\/p>\n<h2><strong>NAUTILUS-61 AT il Sequencer<\/strong><\/h2>\n<p><strong>NAUTILUS-61 AT \u00a0<\/strong>possiede un potente Sequencer\/Recorder con\u00a0<strong>16 tracce MIDI<\/strong>\u00a0e\u00a0<strong>16 tracce Audio\u00a0<\/strong>per creare brani o arrangiamenti musicali.\u00a0Questa sezione possiede alcune funzioni che facilitano e stimolano l\u2019ispirazione musicale, con la possibilit\u00e0 di registrare gli arpeggiatori polifonici, le Drum Track o gli RPPR (Realtime Pattern Play\/Recording), con risultati di qualit\u00e0 professionale in tempi rapidi. L\u2019Audio Recorder 16 tracce acquisisce fino a 4 tracce simultaneamente in formato: 16 bit\/24 bit 48 kHz. Durante il loro Playback \u00e8 possibile aggiungere effetti, ricampionare il risultato ottenuto e importare il file Wav in una traccia del Sequencer. Sono inoltre presenti funzioni di Editing come: Copy, Paste, Normalize, e di automazione del mixaggio.<\/p>\n<h2><strong>Arpeggiatore polifonico e Drum Track<\/strong><\/h2>\n<p>Questi moduli, forniscono un efficace supporto musicale interattivo ad ogni esecuzione, con un\u2019ampia libreria di Pattern ritmici e melodici; sono inoltre disponibili 4 diverse scene su cui \u00e8 possibile impostare e richiamare all\u2019stante Pattern diversi; ideale per improvvisare, per le Performance, oppure per regisstrare rapidamente basi o arrangiamenti completi sul Sequencer.<\/p>\n<h2><strong>NAUTILUS-61 AT gli effetti<\/strong><\/h2>\n<p>La potente sezione DSP<strong>\u00a0di NAUTILUS-61 AT\u00a0<\/strong>pu\u00f2 produrre fino a\u00a0<strong>16 effetti\u00a0<\/strong>simultaneamente, selezionabili fra\u00a0<strong>197 diversi tipi,<\/strong>\u00a0divisi in 3 categorie: Insert, Master e Total FX. Gli effetti Insert si applicano a timbri singoli o multipli delle Timbre\/Track di una Combi o del Sequencer. Gli effetti\u00a0<strong>Master 1&amp;2<\/strong>\u00a0possono essere dosati per tutte le tracce con le mandate relative (<strong>Send 1&amp;2<\/strong>), mentre gli effetti\u00a0<strong>Total\u00a0<\/strong>agiscono globalmente su tutto lo strumento. Inoltre per ogni timbro, traccia MIDI ed Audio del Sequencer \u00e8 disponibile un equalizzatore tre bande per correggere gli equilibri tonali o per modificare il suono in modo creativo.<\/p>\n<h2><strong>Alle porte USB\/MIDI possono essere collegate delle superfici di controllo<\/strong><\/h2>\n<p><strong>NAUTILUS\u00a0<\/strong>pu\u00f2 essere collegato direttamente a ogni controller USB\/MIDI Class-Compliant, come ad esempio i controller\u00a0<strong>MIDI USB KORG<\/strong>\u00a0con i Pad come: nanoPAD, nanoPAD2, padKONTROL con questi possibile suonare ad esempio parti percussive, oppure triggerare gli accordi in modo Chord.<\/p>\n<p><iframe loading=\"lazy\" title=\"KORG NAUTILUS Presentazione - Parte Prima Introduzione\" width=\"1220\" height=\"686\" src=\"https:\/\/www.youtube.com\/embed\/wTs0hfAk36o?list=PLmwacsrItvLMVub_heeXOg6UT9jIn8_E7\" frameborder=\"0\" allow=\"accelerometer; autoplay; clipboard-write; encrypted-media; gyroscope; picture-in-picture; web-share\" referrerpolicy=\"strict-origin-when-cross-origin\" allowfullscreen><\/iframe><\/p>\n","protected":false},"excerpt":{"rendered":"<p>Synth Worktastion Tastiera\u00a061 tasti con Aftertouch, generatore\u00a0multi-sintesi, ampia Sound library,<\/p>\n<p>selezione suoni senza interruzioni, Set List, Display TouchView, Nuova interfaccia grafica,<\/p>\n<p>controlli realtime, Arpeggiatore e Drum Track, 16 FX simultanei, Sequencer 16 tracce MIDI &amp; Audio Full Edit<\/p>\n","protected":false},"featured_media":2248,"template":"","meta":[],"product_brand":[],"product_cat":[140],"product_tag":[],"class_list":{"0":"post-2247","1":"product","2":"type-product","3":"status-publish","4":"has-post-thumbnail","6":"product_cat-tastiere-e-synth","8":"first","9":"instock","10":"shipping-taxable","11":"product-type-simple"},"_links":{"self":[{"href":"https:\/\/musicaliborgna.com\/index.php?rest_route=\/wp\/v2\/product\/2247","targetHints":{"allow":["GET"]}}],"collection":[{"href":"https:\/\/musicaliborgna.com\/index.php?rest_route=\/wp\/v2\/product"}],"about":[{"href":"https:\/\/musicaliborgna.com\/index.php?rest_route=\/wp\/v2\/types\/product"}],"wp:featuredmedia":[{"embeddable":true,"href":"https:\/\/musicaliborgna.com\/index.php?rest_route=\/wp\/v2\/media\/2248"}],"wp:attachment":[{"href":"https:\/\/musicaliborgna.com\/index.php?rest_route=%2Fwp%2Fv2%2Fmedia&parent=2247"}],"wp:term":[{"taxonomy":"product_brand","embeddable":true,"href":"https:\/\/musicaliborgna.com\/index.php?rest_route=%2Fwp%2Fv2%2Fproduct_brand&post=2247"},{"taxonomy":"product_cat","embeddable":true,"href":"https:\/\/musicaliborgna.com\/index.php?rest_route=%2Fwp%2Fv2%2Fproduct_cat&post=2247"},{"taxonomy":"product_tag","embeddable":true,"href":"https:\/\/musicaliborgna.com\/index.php?rest_route=%2Fwp%2Fv2%2Fproduct_tag&post=2247"}],"curies":[{"name":"wp","href":"https:\/\/api.w.org\/{rel}","templated":true}]}}