{"id":2262,"date":"2024-05-09T07:16:32","date_gmt":"2024-05-09T07:16:32","guid":{"rendered":"https:\/\/musicaliborgna.com\/?post_type=product&#038;p=2262"},"modified":"2024-05-09T07:16:33","modified_gmt":"2024-05-09T07:16:33","slug":"novation-launchpad-pro-mkiii","status":"publish","type":"product","link":"https:\/\/musicaliborgna.com\/?product=novation-launchpad-pro-mkiii","title":{"rendered":"NOVATION &#8211; LAUNCHPAD PRO MKIII"},"content":{"rendered":"<h1><strong>LAUNCHPAD PRO MKIII\u00a0<\/strong>\u00e8 il pi\u00f9 potente MIDI controller a matrice del catalogo\u00a0<strong>Novation<\/strong>, che offre la miglior integrazione\u00a0<strong>in Ableton Live<\/strong>\u00a0(lancio di clip, controlli di trasporto, controllo del mixer) e con\u00a0<strong>Live Loops<\/strong>\u00a0di\u00a0<strong>Logic Pro<\/strong>. Integra uno step sequencer a 4 tracce polifonico a 8 note per traccia, 64 pad RGB sensibili alla velocity con aftertouch polifonico, 42 pulsanti tattili retroilluminati, le modalit\u00e0 Dynamic, Chord e Scale e la comoda Funzione Capture MIDI. Ingresso e uscita MIDI per un controllo completo in studio.<\/h1>\n<h2><strong>La potenza del Launchpad Pro<\/strong><\/h2>\n<p>Il sequencer standalone a quattro tracce con otto note polifoniche e 32 step permette di mantenere le tracce suonate dai synth in costante evoluzione. Gli strumenti virtuali possono essere sequenziati e i pattern possono essere istantaneamente registrati su Clips in Ableton Live. In alternativa, \u00e8 possibile collegare il proprio hardware preferito per riprodurre i pattern via MIDI: il Launchpad Pro si integra in modo ottimale. Probability, mutation, sync rate e play order consentono di trasformare i pattern in tempo reale. I pattern possono essere concatenati e assegnati alle scene per creare composizioni complete.<\/p>\n<h2><strong>Grande libert\u00e0 di espressione<\/strong><\/h2>\n<p>I pad sensibili alla velocity e alla pressione sono ora pi\u00f9 ampi e reattivi che mai, rendendoli perfetti per eseguire groove e lanciare clip. La modalit\u00e0 Scale blocca i pad su una specifica tonalit\u00e0 musicale, garantendo la precisione assoluta nelle note suonate. La modalit\u00e0 Chord costituisce uno strumento particolarmente stimolante per la creazione di armonie musicali.<\/p>\n<h2><strong>Personalizzare il Launchpad Pro<\/strong><\/h2>\n<p>I\u00a0<strong>Custom Modes<\/strong>\u00a0trasformano il\u00a0<strong>Launchpad Pro<\/strong>\u00a0in una pratica superficie di controllo per qualsiasi software o hardware compatibile con protocollo MIDI, consentendo di personalizzare il controller ideale per il vostro setup live, e di esibirvi con tutti i vostri strumenti come desiderate. Basta trascinare e rilasciare i widget in Novation Components per configurare il layout, e quindi memorizzare le configurazioni come una delle otto modalit\u00e0 personalizzate. Una volta scollegato il computer, se lo desiderate, \u00e8 possibile passare da una modalit\u00e0 all&#8217;altra per controllare in modo espressivo e creativo qualsiasi dispositivo MIDI.<\/p>\n<h2><strong>Utilizzabile anche senza computer<\/strong><\/h2>\n<p><strong>Novation Launchpad Pro<\/strong>\u00a0\u00e8 il centro della creativit\u00e0 musicale, con o senza l&#8217;ausilio di un computer. \u00c8 possibile collegare il Launchpad Pro a un sistema completamente hardware utilizzando le porte MIDI In, Out e Out 2\/Thru attraverso connettori da 3,5 mm. Inoltre, non va trascurato lo strumento di avvio Easy Start, che adatta il processo di configurazione alle vostre esigenze, permettendovi di iniziare a produrre musica nel minor tempo possibile.<\/p>\n<h2><strong>Software Components\u00a0<\/strong><\/h2>\n<p>Components \u00e8 un hub di gestione dei prodotti Novation, puoi accedere a nuovi sound pack, gestire i contenuti sonori, personalizzare il tuo dispositivo e rimanere aggiornato con il firmware pi\u00f9 recente.<\/p>\n<h2><strong>Miglior integrazione con Logic Pro<\/strong><\/h2>\n<p><strong>Launchpad Pro<\/strong>\u00a0rappresenta il controller a griglia pi\u00f9 integrato per Logic Pro, offrendo un accesso esclusivo alle Live Loops di Logic. Attivando le celle direttamente dalla griglia, sar\u00e0 possibile navigare agilmente tra i progetti e dedicarsi alla produzione e all&#8217;esecuzione. Con le modalit\u00e0 Note e Chord, si potr\u00e0 creare rapidamente e registrare direttamente sulle celle, per poi sfruttare i controlli di trasporto come mute, solo, record arm e stop tracks. I controlli dedicati consentono di eliminare e duplicare le celle, nonch\u00e9 di quantizzare le note registrate in una cella, il tutto con pochi semplici pulsanti e senza mai dover toccare il mouse.<\/p>\n<h2><strong>Unquantised Recording (dal firmware 1.2)<\/strong><\/h2>\n<p>La funzione\u00a0<strong>Unquantised Recording<\/strong>\u00a0consente di registrare in micro-step per ottenere ritmi fuori dalla griglia e di eseguire\/registrare sequenze con maggiore espressivit\u00e0 rispetto al passato. Troviamo la nuova modalit\u00e0 Legacy e i controlli per la soglia di trigger.<\/p>\n<h2><strong>Caratteristiche del controller NOVATION Launchpad Pro MkIII<\/strong><\/h2>\n<ul>\n<li>64 pad sensibili alla velocity con aftertouch polifonico<\/li>\n<li>42 pulsanti tattili retroilluminati<\/li>\n<li>106 LED RGB<\/li>\n<li>Porte MIDI In\/Out 1 &amp; Out 2\/thru<\/li>\n<li>Porta USB-C (alimentazione, MIDI)<\/li>\n<li>Porta MiniSaver Kensington<\/li>\n<li><strong>Compatibilit\u00e0<\/strong>: Mac, PC<\/li>\n<li><strong>Dimensioni e peso<\/strong>: 268x268x18 mm; 1 kg<\/li>\n<\/ul>\n<h2><strong>Inclusi in dotazione con controller NOVATION \u2013 Launchpad Pro MkIII<\/strong><\/h2>\n<ul>\n<li>Adattatore di alimentazione USB-A<\/li>\n<li>Cavo da USB-C a USB-A<\/li>\n<li>Cavo da USB-C a USB-C<\/li>\n<li>3 x adattatori MIDI jack stereo TRS a DIN<\/li>\n<\/ul>\n<h2><strong>Software inclusi*:<\/strong><\/h2>\n<ul>\n<li>Ableton Live Lite<\/li>\n<li>AAS Session Bundle<\/li>\n<li>XLN Addictive Keys<\/li>\n<li>Klevgrand Roverb and DAW Cassette<\/li>\n<li>Softube Time and Tone bundle<\/li>\n<\/ul>\n","protected":false},"excerpt":{"rendered":"<p>Il top nei MIDI controller a matrice, 64 pad RGB sensibili alla velocity con aftertouch polifonico.<\/p>\n<p>Miglior integrazione con Ableton Live: lancio delle clip, modalit\u00e0 Dynamic,<\/p>\n<p>Chord e Scale, controlli di trasporto e controllo del mixer.<\/p>\n<p>Compatibile con Logic Pro Live Loops. Integra uno step sequencer<\/p>\n","protected":false},"featured_media":2263,"template":"","meta":[],"product_brand":[],"product_cat":[140],"product_tag":[],"class_list":{"0":"post-2262","1":"product","2":"type-product","3":"status-publish","4":"has-post-thumbnail","6":"product_cat-tastiere-e-synth","8":"first","9":"instock","10":"shipping-taxable","11":"product-type-simple"},"_links":{"self":[{"href":"https:\/\/musicaliborgna.com\/index.php?rest_route=\/wp\/v2\/product\/2262","targetHints":{"allow":["GET"]}}],"collection":[{"href":"https:\/\/musicaliborgna.com\/index.php?rest_route=\/wp\/v2\/product"}],"about":[{"href":"https:\/\/musicaliborgna.com\/index.php?rest_route=\/wp\/v2\/types\/product"}],"wp:featuredmedia":[{"embeddable":true,"href":"https:\/\/musicaliborgna.com\/index.php?rest_route=\/wp\/v2\/media\/2263"}],"wp:attachment":[{"href":"https:\/\/musicaliborgna.com\/index.php?rest_route=%2Fwp%2Fv2%2Fmedia&parent=2262"}],"wp:term":[{"taxonomy":"product_brand","embeddable":true,"href":"https:\/\/musicaliborgna.com\/index.php?rest_route=%2Fwp%2Fv2%2Fproduct_brand&post=2262"},{"taxonomy":"product_cat","embeddable":true,"href":"https:\/\/musicaliborgna.com\/index.php?rest_route=%2Fwp%2Fv2%2Fproduct_cat&post=2262"},{"taxonomy":"product_tag","embeddable":true,"href":"https:\/\/musicaliborgna.com\/index.php?rest_route=%2Fwp%2Fv2%2Fproduct_tag&post=2262"}],"curies":[{"name":"wp","href":"https:\/\/api.w.org\/{rel}","templated":true}]}}