{"id":2270,"date":"2024-05-09T07:30:47","date_gmt":"2024-05-09T07:30:47","guid":{"rendered":"https:\/\/musicaliborgna.com\/?post_type=product&#038;p=2270"},"modified":"2024-05-09T07:30:48","modified_gmt":"2024-05-09T07:30:48","slug":"roland-gaia-2","status":"publish","type":"product","link":"https:\/\/musicaliborgna.com\/?product=roland-gaia-2","title":{"rendered":"ROLAND GAIA 2"},"content":{"rendered":"<h2 class=\"c-headline02 in-view-bottom in-view\" data-show=\"on-scroll\">Parli Synthese?<\/h2>\n<p class=\"c-text in-view-bottom in-view-late in-view\" data-show=\"on-scroll\">Il generatore sonoro di nuovo sviluppo di GAIA 2 vi mette a disposizione un universo infinito di esplorazioni sonore. Costruite suoni familiari ispirati a sintetizzatori iconici del passato e del presente. In seguito, immergetevi in funzionalit\u00e0 di modulazione della fase e della forma d&#8217;onda per dar vita a texture rivoluzionarie con armonici complessi, che non possono essere create dai tradizionali synth analogici. Volete qualcosa di pi\u00f9 estremo? Basta alzare la manopola Drive nella sezione del filtro multi-modalit\u00e0 per avere ancora pi\u00f9 incisivit\u00e0 e potenza. Qualsiasi cosa desideriate, dai timbri melodiosi che ricordano i synth vintage a lead spigolosi e incisivi per paesaggi sonori fantascientifici, GAIA 2 pu\u00f2 fare di tutto.<\/p>\n<h3 class=\"c-headline03\">Wavetable<\/h3>\n<p class=\"c-text\">Completando le forme di base che tutti conosciamo e amiamo, la sezione dell&#8217;oscillatore wavetable di GAIA 2 utilizza forme d&#8217;onda multiple, e potrete passare da una all&#8217;altra, per dare vita a stacchi repentini o texture in lenta evoluzione. L&#8217;aggiunta dell&#8217;oscillatore wavetable introduce texture contrastanti nel mix, portando a risultati imprevedibili ed entusiasmanti.<\/p>\n<h3 class=\"c-headline03\">Virtual Analog<\/h3>\n<p class=\"c-text\">GAIA 2 vi offre le funzionalit\u00e0 per ricreare i sintetizzatori analogici pi\u00f9 famosi di tutti i tempi, o per realizzare voci completamente nuove, mai sentite prima. Doppi oscillatori virtual analog forniscono il materiale di costruzione per la sintesi, permettendovi di dar vita ai classici del passato nel realismo pi\u00f9 assoluto. Oppure, spingetevi nella direzione opposta e scolpite i suoni del futuro. Basta pensare al suono che desiderate e iniziare le modifiche per dargli vita.<\/p>\n<h3 class=\"c-headline03\">Toccate il Suono<\/h3>\n<p class=\"c-text\">Il logico workflow di GAIA 2 rende veloce, semplice e divertente la creazione del suono. Il pannello con un controllo per ogni funzione consente una programmazione istantanea, senza doversi immergere nei menu che rallentano la creativit\u00e0. E con le eleganti manopole e il pannello in alluminio anodizzato bianco, persino il look sar\u00e0 in grado di ispirarvi. Aspettate di vedere come brilla sotto alle luci del palco!<\/p>\n<h3 class=\"c-headline03\">Guardate il Suono<\/h3>\n<p class=\"c-text\">Posizionato davanti e al centro, il display informativo mostra la forma d&#8217;onda audio in uscita cos\u00ec come il percorso del movimento registrato del Motional Pad. Con una sola occhiata, saprete istantaneamente cosa sta succedendo anche nei suoni pi\u00f9 complessi.<\/p>\n<p><iframe loading=\"lazy\" title=\"Roland GAIA 2 Synthesizer Performance by Jeremiah Chiu\" width=\"1220\" height=\"686\" src=\"https:\/\/www.youtube.com\/embed\/Mn-7RvQIcNE?feature=oembed\" frameborder=\"0\" allow=\"accelerometer; autoplay; clipboard-write; encrypted-media; gyroscope; picture-in-picture; web-share\" referrerpolicy=\"strict-origin-when-cross-origin\" allowfullscreen><\/iframe><\/p>\n","protected":false},"excerpt":{"rendered":"<h2 class=\"overview-healine in-view\" data-show=\"on-scroll\">La Forma del Suono<\/h2>\n<p class=\"overview-text\">GAIA 2 apre le porte a un universo infinito di creazioni sonore, ricche di ispirazione.<\/p>\n<p class=\"overview-text\">Armato di un potente generatore sonoro ibrido che combina wavetable e sintesi virtual analog,<\/p>\n<p class=\"overview-text\">potete apprendere rapidamente le basi prima di lanciarvi in territori sonori inesplorati.<\/p>\n<p class=\"overview-text\">Il layout intuitivo del pannello esprime in modo logico il workflow di sintesi per un veloce sound design,<\/p>\n<p class=\"overview-text\">mentre i tasti di dimensioni standard garantiscono una suonabilit\u00e0 eccezionale quando siete pronti ad esibirvi.<\/p>\n<p class=\"overview-text\">E con il sequencer e il Motional Pad, \u00e8 facile generare suoni complessi e frasi ricche di movimento dinamico,<\/p>\n<p class=\"overview-text\">per modifiche al volo. Scoprite la forma del suono con GAIA 2 e date vita a tutte le vostre visioni musicali.<\/p>\n","protected":false},"featured_media":2271,"template":"","meta":[],"product_brand":[],"product_cat":[140],"product_tag":[],"class_list":{"0":"post-2270","1":"product","2":"type-product","3":"status-publish","4":"has-post-thumbnail","6":"product_cat-tastiere-e-synth","8":"first","9":"instock","10":"shipping-taxable","11":"product-type-simple"},"_links":{"self":[{"href":"https:\/\/musicaliborgna.com\/index.php?rest_route=\/wp\/v2\/product\/2270","targetHints":{"allow":["GET"]}}],"collection":[{"href":"https:\/\/musicaliborgna.com\/index.php?rest_route=\/wp\/v2\/product"}],"about":[{"href":"https:\/\/musicaliborgna.com\/index.php?rest_route=\/wp\/v2\/types\/product"}],"wp:featuredmedia":[{"embeddable":true,"href":"https:\/\/musicaliborgna.com\/index.php?rest_route=\/wp\/v2\/media\/2271"}],"wp:attachment":[{"href":"https:\/\/musicaliborgna.com\/index.php?rest_route=%2Fwp%2Fv2%2Fmedia&parent=2270"}],"wp:term":[{"taxonomy":"product_brand","embeddable":true,"href":"https:\/\/musicaliborgna.com\/index.php?rest_route=%2Fwp%2Fv2%2Fproduct_brand&post=2270"},{"taxonomy":"product_cat","embeddable":true,"href":"https:\/\/musicaliborgna.com\/index.php?rest_route=%2Fwp%2Fv2%2Fproduct_cat&post=2270"},{"taxonomy":"product_tag","embeddable":true,"href":"https:\/\/musicaliborgna.com\/index.php?rest_route=%2Fwp%2Fv2%2Fproduct_tag&post=2270"}],"curies":[{"name":"wp","href":"https:\/\/api.w.org\/{rel}","templated":true}]}}