{"id":2275,"date":"2024-05-09T07:39:00","date_gmt":"2024-05-09T07:39:00","guid":{"rendered":"https:\/\/musicaliborgna.com\/?post_type=product&#038;p=2275"},"modified":"2024-05-09T07:39:00","modified_gmt":"2024-05-09T07:39:00","slug":"m-audio-oxygen-61-mk-iv","status":"publish","type":"product","link":"https:\/\/musicaliborgna.com\/?product=m-audio-oxygen-61-mk-iv","title":{"rendered":"M-AUDIO Oxygen 61 MK IV"},"content":{"rendered":"<h6><span>Controllo semplificato<\/span><\/h6>\n<p><span>Con una serie di manopole, pad e fader assegnabili, Oxygen 61 ti offre il controllo totale sul tuo software, permettendoti di rimanere impegnato nel flusso creativo della registrazione e del mixaggio della musica senza nemmeno prendere il mouse. Dispone di 61 tasti sensibili alla velocit\u00e0 per suonare accordi, linee di basso e melodie; otto manopole assegnabili per modificare plugin di effetti e strumenti virtuali; otto pad sensibili alla velocit\u00e0 per l&#8217;attivazione di campioni o percussioni con le dita; e nove fader assegnabili per mixare le tracce insieme e controllare l&#8217;uscita master. Oxygen 61 dispone inoltre di controlli di trasporto dedicati e pulsanti di tracciamento su e gi\u00f9 che consentono di avviare la riproduzione, l&#8217;arresto e la registrazione nell&#8217;ambiente DAW direttamente dal controller della tastiera.<\/span><\/p>\n<h6><span>Usa la tua DAW preferita<\/span><\/h6>\n<p><span>Il controller MIDI Oxygen 61 offre un&#8217;integrazione immediata con le DAW pi\u00f9 diffuse tra cui Ableton Live, Pro Tools, Logic, Cubase e molte altre. Utilizzando DirectLink, i controlli di Oxygen 61 si mappano istantaneamente sui parametri chiave della tua DAW preferita, consentendoti di modificare immediatamente mixer, editor e finestre di trasporto. Inoltre, Oxygen 61 dispone di preimpostazioni di mappatura personalizzabili integrate che interfacciano rapidamente Oxygen 61 con i tuoi plug-in di effetti e strumenti virtuali preferiti. Configurare un controller MIDI con il tuo software non potrebbe essere pi\u00f9 semplice di cos\u00ec.<\/span><\/p>\n<p><span>Per una configurazione facile da usare e portatile, tutti i controller Oxygen sono alimentati tramite USB, conformi alla classe e supportano la connettivit\u00e0 USB-MIDI. Inoltre, supportano la connettivit\u00e0 iOS con l&#8217;Apple iPad Camera Connection Kit (venduto separatamente), consentendoti di eseguire e comporre con app audio sul tuo iPad e altri dispositivi iOS.<\/span><\/p>\n<h6><span>Ableton Live Lite<\/span><\/h6>\n<p><span>Ableton Live Lite \u00e8 incluso con Oxygen 61 per la creazione musicale immediata. Uno dei programmi di performance e produzione pi\u00f9 popolari disponibili al mondo, Ableton Live Lite \u00e8 un potente strumento di creazione musicale che consente a musicisti e produttori di comporre, registrare, remixare, improvvisare e modificare spontaneamente idee musicali in un ambiente audio\/MIDI fluido. Ospita plug-in e utilizza Oxygen 61 per produrre, comporre o eseguire tutto all&#8217;interno di Ableton Live Lite. Quando sei soddisfatto del tuo lavoro, Ableton Live ti consente di salvarlo o mixarlo.<\/span><\/p>\n<h6><span>SONiVOX TWIST<\/span><\/h6>\n<p><span>SONiVOX Twist \u00e8 uno strumento virtuale di sintesi del morphing spettrale. Composto da un&#8217;interfaccia dinamica, un generatore di pattern avanzato ed effetti integrati, Twist ti consente di creare suoni seri utilizzando controlli semplici. Due strati sonori vorticosi forniscono controlli armonici unici e costituiscono la base di ogni patch. Scolpisci il tuo suono con un filtro multimodale, generatori di inviluppo di amplificatori e filtri indipendenti e un LFO che pu\u00f2 essere sincronizzato al tempo.<\/span><\/p>\n<h6><span>AIR Musica Tech Xpand!2<\/span><\/h6>\n<p><span>Xpand!2 \u00e8 una workstation multitimbrica che offre quattro slot audio attivi, o parti, per patch. Ciascuna parte \u00e8 dotata delle proprie impostazioni di canale MIDI, intervallo di note (zona), mix, arpeggio, modulazione ed effetti: un metodo eccellente per creare parti individuali. Unendo insieme le quattro parti per creare un&#8217;unica patch straordinaria, Xpand!2 rivela il suo vero potere. Utilizzando qualsiasi cosa, dalle wavetable e dalla sintesi FM alla riproduzione di campioni, il team di esperti sound design di Air Music Tech ha creato con cura migliaia di patch Xpand!2 pronte per l&#8217;uso.<\/span><\/p>\n<h6><span>Tocca Loop<\/span><\/h6>\n<p><span>Taglia e mixa 2 concerti di campioni che vanno dai loop di synth pad ambient profondi ai colpi di batteria vintage. Sono tutti progettati per ispirare la tua produzione musicale e fornire campioni dal suono professionale che brilleranno nel tuo mix. Touch Loops cattura perfettamente il tono e l&#8217;intensit\u00e0 di ogni campione, in modo da migliorare e completare qualsiasi brano, ovunque li utilizzi. Puoi trovare questo incredibile valore nel tuo account M-Audio, pronto per essere scaricato e tagliato a tuo piacimento!<\/span><\/p>\n<p class=\"disclaimer\"><span>Ableton \u00e8 un marchio di Ableton AG. Cubase \u00e8 un marchio registrato di Steinberg Media Technologies AG. Pro Tools \u00e8 un marchio registrato di Avid Technology, Inc. negli Stati Uniti e in altri paesi. Logic \u00e8 un marchio di Apple Inc., registrato negli Stati Uniti e in altri paesi. M-Audio \u00e8 un marchio di inMusic Brands Inc., registrato negli Stati Uniti e in altri paesi. inMusic \u00e8 il distributore esclusivo di SONiVOX. Tutti gli altri nomi di prodotti o societ\u00e0 sono marchi o marchi registrati dei rispettivi proprietari.<\/span><\/p>\n","protected":false},"excerpt":{"rendered":"<p>M-Audio \u00e8 stata pioniera nel mercato dei controller MIDI portatili con la serie Oxygen di controller per tastiera.<\/p>\n<p>Oggi, M-Audio continua a essere leader di questa tecnologia sviluppando controller intuitivi<\/p>\n<p>per la produzione e l&#8217;esecuzione di musica basata su software.<\/p>\n<p>Grazie alla continua innovazione nel corso di quasi un decennio, i nuovi controller della serie Oxygen offrono maggiore controllo,<\/p>\n<p>profonda integrazione hardware\/software e sono dotati di una struttura affidabile che ti consente<\/p>\n<p>di creare musica in movimento o di implementare questi controller in qualsiasi studio. .<\/p>\n","protected":false},"featured_media":2276,"template":"","meta":[],"product_brand":[],"product_cat":[140],"product_tag":[],"class_list":{"0":"post-2275","1":"product","2":"type-product","3":"status-publish","4":"has-post-thumbnail","6":"product_cat-tastiere-e-synth","8":"first","9":"instock","10":"shipping-taxable","11":"product-type-simple"},"_links":{"self":[{"href":"https:\/\/musicaliborgna.com\/index.php?rest_route=\/wp\/v2\/product\/2275","targetHints":{"allow":["GET"]}}],"collection":[{"href":"https:\/\/musicaliborgna.com\/index.php?rest_route=\/wp\/v2\/product"}],"about":[{"href":"https:\/\/musicaliborgna.com\/index.php?rest_route=\/wp\/v2\/types\/product"}],"wp:featuredmedia":[{"embeddable":true,"href":"https:\/\/musicaliborgna.com\/index.php?rest_route=\/wp\/v2\/media\/2276"}],"wp:attachment":[{"href":"https:\/\/musicaliborgna.com\/index.php?rest_route=%2Fwp%2Fv2%2Fmedia&parent=2275"}],"wp:term":[{"taxonomy":"product_brand","embeddable":true,"href":"https:\/\/musicaliborgna.com\/index.php?rest_route=%2Fwp%2Fv2%2Fproduct_brand&post=2275"},{"taxonomy":"product_cat","embeddable":true,"href":"https:\/\/musicaliborgna.com\/index.php?rest_route=%2Fwp%2Fv2%2Fproduct_cat&post=2275"},{"taxonomy":"product_tag","embeddable":true,"href":"https:\/\/musicaliborgna.com\/index.php?rest_route=%2Fwp%2Fv2%2Fproduct_tag&post=2275"}],"curies":[{"name":"wp","href":"https:\/\/api.w.org\/{rel}","templated":true}]}}